{"id":642,"date":"2021-02-05T11:14:28","date_gmt":"2021-02-05T10:14:28","guid":{"rendered":"https:\/\/agora.xtec.cat\/iescanmas\/?page_id=642"},"modified":"2022-04-05T11:52:36","modified_gmt":"2022-04-05T09:52:36","slug":"beques-per-ensenyaments-postobligatoris-no-universitaris","status":"publish","type":"page","link":"https:\/\/agora.xtec.cat\/iescanmas\/secretaria\/beques-i-ajuts\/beques-per-ensenyaments-postobligatoris-no-universitaris\/","title":{"rendered":"Beques per ensenyaments postobligatoris no universitaris"},"content":{"rendered":"<p>S\u00f3n beques convocades pel Ministeri d&#8217;Educaci\u00f3 i Formaci\u00f3 Professional per a estudiants que cursen ensenyaments postobligatoris. Les quanties que es poden atorgar s\u00f3n les seg\u00fcents:<\/p>\n<p>a) Quanties fixes<br \/>\n&#8211;\u00a0Quantia fixa lligada a la renda<br \/>\n&#8211; Quantia fixa lligada a la resid\u00e8ncia de l\u2019estudiant durant el curs escolar<br \/>\n&#8211;\u00a0Beca b\u00e0sica<br \/>\n&#8211; Quantia fixa lligada a l&#8217;excel\u00b7l\u00e8ncia<\/p>\n<p>b) Quantia variable<br \/>\n&#8211; Segons el resultat de la ponderaci\u00f3 de la nota mitjana de l\u2019expedient de l\u2019estudiant i de la seva renda familiar.<\/p>\n<p>Per m\u00e9s informaci\u00f3 podeu visitar el web de la Generalitat de Catalunya:\u00a0<a href=\"http:\/\/educacio.gencat.cat\/ca\/tramits\/tramits-temes\/247-beques-ministerio-postobligatoris?category=7449fd1c-a82c-11e3-a972-000c29052e2c\" target=\"_blank\" rel=\"noopener\">Beques ensenyaments postobligatoris no universitaris<\/a><\/p>\n","protected":false},"excerpt":{"rendered":"<p>S\u00f3n beques convocades pel Ministeri d&#8217;Educaci\u00f3 i Formaci\u00f3 Professional per a estudiants que cursen ensenyaments postobligatoris. Les quanties que es poden atorgar s\u00f3n les seg\u00fcents: a) Quanties fixes &#8211;\u00a0Quantia fixa lligada a la renda &#8211; Quantia fixa lligada a la resid\u00e8ncia de l\u2019estudiant durant el curs escolar &#8211;\u00a0Beca b\u00e0sica &#8211; Quantia fixa lligada a l&#8217;excel\u00b7l\u00e8ncia [&hellip;]<\/p>\n","protected":false},"author":6,"featured_media":0,"parent":585,"menu_order":20,"comment_status":"closed","ping_status":"closed","template":"page-templates\/side-menu.php","meta":{"_bbp_topic_count":0,"_bbp_reply_count":0,"_bbp_total_topic_count":0,"_bbp_total_reply_count":0,"_bbp_voice_count":0,"_bbp_anonymous_reply_count":0,"_bbp_topic_count_hidden":0,"_bbp_reply_count_hidden":0,"_bbp_forum_subforum_count":0,"site-sidebar-layout":"default","site-content-layout":"","ast-site-content-layout":"","site-content-style":"default","site-sidebar-style":"default","ast-global-header-display":"","ast-banner-title-visibility":"","ast-main-header-display":"","ast-hfb-above-header-display":"","ast-hfb-below-header-display":"","ast-hfb-mobile-header-display":"","site-post-title":"","ast-breadcrumbs-content":"","ast-featured-img":"","footer-sml-layout":"","theme-transparent-header-meta":"","adv-header-id-meta":"","stick-header-meta":"","header-above-stick-meta":"","header-main-stick-meta":"","header-below-stick-meta":"","astra-migrate-meta-layouts":"default","ast-page-background-enabled":"default","ast-page-background-meta":{"desktop":{"background-color":"var(--ast-global-color-4)","background-image":"","background-repeat":"repeat","background-position":"center center","background-size":"auto","background-attachment":"scroll","background-type":"","background-media":"","overlay-type":"","overlay-color":"","overlay-opacity":"","overlay-gradient":""},"tablet":{"background-color":"","background-image":"","background-repeat":"repeat","background-position":"center center","background-size":"auto","background-attachment":"scroll","background-type":"","background-media":"","overlay-type":"","overlay-color":"","overlay-opacity":"","overlay-gradient":""},"mobile":{"background-color":"","background-image":"","background-repeat":"repeat","background-position":"center center","background-size":"auto","background-attachment":"scroll","background-type":"","background-media":"","overlay-type":"","overlay-color":"","overlay-opacity":"","overlay-gradient":""}},"ast-content-background-meta":{"desktop":{"background-color":"var(--ast-global-color-5)","background-image":"","background-repeat":"repeat","background-position":"center center","background-size":"auto","background-attachment":"scroll","background-type":"","background-media":"","overlay-type":"","overlay-color":"","overlay-opacity":"","overlay-gradient":""},"tablet":{"background-color":"var(--ast-global-color-5)","background-image":"","background-repeat":"repeat","background-position":"center center","background-size":"auto","background-attachment":"scroll","background-type":"","background-media":"","overlay-type":"","overlay-color":"","overlay-opacity":"","overlay-gradient":""},"mobile":{"background-color":"var(--ast-global-color-5)","background-image":"","background-repeat":"repeat","background-position":"center center","background-size":"auto","background-attachment":"scroll","background-type":"","background-media":"","overlay-type":"","overlay-color":"","overlay-opacity":"","overlay-gradient":""}},"footnotes":""},"class_list":["post-642","page","type-page","status-publish","hentry"],"post_mailing_queue_ids":[],"_links":{"self":[{"href":"https:\/\/agora.xtec.cat\/iescanmas\/wp-json\/wp\/v2\/pages\/642","targetHints":{"allow":["GET"]}}],"collection":[{"href":"https:\/\/agora.xtec.cat\/iescanmas\/wp-json\/wp\/v2\/pages"}],"about":[{"href":"https:\/\/agora.xtec.cat\/iescanmas\/wp-json\/wp\/v2\/types\/page"}],"author":[{"embeddable":true,"href":"https:\/\/agora.xtec.cat\/iescanmas\/wp-json\/wp\/v2\/users\/6"}],"replies":[{"embeddable":true,"href":"https:\/\/agora.xtec.cat\/iescanmas\/wp-json\/wp\/v2\/comments?post=642"}],"version-history":[{"count":3,"href":"https:\/\/agora.xtec.cat\/iescanmas\/wp-json\/wp\/v2\/pages\/642\/revisions"}],"predecessor-version":[{"id":2560,"href":"https:\/\/agora.xtec.cat\/iescanmas\/wp-json\/wp\/v2\/pages\/642\/revisions\/2560"}],"up":[{"embeddable":true,"href":"https:\/\/agora.xtec.cat\/iescanmas\/wp-json\/wp\/v2\/pages\/585"}],"wp:attachment":[{"href":"https:\/\/agora.xtec.cat\/iescanmas\/wp-json\/wp\/v2\/media?parent=642"}],"curies":[{"name":"wp","href":"https:\/\/api.w.org\/{rel}","templated":true}]}}