{"id":589,"date":"2021-02-04T12:56:41","date_gmt":"2021-02-04T11:56:41","guid":{"rendered":"https:\/\/agora.xtec.cat\/iescanmas\/?page_id=589"},"modified":"2025-06-16T12:58:46","modified_gmt":"2025-06-16T10:58:46","slug":"preinscripcio-eso","status":"publish","type":"page","link":"https:\/\/agora.xtec.cat\/iescanmas\/secretaria\/preinscripcio-eso-i-batxillerat\/preinscripcio-eso\/","title":{"rendered":"Preinscripci\u00f3  ESO 2025-2026"},"content":{"rendered":"<p>A mesura que vagi avan\u00e7ant el calendari de la preinscripci\u00f3 i s\u2019hagi de publicar llistat d\u2019admesos provisionals i definitius, els anirem posant en aquesta p\u00e0gina web<\/p>\n<h2 style=\"color: black; text-align: left;\">Preinscripci\u00f3 Curs 2025-2026<\/h2>\n<p>La sol\u00b7licitud de preinscripci\u00f3 per al curs 2025-2026 \u00e9s electr\u00f2nica i es pot fer des de qualsevol ordinador, tauleta o m\u00f2bil amb connexi\u00f3 a Internet.<\/p>\n<p>Cal que el pare, la mare o el tutor o tutora legal que faci el tr\u00e0mit tingui una eina d\u2019identificaci\u00f3 digital <b>(IdCAT M\u00f2bil, T-CAT, DNI electr\u00f2nic o Cl@ve)<\/b>. Nom\u00e9s en el cas que no es pugui obtenir una identificaci\u00f3 digital, es pot utilitzar la sol\u00b7licitud en suport inform\u00e0tic, en qu\u00e8 caldr\u00e0 adjuntar la documentaci\u00f3 identificativa de la persona sol\u00b7licitant per motius de seguretat.<\/p>\n<p>El per\u00edode de presentaci\u00f3 de sol\u00b7licituds \u00e9s el compr\u00e8s entre els dies <b>14 i 26 de mar\u00e7<\/b>.<\/p>\n<p><iframe loading=\"lazy\" title=\"YouTube video player\" src=\"https:\/\/www.youtube.com\/embed\/xwo2A2U-g30?si=v18RduOT7Y_LIVF0\" width=\"560\" height=\"315\" frameborder=\"0\" allowfullscreen=\"allowfullscreen\"><\/iframe><\/p>\n<p><a href=\"https:\/\/portaldogc.gencat.cat\/utilsEADOP\/PDF\/9347\/2070359.pdf\">Normativa<\/a> i <a href=\"https:\/\/espai.educacio.gencat.cat\/Alumnes\/PreinscripcioMatricula\/Calendari-preins-ESO\/Calendari-ESO\/Pagines\/default.aspx\">Calendari<\/a><\/p>\n<p>Als seg\u00fcents enlla\u00e7os hi trobareu la informaci\u00f3 necess\u00e0ria per a tramitar les sol\u00b7licituds:<\/p>\n<p><a href=\"https:\/\/preinscripcio.gencat.cat\/ca\/estudis\/eso\/preinscriute\/sollicitud\/\">Com tramitar la sol\u00b7licitud<\/a><\/p>\n<p><a href=\"https:\/\/web.gencat.cat\/ca\/tramits\/suport-tramitacio\/durant-la-tramitacio\/signatura-identificacio-digital\/idcat-mobil\/com-donar-te-alta-idcat-mobil\/\">Com donar-se d\u2019alta a l\u2019IdCAT M\u00f2bil<\/a><\/p>\n<p>Guia Preinscripci\u00f3<\/p>\n<p><a href=\"https:\/\/agora.xtec.cat\/iescanmas\/wp-content\/uploads\/usu2226\/2025\/03\/INFORME_OFERTA_OME_INFORME_OFERTA.pdf\">Oferta inicial<\/a><\/p>\n<p><a href=\"https:\/\/agora.xtec.cat\/iescanmas\/wp-content\/uploads\/usu2226\/2025\/04\/INFORME_BAREM_PROVISIONAL_BAREM.pdf\">Publicaci\u00f3 Llistes amb barem (24\/04\/2025)<\/a><\/p>\n<p><a href=\"https:\/\/agora.xtec.cat\/iescanmas\/wp-content\/uploads\/usu2226\/2025\/05\/INFORME_BAREM_RESOLTES_BAREM-1.pdf\">Publicaci\u00f3 de la llista de sol\u00b7licituds que han demanat el centre i l\u2019ensenyament en primera\u00a0petici\u00f3 amb la puntuaci\u00f3 resoltes les reclamacions (05\/05\/2025)<\/a><\/p>\n<p><a href=\"https:\/\/agora.xtec.cat\/iescanmas\/wp-content\/uploads\/usu2226\/2025\/05\/INFORME_BAREM_DEFINITIU_BAREM.pdf\">Publicaci\u00f3 de la llista ordenada (09\/05\/2025)<\/a><\/p>\n<p>Publicaci\u00f3 de la llista d&#8217;admesos i de la d&#8217;espera (16\/06\/2025): <a href=\"https:\/\/agora.xtec.cat\/iescanmas\/wp-content\/uploads\/usu2226\/2025\/06\/Preinscripcions-ESO.pdf\">Preinscripcions ESO<\/a>, <a href=\"https:\/\/agora.xtec.cat\/iescanmas\/wp-content\/uploads\/usu2226\/2025\/06\/Oferta-places-definitiva.pdf\">Oferta places definitiva<\/a>, <a href=\"https:\/\/agora.xtec.cat\/iescanmas\/wp-content\/uploads\/usu2226\/2025\/06\/Assignats.pdf\">Assignats<\/a> i <a href=\"https:\/\/agora.xtec.cat\/iescanmas\/wp-content\/uploads\/usu2226\/2025\/06\/LLista-espera_ESO.pdf\">llista d&#8217;espera<\/a><\/p>\n<p>Hi ha dues opcions:<br \/>\n1. SOL\u00b7LICITUD ELECTR\u00d2NICA: Mitjan\u00e7ant certificat digital, com DNI electr\u00f2nic, Cl@ve, idCat, etc. Si no es disposa de cap certificat, us en podeu generar un de forma f\u00e0cil, l\u2019idCat M\u00f2bil, us expliquem com:<br \/>\nCal complir els requisits seg\u00fcents:<br \/>\n\u25cf Ser major de 16 anys<br \/>\n\u25cf Disposar de DNI\/NIE\/Passaport\/Doc identificador d\u2019un pa\u00eds de la UE o targeta de resid\u00e8ncia comunit\u00e0ria<br \/>\n\u25cf Disposar d\u2019adre\u00e7a de correu electr\u00f2nic i un tel\u00e8fon m\u00f2bil a efectes d\u2019identificaci\u00f3 i contacte<br \/>\n\u25cf Targeta sanit\u00e0ria per la teva identificaci\u00f3<\/p>\n<p>Accediu a l\u2019adre\u00e7a <a href=\"https:\/\/idcatmobil.seu.cat\/\">https:\/\/idcatmobil.seu.cat\/<\/a> i trobareu les instruccions pas a pas de com fer-ho. Per utilitzar l\u2019idCAT M\u00f2bil nom\u00e9s cal introduir el n\u00famero de document d\u2019identitat i el n\u00famero de tel\u00e8fon m\u00f2bil en el web on calgui identificar-se electr\u00f2nicament per fer un tr\u00e0mit. Tot seguit es rep un missatge al tel\u00e8fon, que cont\u00e9 una clau d\u2019acc\u00e9s per introduir-la en el web. En aquest cas, al tr\u00e0mit de sol\u00b7licitud de preinscripci\u00f3.<br \/>\nUna vegada identificats, caldr\u00e0 entrar el n\u00famero d\u2019identificaci\u00f3 de l\u2019alumne\/a a RALC que us proporcionar\u00e0 l\u2019escola on est\u00e0 matriculat per poder recuperar les seves dades personals i acad\u00e8miques, omplir les prefer\u00e8ncies i enviar la sol\u00b7licitud. En la majoria de casos no caldr\u00e0 fer res m\u00e9s ni adjuntar cap tipus de documentaci\u00f3, donat que s\u2019haur\u00e0 fet l\u2019intercanvi de validaci\u00f3 de les vostres dades amb totes les administracions implicades.<\/p>\n<p>2. SOL\u00b7LICITUD EN SUPORT INFORM\u00c0TIC: Caldr\u00e0 identificar l\u2019alumne\/a amb el seu n\u00fam. d\u2019Identificaci\u00f3 d\u2019alumne i omplir el formulari. En enviar-ho, es far\u00e0 l\u2019intercanvi de dades amb les administracions implicades i adjuntar escanejada o fotografiada la documentaci\u00f3 d\u2019identificaci\u00f3 i filiaci\u00f3 (DNI, llibre de fam\u00edlia, etc), juntament amb la que al\u00b7legueu a efectes de barems i que no s\u2019hagi pogut validar.<\/p>\n<p><b>Puc presentar dues sol\u00b7licituds a dos centres diferents per uns mateixos estudis?<\/b><br \/>\nNo, en cap cas. S\u2019ha de presentar una sola sol\u00b7licitud i indicar-hi per ordre de prefer\u00e8ncia els diferents centres als que us interessa inscriure la vostra filla o fill.<\/p>\n<p><b>Com puc saber els criteris pels barems i la seva puntuaci\u00f3?<\/b><br \/>\nTrobareu tota la informaci\u00f3 sobre criteris, calendari i la resta d\u2019informaci\u00f3 respecte el proc\u00e9s de preinscripci\u00f3 a la p\u00e0gina web <a href=\"https:\/\/preinscripcio.gencat.cat\/ca\/inici\">https:\/\/preinscripcio.gencat.cat\/ca\/inici<\/a><\/p>\n<p>INFORMACIONS I\/O RECOMANACIONS:<br \/>\n\u25cf Tenir fotografiada o escanejada la documentaci\u00f3 en el mateix dispositiu des d\u2019on es fa la sol\u00b7licitud.<br \/>\n\u25cf El codi de centre del nostre Institut \u00e9s el 08054186, el necessitareu per indicar a quin centre voleu preinscriure-us.<br \/>\n\u25cf Demaneu al vostre centre actual el N\u00fam. d\u2019Identificaci\u00f3 de l\u2019alumne a RALC per poder lligar la sol\u00b7licitud al seu expedient acad\u00e8mic i personal. Tamb\u00e9 el podeu obtenir des de la mateixa p\u00e0gina de preinscripci\u00f3.<br \/>\n\u25cf Respecteu el calendari establert. Lliurar la sol\u00b7licitud o la documentaci\u00f3 fora de termini us fa perdre tots els drets d\u2019adscripci\u00f3 amb el risc que aix\u00f2 comporta de quedar-se sense pla\u00e7a al centre.<\/p>\n","protected":false},"excerpt":{"rendered":"<p>A mesura que vagi avan\u00e7ant el calendari de la preinscripci\u00f3 i s\u2019hagi de publicar llistat d\u2019admesos provisionals i definitius, els anirem posant en aquesta p\u00e0gina web Preinscripci\u00f3 Curs 2025-2026 La sol\u00b7licitud de preinscripci\u00f3 per al curs 2025-2026 \u00e9s electr\u00f2nica i es pot fer des de qualsevol ordinador, tauleta o m\u00f2bil amb connexi\u00f3 a Internet. Cal [&hellip;]<\/p>\n","protected":false},"author":6,"featured_media":0,"parent":2927,"menu_order":10,"comment_status":"closed","ping_status":"closed","template":"page-templates\/side-menu.php","meta":{"_bbp_topic_count":0,"_bbp_reply_count":0,"_bbp_total_topic_count":0,"_bbp_total_reply_count":0,"_bbp_voice_count":0,"_bbp_anonymous_reply_count":0,"_bbp_topic_count_hidden":0,"_bbp_reply_count_hidden":0,"_bbp_forum_subforum_count":0,"site-sidebar-layout":"default","site-content-layout":"","ast-site-content-layout":"","site-content-style":"default","site-sidebar-style":"default","ast-global-header-display":"","ast-banner-title-visibility":"","ast-main-header-display":"","ast-hfb-above-header-display":"","ast-hfb-below-header-display":"","ast-hfb-mobile-header-display":"","site-post-title":"","ast-breadcrumbs-content":"","ast-featured-img":"","footer-sml-layout":"","theme-transparent-header-meta":"","adv-header-id-meta":"","stick-header-meta":"","header-above-stick-meta":"","header-main-stick-meta":"","header-below-stick-meta":"","astra-migrate-meta-layouts":"default","ast-page-background-enabled":"default","ast-page-background-meta":{"desktop":{"background-color":"var(--ast-global-color-4)","background-image":"","background-repeat":"repeat","background-position":"center center","background-size":"auto","background-attachment":"scroll","background-type":"","background-media":"","overlay-type":"","overlay-color":"","overlay-opacity":"","overlay-gradient":""},"tablet":{"background-color":"","background-image":"","background-repeat":"repeat","background-position":"center center","background-size":"auto","background-attachment":"scroll","background-type":"","background-media":"","overlay-type":"","overlay-color":"","overlay-opacity":"","overlay-gradient":""},"mobile":{"background-color":"","background-image":"","background-repeat":"repeat","background-position":"center center","background-size":"auto","background-attachment":"scroll","background-type":"","background-media":"","overlay-type":"","overlay-color":"","overlay-opacity":"","overlay-gradient":""}},"ast-content-background-meta":{"desktop":{"background-color":"var(--ast-global-color-5)","background-image":"","background-repeat":"repeat","background-position":"center center","background-size":"auto","background-attachment":"scroll","background-type":"","background-media":"","overlay-type":"","overlay-color":"","overlay-opacity":"","overlay-gradient":""},"tablet":{"background-color":"var(--ast-global-color-5)","background-image":"","background-repeat":"repeat","background-position":"center center","background-size":"auto","background-attachment":"scroll","background-type":"","background-media":"","overlay-type":"","overlay-color":"","overlay-opacity":"","overlay-gradient":""},"mobile":{"background-color":"var(--ast-global-color-5)","background-image":"","background-repeat":"repeat","background-position":"center center","background-size":"auto","background-attachment":"scroll","background-type":"","background-media":"","overlay-type":"","overlay-color":"","overlay-opacity":"","overlay-gradient":""}},"footnotes":""},"class_list":["post-589","page","type-page","status-publish","hentry"],"post_mailing_queue_ids":[],"_links":{"self":[{"href":"https:\/\/agora.xtec.cat\/iescanmas\/wp-json\/wp\/v2\/pages\/589","targetHints":{"allow":["GET"]}}],"collection":[{"href":"https:\/\/agora.xtec.cat\/iescanmas\/wp-json\/wp\/v2\/pages"}],"about":[{"href":"https:\/\/agora.xtec.cat\/iescanmas\/wp-json\/wp\/v2\/types\/page"}],"author":[{"embeddable":true,"href":"https:\/\/agora.xtec.cat\/iescanmas\/wp-json\/wp\/v2\/users\/6"}],"replies":[{"embeddable":true,"href":"https:\/\/agora.xtec.cat\/iescanmas\/wp-json\/wp\/v2\/comments?post=589"}],"version-history":[{"count":8,"href":"https:\/\/agora.xtec.cat\/iescanmas\/wp-json\/wp\/v2\/pages\/589\/revisions"}],"predecessor-version":[{"id":3659,"href":"https:\/\/agora.xtec.cat\/iescanmas\/wp-json\/wp\/v2\/pages\/589\/revisions\/3659"}],"up":[{"embeddable":true,"href":"https:\/\/agora.xtec.cat\/iescanmas\/wp-json\/wp\/v2\/pages\/2927"}],"wp:attachment":[{"href":"https:\/\/agora.xtec.cat\/iescanmas\/wp-json\/wp\/v2\/media?parent=589"}],"curies":[{"name":"wp","href":"https:\/\/api.w.org\/{rel}","templated":true}]}}