{"id":587,"date":"2021-02-04T12:58:59","date_gmt":"2021-02-04T11:58:59","guid":{"rendered":"https:\/\/agora.xtec.cat\/iescanmas\/?page_id=587"},"modified":"2022-03-10T12:07:01","modified_gmt":"2022-03-10T11:07:01","slug":"normativa","status":"publish","type":"page","link":"https:\/\/agora.xtec.cat\/iescanmas\/secretaria\/normativa\/","title":{"rendered":"Normativa"},"content":{"rendered":"<p>A continuaci\u00f3 disposeu de diversa normativa de diversos \u00e0mbits educatius:<\/p>\n<h6 style=\"text-align: left;\"><strong>Normativa marc<\/strong><\/h6>\n<ul>\n<li><a href=\"https:\/\/www.boe.es\/diario_boe\/txt.php?id=BOE-A-2020-17264\">Llei Org\u00e0nica 3\/2020, de 29 de desembre, per la que es modifica la Llei Org\u00e0nica 2\/2006, de 3 de maig, d&#8217;Educaci\u00f3<\/a><\/li>\n<li><a href=\"https:\/\/www.boe.es\/diario_boe\/txt.php?id=BOE-A-2013-12886\">Llei org\u00e0nica 8\/2013, de 9 de desembre, per a la millora de la qualitat educativa<\/a><\/li>\n<li><a href=\"https:\/\/portaljuridic.gencat.cat\/ca\/pjur_ocults\/pjur_resultats_fitxa\/?documentId=480169&amp;action=fitxa\">Llei 12\/2009, del 10 de juliol, d&#8217;educaci\u00f3<\/a><\/li>\n<li><a href=\"https:\/\/www.boe.es\/diario_boe\/txt.php?id=BOE-A-2006-7899\">Llei org\u00e0nica 2\/2006, de 3 de maig, d&#8217;educaci\u00f3<\/a><\/li>\n<\/ul>\n<h6 style=\"text-align: left;\"><strong>Admissi\u00f3 i escolaritzaci\u00f3<\/strong><\/h6>\n<ul>\n<li><a href=\"https:\/\/agora.xtec.cat\/iescanmas\/wp-content\/uploads\/usu2226\/2022\/03\/Resolucio-preinscripcio-2022-2023.pdf\" target=\"_blank\" rel=\"noopener\">Resoluci\u00f3 ED\u200bU\/464\/2022, de 24 de febrer, per la qual s&#8217;aproven les normes de preinscripci\u00f3 i matr\u00edcula d&#8217;alumnes als centres del Servei d&#8217;Educaci\u00f3 de Catalunya i altres centres educatius, en els diversos ensenyaments sostinguts amb fons p\u00fablics, per al curs 2022-2023.<\/a><\/li>\n<li><a href=\"https:\/\/agora.xtec.cat\/iescanmas\/wp-content\/uploads\/usu2226\/2021\/03\/Resoluci%C3%B3-preinscripci%C3%B3-i-matricula-curs-2021-2022.pdf\">RESOLUCI\u00d3 EDU\/596\/2021, de 2 de mar\u00e7, per la qual s\u2019aproven les normes de preinscripci\u00f3 i matr\u00edcula d\u2019alumnes als centres del Servei d\u2019Educaci\u00f3 de Catalunya i altres centres educatius, en els diversos ensenyaments sostinguts amb fons p\u00fablics, per al curs 2021-2022<\/a><\/li>\n<li><a href=\"https:\/\/dogc.gencat.cat\/ca\/pdogc_canals_interns\/pdogc_resultats_fitxa\/?action=fitxa&amp;mode=single&amp;documentId=840821&amp;language=ca_ES\">Decret 31\/2019, de 5 de febrer, de modificaci\u00f3 del Decret 75\/2007, de 27 de mar\u00e7, pel qual s&#8217;estableix el procediment d&#8217;admissi\u00f3 de l&#8217;alumnat als centres en els ensenyaments sufragats amb fons p\u00fablics (DOGC n\u00fam.7805, de 7.2.2019)<\/a><\/li>\n<li><a href=\"https:\/\/portaljuridic.gencat.cat\/ca\/pjur_ocults\/pjur_resultats_fitxa\/?action=fitxa&amp;mode=single&amp;documentId=438351&amp;language=ca_ES\">Decret 75\/2007, de 27 de mar\u00e7, pel qual s&#8217;estableix el procediment d&#8217;admissi\u00f3 de l&#8217;alumnat als centres en els ensenyaments sufragats amb fons p\u00fablics (DOGC n\u00fam. 4852, de 29.3.2007)<\/a><\/li>\n<li><a href=\"https:\/\/dogc.gencat.cat\/ca\/document-del-dogc\/?documentId=893678\">DECRET 11\/2021, de 16 de febrer, de la programaci\u00f3 de l&#8217;oferta educativa i del procediment d&#8217;admissi\u00f3 en els centres del Servei d&#8217;Educaci\u00f3 de Catalunya<\/a>.<\/li>\n<\/ul>\n<h6 style=\"text-align: left;\"><strong>Certificats d&#8217;equival\u00e8ncia de coneixements de catal\u00e0<\/strong><\/h6>\n<ul>\n<li style=\"text-align: left;\"><a href=\"https:\/\/agora.xtec.cat\/iescanmas\/wp-content\/uploads\/usu2226\/2021\/02\/Ordre-nivell-C-de-Catatala.pdf\"> ORDRE VCP\/491\/2009, de 12 de novembre (DOGC 5511, del 23), per la qual es refonen i s&#8217;actualitzen els t\u00edtols, diplomes i certificats equivalents als certificats de coneixements de catal\u00e0 de la Secretaria de Pol\u00edtica Ling\u00fc\u00edstica Modificada per l\u2019Ordre VCP\/233\/2010, de 12 d&#8217;abril (DOGC 5610, del 19)<\/a><\/li>\n<\/ul>\n<h6 style=\"text-align: left;\"><strong>Homologaci\u00f3 i convalidacions de t\u00edtols<\/strong><\/h6>\n<ul>\n<li><a href=\"https:\/\/www.boe.es\/buscar\/doc.php?id=BOE-A-1988-3987\">Reial decret 104\/1988, de 29 de gener, sobre homologaci\u00f3 i convalidaci\u00f3 de t\u00edtols i estudis estrangers no universitaris (BOE n\u00fam. 41, de 17.2.1988)<\/a><\/li>\n<li><a href=\"https:\/\/portaljuridic.gencat.cat\/ca\/pjur_ocults\/pjur_resultats_fitxa\/?action=fitxa&amp;mode=single&amp;documentId=512707&amp;language=ca_ES\">Decret 238\/2008, de 2 de desembre, pel qual s&#8217;assignen al Departament d&#8217;Educaci\u00f3 les funcions i els serveis traspassats a la Generalitat de Catalunya en mat\u00e8ria d&#8217;homologaci\u00f3 i convalidaci\u00f3 de t\u00edtols i estudis estrangers en ensenyaments no universitaris (DOGC n\u00fam. 5272, de 4.12.2008)<\/a><\/li>\n<li><a href=\"https:\/\/www.boe.es\/diario_boe\/txt.php?id=BOE-A-2002-25289\">Orden ECD\/3305\/2002, de 16 de diciembre, por la que se modifican las de 14 de marzo de 1988 y de 30 de abril de 1996, para la aplicaci\u00f3n de lo dispuesto en el Real Decreto 104\/1988, de 29 de enero, sobre homologaci\u00f3n y convalidaci\u00f3n de t\u00edtulos y estudios extranjeros de educaci\u00f3n no universitaria. (BOE n\u00fam. 311, de 28.12.2002)<\/a><\/li>\n<li><a href=\"https:\/\/www.boe.es\/buscar\/doc.php?id=BOE-A-1996-10210\">Orden de 30 de abril de 1996 por la que se adecuan a la nueva ordenaci\u00f3n educativa determinados criterios en materia de homologaci\u00f3n y convalidaci\u00f3n de t\u00edtulos y estudios extranjeros de niveles no universitarios y se fija el r\u00e9gimen de equivalencias con los correspondientes espa\u00f1oles. (BOE n\u00fam. 112, de 8.5.1996)<\/a><\/li>\n<li><a href=\"https:\/\/www.boe.es\/diario_boe\/txt.php?id=BOE-A-1988-6938\">Ordre de 14 de mar\u00e7 de 1988, d&#8217;aplicaci\u00f3 del que disposa el Reial decret 104\/1988, de 29 de gener, sobre homologaci\u00f3 i convalidaci\u00f3 de t\u00edtols i e\u200bstudis estrangers no universitaris (BOE n\u00fam. 66, de 17.3.1988)<\/a><\/li>\n<li><a href=\"https:\/\/www.boe.es\/diario_boe\/txt.php?id=BOE-A-2018-4480\">Resoluci\u00f3 de 23 de mar\u00e7 de 2018, de la Secretaria d&#8217;Estat d&#8217;Educaci\u00f3, Formaci\u00f3 Professional i Universitats, per la qual s&#8217;estableixen les instruccions per al c\u00e0lcul de la qualificaci\u00f3 final que ha de figurar a les credencials de convalidaci\u00f3 per primer de batxillerat, i d&#8217;homologaci\u00f3 de t\u00edtols estrangers al t\u00edtol de graduat o graduada en educaci\u00f3 secund\u00e0ria obligat\u00f2ria i al de batxiller espanyol (BOE n\u00fam. 80, de 2.4.2018)\u200b<\/a><\/li>\n<\/ul>\n<h6 style=\"text-align: left;\"><strong>Ajuts i atenci\u00f3 a la diversitat<\/strong><\/h6>\n<ul>\n<li><a href=\"https:\/\/portaljuridic.gencat.cat\/ca\/pjur_ocults\/pjur_resultats_fitxa\/?action=fitxa&amp;mode=single&amp;documentId=160667&amp;language=ca_ES\">Decret 299\/1997, de 25 de novembre, sobre l&#8217;atenci\u00f3 educativa a l&#8217;alumnat amb necessitats educatives especials (DOGC n\u00fam. 2528, de 28.11.1997).<\/a><\/li>\n<li><a href=\"https:\/\/dogc.gencat.cat\/ca\/pdogc_canals_interns\/pdogc_resultats_fitxa\/?action=fitxa&amp;mode=single&amp;documentId=641016&amp;language=ca_ES\">Resoluci\u00f3 ENS\/1543\/2013, de 10 de juliol, de l&#8217;atenci\u00f3 educativa a l&#8217;alumnat amb altes capacitats (DOGC n\u00fam. 6419, de 17.7.2013).<\/a><\/li>\n<li><a href=\"https:\/\/dogc.gencat.cat\/ca\/pdogc_canals_interns\/pdogc_resultats_fitxa\/?action=fitxa&amp;mode=single&amp;documentId=641044&amp;language=ca_ES\">Resoluci\u00f3 ENS\/1544\/2013, de 10 de juliol, de l&#8217;atenci\u00f3 educativa a l&#8217;alumnat amb trastorns de l&#8217;aprenentatge (DOGC n\u00fam. 6419, de 17.7.2013)<\/a><\/li>\n<li><a href=\"https:\/\/dogc.gencat.cat\/ca\/pdogc_canals_interns\/pdogc_resultats_fitxa\/?action=fitxa&amp;mode=single&amp;documentId=448512&amp;language=ca_ES\">Resoluci\u00f3 EDU\/3699\/2007, de 5 de desembre, per la qual s&#8217;aproven les instruccions per establir el procediment per tal que l&#8217;alumnat que pateixi malalties prolongades pugui rebre atenci\u00f3 educativa domicili\u00e0ria per part de professorat del Departament d&#8217;Educaci\u00f3 (DOGC n\u00fam. 5029, de 14.12.2007).<\/a><\/li>\n<\/ul>\n<h6 style=\"text-align: left;\"><strong>Drets i deures de l&#8217;alumnat<\/strong><\/h6>\n<ul>\n<li><a href=\"https:\/\/portaljuridic.gencat.cat\/ca\/pjur_ocults\/pjur_resultats_fitxa\/?action=fitxa&amp;mode=single&amp;documentId=403808&amp;language=ca_ES\">Decret 279\/2006, de 4 de juliol, sobre drets i deures de l\u2019alumnat i regulaci\u00f3 de la conviv\u00e8ncia en els centres educatius no universitaris de Catalunya (DOGC n\u00fam. 4670, de 6.7.2006).<\/a><\/li>\n<\/ul>\n<h6 style=\"text-align: left;\"><strong>T\u00edtols acad\u00e8mics<\/strong><\/h6>\n<ul>\n<li><a href=\"https:\/\/www.boe.es\/diario_boe\/txt.php?id=BOE-A-2017-6250\">Reial decret 562\/2\u200b017, de 2 de juny, pel qual es regulen les condicions per a l&#8217;obtenci\u00f3 de t\u00edtols de graduat en educaci\u00f3 secund\u00e0ria obligat\u00f2ria i de batxillerat, d&#8217;acord amb el que disposa el Reial decret llei 5\/2016, de 9 de desembre, de mesures urgents per a l&#8217;ampliaci\u00f3 del calendari d&#8217;implantaci\u00f3 de la Llei org\u00e0nica 8\/2013, de 9 de desembre, per a la millora de la qualitat educativa (BOE n\u00fam. 132, de 3.6.2017)\u200b<\/a><\/li>\n<li><a href=\"https:\/\/www.boe.es\/diario_boe\/txt.php?id=BOE-A-2011-4628\">Ordre EDU\/520\/2011, de 7 de mar\u00e7, per la qual es modifica l&#8217;ordre EDU\/1603\/3209, de 10 de juny, per la qual s&#8217;estableixen equival\u00e8ncies amb els t\u00edtols de graduat en educaci\u00f3 secund\u00e0ria obligat\u00f2ria i de batxiller regulats en la Llei org\u00e0nica 2\/2006, de 3 de maig, d&#8217;educaci\u00f3 (BOE n\u00fam. 62, de 14.3.2011).<\/a><\/li>\n<li><a href=\"https:\/\/portaljuridic.gencat.cat\/ca\/pjur_ocults\/pjur_resultats_fitxa\/?action=fitxa&amp;mode=single&amp;documentId=385443&amp;language=ca_ES\">Ordre EDC\/216\/2005, de 4 de maig, per la qual es desenvolupa el procediment d&#8217;expedici\u00f3 dels t\u00edtols acad\u00e8mics i professionals no universitaris de Catalunya (DOGC n\u00fam. 4385, de 17.5.2005).<\/a><\/li>\n<li><a href=\"https:\/\/www.boe.es\/diario_boe\/txt.php?id=BOE-A-2009-10054\">Ordre EDU\/1603\/2009, de 10 de juny, per la qual s&#8217;estableixen equival\u00e8ncies amb els t\u00edtols de graduat en educaci\u00f3 secund\u00e0ria obligat\u00f2ria i de batxiller regulats en la Llei org\u00e0nica 2\/2006, de 3 de maig d&#8217;educaci\u00f3 (BOE n\u00fam. 146, de 17.6.2009).<\/a><\/li>\n<\/ul>\n","protected":false},"excerpt":{"rendered":"<p>A continuaci\u00f3 disposeu de diversa normativa de diversos \u00e0mbits educatius: Normativa marc Llei Org\u00e0nica 3\/2020, de 29 de desembre, per la que es modifica la Llei Org\u00e0nica 2\/2006, de 3 de maig, d&#8217;Educaci\u00f3 Llei org\u00e0nica 8\/2013, de 9 de desembre, per a la millora de la qualitat educativa Llei 12\/2009, del 10 de juliol, d&#8217;educaci\u00f3 [&hellip;]<\/p>\n","protected":false},"author":6,"featured_media":0,"parent":81,"menu_order":60,"comment_status":"closed","ping_status":"closed","template":"page-templates\/side-menu.php","meta":{"_bbp_topic_count":0,"_bbp_reply_count":0,"_bbp_total_topic_count":0,"_bbp_total_reply_count":0,"_bbp_voice_count":0,"_bbp_anonymous_reply_count":0,"_bbp_topic_count_hidden":0,"_bbp_reply_count_hidden":0,"_bbp_forum_subforum_count":0,"site-sidebar-layout":"default","site-content-layout":"","ast-site-content-layout":"","site-content-style":"default","site-sidebar-style":"default","ast-global-header-display":"","ast-banner-title-visibility":"","ast-main-header-display":"","ast-hfb-above-header-display":"","ast-hfb-below-header-display":"","ast-hfb-mobile-header-display":"","site-post-title":"","ast-breadcrumbs-content":"","ast-featured-img":"","footer-sml-layout":"","theme-transparent-header-meta":"","adv-header-id-meta":"","stick-header-meta":"","header-above-stick-meta":"","header-main-stick-meta":"","header-below-stick-meta":"","astra-migrate-meta-layouts":"default","ast-page-background-enabled":"default","ast-page-background-meta":{"desktop":{"background-color":"var(--ast-global-color-4)","background-image":"","background-repeat":"repeat","background-position":"center center","background-size":"auto","background-attachment":"scroll","background-type":"","background-media":"","overlay-type":"","overlay-color":"","overlay-opacity":"","overlay-gradient":""},"tablet":{"background-color":"","background-image":"","background-repeat":"repeat","background-position":"center center","background-size":"auto","background-attachment":"scroll","background-type":"","background-media":"","overlay-type":"","overlay-color":"","overlay-opacity":"","overlay-gradient":""},"mobile":{"background-color":"","background-image":"","background-repeat":"repeat","background-position":"center center","background-size":"auto","background-attachment":"scroll","background-type":"","background-media":"","overlay-type":"","overlay-color":"","overlay-opacity":"","overlay-gradient":""}},"ast-content-background-meta":{"desktop":{"background-color":"var(--ast-global-color-5)","background-image":"","background-repeat":"repeat","background-position":"center center","background-size":"auto","background-attachment":"scroll","background-type":"","background-media":"","overlay-type":"","overlay-color":"","overlay-opacity":"","overlay-gradient":""},"tablet":{"background-color":"var(--ast-global-color-5)","background-image":"","background-repeat":"repeat","background-position":"center center","background-size":"auto","background-attachment":"scroll","background-type":"","background-media":"","overlay-type":"","overlay-color":"","overlay-opacity":"","overlay-gradient":""},"mobile":{"background-color":"var(--ast-global-color-5)","background-image":"","background-repeat":"repeat","background-position":"center center","background-size":"auto","background-attachment":"scroll","background-type":"","background-media":"","overlay-type":"","overlay-color":"","overlay-opacity":"","overlay-gradient":""}},"footnotes":""},"class_list":["post-587","page","type-page","status-publish","hentry"],"post_mailing_queue_ids":[],"_links":{"self":[{"href":"https:\/\/agora.xtec.cat\/iescanmas\/wp-json\/wp\/v2\/pages\/587","targetHints":{"allow":["GET"]}}],"collection":[{"href":"https:\/\/agora.xtec.cat\/iescanmas\/wp-json\/wp\/v2\/pages"}],"about":[{"href":"https:\/\/agora.xtec.cat\/iescanmas\/wp-json\/wp\/v2\/types\/page"}],"author":[{"embeddable":true,"href":"https:\/\/agora.xtec.cat\/iescanmas\/wp-json\/wp\/v2\/users\/6"}],"replies":[{"embeddable":true,"href":"https:\/\/agora.xtec.cat\/iescanmas\/wp-json\/wp\/v2\/comments?post=587"}],"version-history":[{"count":4,"href":"https:\/\/agora.xtec.cat\/iescanmas\/wp-json\/wp\/v2\/pages\/587\/revisions"}],"predecessor-version":[{"id":2537,"href":"https:\/\/agora.xtec.cat\/iescanmas\/wp-json\/wp\/v2\/pages\/587\/revisions\/2537"}],"up":[{"embeddable":true,"href":"https:\/\/agora.xtec.cat\/iescanmas\/wp-json\/wp\/v2\/pages\/81"}],"wp:attachment":[{"href":"https:\/\/agora.xtec.cat\/iescanmas\/wp-json\/wp\/v2\/media?parent=587"}],"curies":[{"name":"wp","href":"https:\/\/api.w.org\/{rel}","templated":true}]}}