{"id":583,"date":"2021-02-04T12:58:21","date_gmt":"2021-02-04T11:58:21","guid":{"rendered":"https:\/\/agora.xtec.cat\/iescanmas\/?page_id=583"},"modified":"2021-02-08T08:57:59","modified_gmt":"2021-02-08T07:57:59","slug":"documents","status":"publish","type":"page","link":"https:\/\/agora.xtec.cat\/iescanmas\/secretaria\/documents\/","title":{"rendered":"Documents tr\u00e0mits administratius"},"content":{"rendered":"<p>A continuaci\u00f3 disposeu d&#8217;uns documents que podeu fer servir per demanar algun tr\u00e0mit administratiu. A la\u00a0 p\u00e0gina <a href=\"https:\/\/agora.xtec.cat\/iescanmas\/secretaria\/documents-tramits-administratius\/\">Tr\u00e0mits administratius<\/a>\u00a0trobareu tota la informaci\u00f3 de com fer la tramitaci\u00f3<\/p>\n<table style=\"height: 217px;\" width=\"673\">\n<tbody>\n<tr style=\"height: 31px;\">\n<td style=\"width: 385.455px; text-align: center; height: 31px;\"><strong>Tr\u00e0mit administratiu<\/strong><\/td>\n<td style=\"width: 280px; text-align: center; height: 31px;\"><strong>Arxiu<\/strong><\/td>\n<\/tr>\n<tr style=\"height: 31px;\">\n<td style=\"width: 385.455px; height: 31px; text-align: left;\">Sol\u00b7licitud gen\u00e8rica<\/td>\n<td style=\"width: 280px; height: 31px; text-align: left;\"><a href=\"https:\/\/agora.xtec.cat\/iescanmas\/wp-content\/uploads\/usu2226\/2021\/02\/Sol\u00b7licitud-gen\u00e8rica-tr\u00e0mits-administratius.pdf\">Sol\u00b7licitud gen\u00e8rica tr\u00e0mits administratius<\/a><\/td>\n<\/tr>\n<tr style=\"height: 31px;\">\n<td style=\"width: 385.455px; height: 31px;\">Sol\u00b7licitud de t\u00edtol acad\u00e8mic no universitari<\/td>\n<td style=\"width: 280px; height: 31px;\"><a href=\"https:\/\/agora.xtec.cat\/iescanmas\/wp-content\/uploads\/usu2226\/2021\/02\/Sol_licitud-de-t\u00edtol-no-universitari.pdf\">Sol\u00b7licitud de t\u00edtol no universitari<\/a><\/td>\n<\/tr>\n<tr style=\"height: 31px;\">\n<td style=\"width: 385.455px; height: 31px;\">Sol\u00b7licitud de lliurament de t\u00edtol sense presentar resguard<\/td>\n<td style=\"width: 280px; height: 31px;\"><a href=\"https:\/\/agora.xtec.cat\/iescanmas\/wp-content\/uploads\/usu2226\/2021\/02\/Sol_licitud-de-lliurament-de-titol-sense-presentar-resguard.pdf\">Sol\u00b7licitud de lliurament de t\u00edtol sense presentar resguard<\/a><\/td>\n<\/tr>\n<tr style=\"height: 31px;\">\n<td style=\"width: 385.455px; height: 31px;\">Autoritzaci\u00f3 pel lliurament d&#8217;un t\u00edtol<\/td>\n<td style=\"width: 280px; height: 31px;\"><a href=\"https:\/\/agora.xtec.cat\/iescanmas\/wp-content\/uploads\/usu2226\/2021\/02\/Autoritzacio-per-lliurament-dun-t\u00edtol.pdf\">Autoritzaci\u00f3 per lliurament d&#8217;un t\u00edtol<\/a><\/td>\n<\/tr>\n<tr>\n<td style=\"width: 385.455px;\">Sol\u00b7licitud de reconeixement equival\u00e8ncia del nivell B2-C1 de llengua catalana<\/td>\n<td style=\"width: 280px;\"><a href=\"https:\/\/agora.xtec.cat\/iescanmas\/wp-content\/uploads\/usu2226\/2021\/02\/Sol\u00b7licitud-de-reconeixement-equival\u00e8ncia-del-nivell-B2-C1-de-llengua-catalana.pdf\">Sol\u00b7licitud de reconeixement equival\u00e8ncia del nivell B2-C1 de llengua catalana<\/a><\/td>\n<\/tr>\n<tr>\n<td style=\"width: 385.455px;\">Sol\u00b7licitud de cursar mat\u00e8ries de batxillerat a l&#8217;IOC<\/td>\n<td style=\"width: 280px;\"><a href=\"https:\/\/agora.xtec.cat\/iescanmas\/wp-content\/uploads\/usu2226\/2021\/02\/Sol\u00b7licitus-de-cursar-mat\u00e8ries-de-batxillerat-a-lIOC.pdf\">Sol\u00b7licitud de cursar mat\u00e8ries de batxillerat a l&#8217;IOC<\/a><\/td>\n<\/tr>\n<tr>\n<td style=\"width: 385.455px;\">Sol\u00b7licitud d&#8217;admissi\u00f3 gen\u00e8rica ESO<\/td>\n<td style=\"width: 280px;\"><a href=\"https:\/\/agora.xtec.cat\/iescanmas\/wp-content\/uploads\/usu2226\/2021\/02\/Sol\u00b7licitud-dadmissi\u00f3-gen\u00e8rica-ESO.pdf\">Sol\u00b7licitud d&#8217;admissi\u00f3 gen\u00e8rica ESO<\/a><\/td>\n<\/tr>\n<tr style=\"height: 31px;\">\n<td style=\"width: 385.455px; height: 31px;\">Sol\u00b7licitud de baixa alumnes d&#8217;ESO<\/td>\n<td style=\"width: 280px; height: 31px;\"><a href=\"https:\/\/agora.xtec.cat\/iescanmas\/wp-content\/uploads\/usu2226\/2021\/02\/Sol\u00b7licitud-de-baixa-dalumnes-dESO.pdf\">Sol\u00b7licitud de baixa d&#8217;alumnes d&#8217;ESO<\/a><\/td>\n<\/tr>\n<tr style=\"height: 31px;\">\n<td style=\"width: 385.455px; height: 31px;\">Sol\u00b7licitud de Baixa alumnes Batxillerat<\/td>\n<td style=\"width: 280px; height: 31px;\"><a href=\"https:\/\/agora.xtec.cat\/iescanmas\/wp-content\/uploads\/usu2226\/2021\/02\/Sol\u00b7licitud-de-baixa-dalumnes-de-Batxillerat.pdf\">Sol\u00b7licitud de baixa d&#8217;alumnes de Batxillerat<\/a><\/td>\n<\/tr>\n<\/tbody>\n<\/table>\n","protected":false},"excerpt":{"rendered":"<p>A continuaci\u00f3 disposeu d&#8217;uns documents que podeu fer servir per demanar algun tr\u00e0mit administratiu. A la\u00a0 p\u00e0gina Tr\u00e0mits administratius\u00a0trobareu tota la informaci\u00f3 de com fer la tramitaci\u00f3 Tr\u00e0mit administratiu Arxiu Sol\u00b7licitud gen\u00e8rica Sol\u00b7licitud gen\u00e8rica tr\u00e0mits administratius Sol\u00b7licitud de t\u00edtol acad\u00e8mic no universitari Sol\u00b7licitud de t\u00edtol no universitari Sol\u00b7licitud de lliurament de t\u00edtol sense presentar resguard [&hellip;]<\/p>\n","protected":false},"author":6,"featured_media":0,"parent":81,"menu_order":40,"comment_status":"closed","ping_status":"closed","template":"page-templates\/side-menu.php","meta":{"_bbp_topic_count":0,"_bbp_reply_count":0,"_bbp_total_topic_count":0,"_bbp_total_reply_count":0,"_bbp_voice_count":0,"_bbp_anonymous_reply_count":0,"_bbp_topic_count_hidden":0,"_bbp_reply_count_hidden":0,"_bbp_forum_subforum_count":0,"site-sidebar-layout":"default","site-content-layout":"","ast-site-content-layout":"","site-content-style":"default","site-sidebar-style":"default","ast-global-header-display":"","ast-banner-title-visibility":"","ast-main-header-display":"","ast-hfb-above-header-display":"","ast-hfb-below-header-display":"","ast-hfb-mobile-header-display":"","site-post-title":"","ast-breadcrumbs-content":"","ast-featured-img":"","footer-sml-layout":"","theme-transparent-header-meta":"","adv-header-id-meta":"","stick-header-meta":"","header-above-stick-meta":"","header-main-stick-meta":"","header-below-stick-meta":"","astra-migrate-meta-layouts":"default","ast-page-background-enabled":"default","ast-page-background-meta":{"desktop":{"background-color":"var(--ast-global-color-4)","background-image":"","background-repeat":"repeat","background-position":"center center","background-size":"auto","background-attachment":"scroll","background-type":"","background-media":"","overlay-type":"","overlay-color":"","overlay-opacity":"","overlay-gradient":""},"tablet":{"background-color":"","background-image":"","background-repeat":"repeat","background-position":"center center","background-size":"auto","background-attachment":"scroll","background-type":"","background-media":"","overlay-type":"","overlay-color":"","overlay-opacity":"","overlay-gradient":""},"mobile":{"background-color":"","background-image":"","background-repeat":"repeat","background-position":"center center","background-size":"auto","background-attachment":"scroll","background-type":"","background-media":"","overlay-type":"","overlay-color":"","overlay-opacity":"","overlay-gradient":""}},"ast-content-background-meta":{"desktop":{"background-color":"var(--ast-global-color-5)","background-image":"","background-repeat":"repeat","background-position":"center center","background-size":"auto","background-attachment":"scroll","background-type":"","background-media":"","overlay-type":"","overlay-color":"","overlay-opacity":"","overlay-gradient":""},"tablet":{"background-color":"var(--ast-global-color-5)","background-image":"","background-repeat":"repeat","background-position":"center center","background-size":"auto","background-attachment":"scroll","background-type":"","background-media":"","overlay-type":"","overlay-color":"","overlay-opacity":"","overlay-gradient":""},"mobile":{"background-color":"var(--ast-global-color-5)","background-image":"","background-repeat":"repeat","background-position":"center center","background-size":"auto","background-attachment":"scroll","background-type":"","background-media":"","overlay-type":"","overlay-color":"","overlay-opacity":"","overlay-gradient":""}},"footnotes":""},"class_list":["post-583","page","type-page","status-publish","hentry"],"post_mailing_queue_ids":[],"_links":{"self":[{"href":"https:\/\/agora.xtec.cat\/iescanmas\/wp-json\/wp\/v2\/pages\/583","targetHints":{"allow":["GET"]}}],"collection":[{"href":"https:\/\/agora.xtec.cat\/iescanmas\/wp-json\/wp\/v2\/pages"}],"about":[{"href":"https:\/\/agora.xtec.cat\/iescanmas\/wp-json\/wp\/v2\/types\/page"}],"author":[{"embeddable":true,"href":"https:\/\/agora.xtec.cat\/iescanmas\/wp-json\/wp\/v2\/users\/6"}],"replies":[{"embeddable":true,"href":"https:\/\/agora.xtec.cat\/iescanmas\/wp-json\/wp\/v2\/comments?post=583"}],"version-history":[{"count":3,"href":"https:\/\/agora.xtec.cat\/iescanmas\/wp-json\/wp\/v2\/pages\/583\/revisions"}],"predecessor-version":[{"id":673,"href":"https:\/\/agora.xtec.cat\/iescanmas\/wp-json\/wp\/v2\/pages\/583\/revisions\/673"}],"up":[{"embeddable":true,"href":"https:\/\/agora.xtec.cat\/iescanmas\/wp-json\/wp\/v2\/pages\/81"}],"wp:attachment":[{"href":"https:\/\/agora.xtec.cat\/iescanmas\/wp-json\/wp\/v2\/media?parent=583"}],"curies":[{"name":"wp","href":"https:\/\/api.w.org\/{rel}","templated":true}]}}