{"id":568,"date":"2021-02-04T11:43:30","date_gmt":"2021-02-04T10:43:30","guid":{"rendered":"https:\/\/agora.xtec.cat\/iescanmas\/?page_id=568"},"modified":"2022-05-31T12:39:27","modified_gmt":"2022-05-31T10:39:27","slug":"documents-tramits-administratius","status":"publish","type":"page","link":"https:\/\/agora.xtec.cat\/iescanmas\/secretaria\/documents-tramits-administratius\/","title":{"rendered":"Tr\u00e0mits administratius"},"content":{"rendered":"<p style=\"text-align: center;\"><em><strong><a href=\"https:\/\/agora.xtec.cat\/iescanmas\/wp-content\/uploads\/usu2226\/2021\/02\/tr\u00e0mits-administratius.png\"><img loading=\"lazy\" decoding=\"async\" class=\"alignnone size-full wp-image-576\" src=\"https:\/\/agora.xtec.cat\/iescanmas\/wp-content\/uploads\/usu2226\/2021\/02\/tr\u00e0mits-administratius.png\" alt=\"\" width=\"333\" height=\"151\" srcset=\"https:\/\/agora.xtec.cat\/iescanmas\/wp-content\/uploads\/usu2226\/2021\/02\/tr\u00e0mits-administratius.png 333w, https:\/\/agora.xtec.cat\/iescanmas\/wp-content\/uploads\/usu2226\/2021\/02\/tr\u00e0mits-administratius-300x136.png 300w\" sizes=\"auto, (max-width: 333px) 100vw, 333px\" \/><\/a><\/strong><\/em><\/p>\n<p>Per sol\u00b7licitar qualsevol tr\u00e0mit administratiu us heu de posar en contacte amb la Secretaria del centre:<\/p>\n<ul style=\"list-style-type: square;\">\n<li>Preferentment per correu electr\u00f2nic: <strong>secretaria_tramits@inscanmas.cat\u00a0 <\/strong>cal especificar quin tr\u00e0mit es vol fer i posar el vostre nom i cognoms.<\/li>\n<li>Per tel\u00e8fon del centre 93 594 48 80 en horari de 9:30h a 12:30h els dies laborables.<\/li>\n<li style=\"text-align: left;\">Un cop us confirmem per correu electr\u00f2nic que el document que sol\u00b7liciteu est\u00e0 preparat,\u00a0 per fer el lliurament heu de venir presencialment al centre amb el vostre DNI. Us donarem cita pr\u00e8via pel mateix correu electr\u00f2nic: <strong>secretaria_tramits@inscanmas.cat<\/strong><\/li>\n<li style=\"text-align: left;\">En cas de no poder presencialment en persona heu d&#8217;autoritzar un altre persona la qual haur\u00e0 de portar l&#8217;autoritzaci\u00f3 signada per les dues persones i fotoc\u00f2pia del DNI tamb\u00e9 de les dues persones.<\/li>\n<\/ul>\n<p>A la p\u00e0gina de\u00a0<a href=\"https:\/\/agora.xtec.cat\/iescanmas\/secretaria\/documents\/\">Documents tr\u00e0mits administratius<\/a> hi trobareu alguns models.<\/p>\n","protected":false},"excerpt":{"rendered":"<p>Per sol\u00b7licitar qualsevol tr\u00e0mit administratiu us heu de posar en contacte amb la Secretaria del centre: Preferentment per correu electr\u00f2nic: secretaria_tramits@inscanmas.cat\u00a0 cal especificar quin tr\u00e0mit es vol fer i posar el vostre nom i cognoms. Per tel\u00e8fon del centre 93 594 48 80 en horari de 9:30h a 12:30h els dies laborables. Un cop us [&hellip;]<\/p>\n","protected":false},"author":6,"featured_media":0,"parent":81,"menu_order":20,"comment_status":"closed","ping_status":"closed","template":"page-templates\/side-menu.php","meta":{"_bbp_topic_count":0,"_bbp_reply_count":0,"_bbp_total_topic_count":0,"_bbp_total_reply_count":0,"_bbp_voice_count":0,"_bbp_anonymous_reply_count":0,"_bbp_topic_count_hidden":0,"_bbp_reply_count_hidden":0,"_bbp_forum_subforum_count":0,"site-sidebar-layout":"default","site-content-layout":"","ast-site-content-layout":"","site-content-style":"default","site-sidebar-style":"default","ast-global-header-display":"","ast-banner-title-visibility":"","ast-main-header-display":"","ast-hfb-above-header-display":"","ast-hfb-below-header-display":"","ast-hfb-mobile-header-display":"","site-post-title":"","ast-breadcrumbs-content":"","ast-featured-img":"","footer-sml-layout":"","theme-transparent-header-meta":"","adv-header-id-meta":"","stick-header-meta":"","header-above-stick-meta":"","header-main-stick-meta":"","header-below-stick-meta":"","astra-migrate-meta-layouts":"default","ast-page-background-enabled":"default","ast-page-background-meta":{"desktop":{"background-color":"var(--ast-global-color-4)","background-image":"","background-repeat":"repeat","background-position":"center center","background-size":"auto","background-attachment":"scroll","background-type":"","background-media":"","overlay-type":"","overlay-color":"","overlay-opacity":"","overlay-gradient":""},"tablet":{"background-color":"","background-image":"","background-repeat":"repeat","background-position":"center center","background-size":"auto","background-attachment":"scroll","background-type":"","background-media":"","overlay-type":"","overlay-color":"","overlay-opacity":"","overlay-gradient":""},"mobile":{"background-color":"","background-image":"","background-repeat":"repeat","background-position":"center center","background-size":"auto","background-attachment":"scroll","background-type":"","background-media":"","overlay-type":"","overlay-color":"","overlay-opacity":"","overlay-gradient":""}},"ast-content-background-meta":{"desktop":{"background-color":"var(--ast-global-color-5)","background-image":"","background-repeat":"repeat","background-position":"center center","background-size":"auto","background-attachment":"scroll","background-type":"","background-media":"","overlay-type":"","overlay-color":"","overlay-opacity":"","overlay-gradient":""},"tablet":{"background-color":"var(--ast-global-color-5)","background-image":"","background-repeat":"repeat","background-position":"center center","background-size":"auto","background-attachment":"scroll","background-type":"","background-media":"","overlay-type":"","overlay-color":"","overlay-opacity":"","overlay-gradient":""},"mobile":{"background-color":"var(--ast-global-color-5)","background-image":"","background-repeat":"repeat","background-position":"center center","background-size":"auto","background-attachment":"scroll","background-type":"","background-media":"","overlay-type":"","overlay-color":"","overlay-opacity":"","overlay-gradient":""}},"footnotes":""},"class_list":["post-568","page","type-page","status-publish","hentry"],"post_mailing_queue_ids":[],"_links":{"self":[{"href":"https:\/\/agora.xtec.cat\/iescanmas\/wp-json\/wp\/v2\/pages\/568","targetHints":{"allow":["GET"]}}],"collection":[{"href":"https:\/\/agora.xtec.cat\/iescanmas\/wp-json\/wp\/v2\/pages"}],"about":[{"href":"https:\/\/agora.xtec.cat\/iescanmas\/wp-json\/wp\/v2\/types\/page"}],"author":[{"embeddable":true,"href":"https:\/\/agora.xtec.cat\/iescanmas\/wp-json\/wp\/v2\/users\/6"}],"replies":[{"embeddable":true,"href":"https:\/\/agora.xtec.cat\/iescanmas\/wp-json\/wp\/v2\/comments?post=568"}],"version-history":[{"count":3,"href":"https:\/\/agora.xtec.cat\/iescanmas\/wp-json\/wp\/v2\/pages\/568\/revisions"}],"predecessor-version":[{"id":2705,"href":"https:\/\/agora.xtec.cat\/iescanmas\/wp-json\/wp\/v2\/pages\/568\/revisions\/2705"}],"up":[{"embeddable":true,"href":"https:\/\/agora.xtec.cat\/iescanmas\/wp-json\/wp\/v2\/pages\/81"}],"wp:attachment":[{"href":"https:\/\/agora.xtec.cat\/iescanmas\/wp-json\/wp\/v2\/media?parent=568"}],"curies":[{"name":"wp","href":"https:\/\/api.w.org\/{rel}","templated":true}]}}