{"id":49,"date":"2014-09-17T16:55:55","date_gmt":"2014-09-17T16:55:55","guid":{"rendered":"http:\/\/agora.xtec.cat\/iescanmas\/?page_id=49"},"modified":"2021-05-26T13:45:32","modified_gmt":"2021-05-26T11:45:32","slug":"normes-dorganitzacio-i-funcionament","status":"publish","type":"page","link":"https:\/\/agora.xtec.cat\/iescanmas\/linstitut\/normes-dorganitzacio-i-funcionament\/","title":{"rendered":"Normes i funcionament"},"content":{"rendered":"<p style=\"text-align: center;\"><strong>Normes d&#8217;organitzaci\u00f3 i funcionament del centre (NOFC)<\/strong><\/p>\n<p>Les <a href=\"https:\/\/agora.xtec.cat\/iescanmas\/wp-content\/uploads\/usu2226\/2021\/03\/NOFC-CAN-MAS-GENER-2021.pdf\" target=\"_blank\" rel=\"noopener noreferrer\">NOFC<\/a> s&#8217;entenen com l\u2019instrument que ha de possibilitar el ple exercici dels drets que la legislaci\u00f3 vigent reconeix als diferents membres de la comunitat escolar, i tamb\u00e9 com el mitj\u00e0 que garanteix el control que cal i l\u2019exig\u00e8ncia en el compliment de les funcions pr\u00f2pies de cada persona o \u00f2rgan de la instituci\u00f3.<\/p>\n<p>La seva aplicaci\u00f3 es desenvolupar\u00e0 tenint en compte els principis generals presentats en el <a href=\"https:\/\/agora.xtec.cat\/iescanmas\/wp-content\/uploads\/usu2226\/2021\/05\/PEC_Can_Mas.pdf\" target=\"_blank\" rel=\"noopener noreferrer\">Projecte Educatiu de Centre (PEC)<\/a>\u00a0i en el Projecte de Direcci\u00f3 (PD). El <a href=\"https:\/\/agora.xtec.cat\/iescanmas\/wp-content\/uploads\/usu2226\/2021\/03\/NOFC-CAN-MAS-GENER-2021.pdf\" target=\"_blank\" rel=\"noopener noreferrer\">NOFC <\/a> entrar\u00e0 en vigor a partir de la data de la seva aprovaci\u00f3 definitiva pel director del centre despr\u00e9s de la preceptiva consulta al Consell Escolar del centre i es publicar\u00e0 a la p\u00e0gina web del centre per a que la comunitat educativa tingui acc\u00e9s.<\/p>\n<p>El <a href=\"https:\/\/agora.xtec.cat\/iescanmas\/wp-content\/uploads\/usu2226\/2021\/03\/NOFC-CAN-MAS-GENER-2021.pdf\" target=\"_blank\" rel=\"noopener noreferrer\">NOFC<\/a> necessitar\u00e0 per a la seva modificaci\u00f3, quan les circumst\u00e0ncies ho aconsellin i es compleixin els requisits necessaris, l\u2019acord favorable de la majoria simple dels membres del consell escolar. El claustre valorar\u00e0 anualment la seva aplicaci\u00f3.<\/p>\n<p>El contingut d\u2019aquest document es far\u00e0 arribar a tots els sectors implicats en el proc\u00e9s educatiu. Els casos no previstos en aquest document seran resolts pel consell escolar i passaran autom\u00e0ticament a articular-se com a disposicions addicionals en el present document.<\/p>\n<p>Qualsevol incid\u00e8ncia relativa a l\u2019aplicaci\u00f3 d\u2019aquest <a href=\"https:\/\/agora.xtec.cat\/iescanmas\/wp-content\/uploads\/usu2226\/2021\/03\/NOFC-CAN-MAS-GENER-2021.pdf\" target=\"_blank\" rel=\"noopener noreferrer\">NOFC<\/a>, tindr\u00e0 com a referent la normativa d\u2019\u00e0mbit superior corresponent a la Llei d&#8217;Educaci\u00f3 de Catalunya (LEC) 12\/2009, del 10 de juliol i al Decret102\/2010 de 3 d&#8217;agost d&#8217;autonomia de centres educatius i al Decret de direccions.<\/p>\n","protected":false},"excerpt":{"rendered":"<p>Normes d&#8217;organitzaci\u00f3 i funcionament del centre (NOFC) Les NOFC s&#8217;entenen com l\u2019instrument que ha de possibilitar el ple exercici dels drets que la legislaci\u00f3 vigent reconeix als diferents membres de la comunitat escolar, i tamb\u00e9 com el mitj\u00e0 que garanteix el control que cal i l\u2019exig\u00e8ncia en el compliment de les funcions pr\u00f2pies de cada [&hellip;]<\/p>\n","protected":false},"author":1,"featured_media":0,"parent":19,"menu_order":60,"comment_status":"closed","ping_status":"closed","template":"page-templates\/side-menu.php","meta":{"_bbp_topic_count":0,"_bbp_reply_count":0,"_bbp_total_topic_count":0,"_bbp_total_reply_count":0,"_bbp_voice_count":0,"_bbp_anonymous_reply_count":0,"_bbp_topic_count_hidden":0,"_bbp_reply_count_hidden":0,"_bbp_forum_subforum_count":0,"site-sidebar-layout":"default","site-content-layout":"","ast-site-content-layout":"","site-content-style":"default","site-sidebar-style":"default","ast-global-header-display":"","ast-banner-title-visibility":"","ast-main-header-display":"","ast-hfb-above-header-display":"","ast-hfb-below-header-display":"","ast-hfb-mobile-header-display":"","site-post-title":"","ast-breadcrumbs-content":"","ast-featured-img":"","footer-sml-layout":"","theme-transparent-header-meta":"","adv-header-id-meta":"","stick-header-meta":"","header-above-stick-meta":"","header-main-stick-meta":"","header-below-stick-meta":"","astra-migrate-meta-layouts":"default","ast-page-background-enabled":"default","ast-page-background-meta":{"desktop":{"background-color":"var(--ast-global-color-4)","background-image":"","background-repeat":"repeat","background-position":"center center","background-size":"auto","background-attachment":"scroll","background-type":"","background-media":"","overlay-type":"","overlay-color":"","overlay-opacity":"","overlay-gradient":""},"tablet":{"background-color":"","background-image":"","background-repeat":"repeat","background-position":"center center","background-size":"auto","background-attachment":"scroll","background-type":"","background-media":"","overlay-type":"","overlay-color":"","overlay-opacity":"","overlay-gradient":""},"mobile":{"background-color":"","background-image":"","background-repeat":"repeat","background-position":"center center","background-size":"auto","background-attachment":"scroll","background-type":"","background-media":"","overlay-type":"","overlay-color":"","overlay-opacity":"","overlay-gradient":""}},"ast-content-background-meta":{"desktop":{"background-color":"var(--ast-global-color-5)","background-image":"","background-repeat":"repeat","background-position":"center center","background-size":"auto","background-attachment":"scroll","background-type":"","background-media":"","overlay-type":"","overlay-color":"","overlay-opacity":"","overlay-gradient":""},"tablet":{"background-color":"var(--ast-global-color-5)","background-image":"","background-repeat":"repeat","background-position":"center center","background-size":"auto","background-attachment":"scroll","background-type":"","background-media":"","overlay-type":"","overlay-color":"","overlay-opacity":"","overlay-gradient":""},"mobile":{"background-color":"var(--ast-global-color-5)","background-image":"","background-repeat":"repeat","background-position":"center center","background-size":"auto","background-attachment":"scroll","background-type":"","background-media":"","overlay-type":"","overlay-color":"","overlay-opacity":"","overlay-gradient":""}},"footnotes":""},"class_list":["post-49","page","type-page","status-publish","hentry"],"post_mailing_queue_ids":[],"_links":{"self":[{"href":"https:\/\/agora.xtec.cat\/iescanmas\/wp-json\/wp\/v2\/pages\/49","targetHints":{"allow":["GET"]}}],"collection":[{"href":"https:\/\/agora.xtec.cat\/iescanmas\/wp-json\/wp\/v2\/pages"}],"about":[{"href":"https:\/\/agora.xtec.cat\/iescanmas\/wp-json\/wp\/v2\/types\/page"}],"author":[{"embeddable":true,"href":"https:\/\/agora.xtec.cat\/iescanmas\/wp-json\/wp\/v2\/users\/1"}],"replies":[{"embeddable":true,"href":"https:\/\/agora.xtec.cat\/iescanmas\/wp-json\/wp\/v2\/comments?post=49"}],"version-history":[{"count":4,"href":"https:\/\/agora.xtec.cat\/iescanmas\/wp-json\/wp\/v2\/pages\/49\/revisions"}],"predecessor-version":[{"id":1797,"href":"https:\/\/agora.xtec.cat\/iescanmas\/wp-json\/wp\/v2\/pages\/49\/revisions\/1797"}],"up":[{"embeddable":true,"href":"https:\/\/agora.xtec.cat\/iescanmas\/wp-json\/wp\/v2\/pages\/19"}],"wp:attachment":[{"href":"https:\/\/agora.xtec.cat\/iescanmas\/wp-json\/wp\/v2\/media?parent=49"}],"curies":[{"name":"wp","href":"https:\/\/api.w.org\/{rel}","templated":true}]}}