{"id":2681,"date":"2022-05-18T17:20:28","date_gmt":"2022-05-18T15:20:28","guid":{"rendered":"https:\/\/agora.xtec.cat\/iescanmas\/?page_id=2681"},"modified":"2024-12-09T12:28:53","modified_gmt":"2024-12-09T11:28:53","slug":"can-mas-flight","status":"publish","type":"page","link":"https:\/\/agora.xtec.cat\/iescanmas\/departaments\/tecnologia\/can-mas-flight\/","title":{"rendered":"Can Mas Flight"},"content":{"rendered":"<p><img decoding=\"async\" class=\"alignnone size-full wp-image-2673\" src=\"https:\/\/agora.xtec.cat\/iescanmas\/wp-content\/uploads\/usu2226\/2022\/05\/Can-Mas-Flight-1.jpg\" alt=\"\" width=\"100%\" srcset=\"https:\/\/agora.xtec.cat\/iescanmas\/wp-content\/uploads\/usu2226\/2022\/05\/Can-Mas-Flight-1.jpg 957w, https:\/\/agora.xtec.cat\/iescanmas\/wp-content\/uploads\/usu2226\/2022\/05\/Can-Mas-Flight-1-300x221.jpg 300w, https:\/\/agora.xtec.cat\/iescanmas\/wp-content\/uploads\/usu2226\/2022\/05\/Can-Mas-Flight-1-768x567.jpg 768w\" sizes=\"(max-width: 957px) 100vw, 957px\" \/><\/p>\n<p>L&#8217;alumnat de 4t d&#8217;ESO va llan\u00e7ar una sonda a l&#8217;estratosfera el <b>passat dia 2 de juny<\/b>. Els objectius eren arribar com a m\u00ednim als 33.000m d&#8217;al\u00e7ada i registrar en v\u00eddeo tot el seu recorregut! A m\u00e9s, l&#8217;equip va recollir dades com la temperatura, humitat i pressi\u00f3 atmosf\u00e8rica i tamb\u00e9 va portar diferents l\u00edquids per determinar com actuen a temperatures per sota els 60\u00ba sota zero.<\/p>\n<p>Quan el globus que porta la sonda a l&#8217;estratosfera esclata,\u00a0 als 33.000 m aproximadament, la sonda cau novament i arribat el moment s&#8217;activar\u00e0 el sistema de paracaigudes.\u00a0 La sonda es va localitzar mitjan\u00e7ant un sistema de rastreig GPS instal\u00b7lat a la mateixa i programat per l&#8217;equip,i va anar en recerca de la mateixa per recollir el material i fer el posterior estudi de les dades registrades.<\/p>\n<h3>Fases del projecte<\/h3>\n<p>S\u00f3n les fases per les quals ha passat l&#8217;equip i que s\u00f3n necess\u00e0ries per l&#8217;\u00e8xit de la missi\u00f3!<\/p>\n<h4>Fase de disseny<\/h4>\n<p>Es tenen en compte aspectes com: Limitacions d&#8217;espai i pes, temperatures extremes, durada del vol per tal de no exhaurir les bateries, p\u00e8rdua de senyal arribats a una determinada al\u00e7ada, &#8230;<br \/>\nAmb totes les especificacions i limitacions a la taula, es proposa una s\u00e8rie de solucions i de components que poden satisfer tots els objectius plantejats!<\/p>\n<h4>Fase de construcci\u00f3<\/h4>\n<p>Una vegada escollits els components, ens dividim per grups i fem funcionar l&#8217;equip per tal de realitzar les diferents tasques:<br \/>\nMesura de temperatura i humitat exterior<br \/>\nMesura de la pressi\u00f3 atmosf\u00e8rica<br \/>\nTemperatura interior i protecci\u00f3 dels components<br \/>\nRegistre de v\u00eddeo i bateries<br \/>\nSistema de localitzaci\u00f3 GPS<br \/>\nDisseny i fabricaci\u00f3 3D de peces per experiment amb l\u00edquids<\/p>\n<h4>Fase de proves<\/h4>\n<p>Proves del procediment de llan\u00e7ament i assignaci\u00f3 de rols<br \/>\nProves dels sistemes de registre i localitzaci\u00f3<br \/>\nProves dels sistemes d&#8217;assist\u00e8ncia a l&#8217;aterratge<\/p>\n<h4>Dia del llan\u00e7ament<\/h4>\n<p>No hi ha lloc per l&#8217;error. Tot ha d&#8217;estar calculat i tothom ha d&#8217;assumir el seu rol i les seves funcions. Ens despla\u00e7arem fins a l&#8217;interior per evitar que el vent es pugui endur la sonda al mar!<\/p>\n<h4>Col\u00b7laboracions<\/h4>\n<p><img loading=\"lazy\" decoding=\"async\" class=\"alignnone size-medium wp-image-2688\" src=\"https:\/\/agora.xtec.cat\/iescanmas\/wp-content\/uploads\/usu2226\/2022\/05\/logo-telstar-300x133.png\" alt=\"\" width=\"300\" height=\"133\" srcset=\"https:\/\/agora.xtec.cat\/iescanmas\/wp-content\/uploads\/usu2226\/2022\/05\/logo-telstar-300x133.png 300w, https:\/\/agora.xtec.cat\/iescanmas\/wp-content\/uploads\/usu2226\/2022\/05\/logo-telstar.png 500w\" sizes=\"auto, (max-width: 300px) 100vw, 300px\" \/><\/p>\n<p>L&#8217;Institut Can Mas, ha signat un contracte de col\u00b7laboraci\u00f3 amb l`Empresa amb sede a Terrassa (TELSTAR) que col\u00b7labora amb el nostre projecte, aportant l&#8217;heli necessari per portar les sondes a l&#8217;estratosfera!<\/p>\n<p>Videoresum del viatge estratosf\u00e8ric:<\/p>\n<p><iframe loading=\"lazy\" title=\"YouTube video player\" src=\"\/\/www.youtube.com\/embed\/qfgZ27RAlEU\" width=\"560\" height=\"315\" frameborder=\"0\" allowfullscreen=\"allowfullscreen\"><\/iframe><\/p>\n<h2>Article revista Ripollet sobre el projecte:<\/h2>\n<p><a href=\"https:\/\/revistaderipollet.cat\/revista-de-ripollet-1-185\/\" rel=\"noopener\" target=\"_blank\"><img loading=\"lazy\" decoding=\"async\" src=\"https:\/\/agora.xtec.cat\/iescanmas\/wp-content\/uploads\/usu2226\/2022\/06\/revistaRipollet-212x300.jpg\" alt=\"\" width=\"212\" height=\"300\" class=\"alignnone size-medium wp-image-2799\" srcset=\"https:\/\/agora.xtec.cat\/iescanmas\/wp-content\/uploads\/usu2226\/2022\/06\/revistaRipollet-212x300.jpg 212w, https:\/\/agora.xtec.cat\/iescanmas\/wp-content\/uploads\/usu2226\/2022\/06\/revistaRipollet.jpg 519w\" sizes=\"auto, (max-width: 212px) 100vw, 212px\" \/><\/a><\/p>\n<h2>Entrevista R\u00e0dio Ripollet sobre el projecte- 9\/6\/22:<\/h2>\n<p><a href=\"https:\/\/www.youtube.com\/watch?v=TVwHKM1dqKE&#038;t=1487s\" rel=\"noopener\" target=\"_blank\"><img decoding=\"async\" src=\"https:\/\/agora.xtec.cat\/iescanmas\/wp-content\/uploads\/usu2226\/2022\/06\/radioripollet.jpg\" alt=\"\" width=\"500\" class=\"alignnone size-full wp-image-2815\" srcset=\"https:\/\/agora.xtec.cat\/iescanmas\/wp-content\/uploads\/usu2226\/2022\/06\/radioripollet.jpg 1251w, https:\/\/agora.xtec.cat\/iescanmas\/wp-content\/uploads\/usu2226\/2022\/06\/radioripollet-300x155.jpg 300w, https:\/\/agora.xtec.cat\/iescanmas\/wp-content\/uploads\/usu2226\/2022\/06\/radioripollet-1024x530.jpg 1024w, https:\/\/agora.xtec.cat\/iescanmas\/wp-content\/uploads\/usu2226\/2022\/06\/radioripollet-768x397.jpg 768w\" sizes=\"(max-width: 1251px) 100vw, 1251px\" \/><\/a><\/p>\n<h2>Entrevista R\u00e0dio Ripollet &#8211; Programa &#8211; La ci\u00e8ncia \u00e9s nostra:<\/h2>\n<p><a href=\"https:\/\/www.ripolletradio.cat\/2022\/06\/21\/la-ciencia-es-nostra-21-06-2022\/\" rel=\"noopener\" target=\"_blank\"><img decoding=\"async\" src=\"https:\/\/agora.xtec.cat\/iescanmas\/wp-content\/uploads\/usu2226\/2022\/06\/lacienciaesnostra.jpg\" alt=\"\" width=\"500\" class=\"alignnone size-full wp-image-2811\" srcset=\"https:\/\/agora.xtec.cat\/iescanmas\/wp-content\/uploads\/usu2226\/2022\/06\/lacienciaesnostra.jpg 810w, https:\/\/agora.xtec.cat\/iescanmas\/wp-content\/uploads\/usu2226\/2022\/06\/lacienciaesnostra-300x254.jpg 300w, https:\/\/agora.xtec.cat\/iescanmas\/wp-content\/uploads\/usu2226\/2022\/06\/lacienciaesnostra-768x649.jpg 768w\" sizes=\"(max-width: 810px) 100vw, 810px\" \/><\/a><\/p>\n<p>&nbsp;<\/p>\n","protected":false},"excerpt":{"rendered":"<p>L&#8217;alumnat de 4t d&#8217;ESO va llan\u00e7ar una sonda a l&#8217;estratosfera el passat dia 2 de juny. Els objectius eren arribar com a m\u00ednim als 33.000m d&#8217;al\u00e7ada i registrar en v\u00eddeo tot el seu recorregut! A m\u00e9s, l&#8217;equip va recollir dades com la temperatura, humitat i pressi\u00f3 atmosf\u00e8rica i tamb\u00e9 va portar diferents l\u00edquids per determinar [&hellip;]<\/p>\n","protected":false},"author":3,"featured_media":0,"parent":848,"menu_order":0,"comment_status":"closed","ping_status":"closed","template":"page-templates\/side-menu.php","meta":{"_bbp_topic_count":0,"_bbp_reply_count":0,"_bbp_total_topic_count":0,"_bbp_total_reply_count":0,"_bbp_voice_count":0,"_bbp_anonymous_reply_count":0,"_bbp_topic_count_hidden":0,"_bbp_reply_count_hidden":0,"_bbp_forum_subforum_count":0,"site-sidebar-layout":"default","site-content-layout":"","ast-site-content-layout":"","site-content-style":"default","site-sidebar-style":"default","ast-global-header-display":"","ast-banner-title-visibility":"","ast-main-header-display":"","ast-hfb-above-header-display":"","ast-hfb-below-header-display":"","ast-hfb-mobile-header-display":"","site-post-title":"","ast-breadcrumbs-content":"","ast-featured-img":"","footer-sml-layout":"","theme-transparent-header-meta":"","adv-header-id-meta":"","stick-header-meta":"","header-above-stick-meta":"","header-main-stick-meta":"","header-below-stick-meta":"","astra-migrate-meta-layouts":"default","ast-page-background-enabled":"default","ast-page-background-meta":{"desktop":{"background-color":"var(--ast-global-color-4)","background-image":"","background-repeat":"repeat","background-position":"center center","background-size":"auto","background-attachment":"scroll","background-type":"","background-media":"","overlay-type":"","overlay-color":"","overlay-opacity":"","overlay-gradient":""},"tablet":{"background-color":"","background-image":"","background-repeat":"repeat","background-position":"center center","background-size":"auto","background-attachment":"scroll","background-type":"","background-media":"","overlay-type":"","overlay-color":"","overlay-opacity":"","overlay-gradient":""},"mobile":{"background-color":"","background-image":"","background-repeat":"repeat","background-position":"center center","background-size":"auto","background-attachment":"scroll","background-type":"","background-media":"","overlay-type":"","overlay-color":"","overlay-opacity":"","overlay-gradient":""}},"ast-content-background-meta":{"desktop":{"background-color":"var(--ast-global-color-5)","background-image":"","background-repeat":"repeat","background-position":"center center","background-size":"auto","background-attachment":"scroll","background-type":"","background-media":"","overlay-type":"","overlay-color":"","overlay-opacity":"","overlay-gradient":""},"tablet":{"background-color":"var(--ast-global-color-5)","background-image":"","background-repeat":"repeat","background-position":"center center","background-size":"auto","background-attachment":"scroll","background-type":"","background-media":"","overlay-type":"","overlay-color":"","overlay-opacity":"","overlay-gradient":""},"mobile":{"background-color":"var(--ast-global-color-5)","background-image":"","background-repeat":"repeat","background-position":"center center","background-size":"auto","background-attachment":"scroll","background-type":"","background-media":"","overlay-type":"","overlay-color":"","overlay-opacity":"","overlay-gradient":""}},"footnotes":""},"class_list":["post-2681","page","type-page","status-publish","hentry"],"post_mailing_queue_ids":[],"_links":{"self":[{"href":"https:\/\/agora.xtec.cat\/iescanmas\/wp-json\/wp\/v2\/pages\/2681","targetHints":{"allow":["GET"]}}],"collection":[{"href":"https:\/\/agora.xtec.cat\/iescanmas\/wp-json\/wp\/v2\/pages"}],"about":[{"href":"https:\/\/agora.xtec.cat\/iescanmas\/wp-json\/wp\/v2\/types\/page"}],"author":[{"embeddable":true,"href":"https:\/\/agora.xtec.cat\/iescanmas\/wp-json\/wp\/v2\/users\/3"}],"replies":[{"embeddable":true,"href":"https:\/\/agora.xtec.cat\/iescanmas\/wp-json\/wp\/v2\/comments?post=2681"}],"version-history":[{"count":3,"href":"https:\/\/agora.xtec.cat\/iescanmas\/wp-json\/wp\/v2\/pages\/2681\/revisions"}],"predecessor-version":[{"id":2822,"href":"https:\/\/agora.xtec.cat\/iescanmas\/wp-json\/wp\/v2\/pages\/2681\/revisions\/2822"}],"up":[{"embeddable":true,"href":"https:\/\/agora.xtec.cat\/iescanmas\/wp-json\/wp\/v2\/pages\/848"}],"wp:attachment":[{"href":"https:\/\/agora.xtec.cat\/iescanmas\/wp-json\/wp\/v2\/media?parent=2681"}],"curies":[{"name":"wp","href":"https:\/\/api.w.org\/{rel}","templated":true}]}}