{"id":1462,"date":"2021-04-15T10:37:03","date_gmt":"2021-04-15T08:37:03","guid":{"rendered":"https:\/\/agora.xtec.cat\/iescanmas\/?page_id=1462"},"modified":"2021-04-15T10:53:54","modified_gmt":"2021-04-15T08:53:54","slug":"que-fer-despres-de-linstitut","status":"publish","type":"page","link":"https:\/\/agora.xtec.cat\/iescanmas\/families\/que-fer-despres-de-linstitut\/","title":{"rendered":"Informaci\u00f3 de &#8220;Qu\u00e8 fer despr\u00e9s de l&#8217;Institut&#8221;"},"content":{"rendered":"<p><a href=\"https:\/\/agora.xtec.cat\/iescanmas\/wp-content\/uploads\/usu2226\/2021\/04\/subcapcalera-generica.png\"><img loading=\"lazy\" decoding=\"async\" class=\" wp-image-1464 alignleft\" src=\"https:\/\/agora.xtec.cat\/iescanmas\/wp-content\/uploads\/usu2226\/2021\/04\/subcapcalera-generica-1024x200.png\" alt=\"\" width=\"405\" height=\"79\" srcset=\"https:\/\/agora.xtec.cat\/iescanmas\/wp-content\/uploads\/usu2226\/2021\/04\/subcapcalera-generica-1024x200.png 1024w, https:\/\/agora.xtec.cat\/iescanmas\/wp-content\/uploads\/usu2226\/2021\/04\/subcapcalera-generica-300x59.png 300w, https:\/\/agora.xtec.cat\/iescanmas\/wp-content\/uploads\/usu2226\/2021\/04\/subcapcalera-generica-768x150.png 768w, https:\/\/agora.xtec.cat\/iescanmas\/wp-content\/uploads\/usu2226\/2021\/04\/subcapcalera-generica.png 1900w\" sizes=\"auto, (max-width: 405px) 100vw, 405px\" \/><\/a>Us volem informar que el Departament d&#8217;Ensenyament ha posat en marxa el nou web tem\u00e0tic <a href=\"https:\/\/triaeducativa.gencat.cat\/ca\/inici\/\" target=\"_blank\" rel=\"noopener noreferrer\" data-saferedirecturl=\"https:\/\/www.google.com\/url?q=https:\/\/triaeducativa.gencat.cat\/ca\/inici\/&amp;source=gmail&amp;ust=1618561100050000&amp;usg=AFQjCNFFe2aJ54Ku-DsWCOJPAYAfEHwwRw\">triaeducativa.gencat.<wbr \/>cat<\/a>, que neix amb un objectiu principal: oferir informaci\u00f3 de qualitat i actualitzada als nois i noies que acaben l\u00b4ESO i han de decidir quina formaci\u00f3 s\u00b4ajusta m\u00e9s als seus interessos i a la posterior sortida laboral.<\/p>\n<p>El portal inclou les fitxes actualitzades de tots els estudis, d\u00b4acord amb els canvis introdu\u00efts arran de l\u00b4entrada en vigor de la nova llei d\u00b4Educaci\u00f3, la LOMLOE, el 19 de gener passat. A m\u00e9s, i trobareu v\u00eddeos explicatius com el que us deixem m\u00e9s a sota,\u00a0 sobre els diferents estudis, podcasts sobre temes diversos (proves d\u00b4acc\u00e9s a ensenyaments d\u00b4arts esc\u00e8niques i esportius, novetats del proper curs, recomanacions per fer un bon treball de recerca&#8230;), un desplegable descarregable que reuneix tota la informaci\u00f3 sintetitzada sobre l\u00b4oferta formativa, i molts altres materials. El men\u00fa superior incorpora un bot\u00f3 de traducci\u00f3 autom\u00e0tica que facilita la navegaci\u00f3 per tot el web en catal\u00e0, castell\u00e0, occit\u00e0-aran\u00e8s, angl\u00e8s, franc\u00e8s, itali\u00e0, portugu\u00e8s, alemany, rus, urd\u00fa, \u00e0rab i xin\u00e8s.<\/p>\n<p><iframe loading=\"lazy\" src=\"https:\/\/www.youtube.com\/embed\/L9GwIVYiMvk\" width=\"839\" height=\"458\" frameborder=\"0\"><\/iframe><\/p>\n","protected":false},"excerpt":{"rendered":"<p>Us volem informar que el Departament d&#8217;Ensenyament ha posat en marxa el nou web tem\u00e0tic triaeducativa.gencat.cat, que neix amb un objectiu principal: oferir informaci\u00f3 de qualitat i actualitzada als nois i noies que acaben l\u00b4ESO i han de decidir quina formaci\u00f3 s\u00b4ajusta m\u00e9s als seus interessos i a la posterior sortida laboral. El portal inclou [&hellip;]<\/p>\n","protected":false},"author":6,"featured_media":0,"parent":1418,"menu_order":40,"comment_status":"closed","ping_status":"closed","template":"page-templates\/side-menu.php","meta":{"_bbp_topic_count":0,"_bbp_reply_count":0,"_bbp_total_topic_count":0,"_bbp_total_reply_count":0,"_bbp_voice_count":0,"_bbp_anonymous_reply_count":0,"_bbp_topic_count_hidden":0,"_bbp_reply_count_hidden":0,"_bbp_forum_subforum_count":0,"site-sidebar-layout":"default","site-content-layout":"","ast-site-content-layout":"","site-content-style":"default","site-sidebar-style":"default","ast-global-header-display":"","ast-banner-title-visibility":"","ast-main-header-display":"","ast-hfb-above-header-display":"","ast-hfb-below-header-display":"","ast-hfb-mobile-header-display":"","site-post-title":"","ast-breadcrumbs-content":"","ast-featured-img":"","footer-sml-layout":"","theme-transparent-header-meta":"","adv-header-id-meta":"","stick-header-meta":"","header-above-stick-meta":"","header-main-stick-meta":"","header-below-stick-meta":"","astra-migrate-meta-layouts":"default","ast-page-background-enabled":"default","ast-page-background-meta":{"desktop":{"background-color":"var(--ast-global-color-4)","background-image":"","background-repeat":"repeat","background-position":"center center","background-size":"auto","background-attachment":"scroll","background-type":"","background-media":"","overlay-type":"","overlay-color":"","overlay-opacity":"","overlay-gradient":""},"tablet":{"background-color":"","background-image":"","background-repeat":"repeat","background-position":"center center","background-size":"auto","background-attachment":"scroll","background-type":"","background-media":"","overlay-type":"","overlay-color":"","overlay-opacity":"","overlay-gradient":""},"mobile":{"background-color":"","background-image":"","background-repeat":"repeat","background-position":"center center","background-size":"auto","background-attachment":"scroll","background-type":"","background-media":"","overlay-type":"","overlay-color":"","overlay-opacity":"","overlay-gradient":""}},"ast-content-background-meta":{"desktop":{"background-color":"var(--ast-global-color-5)","background-image":"","background-repeat":"repeat","background-position":"center center","background-size":"auto","background-attachment":"scroll","background-type":"","background-media":"","overlay-type":"","overlay-color":"","overlay-opacity":"","overlay-gradient":""},"tablet":{"background-color":"var(--ast-global-color-5)","background-image":"","background-repeat":"repeat","background-position":"center center","background-size":"auto","background-attachment":"scroll","background-type":"","background-media":"","overlay-type":"","overlay-color":"","overlay-opacity":"","overlay-gradient":""},"mobile":{"background-color":"var(--ast-global-color-5)","background-image":"","background-repeat":"repeat","background-position":"center center","background-size":"auto","background-attachment":"scroll","background-type":"","background-media":"","overlay-type":"","overlay-color":"","overlay-opacity":"","overlay-gradient":""}},"footnotes":""},"class_list":["post-1462","page","type-page","status-publish","hentry"],"post_mailing_queue_ids":[],"_links":{"self":[{"href":"https:\/\/agora.xtec.cat\/iescanmas\/wp-json\/wp\/v2\/pages\/1462","targetHints":{"allow":["GET"]}}],"collection":[{"href":"https:\/\/agora.xtec.cat\/iescanmas\/wp-json\/wp\/v2\/pages"}],"about":[{"href":"https:\/\/agora.xtec.cat\/iescanmas\/wp-json\/wp\/v2\/types\/page"}],"author":[{"embeddable":true,"href":"https:\/\/agora.xtec.cat\/iescanmas\/wp-json\/wp\/v2\/users\/6"}],"replies":[{"embeddable":true,"href":"https:\/\/agora.xtec.cat\/iescanmas\/wp-json\/wp\/v2\/comments?post=1462"}],"version-history":[{"count":3,"href":"https:\/\/agora.xtec.cat\/iescanmas\/wp-json\/wp\/v2\/pages\/1462\/revisions"}],"predecessor-version":[{"id":1469,"href":"https:\/\/agora.xtec.cat\/iescanmas\/wp-json\/wp\/v2\/pages\/1462\/revisions\/1469"}],"up":[{"embeddable":true,"href":"https:\/\/agora.xtec.cat\/iescanmas\/wp-json\/wp\/v2\/pages\/1418"}],"wp:attachment":[{"href":"https:\/\/agora.xtec.cat\/iescanmas\/wp-json\/wp\/v2\/media?parent=1462"}],"curies":[{"name":"wp","href":"https:\/\/api.w.org\/{rel}","templated":true}]}}