{"id":1424,"date":"2021-04-09T09:56:02","date_gmt":"2021-04-09T07:56:02","guid":{"rendered":"https:\/\/agora.xtec.cat\/iescanmas\/?page_id=1424"},"modified":"2024-07-06T15:55:31","modified_gmt":"2024-07-06T13:55:31","slug":"ordinador-personal","status":"publish","type":"page","link":"https:\/\/agora.xtec.cat\/iescanmas\/families\/ordinador-personal\/","title":{"rendered":"Ordinador Personal"},"content":{"rendered":"<p><a href=\"https:\/\/agora.xtec.cat\/iescanmas\/wp-content\/uploads\/usu2226\/2021\/04\/xtec2.jpg\"><img loading=\"lazy\" decoding=\"async\" class=\"wp-image-1450 aligncenter\" src=\"https:\/\/agora.xtec.cat\/iescanmas\/wp-content\/uploads\/usu2226\/2021\/04\/xtec2.jpg\" alt=\"\" width=\"368\" height=\"258\" srcset=\"https:\/\/agora.xtec.cat\/iescanmas\/wp-content\/uploads\/usu2226\/2021\/04\/xtec2.jpg 900w, https:\/\/agora.xtec.cat\/iescanmas\/wp-content\/uploads\/usu2226\/2021\/04\/xtec2-300x210.jpg 300w, https:\/\/agora.xtec.cat\/iescanmas\/wp-content\/uploads\/usu2226\/2021\/04\/xtec2-768x538.jpg 768w\" sizes=\"auto, (max-width: 368px) 100vw, 368px\" \/><\/a><\/p>\n<p><strong>Benvolgudes fam\u00edlies.<\/strong><\/p>\n<p>Dins el Projecte Directiu del centre un dels eixos principals \u00e9s la implantaci\u00f3 de l\u2019ordinador port\u00e0til individual a l\u2019aula.<\/p>\n<p>Els objectius principals d\u2019aquesta implantaci\u00f3 s\u00f3n:<\/p>\n<p>&#8211; millorar el tractament de la diversitat a l\u2019aula.<\/p>\n<p>&#8211; afavorir el treball cooperatiu i col\u00b7laboratiu.<\/p>\n<p>&#8211; millorar la compet\u00e8ncia digital.<\/p>\n<p><!--\n<strong>Cada fam\u00edlia \u00e9s lliure d\u2019adquirir el port\u00e0til on vulgui<\/strong>, sempre que aquest compleixi les caracter\u00edstiques t\u00e8cniques m\u00ednimes. Ara b\u00e9, amb l\u2019 \u00e0nim de facilitar tot aquest proc\u00e9s, des del centre hem valorat diferents alternatives de productes i hem trobat un port\u00e0til fabricat expressament per l\u2019\u00e0mbit escolar de la marca ACER.\n\nEl centre tamb\u00e9 prioritza treballar amb el comer\u00e7 local; per tant hem contactat amb una botiga d\u2019ordinadors del poble que \u00e9s prove\u00efdor oficial de la marca i que s\u2019encarregaria de la gesti\u00f3 de compra, reparacions i altres incid\u00e8ncies que poguessin sorgir, amb el mateix objectiu de facilitar a tots (alumnat, centre, fam\u00edlies) el proc\u00e9s d\u2019implantaci\u00f3.\n\nMillenium Technology. Rambla Pinetons, 9 - Ripollet\nHorari de: dilluns a divendres de 10h a 13.30 i 17h a 19.30h\nCorreu: info@milleniumtechnology.es\nTel\u00e8fon: 935.865.404\n--><br \/>\n<!--\nA continuaci\u00f3 us facilitem les caracter\u00edstiques m\u00ednimes del port\u00e0til perqu\u00e8 us serveixin de refer\u00e8ncia en el cas de que opt\u00e9ssiu per comprar un altre de marca diferent de similars caracter\u00edstiques, o si ja disposeu d\u2019un de similars caracter\u00edstiques.\n\n<strong>CARACTER\u00cdSTIQUES M\u00cdNIMES DEL PORT\u00c0TIL<\/strong>\n\n- Processador......................Intel Celeron N4120 QuadCore\n\n- Pantalla.............................11,6\u201d HD antireflexos\n\n- RAM...................................4gb\u2019s o superior\n\n- Emmagatzematge.............128 GB SSD o superior\n\n- WebCam...........................720p HD\n\n- Wifi....................................Si\n\n- Pes....................................1,4 Kg\n\n- Bateria...............................fins a 14 hores\n\n<strong>REFERENT AL PORT\u00c0TIL RECOMANAT ACER I ALTRES INFORMACIONS I CONSULTES FORMALITZACI\u00d3 COMANDA, TERMINIS PAGAMENT I AMPLIACI\u00d3 GARANTIES<\/strong>\n\nCost amb Windows 10 Pro Educacional ...............305 \u20ac\nOpcional pack de funda + ratol\u00ed sense fils:.....................15 \u20ac (a afegir a la paga i senyal)\n\n<strong>Pagament (En dos terminis):<\/strong>\n\nPrimer termini (paga i senyal de 200 \u20ac) abans del divendres 25 de juny (incl\u00f2s).\n\nAmb el pack opcional de ratol\u00ed + funda (paga i senyal de 215 \u20ac)\n\nSegon termini (105 \u20ac), a la recollida de l\u2019aparell al setembre abans inici de classes.\n\n<strong>Formes de pagament a la botiga:<\/strong>\n\nTransfer\u00e8ncia al n\u00famero de compte i concepte indicat a sota.\nIngr\u00e9s al mateix n\u00famero de compte per caixer amb tarja o efectiu (sense comissi\u00f3).\n\n____________________________________________________\n\n<strong>DADES DE LA BOTIGA MILLENIUM TECHNOLOGY<\/strong>\n\nEntitat banc\u00e0ria: Banc de Sabadell\n\nN\u00famero de compte: ES07 0081 0003 9900 0148 7552\n\nConcepte: Ordinador. Nom i Cognoms de l\u2019alumne<strong>*<\/strong>\n\nCodi Caixer: (5046)\n\nImport: Paga i senyal (200 \u20ac sense pack)\n\nImport: Paga i senyal (215 \u20ac amb pack)\n\n____________________________________________________\n\n<strong>*MOLT IMPORTANT: POSAR NOM I COGNOM DE L\u2019ALUMNE\/A, EL CONCEPTE CORRECTAMENT I GUARDAR EL REBUT*<\/strong>\n\nAMPLIACI\u00d3 DE GARANTIES (PREUS PENDENTS DE CONFIRMACI\u00d3):\n\n- B\u00e0sica inclosa en el preu: 2 anys amb recollida sense danys accidentals\n- 59 euros: 2 anys amb recollida i danys accidentals inclosos.\n- 79 euros: 2 anys amb recollida i danys accidentals inclosos.\n- 99 euros: 3 anys amb recollida i danys accidentals inclosos.\n\n\u2022 Les ampliacions de garanties (una per equip) s\u2019escolliran al setembre, al moment de la recollida de l\u2019equip i s\u00f3n totalment opcionals.\n\u2022 Aquestes garanties es pagaran al setembre, en el mateix moment de recollir i fer la resta de pagament del port\u00e0til.\n\u2022 Ser\u00e0 necessari facilitar un correu electr\u00f2nic perqu\u00e8 ACER pugui enviar les claus per activar les ampliacions de garanties.\n\u2022 Totes les notificacions de sinistre per accident deuran ser aprovades pel service provider. En cap cas es cobriran neglig\u00e8ncies o danys voluntaris.\n\u2022 Les comunicacions per sinistre tenen una limitaci\u00f3 de 1 sinistre\/any i un cost per sinistre 0 euros (de franc). A partir del segon sinistre al mateix any (incl\u00f2s) s\u2019ha de pagar la reparaci\u00f3 sencera per part del client.\n\nADRE\u00c7A PER LA RECOLLIDA DEL PORT\u00c0TIL: (Millenium Technology. Rambla Pinetons, 9 - Ripollet)\n\n<strong>AV\u00cdS IMPORTANT:<\/strong>\n\nDonades les circumst\u00e0ncies en que es trobem derivades de la situaci\u00f3 provocada per la COVID-19, per qualsevol incid\u00e8ncia referent a aquest tema us podeu adre\u00e7ar directament al director del centre Toni Liarte, mitjan\u00e7ant l\u2019adre\u00e7a de correu: toniliarte@inscanmas.cat.\n\nI en el cas d\u2019optar pel port\u00e0til recomanat ACER, us podeu adre\u00e7ar a la botiga Millenium Technology en horari de: dilluns a divendres de 10h a 13.30 i 17h a 19.30h, o al correu: info@milleniumtechnology.es, o al tel\u00e8fon: 935.865.404--><\/p>\n","protected":false},"excerpt":{"rendered":"<p>Benvolgudes fam\u00edlies. Dins el Projecte Directiu del centre un dels eixos principals \u00e9s la implantaci\u00f3 de l\u2019ordinador port\u00e0til individual a l\u2019aula. Els objectius principals d\u2019aquesta implantaci\u00f3 s\u00f3n: &#8211; millorar el tractament de la diversitat a l\u2019aula. &#8211; afavorir el treball cooperatiu i col\u00b7laboratiu. &#8211; millorar la compet\u00e8ncia digital.<\/p>\n","protected":false},"author":3,"featured_media":0,"parent":1418,"menu_order":20,"comment_status":"closed","ping_status":"closed","template":"page-templates\/side-menu.php","meta":{"_bbp_topic_count":0,"_bbp_reply_count":0,"_bbp_total_topic_count":0,"_bbp_total_reply_count":0,"_bbp_voice_count":0,"_bbp_anonymous_reply_count":0,"_bbp_topic_count_hidden":0,"_bbp_reply_count_hidden":0,"_bbp_forum_subforum_count":0,"site-sidebar-layout":"default","site-content-layout":"","ast-site-content-layout":"","site-content-style":"default","site-sidebar-style":"default","ast-global-header-display":"","ast-banner-title-visibility":"","ast-main-header-display":"","ast-hfb-above-header-display":"","ast-hfb-below-header-display":"","ast-hfb-mobile-header-display":"","site-post-title":"","ast-breadcrumbs-content":"","ast-featured-img":"","footer-sml-layout":"","theme-transparent-header-meta":"","adv-header-id-meta":"","stick-header-meta":"","header-above-stick-meta":"","header-main-stick-meta":"","header-below-stick-meta":"","astra-migrate-meta-layouts":"default","ast-page-background-enabled":"default","ast-page-background-meta":{"desktop":{"background-color":"var(--ast-global-color-4)","background-image":"","background-repeat":"repeat","background-position":"center center","background-size":"auto","background-attachment":"scroll","background-type":"","background-media":"","overlay-type":"","overlay-color":"","overlay-opacity":"","overlay-gradient":""},"tablet":{"background-color":"","background-image":"","background-repeat":"repeat","background-position":"center center","background-size":"auto","background-attachment":"scroll","background-type":"","background-media":"","overlay-type":"","overlay-color":"","overlay-opacity":"","overlay-gradient":""},"mobile":{"background-color":"","background-image":"","background-repeat":"repeat","background-position":"center center","background-size":"auto","background-attachment":"scroll","background-type":"","background-media":"","overlay-type":"","overlay-color":"","overlay-opacity":"","overlay-gradient":""}},"ast-content-background-meta":{"desktop":{"background-color":"var(--ast-global-color-5)","background-image":"","background-repeat":"repeat","background-position":"center center","background-size":"auto","background-attachment":"scroll","background-type":"","background-media":"","overlay-type":"","overlay-color":"","overlay-opacity":"","overlay-gradient":""},"tablet":{"background-color":"var(--ast-global-color-5)","background-image":"","background-repeat":"repeat","background-position":"center center","background-size":"auto","background-attachment":"scroll","background-type":"","background-media":"","overlay-type":"","overlay-color":"","overlay-opacity":"","overlay-gradient":""},"mobile":{"background-color":"var(--ast-global-color-5)","background-image":"","background-repeat":"repeat","background-position":"center center","background-size":"auto","background-attachment":"scroll","background-type":"","background-media":"","overlay-type":"","overlay-color":"","overlay-opacity":"","overlay-gradient":""}},"footnotes":""},"class_list":["post-1424","page","type-page","status-publish","hentry"],"post_mailing_queue_ids":[],"_links":{"self":[{"href":"https:\/\/agora.xtec.cat\/iescanmas\/wp-json\/wp\/v2\/pages\/1424","targetHints":{"allow":["GET"]}}],"collection":[{"href":"https:\/\/agora.xtec.cat\/iescanmas\/wp-json\/wp\/v2\/pages"}],"about":[{"href":"https:\/\/agora.xtec.cat\/iescanmas\/wp-json\/wp\/v2\/types\/page"}],"author":[{"embeddable":true,"href":"https:\/\/agora.xtec.cat\/iescanmas\/wp-json\/wp\/v2\/users\/3"}],"replies":[{"embeddable":true,"href":"https:\/\/agora.xtec.cat\/iescanmas\/wp-json\/wp\/v2\/comments?post=1424"}],"version-history":[{"count":5,"href":"https:\/\/agora.xtec.cat\/iescanmas\/wp-json\/wp\/v2\/pages\/1424\/revisions"}],"predecessor-version":[{"id":3445,"href":"https:\/\/agora.xtec.cat\/iescanmas\/wp-json\/wp\/v2\/pages\/1424\/revisions\/3445"}],"up":[{"embeddable":true,"href":"https:\/\/agora.xtec.cat\/iescanmas\/wp-json\/wp\/v2\/pages\/1418"}],"wp:attachment":[{"href":"https:\/\/agora.xtec.cat\/iescanmas\/wp-json\/wp\/v2\/media?parent=1424"}],"curies":[{"name":"wp","href":"https:\/\/api.w.org\/{rel}","templated":true}]}}