{"id":1149,"date":"2021-02-19T11:47:42","date_gmt":"2021-02-19T10:47:42","guid":{"rendered":"https:\/\/agora.xtec.cat\/iescanmas\/?page_id=1149"},"modified":"2021-02-19T14:16:51","modified_gmt":"2021-02-19T13:16:51","slug":"contractacions","status":"publish","type":"page","link":"https:\/\/agora.xtec.cat\/iescanmas\/contractacions\/","title":{"rendered":"Contractacions"},"content":{"rendered":"<p><a href=\"https:\/\/agora.xtec.cat\/iescanmas\/wp-content\/uploads\/usu2226\/2021\/02\/Contractaci\u00f3.jpg\"><img loading=\"lazy\" decoding=\"async\" class=\"wp-image-1150 alignleft\" src=\"https:\/\/agora.xtec.cat\/iescanmas\/wp-content\/uploads\/usu2226\/2021\/02\/Contractaci\u00f3.jpg\" alt=\"\" width=\"351\" height=\"228\" srcset=\"https:\/\/agora.xtec.cat\/iescanmas\/wp-content\/uploads\/usu2226\/2021\/02\/Contractaci\u00f3.jpg 480w, https:\/\/agora.xtec.cat\/iescanmas\/wp-content\/uploads\/usu2226\/2021\/02\/Contractaci\u00f3-300x195.jpg 300w\" sizes=\"auto, (max-width: 351px) 100vw, 351px\" \/><\/a><\/p>\n<p>Els centres educatius tenen compet\u00e8ncia per adquirir i contractar b\u00e9ns i serveis, d&#8217;acord amb l&#8217;<a href=\"http:\/\/portaljuridic.gencat.cat\/ca\/pjur_ocults\/pjur_resultats_fitxa\/?action=fitxa&amp;mode=single&amp;documentId=480169&amp;language=ca_ES#fragment-1182440\">art. 99<\/a> b de la Llei 12\/2009, del 10 de juliol, d&#8217;educaci\u00f3, que regula l\u2019autonomia de gesti\u00f3 econ\u00f2mica dels centres i l\u2019article 51 del <a title=\"Obre finestra nova\" href=\"http:\/\/portaljuridic.gencat.cat\/ca\/pjur_ocults\/pjur_resultats_fitxa\/?action=fitxa&amp;mode=single&amp;documentId=545262&amp;language=ca_ES\" target=\"_blank\" rel=\"noopener noreferrer\">Decret 102\/2010<\/a>, de 3 d\u2019agost, d\u2019autonomia de centres educatius.<\/p>\n<p>El director o directora del centre actua com a \u00f2rgan de contractaci\u00f3 i t\u00e9 la compet\u00e8ncia per fer les contractacions necess\u00e0ries de manteniment, i serveis i subministraments, d&#8217;acord amb el pressupost del centre i respectant els principis reguladors de la contractaci\u00f3 p\u00fablica: legalitat, efic\u00e0cia i efici\u00e8ncia, publicitat i transpar\u00e8ncia, llibertat d&#8217;acc\u00e9s a les licitacions i concurr\u00e8ncia, igualtat i no-discriminaci\u00f3, lliure compet\u00e8ncia i selecci\u00f3 de la millor oferta.<\/p>\n<p>El lloc on es publiquen tots els anuncis de licitacions i on es publica tot el procediment de cada licitaci\u00f3 \u00e9s la <a href=\"https:\/\/contractaciopublica.gencat.cat\/ecofin_pscp\/AppJava\/search.pscp?reqCode=start&amp;set-locale=ca_ES\">Plataforma de Contractaci\u00f3<\/a><\/p>\n<p>&nbsp;<\/p>\n","protected":false},"excerpt":{"rendered":"<p>Els centres educatius tenen compet\u00e8ncia per adquirir i contractar b\u00e9ns i serveis, d&#8217;acord amb l&#8217;art. 99 b de la Llei 12\/2009, del 10 de juliol, d&#8217;educaci\u00f3, que regula l\u2019autonomia de gesti\u00f3 econ\u00f2mica dels centres i l\u2019article 51 del Decret 102\/2010, de 3 d\u2019agost, d\u2019autonomia de centres educatius. El director o directora del centre actua com [&hellip;]<\/p>\n","protected":false},"author":6,"featured_media":0,"parent":0,"menu_order":0,"comment_status":"closed","ping_status":"closed","template":"","meta":{"_bbp_topic_count":0,"_bbp_reply_count":0,"_bbp_total_topic_count":0,"_bbp_total_reply_count":0,"_bbp_voice_count":0,"_bbp_anonymous_reply_count":0,"_bbp_topic_count_hidden":0,"_bbp_reply_count_hidden":0,"_bbp_forum_subforum_count":0,"site-sidebar-layout":"default","site-content-layout":"","ast-site-content-layout":"","site-content-style":"default","site-sidebar-style":"default","ast-global-header-display":"","ast-banner-title-visibility":"","ast-main-header-display":"","ast-hfb-above-header-display":"","ast-hfb-below-header-display":"","ast-hfb-mobile-header-display":"","site-post-title":"","ast-breadcrumbs-content":"","ast-featured-img":"","footer-sml-layout":"","theme-transparent-header-meta":"","adv-header-id-meta":"","stick-header-meta":"","header-above-stick-meta":"","header-main-stick-meta":"","header-below-stick-meta":"","astra-migrate-meta-layouts":"default","ast-page-background-enabled":"default","ast-page-background-meta":{"desktop":{"background-color":"var(--ast-global-color-4)","background-image":"","background-repeat":"repeat","background-position":"center center","background-size":"auto","background-attachment":"scroll","background-type":"","background-media":"","overlay-type":"","overlay-color":"","overlay-opacity":"","overlay-gradient":""},"tablet":{"background-color":"","background-image":"","background-repeat":"repeat","background-position":"center center","background-size":"auto","background-attachment":"scroll","background-type":"","background-media":"","overlay-type":"","overlay-color":"","overlay-opacity":"","overlay-gradient":""},"mobile":{"background-color":"","background-image":"","background-repeat":"repeat","background-position":"center center","background-size":"auto","background-attachment":"scroll","background-type":"","background-media":"","overlay-type":"","overlay-color":"","overlay-opacity":"","overlay-gradient":""}},"ast-content-background-meta":{"desktop":{"background-color":"var(--ast-global-color-5)","background-image":"","background-repeat":"repeat","background-position":"center center","background-size":"auto","background-attachment":"scroll","background-type":"","background-media":"","overlay-type":"","overlay-color":"","overlay-opacity":"","overlay-gradient":""},"tablet":{"background-color":"var(--ast-global-color-5)","background-image":"","background-repeat":"repeat","background-position":"center center","background-size":"auto","background-attachment":"scroll","background-type":"","background-media":"","overlay-type":"","overlay-color":"","overlay-opacity":"","overlay-gradient":""},"mobile":{"background-color":"var(--ast-global-color-5)","background-image":"","background-repeat":"repeat","background-position":"center center","background-size":"auto","background-attachment":"scroll","background-type":"","background-media":"","overlay-type":"","overlay-color":"","overlay-opacity":"","overlay-gradient":""}},"footnotes":""},"class_list":["post-1149","page","type-page","status-publish","hentry"],"post_mailing_queue_ids":[],"_links":{"self":[{"href":"https:\/\/agora.xtec.cat\/iescanmas\/wp-json\/wp\/v2\/pages\/1149","targetHints":{"allow":["GET"]}}],"collection":[{"href":"https:\/\/agora.xtec.cat\/iescanmas\/wp-json\/wp\/v2\/pages"}],"about":[{"href":"https:\/\/agora.xtec.cat\/iescanmas\/wp-json\/wp\/v2\/types\/page"}],"author":[{"embeddable":true,"href":"https:\/\/agora.xtec.cat\/iescanmas\/wp-json\/wp\/v2\/users\/6"}],"replies":[{"embeddable":true,"href":"https:\/\/agora.xtec.cat\/iescanmas\/wp-json\/wp\/v2\/comments?post=1149"}],"version-history":[{"count":3,"href":"https:\/\/agora.xtec.cat\/iescanmas\/wp-json\/wp\/v2\/pages\/1149\/revisions"}],"predecessor-version":[{"id":1153,"href":"https:\/\/agora.xtec.cat\/iescanmas\/wp-json\/wp\/v2\/pages\/1149\/revisions\/1153"}],"wp:attachment":[{"href":"https:\/\/agora.xtec.cat\/iescanmas\/wp-json\/wp\/v2\/media?parent=1149"}],"curies":[{"name":"wp","href":"https:\/\/api.w.org\/{rel}","templated":true}]}}