{"id":1126,"date":"2021-02-19T10:50:22","date_gmt":"2021-02-19T09:50:22","guid":{"rendered":"https:\/\/agora.xtec.cat\/iescanmas\/?page_id=1126"},"modified":"2021-02-19T10:50:22","modified_gmt":"2021-02-19T09:50:22","slug":"acacia","status":"publish","type":"page","link":"https:\/\/agora.xtec.cat\/iescanmas\/serveis-digitals\/acacia\/","title":{"rendered":"Ac\u00e0cia"},"content":{"rendered":"<p><a href=\"https:\/\/agora.xtec.cat\/iescanmas\/wp-content\/uploads\/usu2226\/2021\/02\/acacialogoi.png\"><img loading=\"lazy\" decoding=\"async\" class=\"wp-image-1127 alignleft\" src=\"https:\/\/agora.xtec.cat\/iescanmas\/wp-content\/uploads\/usu2226\/2021\/02\/acacialogoi.png\" alt=\"\" width=\"382\" height=\"194\" srcset=\"https:\/\/agora.xtec.cat\/iescanmas\/wp-content\/uploads\/usu2226\/2021\/02\/acacialogoi.png 480w, https:\/\/agora.xtec.cat\/iescanmas\/wp-content\/uploads\/usu2226\/2021\/02\/acacialogoi-300x153.png 300w\" sizes=\"auto, (max-width: 382px) 100vw, 382px\" \/><\/a><\/p>\n<p>L&#8217;Aplicatiu de Control Acad\u00e8mic, Comunicaci\u00f3 I Administraci\u00f3 (AC\u00c0CIA), es troba gestionat per tota la comunitat educativa de l&#8217;Institut Can Mas.<\/p>\n<p>Els pares teniu acc\u00e9s a veure l&#8217;horari, les incid\u00e8ncies di\u00e0ries, aix\u00ed com les notes de les preavaluacions i les recuperacions i en breu disposareu d&#8217;informaci\u00f3 sobre els deures. Tamb\u00e9 disposeu d&#8217;una plataforma de comunicaci\u00f3 directe amb els seus tutors. Per a m\u00e9s informaci\u00f3 accediu a l&#8217;ajuda de la plataforma.<\/p>\n<p>Els alumnes tamb\u00e9 teniu acc\u00e9s a la mateixa informaci\u00f3 que els vostres pares, per\u00f2 no teniu acc\u00e9s a la plataforma de comunicaci\u00f3.<\/p>\n<p>El tutor\/a del vostre fill\/a, us far\u00e0 entrega a la reuni\u00f3 de pares, d&#8217;un full amb els usuaris i contrassenyes per accedir a l&#8217;aplicaci\u00f3.<\/p>\n<ul>\n<li>Per accedir a l&#8217;aplicatiu de gesti\u00f3 acad\u00e8mica\u00a0<a href=\"https:\/\/www.gerardapps.cat\/inscanmas\" target=\"_blank\" rel=\"noopener noreferrer\">clic aqu\u00ed.<\/a><\/li>\n<\/ul>\n<p>&nbsp;<\/p>\n","protected":false},"excerpt":{"rendered":"<p>L&#8217;Aplicatiu de Control Acad\u00e8mic, Comunicaci\u00f3 I Administraci\u00f3 (AC\u00c0CIA), es troba gestionat per tota la comunitat educativa de l&#8217;Institut Can Mas. Els pares teniu acc\u00e9s a veure l&#8217;horari, les incid\u00e8ncies di\u00e0ries, aix\u00ed com les notes de les preavaluacions i les recuperacions i en breu disposareu d&#8217;informaci\u00f3 sobre els deures. Tamb\u00e9 disposeu d&#8217;una plataforma de comunicaci\u00f3 directe [&hellip;]<\/p>\n","protected":false},"author":6,"featured_media":0,"parent":65,"menu_order":30,"comment_status":"closed","ping_status":"closed","template":"page-templates\/side-menu.php","meta":{"_bbp_topic_count":0,"_bbp_reply_count":0,"_bbp_total_topic_count":0,"_bbp_total_reply_count":0,"_bbp_voice_count":0,"_bbp_anonymous_reply_count":0,"_bbp_topic_count_hidden":0,"_bbp_reply_count_hidden":0,"_bbp_forum_subforum_count":0,"site-sidebar-layout":"default","site-content-layout":"","ast-site-content-layout":"","site-content-style":"default","site-sidebar-style":"default","ast-global-header-display":"","ast-banner-title-visibility":"","ast-main-header-display":"","ast-hfb-above-header-display":"","ast-hfb-below-header-display":"","ast-hfb-mobile-header-display":"","site-post-title":"","ast-breadcrumbs-content":"","ast-featured-img":"","footer-sml-layout":"","theme-transparent-header-meta":"","adv-header-id-meta":"","stick-header-meta":"","header-above-stick-meta":"","header-main-stick-meta":"","header-below-stick-meta":"","astra-migrate-meta-layouts":"default","ast-page-background-enabled":"default","ast-page-background-meta":{"desktop":{"background-color":"var(--ast-global-color-4)","background-image":"","background-repeat":"repeat","background-position":"center center","background-size":"auto","background-attachment":"scroll","background-type":"","background-media":"","overlay-type":"","overlay-color":"","overlay-opacity":"","overlay-gradient":""},"tablet":{"background-color":"","background-image":"","background-repeat":"repeat","background-position":"center center","background-size":"auto","background-attachment":"scroll","background-type":"","background-media":"","overlay-type":"","overlay-color":"","overlay-opacity":"","overlay-gradient":""},"mobile":{"background-color":"","background-image":"","background-repeat":"repeat","background-position":"center center","background-size":"auto","background-attachment":"scroll","background-type":"","background-media":"","overlay-type":"","overlay-color":"","overlay-opacity":"","overlay-gradient":""}},"ast-content-background-meta":{"desktop":{"background-color":"var(--ast-global-color-5)","background-image":"","background-repeat":"repeat","background-position":"center center","background-size":"auto","background-attachment":"scroll","background-type":"","background-media":"","overlay-type":"","overlay-color":"","overlay-opacity":"","overlay-gradient":""},"tablet":{"background-color":"var(--ast-global-color-5)","background-image":"","background-repeat":"repeat","background-position":"center center","background-size":"auto","background-attachment":"scroll","background-type":"","background-media":"","overlay-type":"","overlay-color":"","overlay-opacity":"","overlay-gradient":""},"mobile":{"background-color":"var(--ast-global-color-5)","background-image":"","background-repeat":"repeat","background-position":"center center","background-size":"auto","background-attachment":"scroll","background-type":"","background-media":"","overlay-type":"","overlay-color":"","overlay-opacity":"","overlay-gradient":""}},"footnotes":""},"class_list":["post-1126","page","type-page","status-publish","hentry"],"post_mailing_queue_ids":[],"_links":{"self":[{"href":"https:\/\/agora.xtec.cat\/iescanmas\/wp-json\/wp\/v2\/pages\/1126","targetHints":{"allow":["GET"]}}],"collection":[{"href":"https:\/\/agora.xtec.cat\/iescanmas\/wp-json\/wp\/v2\/pages"}],"about":[{"href":"https:\/\/agora.xtec.cat\/iescanmas\/wp-json\/wp\/v2\/types\/page"}],"author":[{"embeddable":true,"href":"https:\/\/agora.xtec.cat\/iescanmas\/wp-json\/wp\/v2\/users\/6"}],"replies":[{"embeddable":true,"href":"https:\/\/agora.xtec.cat\/iescanmas\/wp-json\/wp\/v2\/comments?post=1126"}],"version-history":[{"count":1,"href":"https:\/\/agora.xtec.cat\/iescanmas\/wp-json\/wp\/v2\/pages\/1126\/revisions"}],"predecessor-version":[{"id":1128,"href":"https:\/\/agora.xtec.cat\/iescanmas\/wp-json\/wp\/v2\/pages\/1126\/revisions\/1128"}],"up":[{"embeddable":true,"href":"https:\/\/agora.xtec.cat\/iescanmas\/wp-json\/wp\/v2\/pages\/65"}],"wp:attachment":[{"href":"https:\/\/agora.xtec.cat\/iescanmas\/wp-json\/wp\/v2\/media?parent=1126"}],"curies":[{"name":"wp","href":"https:\/\/api.w.org\/{rel}","templated":true}]}}