{"id":1117,"date":"2021-02-19T10:45:20","date_gmt":"2021-02-19T09:45:20","guid":{"rendered":"https:\/\/agora.xtec.cat\/iescanmas\/?page_id=1117"},"modified":"2021-02-19T10:45:23","modified_gmt":"2021-02-19T09:45:23","slug":"correu-electronic","status":"publish","type":"page","link":"https:\/\/agora.xtec.cat\/iescanmas\/serveis-digitals\/correu-electronic\/","title":{"rendered":"Correu electr\u00f2nic"},"content":{"rendered":"<p><a href=\"https:\/\/agora.xtec.cat\/iescanmas\/wp-content\/uploads\/usu2226\/2021\/02\/gmail.png\"><img loading=\"lazy\" decoding=\"async\" class=\"wp-image-1118 alignleft\" src=\"https:\/\/agora.xtec.cat\/iescanmas\/wp-content\/uploads\/usu2226\/2021\/02\/gmail.png\" alt=\"\" width=\"318\" height=\"317\" srcset=\"https:\/\/agora.xtec.cat\/iescanmas\/wp-content\/uploads\/usu2226\/2021\/02\/gmail.png 480w, https:\/\/agora.xtec.cat\/iescanmas\/wp-content\/uploads\/usu2226\/2021\/02\/gmail-150x150.png 150w, https:\/\/agora.xtec.cat\/iescanmas\/wp-content\/uploads\/usu2226\/2021\/02\/gmail-300x300.png 300w\" sizes=\"auto, (max-width: 318px) 100vw, 318px\" \/><\/a><\/p>\n<p>&nbsp;<\/p>\n<p>Tot l&#8217;alumnat i professorat del centre, t\u00e9 a la seva disposici\u00f3 el correu corporatiu @inscanmas. Si encara no el tens, demana-ho al coordinador TIC del centre.<\/p>\n<p>Enlla\u00e7 al correu\u00a0<a class=\"disabled\" href=\"https:\/\/www.google.com\/a\/inscanmas.cat\/ServiceLogin?service=mail&amp;passive=true&amp;rm=false&amp;continue=http%3A%2F%2Fmail.google.com%2Fa%2Finscanmas.cat%2F&amp;bsv=llya694le36z&amp;ltmpl=default&amp;ltmplcache=2&amp;from=login\" target=\"_blank\" rel=\"noopener noreferrer\">@inscanmas.cat<\/a>\u00a0de la comunitat educativa de l&#8217;Institut Can Mas<\/p>\n<p>&nbsp;<\/p>\n","protected":false},"excerpt":{"rendered":"<p>&nbsp; Tot l&#8217;alumnat i professorat del centre, t\u00e9 a la seva disposici\u00f3 el correu corporatiu @inscanmas. Si encara no el tens, demana-ho al coordinador TIC del centre. Enlla\u00e7 al correu\u00a0@inscanmas.cat\u00a0de la comunitat educativa de l&#8217;Institut Can Mas &nbsp;<\/p>\n","protected":false},"author":6,"featured_media":0,"parent":65,"menu_order":10,"comment_status":"closed","ping_status":"closed","template":"page-templates\/side-menu.php","meta":{"_bbp_topic_count":0,"_bbp_reply_count":0,"_bbp_total_topic_count":0,"_bbp_total_reply_count":0,"_bbp_voice_count":0,"_bbp_anonymous_reply_count":0,"_bbp_topic_count_hidden":0,"_bbp_reply_count_hidden":0,"_bbp_forum_subforum_count":0,"site-sidebar-layout":"default","site-content-layout":"","ast-site-content-layout":"","site-content-style":"default","site-sidebar-style":"default","ast-global-header-display":"","ast-banner-title-visibility":"","ast-main-header-display":"","ast-hfb-above-header-display":"","ast-hfb-below-header-display":"","ast-hfb-mobile-header-display":"","site-post-title":"","ast-breadcrumbs-content":"","ast-featured-img":"","footer-sml-layout":"","theme-transparent-header-meta":"","adv-header-id-meta":"","stick-header-meta":"","header-above-stick-meta":"","header-main-stick-meta":"","header-below-stick-meta":"","astra-migrate-meta-layouts":"default","ast-page-background-enabled":"default","ast-page-background-meta":{"desktop":{"background-color":"var(--ast-global-color-4)","background-image":"","background-repeat":"repeat","background-position":"center center","background-size":"auto","background-attachment":"scroll","background-type":"","background-media":"","overlay-type":"","overlay-color":"","overlay-opacity":"","overlay-gradient":""},"tablet":{"background-color":"","background-image":"","background-repeat":"repeat","background-position":"center center","background-size":"auto","background-attachment":"scroll","background-type":"","background-media":"","overlay-type":"","overlay-color":"","overlay-opacity":"","overlay-gradient":""},"mobile":{"background-color":"","background-image":"","background-repeat":"repeat","background-position":"center center","background-size":"auto","background-attachment":"scroll","background-type":"","background-media":"","overlay-type":"","overlay-color":"","overlay-opacity":"","overlay-gradient":""}},"ast-content-background-meta":{"desktop":{"background-color":"var(--ast-global-color-5)","background-image":"","background-repeat":"repeat","background-position":"center center","background-size":"auto","background-attachment":"scroll","background-type":"","background-media":"","overlay-type":"","overlay-color":"","overlay-opacity":"","overlay-gradient":""},"tablet":{"background-color":"var(--ast-global-color-5)","background-image":"","background-repeat":"repeat","background-position":"center center","background-size":"auto","background-attachment":"scroll","background-type":"","background-media":"","overlay-type":"","overlay-color":"","overlay-opacity":"","overlay-gradient":""},"mobile":{"background-color":"var(--ast-global-color-5)","background-image":"","background-repeat":"repeat","background-position":"center center","background-size":"auto","background-attachment":"scroll","background-type":"","background-media":"","overlay-type":"","overlay-color":"","overlay-opacity":"","overlay-gradient":""}},"footnotes":""},"class_list":["post-1117","page","type-page","status-publish","hentry"],"post_mailing_queue_ids":[],"_links":{"self":[{"href":"https:\/\/agora.xtec.cat\/iescanmas\/wp-json\/wp\/v2\/pages\/1117","targetHints":{"allow":["GET"]}}],"collection":[{"href":"https:\/\/agora.xtec.cat\/iescanmas\/wp-json\/wp\/v2\/pages"}],"about":[{"href":"https:\/\/agora.xtec.cat\/iescanmas\/wp-json\/wp\/v2\/types\/page"}],"author":[{"embeddable":true,"href":"https:\/\/agora.xtec.cat\/iescanmas\/wp-json\/wp\/v2\/users\/6"}],"replies":[{"embeddable":true,"href":"https:\/\/agora.xtec.cat\/iescanmas\/wp-json\/wp\/v2\/comments?post=1117"}],"version-history":[{"count":3,"href":"https:\/\/agora.xtec.cat\/iescanmas\/wp-json\/wp\/v2\/pages\/1117\/revisions"}],"predecessor-version":[{"id":1121,"href":"https:\/\/agora.xtec.cat\/iescanmas\/wp-json\/wp\/v2\/pages\/1117\/revisions\/1121"}],"up":[{"embeddable":true,"href":"https:\/\/agora.xtec.cat\/iescanmas\/wp-json\/wp\/v2\/pages\/65"}],"wp:attachment":[{"href":"https:\/\/agora.xtec.cat\/iescanmas\/wp-json\/wp\/v2\/media?parent=1117"}],"curies":[{"name":"wp","href":"https:\/\/api.w.org\/{rel}","templated":true}]}}