{"id":672,"date":"2020-11-28T20:12:44","date_gmt":"2020-11-28T19:12:44","guid":{"rendered":"https:\/\/agora.xtec.cat\/iescanmargarit\/?page_id=672"},"modified":"2020-11-29T18:29:39","modified_gmt":"2020-11-29T17:29:39","slug":"gust-per-la-lectura","status":"publish","type":"page","link":"https:\/\/agora.xtec.cat\/iescanmargarit\/projectes-de-centre\/gust-per-la-lectura\/","title":{"rendered":"Gust per la lectura"},"content":{"rendered":"<div>\n<p><a href=\"https:\/\/agora.xtec.cat\/iescanmargarit\/wp-content\/uploads\/usu2416\/2020\/11\/gust-lectura.jpg\"><img loading=\"lazy\" decoding=\"async\" class=\"alignnone size-full wp-image-704\" src=\"https:\/\/agora.xtec.cat\/iescanmargarit\/wp-content\/uploads\/usu2416\/2020\/11\/gust-lectura.jpg\" alt=\"\" width=\"167\" height=\"199\" \/><\/a><\/p>\n<p style=\"text-align: justify;\"><span lang=\"ES\">El\u00a0<b>PLEC<\/b> (Pla de Lectura del Centre), que nosaltres hem anomenat \u201cEl gust per la lectura\u201d, \u00e9s un conjunt d\u2019objectius, metodologies i estrat\u00e8gies per promoure:<\/span><\/p>\n<ul style=\"list-style-type: circle; text-align: justify;\">\n<li><span style=\"font-family: inherit; font-size: 1em;\">L\u2019aprenentatge de la lectura.<\/span><\/li>\n<li>L\u2019aprenentatge a trav\u00e9s de la lectura.<\/li>\n<li>El gust per llegir.<\/li>\n<\/ul>\n<\/div>\n<div>\n<p style=\"text-align: justify;\"><span lang=\"ES\">El PLEC \u00e9s un comprom\u00eds adquirit i assumit per tots els membres de la comunitat escolar (alumnes, professorat, pares i mares), per tal de fomentar l\u2019h\u00e0bit lector.<\/span><\/p>\n<p style=\"text-align: justify;\">Un dia cada semana i de manera rotat\u00f2ria es dedica una hora lectiva a llegar un llibre que han de portar els alumnes al centre. D\u2019aquesta manera durant una hora setmanal el centre es converteix en un espai lector on alumnes i professors gaudim de la lectura.<\/p>\n<\/div>\n","protected":false},"excerpt":{"rendered":"<p>El\u00a0PLEC (Pla de Lectura del Centre), que nosaltres hem anomenat \u201cEl gust per la lectura\u201d, \u00e9s un conjunt d\u2019objectius, metodologies i estrat\u00e8gies per promoure: L\u2019aprenentatge de la lectura. L\u2019aprenentatge a trav\u00e9s de la lectura. El gust per llegir. El PLEC \u00e9s un comprom\u00eds adquirit i assumit per tots els membres de la comunitat escolar (alumnes, [&hellip;]<\/p>\n","protected":false},"author":4,"featured_media":0,"parent":663,"menu_order":40,"comment_status":"closed","ping_status":"closed","template":"page-templates\/side-menu.php","meta":{"_bbp_topic_count":0,"_bbp_reply_count":0,"_bbp_total_topic_count":0,"_bbp_total_reply_count":0,"_bbp_voice_count":0,"_bbp_anonymous_reply_count":0,"_bbp_topic_count_hidden":0,"_bbp_reply_count_hidden":0,"_bbp_forum_subforum_count":0,"site-sidebar-layout":"default","site-content-layout":"","ast-site-content-layout":"","site-content-style":"default","site-sidebar-style":"default","ast-global-header-display":"","ast-banner-title-visibility":"","ast-main-header-display":"","ast-hfb-above-header-display":"","ast-hfb-below-header-display":"","ast-hfb-mobile-header-display":"","site-post-title":"","ast-breadcrumbs-content":"","ast-featured-img":"","footer-sml-layout":"","theme-transparent-header-meta":"","adv-header-id-meta":"","stick-header-meta":"","header-above-stick-meta":"","header-main-stick-meta":"","header-below-stick-meta":"","astra-migrate-meta-layouts":"default","ast-page-background-enabled":"default","ast-page-background-meta":{"desktop":{"background-color":"var(--ast-global-color-4)","background-image":"","background-repeat":"repeat","background-position":"center center","background-size":"auto","background-attachment":"scroll","background-type":"","background-media":"","overlay-type":"","overlay-color":"","overlay-opacity":"","overlay-gradient":""},"tablet":{"background-color":"","background-image":"","background-repeat":"repeat","background-position":"center center","background-size":"auto","background-attachment":"scroll","background-type":"","background-media":"","overlay-type":"","overlay-color":"","overlay-opacity":"","overlay-gradient":""},"mobile":{"background-color":"","background-image":"","background-repeat":"repeat","background-position":"center center","background-size":"auto","background-attachment":"scroll","background-type":"","background-media":"","overlay-type":"","overlay-color":"","overlay-opacity":"","overlay-gradient":""}},"ast-content-background-meta":{"desktop":{"background-color":"var(--ast-global-color-5)","background-image":"","background-repeat":"repeat","background-position":"center center","background-size":"auto","background-attachment":"scroll","background-type":"","background-media":"","overlay-type":"","overlay-color":"","overlay-opacity":"","overlay-gradient":""},"tablet":{"background-color":"var(--ast-global-color-5)","background-image":"","background-repeat":"repeat","background-position":"center center","background-size":"auto","background-attachment":"scroll","background-type":"","background-media":"","overlay-type":"","overlay-color":"","overlay-opacity":"","overlay-gradient":""},"mobile":{"background-color":"var(--ast-global-color-5)","background-image":"","background-repeat":"repeat","background-position":"center center","background-size":"auto","background-attachment":"scroll","background-type":"","background-media":"","overlay-type":"","overlay-color":"","overlay-opacity":"","overlay-gradient":""}},"footnotes":""},"class_list":["post-672","page","type-page","status-publish","hentry"],"post_mailing_queue_ids":[],"_links":{"self":[{"href":"https:\/\/agora.xtec.cat\/iescanmargarit\/wp-json\/wp\/v2\/pages\/672","targetHints":{"allow":["GET"]}}],"collection":[{"href":"https:\/\/agora.xtec.cat\/iescanmargarit\/wp-json\/wp\/v2\/pages"}],"about":[{"href":"https:\/\/agora.xtec.cat\/iescanmargarit\/wp-json\/wp\/v2\/types\/page"}],"author":[{"embeddable":true,"href":"https:\/\/agora.xtec.cat\/iescanmargarit\/wp-json\/wp\/v2\/users\/4"}],"replies":[{"embeddable":true,"href":"https:\/\/agora.xtec.cat\/iescanmargarit\/wp-json\/wp\/v2\/comments?post=672"}],"version-history":[{"count":3,"href":"https:\/\/agora.xtec.cat\/iescanmargarit\/wp-json\/wp\/v2\/pages\/672\/revisions"}],"predecessor-version":[{"id":740,"href":"https:\/\/agora.xtec.cat\/iescanmargarit\/wp-json\/wp\/v2\/pages\/672\/revisions\/740"}],"up":[{"embeddable":true,"href":"https:\/\/agora.xtec.cat\/iescanmargarit\/wp-json\/wp\/v2\/pages\/663"}],"wp:attachment":[{"href":"https:\/\/agora.xtec.cat\/iescanmargarit\/wp-json\/wp\/v2\/media?parent=672"}],"curies":[{"name":"wp","href":"https:\/\/api.w.org\/{rel}","templated":true}]}}