{"id":668,"date":"2020-11-28T20:11:41","date_gmt":"2020-11-28T19:11:41","guid":{"rendered":"https:\/\/agora.xtec.cat\/iescanmargarit\/?page_id=668"},"modified":"2020-11-29T11:12:33","modified_gmt":"2020-11-29T10:12:33","slug":"drama-rocks","status":"publish","type":"page","link":"https:\/\/agora.xtec.cat\/iescanmargarit\/projectes-de-centre\/drama-rocks\/","title":{"rendered":"Drama Rocks!"},"content":{"rendered":"<p><a href=\"https:\/\/agora.xtec.cat\/iescanmargarit\/wp-content\/uploads\/usu2416\/2020\/11\/dramarocks-bloc-3.jpg\"><img loading=\"lazy\" decoding=\"async\" class=\"wp-image-702 aligncenter\" src=\"https:\/\/agora.xtec.cat\/iescanmargarit\/wp-content\/uploads\/usu2416\/2020\/11\/dramarocks-bloc-3-1024x663.jpg\" alt=\"\" width=\"292\" height=\"189\" srcset=\"https:\/\/agora.xtec.cat\/iescanmargarit\/wp-content\/uploads\/usu2416\/2020\/11\/dramarocks-bloc-3-1024x663.jpg 1024w, https:\/\/agora.xtec.cat\/iescanmargarit\/wp-content\/uploads\/usu2416\/2020\/11\/dramarocks-bloc-3-300x194.jpg 300w, https:\/\/agora.xtec.cat\/iescanmargarit\/wp-content\/uploads\/usu2416\/2020\/11\/dramarocks-bloc-3-768x497.jpg 768w, https:\/\/agora.xtec.cat\/iescanmargarit\/wp-content\/uploads\/usu2416\/2020\/11\/dramarocks-bloc-3.jpg 1209w\" sizes=\"auto, (max-width: 292px) 100vw, 292px\" \/><\/a><\/p>\n<p>Com molts de vosaltres ja sabreu, el teatre en angl\u00e8s al centre es va establir ara fa uns anys. De fet, tot va sorgir per casualitat, quan els alumnes d\u2019una mat\u00e8ria optativa van representar una petita obra en angl\u00e8s, \u201cWatching TV\u201d, el dia de St. Jordi. El resultat va ser tant bo, que des d\u2019aleshores ja no hem parat!<\/p>\n<p>Va ser llavors quan les professores del Departament d\u2019angl\u00e8s vam apostar per introduir el teatre a les nostres classes, al nostre dia a dia, com una forma molt atractiva pels alumnes d\u2019aprendre la llengua. Es tracta de donar als alumnes l\u2019oportunitat d\u2019utilitzar la llengua anglesa en un context \u201creal\u201d. Aix\u00f2 vol dir que recreem situacions a classe, tant inventades pels alumnes, com sketchos extrets de llibres i, fins i tot, representacions -adaptacions de textos teatrals- una mica m\u00e9s llargues.<\/p>\n<p>El teatre en angl\u00e8s \u00e9s un projecte molt interessant, ja que no nom\u00e9s donem l\u2019oportunitat als alumnes de practicar la pronunciaci\u00f3, la memoritzaci\u00f3 i l\u2019aprenentatge de nou vocabulari en un context \u201creal\u201d, sin\u00f3 que treballem l\u2019expressi\u00f3, un dels punts forts pels quals aposta el nostre institut dins del seu programa educatiu.<\/p>\n<p>Aqu\u00ed teniu l&#8217;enlla\u00e7 al bloc\u00a0amb el que anem fent durant el curs. Us convidem a qu\u00e8 el visiteu. Esperem que us agradi i recordeu que el \u201cDrama rocks!!!\u201d<\/p>\n<p><a href=\"http:\/\/dramarocksinscanmargarit.blogspot.com.es\/\">http:\/\/dramarocksinscanmargarit.blogspot.com.es\/<\/a><\/p>\n<div class=\"ast-oembed-container \" style=\"height: 100%;\"><iframe loading=\"lazy\" title=\"MACBETH by William Shakespeare Ins Can Margarit 4tESO A 2016\" width=\"500\" height=\"281\" src=\"https:\/\/www.youtube.com\/embed\/Rpqr5NYJPP4?feature=oembed\" frameborder=\"0\" allow=\"accelerometer; autoplay; clipboard-write; encrypted-media; gyroscope; picture-in-picture; web-share\" referrerpolicy=\"strict-origin-when-cross-origin\" allowfullscreen><\/iframe><\/div>\n","protected":false},"excerpt":{"rendered":"<p>Com molts de vosaltres ja sabreu, el teatre en angl\u00e8s al centre es va establir ara fa uns anys. De fet, tot va sorgir per casualitat, quan els alumnes d\u2019una mat\u00e8ria optativa van representar una petita obra en angl\u00e8s, \u201cWatching TV\u201d, el dia de St. Jordi. El resultat va ser tant bo, que des d\u2019aleshores [&hellip;]<\/p>\n","protected":false},"author":4,"featured_media":0,"parent":663,"menu_order":20,"comment_status":"closed","ping_status":"closed","template":"page-templates\/side-menu.php","meta":{"_bbp_topic_count":0,"_bbp_reply_count":0,"_bbp_total_topic_count":0,"_bbp_total_reply_count":0,"_bbp_voice_count":0,"_bbp_anonymous_reply_count":0,"_bbp_topic_count_hidden":0,"_bbp_reply_count_hidden":0,"_bbp_forum_subforum_count":0,"site-sidebar-layout":"default","site-content-layout":"","ast-site-content-layout":"","site-content-style":"default","site-sidebar-style":"default","ast-global-header-display":"","ast-banner-title-visibility":"","ast-main-header-display":"","ast-hfb-above-header-display":"","ast-hfb-below-header-display":"","ast-hfb-mobile-header-display":"","site-post-title":"","ast-breadcrumbs-content":"","ast-featured-img":"","footer-sml-layout":"","theme-transparent-header-meta":"","adv-header-id-meta":"","stick-header-meta":"","header-above-stick-meta":"","header-main-stick-meta":"","header-below-stick-meta":"","astra-migrate-meta-layouts":"default","ast-page-background-enabled":"default","ast-page-background-meta":{"desktop":{"background-color":"var(--ast-global-color-4)","background-image":"","background-repeat":"repeat","background-position":"center center","background-size":"auto","background-attachment":"scroll","background-type":"","background-media":"","overlay-type":"","overlay-color":"","overlay-opacity":"","overlay-gradient":""},"tablet":{"background-color":"","background-image":"","background-repeat":"repeat","background-position":"center center","background-size":"auto","background-attachment":"scroll","background-type":"","background-media":"","overlay-type":"","overlay-color":"","overlay-opacity":"","overlay-gradient":""},"mobile":{"background-color":"","background-image":"","background-repeat":"repeat","background-position":"center center","background-size":"auto","background-attachment":"scroll","background-type":"","background-media":"","overlay-type":"","overlay-color":"","overlay-opacity":"","overlay-gradient":""}},"ast-content-background-meta":{"desktop":{"background-color":"var(--ast-global-color-5)","background-image":"","background-repeat":"repeat","background-position":"center center","background-size":"auto","background-attachment":"scroll","background-type":"","background-media":"","overlay-type":"","overlay-color":"","overlay-opacity":"","overlay-gradient":""},"tablet":{"background-color":"var(--ast-global-color-5)","background-image":"","background-repeat":"repeat","background-position":"center center","background-size":"auto","background-attachment":"scroll","background-type":"","background-media":"","overlay-type":"","overlay-color":"","overlay-opacity":"","overlay-gradient":""},"mobile":{"background-color":"var(--ast-global-color-5)","background-image":"","background-repeat":"repeat","background-position":"center center","background-size":"auto","background-attachment":"scroll","background-type":"","background-media":"","overlay-type":"","overlay-color":"","overlay-opacity":"","overlay-gradient":""}},"footnotes":""},"class_list":["post-668","page","type-page","status-publish","hentry"],"post_mailing_queue_ids":[],"_links":{"self":[{"href":"https:\/\/agora.xtec.cat\/iescanmargarit\/wp-json\/wp\/v2\/pages\/668","targetHints":{"allow":["GET"]}}],"collection":[{"href":"https:\/\/agora.xtec.cat\/iescanmargarit\/wp-json\/wp\/v2\/pages"}],"about":[{"href":"https:\/\/agora.xtec.cat\/iescanmargarit\/wp-json\/wp\/v2\/types\/page"}],"author":[{"embeddable":true,"href":"https:\/\/agora.xtec.cat\/iescanmargarit\/wp-json\/wp\/v2\/users\/4"}],"replies":[{"embeddable":true,"href":"https:\/\/agora.xtec.cat\/iescanmargarit\/wp-json\/wp\/v2\/comments?post=668"}],"version-history":[{"count":3,"href":"https:\/\/agora.xtec.cat\/iescanmargarit\/wp-json\/wp\/v2\/pages\/668\/revisions"}],"predecessor-version":[{"id":733,"href":"https:\/\/agora.xtec.cat\/iescanmargarit\/wp-json\/wp\/v2\/pages\/668\/revisions\/733"}],"up":[{"embeddable":true,"href":"https:\/\/agora.xtec.cat\/iescanmargarit\/wp-json\/wp\/v2\/pages\/663"}],"wp:attachment":[{"href":"https:\/\/agora.xtec.cat\/iescanmargarit\/wp-json\/wp\/v2\/media?parent=668"}],"curies":[{"name":"wp","href":"https:\/\/api.w.org\/{rel}","templated":true}]}}