{"id":647,"date":"2020-11-28T20:03:56","date_gmt":"2020-11-28T19:03:56","guid":{"rendered":"https:\/\/agora.xtec.cat\/iescanmargarit\/?page_id=647"},"modified":"2025-07-28T09:07:23","modified_gmt":"2025-07-28T07:07:23","slug":"informacio-general-smx","status":"publish","type":"page","link":"https:\/\/agora.xtec.cat\/iescanmargarit\/estudis\/formacio-professional\/cfgm-smx\/informacio-general-smx\/","title":{"rendered":"Informaci\u00f3 general SMX"},"content":{"rendered":"<p><strong>CICLE FORMATIU DE SISTEMES MICROINFORM\u00c0TICS I XARXES.<\/strong><\/p>\n<p style=\"text-align: justify;\">Aquests estudis postobligatoris capaciten per instal\u00b7lar i mantenir serveis de xarxes fixes i m\u00f2bils, serveis d\u2019Internet i sistemes inform\u00e0tics i tamb\u00e9 per prestar suport als usuaris i usu\u00e0ries.<\/p>\n<p><strong>Qu\u00e8 estudiar\u00e0s al nostre cicle?<\/strong><\/p>\n<p><iframe loading=\"lazy\" src=\"https:\/\/drive.google.com\/file\/d\/1qCNseknPSfYBmZiNl6QlbU2-sQ0TCwRJ\/preview\" width=\"320\" height=\"240\"><\/iframe><\/p>\n<p>Consulta el dossier de l&#8217;alumnat:<br \/>\n<iframe loading=\"lazy\" src=\"https:\/\/drive.google.com\/file\/d\/1XXMlGv-nbPHi9WneIjXtSxO8iFCPDNuw\/preview\" width=\"320\" height=\"240\"><\/iframe><\/p>\n<p>M\u00e9s informaci\u00f3 a\u00a0<a href=\"https:\/\/projectes.xtec.cat\/fpdual\/\" rel=\"nofollow\">https:\/\/projectes.xtec.cat\/fpdual\/<\/a><\/p>\n<p><a href=\"https:\/\/agora.xtec.cat\/iescanmargarit\/wp-content\/uploads\/usu2416\/2020\/11\/LOGO-UE.jpg\"><img loading=\"lazy\" decoding=\"async\" class=\"alignnone wp-image-728\" src=\"https:\/\/agora.xtec.cat\/iescanmargarit\/wp-content\/uploads\/usu2416\/2020\/11\/LOGO-UE.jpg\" alt=\"\" width=\"267\" height=\"36\" srcset=\"https:\/\/agora.xtec.cat\/iescanmargarit\/wp-content\/uploads\/usu2416\/2020\/11\/LOGO-UE.jpg 594w, https:\/\/agora.xtec.cat\/iescanmargarit\/wp-content\/uploads\/usu2416\/2020\/11\/LOGO-UE-300x40.jpg 300w\" sizes=\"auto, (max-width: 267px) 100vw, 267px\" \/><\/a><\/p>\n<p><a href=\"https:\/\/agora.xtec.cat\/iescanmargarit\/wp-content\/uploads\/usu2416\/2020\/11\/LOGO-DEPARTAMENT-EDUCACI\u00d3.jpg\"><img loading=\"lazy\" decoding=\"async\" class=\"alignnone wp-image-729\" src=\"https:\/\/agora.xtec.cat\/iescanmargarit\/wp-content\/uploads\/usu2416\/2020\/11\/LOGO-DEPARTAMENT-EDUCACI\u00d3.jpg\" alt=\"\" width=\"219\" height=\"40\" srcset=\"https:\/\/agora.xtec.cat\/iescanmargarit\/wp-content\/uploads\/usu2416\/2020\/11\/LOGO-DEPARTAMENT-EDUCACI\u00d3.jpg 769w, https:\/\/agora.xtec.cat\/iescanmargarit\/wp-content\/uploads\/usu2416\/2020\/11\/LOGO-DEPARTAMENT-EDUCACI\u00d3-300x55.jpg 300w, https:\/\/agora.xtec.cat\/iescanmargarit\/wp-content\/uploads\/usu2416\/2020\/11\/LOGO-DEPARTAMENT-EDUCACI\u00d3-768x140.jpg 768w\" sizes=\"auto, (max-width: 219px) 100vw, 219px\" \/><\/a><\/p>\n","protected":false},"excerpt":{"rendered":"<p>CICLE FORMATIU DE SISTEMES MICROINFORM\u00c0TICS I XARXES. Aquests estudis postobligatoris capaciten per instal\u00b7lar i mantenir serveis de xarxes fixes i m\u00f2bils, serveis d\u2019Internet i sistemes inform\u00e0tics i tamb\u00e9 per prestar suport als usuaris i usu\u00e0ries. Qu\u00e8 estudiar\u00e0s al nostre cicle? Consulta el dossier de l&#8217;alumnat: M\u00e9s informaci\u00f3 a\u00a0https:\/\/projectes.xtec.cat\/fpdual\/<\/p>\n","protected":false},"author":4,"featured_media":0,"parent":635,"menu_order":10,"comment_status":"closed","ping_status":"closed","template":"","meta":{"_bbp_topic_count":0,"_bbp_reply_count":0,"_bbp_total_topic_count":0,"_bbp_total_reply_count":0,"_bbp_voice_count":0,"_bbp_anonymous_reply_count":0,"_bbp_topic_count_hidden":0,"_bbp_reply_count_hidden":0,"_bbp_forum_subforum_count":0,"site-sidebar-layout":"default","site-content-layout":"","ast-site-content-layout":"default","site-content-style":"default","site-sidebar-style":"default","ast-global-header-display":"","ast-banner-title-visibility":"","ast-main-header-display":"","ast-hfb-above-header-display":"","ast-hfb-below-header-display":"","ast-hfb-mobile-header-display":"","site-post-title":"","ast-breadcrumbs-content":"","ast-featured-img":"","footer-sml-layout":"","theme-transparent-header-meta":"","adv-header-id-meta":"","stick-header-meta":"","header-above-stick-meta":"","header-main-stick-meta":"","header-below-stick-meta":"","astra-migrate-meta-layouts":"set","ast-page-background-enabled":"default","ast-page-background-meta":{"desktop":{"background-color":"var(--ast-global-color-4)","background-image":"","background-repeat":"repeat","background-position":"center center","background-size":"auto","background-attachment":"scroll","background-type":"","background-media":"","overlay-type":"","overlay-color":"","overlay-opacity":"","overlay-gradient":""},"tablet":{"background-color":"","background-image":"","background-repeat":"repeat","background-position":"center center","background-size":"auto","background-attachment":"scroll","background-type":"","background-media":"","overlay-type":"","overlay-color":"","overlay-opacity":"","overlay-gradient":""},"mobile":{"background-color":"","background-image":"","background-repeat":"repeat","background-position":"center center","background-size":"auto","background-attachment":"scroll","background-type":"","background-media":"","overlay-type":"","overlay-color":"","overlay-opacity":"","overlay-gradient":""}},"ast-content-background-meta":{"desktop":{"background-color":"var(--ast-global-color-5)","background-image":"","background-repeat":"repeat","background-position":"center center","background-size":"auto","background-attachment":"scroll","background-type":"","background-media":"","overlay-type":"","overlay-color":"","overlay-opacity":"","overlay-gradient":""},"tablet":{"background-color":"var(--ast-global-color-5)","background-image":"","background-repeat":"repeat","background-position":"center center","background-size":"auto","background-attachment":"scroll","background-type":"","background-media":"","overlay-type":"","overlay-color":"","overlay-opacity":"","overlay-gradient":""},"mobile":{"background-color":"var(--ast-global-color-5)","background-image":"","background-repeat":"repeat","background-position":"center center","background-size":"auto","background-attachment":"scroll","background-type":"","background-media":"","overlay-type":"","overlay-color":"","overlay-opacity":"","overlay-gradient":""}},"footnotes":""},"class_list":["post-647","page","type-page","status-publish","hentry"],"post_mailing_queue_ids":[],"_links":{"self":[{"href":"https:\/\/agora.xtec.cat\/iescanmargarit\/wp-json\/wp\/v2\/pages\/647","targetHints":{"allow":["GET"]}}],"collection":[{"href":"https:\/\/agora.xtec.cat\/iescanmargarit\/wp-json\/wp\/v2\/pages"}],"about":[{"href":"https:\/\/agora.xtec.cat\/iescanmargarit\/wp-json\/wp\/v2\/types\/page"}],"author":[{"embeddable":true,"href":"https:\/\/agora.xtec.cat\/iescanmargarit\/wp-json\/wp\/v2\/users\/4"}],"replies":[{"embeddable":true,"href":"https:\/\/agora.xtec.cat\/iescanmargarit\/wp-json\/wp\/v2\/comments?post=647"}],"version-history":[{"count":6,"href":"https:\/\/agora.xtec.cat\/iescanmargarit\/wp-json\/wp\/v2\/pages\/647\/revisions"}],"predecessor-version":[{"id":3028,"href":"https:\/\/agora.xtec.cat\/iescanmargarit\/wp-json\/wp\/v2\/pages\/647\/revisions\/3028"}],"up":[{"embeddable":true,"href":"https:\/\/agora.xtec.cat\/iescanmargarit\/wp-json\/wp\/v2\/pages\/635"}],"wp:attachment":[{"href":"https:\/\/agora.xtec.cat\/iescanmargarit\/wp-json\/wp\/v2\/media?parent=647"}],"curies":[{"name":"wp","href":"https:\/\/api.w.org\/{rel}","templated":true}]}}