{"id":602,"date":"2020-11-28T19:26:01","date_gmt":"2020-11-28T18:26:01","guid":{"rendered":"https:\/\/agora.xtec.cat\/iescanmargarit\/?page_id=602"},"modified":"2025-10-05T19:17:21","modified_gmt":"2025-10-05T17:17:21","slug":"professorat","status":"publish","type":"page","link":"https:\/\/agora.xtec.cat\/iescanmargarit\/linstitut\/professorat\/","title":{"rendered":"Professorat"},"content":{"rendered":"<p><strong>DEPARTAMENT DE CI\u00c8NCIES<\/strong><\/p>\n<table style=\"height: 381px; width: 97.6359%;\" border=\"0\" cellspacing=\"0\">\n<tbody>\n<tr style=\"height: 31px;\">\n<td style=\"height: 31px; width: 21.0914%;\"><b>\u00a0Professor\/a<\/b><\/td>\n<td style=\"height: 31px; width: 26.5487%;\"><b>\u00a0Mat\u00e8ria<\/b><\/td>\n<td style=\"height: 31px; width: 13.287%;\"><b>Nivell\u00a0<\/b><\/td>\n<td style=\"height: 31px; width: 39.0728%;\"><b>\u00a0C\u00e0rrec<\/b><\/td>\n<\/tr>\n<tr style=\"height: 31px;\">\n<td style=\"height: 31px; width: 21.0914%;\">Dora Gimeno<\/td>\n<td style=\"height: 31px; width: 26.5487%;\">Tecnologia<\/td>\n<td style=\"height: 31px; width: 13.287%;\">\u00a01r<\/td>\n<td style=\"height: 31px; width: 39.0728%;\">Coordinadora de 1r<\/td>\n<\/tr>\n<tr style=\"height: 31px;\">\n<td style=\"height: 31px; width: 21.0914%;\">\u00c0lex Rodr\u00edguez<\/td>\n<td style=\"height: 31px; width: 26.5487%;\">Tecnologia<\/td>\n<td style=\"height: 31px; width: 13.287%;\">3r i 4t<\/td>\n<td style=\"height: 31px; width: 39.0728%;\">Tutor de 3rA<\/td>\n<\/tr>\n<tr style=\"height: 31px;\">\n<td style=\"height: 31px; width: 21.0914%;\">Ismael Pe\u00f1a<\/td>\n<td style=\"height: 31px; width: 26.5487%;\">Tecnologia<\/td>\n<td style=\"height: 31px; width: 13.287%;\">2n i 4t<\/td>\n<td style=\"height: 31px; width: 39.0728%;\">Cap de Departament<\/td>\n<\/tr>\n<tr style=\"height: 31px;\">\n<td style=\"height: 31px; width: 21.0914%;\">Montse D\u00edaz<\/td>\n<td style=\"height: 31px; width: 26.5487%;\">Matem\u00e0tiques<\/td>\n<td style=\"height: 31px; width: 13.287%;\">2n<\/td>\n<td style=\"height: 31px; width: 39.0728%;\">Coordinadora de 2n<\/td>\n<\/tr>\n<tr style=\"height: 31px;\">\n<td style=\"height: 31px; width: 21.0914%;\">Alicia Recio<\/td>\n<td style=\"height: 31px; width: 26.5487%;\">Matem\u00e0tiques<\/td>\n<td style=\"height: 31px; width: 13.287%;\">1r<\/td>\n<td style=\"height: 31px; width: 39.0728%;\">Tutora de 1rD<\/td>\n<\/tr>\n<tr style=\"height: 31px;\">\n<td style=\"height: 31px; width: 21.0914%;\">Raquel Merino<\/td>\n<td style=\"height: 31px; width: 26.5487%;\">Matem\u00e0tiques<\/td>\n<td style=\"height: 31px; width: 13.287%;\">\u00a04t<\/td>\n<td style=\"height: 31px; width: 39.0728%;\">Cap d&#8217;estudis<\/td>\n<\/tr>\n<tr style=\"height: 40px;\">\n<td style=\"width: 21.0914%; height: 40px;\">Jordi Mayals<\/td>\n<td style=\"width: 26.5487%; height: 40px;\">Matem\u00e0tiques<\/td>\n<td style=\"width: 13.287%; height: 40px;\">3r\u00a0<\/td>\n<td style=\"width: 39.0728%; height: 40px;\">\u00a0<\/td>\n<\/tr>\n<tr style=\"height: 31px;\">\n<td style=\"height: 31px; width: 21.0914%;\">Joan Antoni Fern\u00e1ndez \/ Albert Sevil<\/td>\n<td style=\"height: 31px; width: 26.5487%;\">Biologia<\/td>\n<td style=\"height: 31px; width: 13.287%;\">3r i 4t<\/td>\n<td style=\"height: 31px; width: 39.0728%;\">Tutor de 3rB<\/td>\n<\/tr>\n<tr style=\"height: 31px;\">\n<td style=\"height: 31px; width: 21.0914%;\">Maria Manzano<\/td>\n<td style=\"height: 31px; width: 26.5487%;\">Biologia<\/td>\n<td style=\"height: 31px; width: 13.287%;\">1r<\/td>\n<td style=\"height: 31px; width: 39.0728%;\">Tutora 1rB<\/td>\n<\/tr>\n<tr style=\"height: 31px;\">\n<td style=\"height: 31px; width: 21.0914%;\">Sergi Cruz<\/td>\n<td style=\"height: 31px; width: 26.5487%;\">F\u00edsica i Qu\u00edmica<\/td>\n<td style=\"height: 31px; width: 13.287%;\">\u00a03r i 4t<\/td>\n<td style=\"height: 31px; width: 39.0728%;\">Coordinador de 4t<\/td>\n<\/tr>\n<tr style=\"height: 31px;\">\n<td style=\"height: 31px; width: 21.0914%;\">Tanaus\u00fa Herrero<\/td>\n<td style=\"height: 31px; width: 26.5487%;\">F\u00edsica i Qu\u00edmica<\/td>\n<td style=\"height: 31px; width: 13.287%;\">2n\u00a0<\/td>\n<td style=\"height: 31px; width: 39.0728%;\">Tutor de 2nA<\/td>\n<\/tr>\n<\/tbody>\n<\/table>\n<p><strong>DEPARTAMENT SISTEMES MICROINFORM\u00c0TICS I XARXES.<\/strong><\/p>\n<table style=\"border-collapse: collapse; width: 65.0277%;\">\n<tbody>\n<tr style=\"height: 31px;\">\n<td style=\"height: 31px; width: 21.0914%;\"><b>\u00a0Professor\/a<\/b><\/td>\n<td style=\"height: 31px; width: 26.5487%;\"><b>\u00a0Mat\u00e8ria<\/b><\/td>\n<td style=\"height: 31px; width: 13.287%;\"><b>Nivell\u00a0<\/b><\/td>\n<td style=\"height: 31px; width: 39.0728%;\"><b>\u00a0C\u00e0rrec<\/b><\/td>\n<\/tr>\n<tr style=\"height: 31px;\">\n<td style=\"text-align: left; height: 31px; width: 21.0914%;\">Ezequiel Larrea<\/td>\n<td style=\"height: 31px; width: 26.5487%;\">SMX<\/td>\n<td style=\"text-align: center; height: 31px; width: 13.287%;\">\u00a0SMX<\/td>\n<td style=\"height: 31px; width: 39.0728%;\">Tutor 1r SMX<\/td>\n<\/tr>\n<tr style=\"height: 31px;\">\n<td style=\"text-align: left; height: 31px; width: 21.0914%;\">Maite Lluch<\/td>\n<td style=\"height: 31px; width: 26.5487%;\">SMX<\/td>\n<td style=\"text-align: center; height: 31px; width: 13.287%;\">SMX<\/td>\n<td style=\"height: 31px; width: 39.0728%;\"><span style=\"background-color: #f9f9f9;\">Coordinaci\u00f3 digital<\/span><\/td>\n<\/tr>\n<tr style=\"height: 31px;\">\n<td style=\"text-align: left; width: 21.0914%; height: 31px;\">Joaquin Erencia<\/td>\n<td style=\"width: 26.5487%; height: 31px;\">SMX<\/td>\n<td style=\"text-align: center; width: 13.287%; height: 31px;\">SMX<\/td>\n<td style=\"width: 39.0728%; height: 31px;\">Tutor 2n SMX<\/td>\n<\/tr>\n<tr style=\"height: 31px;\">\n<td style=\"text-align: left; width: 21.0914%; height: 31px;\">\u00a0<\/td>\n<td style=\"width: 26.5487%; height: 31px;\">\u00a0<\/td>\n<td style=\"text-align: center; width: 13.287%; height: 31px;\">\u00a0<\/td>\n<td style=\"width: 39.0728%; height: 31px;\">\u00a0<\/td>\n<\/tr>\n<\/tbody>\n<\/table>\n<p><strong>DEPARTAMENT CURES AUXILIARS D&#8217;INFERMERIA<\/strong><\/p>\n<table style=\"border-collapse: collapse; width: 79.6221%;\">\n<tbody>\n<tr style=\"height: 31px;\">\n<td style=\"height: 31px; width: 21.0914%;\"><b>\u00a0Professor\/a<\/b><\/td>\n<td style=\"height: 31px; width: 26.5487%;\"><b>\u00a0Mat\u00e8ria<\/b><\/td>\n<td style=\"height: 31px; width: 13.287%;\"><b>Nivell\u00a0<\/b><\/td>\n<td style=\"height: 31px; width: 39.0728%;\"><b>\u00a0C\u00e0rrec<\/b><\/td>\n<\/tr>\n<tr>\n<td style=\"width: 21.0914%;\">Cristian Ramos<\/td>\n<td style=\"width: 26.5487%;\">CAI<\/td>\n<td style=\"width: 13.287%;\">CAI<\/td>\n<td style=\"width: 39.0728%;\">Cap d&#8217;estudis FP<\/td>\n<\/tr>\n<tr>\n<td style=\"width: 21.0914%;\">Claudia Siles<\/td>\n<td style=\"width: 26.5487%;\">CAI<\/td>\n<td style=\"width: 13.287%;\">CAI<\/td>\n<td style=\"width: 39.0728%;\">Tutora CAI\u00a0<\/td>\n<\/tr>\n<tr>\n<td style=\"width: 21.0914%;\">Albert Vela<\/td>\n<td style=\"width: 26.5487%;\">CAI<\/td>\n<td style=\"width: 13.287%;\">CAI<\/td>\n<td style=\"width: 39.0728%;\">Tutor d&#8217;estada a l&#8217;empresa<\/td>\n<\/tr>\n<tr>\n<td style=\"width: 21.0914%;\">Ester Ruiz<\/td>\n<td style=\"width: 26.5487%;\">CAI<\/td>\n<td style=\"width: 13.287%;\">CAI<\/td>\n<td style=\"width: 39.0728%;\">Tutora CAI<\/td>\n<\/tr>\n<tr>\n<td style=\"width: 21.0914%;\">Lorena Ca\u00f1as<\/td>\n<td style=\"width: 26.5487%;\">CAI<\/td>\n<td style=\"width: 13.287%;\">CAI<\/td>\n<td style=\"width: 39.0728%;\">\u00a0<\/td>\n<\/tr>\n<\/tbody>\n<\/table>\n<p><strong>DEPARTAMENT GUIA EN EL MEDI NATURAL I TEMPS DE LLEURE<\/strong><\/p>\n<table style=\"border-collapse: collapse; width: 80.2014%; height: 128px;\">\n<tbody>\n<tr style=\"height: 31px;\">\n<td style=\"height: 31px; width: 21.0914%;\"><b>\u00a0Professor\/a<\/b><\/td>\n<td style=\"height: 31px; width: 26.5487%;\"><b>\u00a0Mat\u00e8ria<\/b><\/td>\n<td style=\"height: 31px; width: 13.287%;\"><b>Nivell\u00a0<\/b><\/td>\n<td style=\"height: 31px; width: 39.0728%;\"><b>\u00a0C\u00e0rrec<\/b><\/td>\n<\/tr>\n<tr style=\"height: 32px;\">\n<td style=\"width: 21.0914%; height: 32px;\">Xavi P\u00e9rez<\/td>\n<td style=\"width: 26.5487%; height: 32px;\">GUIAMN<\/td>\n<td style=\"width: 13.287%; height: 32px;\">\u00a0<\/td>\n<td style=\"width: 39.0728%; height: 32px;\">Tutor 2n GUIAMN<\/td>\n<\/tr>\n<tr style=\"height: 32px;\">\n<td style=\"width: 21.0914%; height: 32px;\">Adri\u00e0 Maestre<\/td>\n<td style=\"width: 26.5487%; height: 32px;\">GUIAMN<\/td>\n<td style=\"width: 13.287%; height: 32px;\">\u00a0<\/td>\n<td style=\"width: 39.0728%; height: 32px;\">Cap de departament<\/td>\n<\/tr>\n<tr style=\"height: 32px;\">\n<td style=\"width: 21.0914%; height: 32px;\">Paula Fons<\/td>\n<td style=\"width: 26.5487%; height: 32px;\">GUIAMN<\/td>\n<td style=\"width: 13.287%; height: 32px;\">\u00a0<\/td>\n<td style=\"width: 39.0728%; height: 32px;\">Tutora 1r GUIAMN<\/td>\n<\/tr>\n<tr style=\"height: 32px;\">\n<td style=\"width: 21.0914%; height: 32px;\">Jordi Catal\u00e1n<\/td>\n<td style=\"width: 26.5487%; height: 32px;\">GUIAMN<\/td>\n<td style=\"width: 13.287%; height: 32px;\">\u00a0<\/td>\n<td style=\"width: 39.0728%; height: 32px;\">Tutor 1r GUIAMN<\/td>\n<\/tr>\n<tr>\n<td style=\"width: 21.0914%;\">Luc\u00eda Rodr\u00edguez<\/td>\n<td style=\"width: 26.5487%;\">FOL i ECONOMIA<\/td>\n<td style=\"width: 13.287%;\">\u00a0<\/td>\n<td style=\"width: 39.0728%;\">\u00a0<\/td>\n<\/tr>\n<\/tbody>\n<\/table>\n<p><strong>DEPARTAMENT D&#8217;EXPRESSI\u00d3 I ORIENTACI\u00d3<\/strong><\/p>\n<table style=\"border-collapse: collapse; width: 84.7767%; height: 343px;\">\n<tbody>\n<tr style=\"height: 33px;\">\n<td style=\"width: 19.7701%; height: 33px;\"><b>\u00a0Professor\/a<\/b><\/td>\n<td style=\"width: 18.2758%; height: 33px;\"><b>\u00a0Mat\u00e8ria<\/b><\/td>\n<td style=\"width: 19.4253%; height: 33px;\"><b>Nivell\u00a0<\/b><\/td>\n<td style=\"width: 27.7164%; height: 33px;\"><b>\u00a0C\u00e0rrec<\/b><\/td>\n<\/tr>\n<tr style=\"height: 33px;\">\n<td style=\"width: 19.7701%; height: 33px;\">Jordi Perals<\/td>\n<td style=\"width: 18.2758%; height: 33px;\">Socials<\/td>\n<td style=\"text-align: center; width: 19.4253%; height: 33px;\">\u00a01r<\/td>\n<td style=\"width: 27.7164%; height: 33px;\">\u00a0<\/td>\n<\/tr>\n<tr style=\"height: 33px;\">\n<td style=\"width: 19.7701%; height: 33px;\">Antonio Garc\u00eda<\/td>\n<td style=\"width: 18.2758%; height: 33px;\">Socials<\/td>\n<td style=\"text-align: center; width: 19.4253%; height: 33px;\">\u00a03r<\/td>\n<td style=\"width: 27.7164%; height: 33px;\">Director<\/td>\n<\/tr>\n<tr style=\"height: 33px;\">\n<td style=\"width: 19.7701%; height: 33px;\">Bego\u00f1a P\u00e9rez<\/td>\n<td style=\"width: 18.2758%; height: 33px;\">Socials<\/td>\n<td style=\"text-align: center; width: 19.4253%; height: 33px;\">1r, 3r i 4t<\/td>\n<td style=\"width: 27.7164%; height: 33px;\">\u00a0<\/td>\n<\/tr>\n<tr style=\"height: 23px;\">\n<td style=\"width: 19.7701%; height: 23px;\">N\u00faria Gabarr\u00f3n<\/td>\n<td style=\"width: 18.2758%; height: 23px;\">Socials\/FOL<\/td>\n<td style=\"width: 19.4253%; text-align: center; height: 23px;\">2n\/SMX<\/td>\n<td style=\"width: 27.7164%; text-align: left; height: 23px;\">Cap de Departament i COCOBE<\/td>\n<\/tr>\n<tr style=\"height: 33px;\">\n<td style=\"width: 19.7701%; height: 33px;\">Gemma Corredera<\/td>\n<td style=\"width: 18.2758%; height: 33px;\">Orientaci\u00f3<\/td>\n<td style=\"text-align: center; width: 19.4253%; height: 33px;\">\u00a0<\/td>\n<td style=\"width: 27.7164%; height: 33px;\">Tutora 4tC<\/td>\n<\/tr>\n<tr style=\"height: 33px;\">\n<td style=\"width: 19.7701%; height: 33px;\">Anna Farregut<\/td>\n<td style=\"width: 18.2758%; height: 33px;\">Educaci\u00f3 F\u00edsica<\/td>\n<td style=\"text-align: center; width: 19.4253%; height: 33px;\">\u00a02n i 3r<\/td>\n<td style=\"width: 27.7164%; height: 33px;\">Tutora 3rC<\/td>\n<\/tr>\n<tr style=\"height: 33px;\">\n<td style=\"width: 19.7701%; height: 33px;\">Sergio Sanz<\/td>\n<td style=\"width: 18.2758%; height: 33px;\">Educaci\u00f3 F\u00edsica<\/td>\n<td style=\"text-align: center; width: 19.4253%; height: 33px;\">\u00a01r i 4t<\/td>\n<td style=\"width: 27.7164%; height: 33px;\">Tutor 4tB<\/td>\n<\/tr>\n<tr style=\"height: 33px;\">\n<td style=\"width: 19.7701%; height: 33px;\">Manel Ros<\/td>\n<td style=\"width: 18.2758%; height: 33px;\">\u00a0ViP<\/td>\n<td style=\"text-align: center; width: 19.4253%; height: 33px;\">\u00a01r, 3r i 4t<\/td>\n<td style=\"width: 27.7164%; height: 33px;\">Tutor 1rC<\/td>\n<\/tr>\n<tr style=\"height: 33px;\">\n<td style=\"width: 19.7701%; height: 33px;\">Manel Cubeles<\/td>\n<td style=\"width: 18.2758%; height: 33px;\">M\u00fasica<\/td>\n<td style=\"text-align: center; width: 19.4253%; height: 33px;\">1r i 2n<\/td>\n<td style=\"width: 27.7164%; height: 33px;\">Tutor 2nD<\/td>\n<\/tr>\n<tr style=\"height: 33px;\">\n<td style=\"width: 19.7701%; height: 33px;\">\u00a0<\/td>\n<td style=\"width: 18.2758%; height: 33px;\">\u00a0<\/td>\n<td style=\"text-align: center; width: 19.4253%; height: 33px;\">\u00a0<\/td>\n<td style=\"width: 27.7164%; height: 33px;\">\u00a0<\/td>\n<\/tr>\n<\/tbody>\n<\/table>\n<p><strong>DEPARTAMENT DE LLENG\u00dcES<\/strong><\/p>\n<table style=\"width: 100%;\" border=\"0\" cellspacing=\"0\">\n<tbody>\n<tr>\n<td style=\"width: 34.7992%;\"><b>Professor\/a<\/b><\/td>\n<td style=\"width: 14.914%;\"><b>\u00a0Mat\u00e8ria<\/b><\/td>\n<td style=\"width: 12.1415%;\"><b>Nivell\u00a0<\/b><\/td>\n<td style=\"width: 37.9541%;\"><b>\u00a0C\u00e0rrec<\/b><\/td>\n<\/tr>\n<tr>\n<td style=\"width: 34.7992%;\">Llibert Pin\u00f3s<\/td>\n<td style=\"width: 14.914%;\">Catal\u00e0<\/td>\n<td style=\"width: 12.1415%;\">\u00a02n, 3r i 4t<\/td>\n<td style=\"width: 37.9541%;\">Tutor 4tA<\/td>\n<\/tr>\n<tr>\n<td style=\"width: 34.7992%;\">Elisenda S\u00e0bat<\/td>\n<td style=\"width: 14.914%;\">Catal\u00e0<\/td>\n<td style=\"width: 12.1415%;\">\u00a01r i 3r<\/td>\n<td style=\"width: 37.9541%;\">Tutora 1rA<\/td>\n<\/tr>\n<tr>\n<td style=\"width: 34.7992%;\">Maria S\u00e1nchez<\/td>\n<td style=\"width: 14.914%;\">Catal\u00e0<\/td>\n<td style=\"width: 12.1415%;\">\u00a02n i 3r<\/td>\n<td style=\"width: 37.9541%;\">Coordinadora 3r<\/td>\n<\/tr>\n<tr>\n<td style=\"width: 34.7992%;\">Marc Catal\u00e0<\/td>\n<td style=\"width: 14.914%;\">Castell\u00e0<\/td>\n<td style=\"width: 12.1415%;\">\u00a0<\/td>\n<td style=\"width: 37.9541%;\">Cap de Departament<\/td>\n<\/tr>\n<tr>\n<td style=\"width: 34.7992%;\">L\u00eddia Cerezo<\/td>\n<td style=\"width: 14.914%;\">Castell\u00e0<\/td>\n<td style=\"width: 12.1415%;\">2n<\/td>\n<td style=\"width: 37.9541%;\">Tutora 2nC<\/td>\n<\/tr>\n<tr>\n<td style=\"width: 34.7992%;\">Laura P\u00e9rez<\/td>\n<td style=\"width: 14.914%;\">Castell\u00e0<\/td>\n<td style=\"width: 12.1415%;\">\u00a04t<\/td>\n<td style=\"width: 37.9541%;\">Secretaria<\/td>\n<\/tr>\n<\/tbody>\n<\/table>\n<p><strong>DEPARTAMENT DE LLEG\u00dcES ESTRANGERES<\/strong><\/p>\n<table style=\"width: 91.3829%; height: 161px;\" border=\"0\" cellspacing=\"0\">\n<tbody>\n<tr style=\"height: 23px;\">\n<td style=\"width: 26.4228%; height: 23px;\"><b>Professor\/a<\/b><\/td>\n<td style=\"width: 25.6098%; height: 23px;\"><b>\u00a0Mat\u00e8ria<\/b><\/td>\n<td style=\"width: 20.5285%; height: 23px;\"><b>Nivell\u00a0<\/b><\/td>\n<td style=\"width: 54.827%; height: 23px;\"><b>\u00a0C\u00e0rrec<\/b><\/td>\n<\/tr>\n<tr style=\"height: 23px;\">\n<td style=\"width: 26.4228%; height: 23px;\">Sara Roig<\/td>\n<td style=\"width: 25.6098%; height: 23px;\">Angl\u00e8s<\/td>\n<td style=\"width: 20.5285%; height: 23px;\">4t<\/td>\n<td style=\"width: 54.827%; height: 23px;\">Coordinaci\u00f3 pedag\u00f2gica<\/td>\n<\/tr>\n<tr style=\"height: 23px;\">\n<td style=\"width: 26.4228%; height: 23px;\">Susanna Herrera<\/td>\n<td style=\"width: 25.6098%; height: 23px;\">Angl\u00e8s<\/td>\n<td style=\"width: 20.5285%; height: 23px;\">\u00a02n, 3r i SMX<\/td>\n<td style=\"width: 54.827%; height: 23px;\">\u00a0<\/td>\n<\/tr>\n<tr style=\"height: 23px;\">\n<td style=\"width: 26.4228%; height: 23px;\">M\u00edriam Garc\u00eda<\/td>\n<td style=\"width: 25.6098%; height: 23px;\">Angl\u00e8s<\/td>\n<td style=\"width: 20.5285%; height: 23px;\">1r, 2n, 3r i 4t<\/td>\n<td style=\"width: 54.827%; height: 23px;\">\u00a0<\/td>\n<\/tr>\n<tr style=\"height: 23px;\">\n<td style=\"width: 26.4228%; height: 23px;\">Carmen Rodrigo<\/td>\n<td style=\"width: 25.6098%; height: 23px;\">Angl\u00e8s<\/td>\n<td style=\"width: 20.5285%; height: 23px;\">\u00a01r, 2n i 3r<\/td>\n<td style=\"width: 54.827%; height: 23px;\">\u00a0<\/td>\n<\/tr>\n<tr style=\"height: 23px;\">\n<td style=\"width: 26.4228%; height: 23px;\">Nuria Flores<\/td>\n<td style=\"width: 25.6098%; height: 23px;\">Franc\u00e8s\/Castell\u00e0<\/td>\n<td style=\"width: 20.5285%; height: 23px;\">1r, 2n, 3r i 4t<\/td>\n<td style=\"width: 54.827%; height: 23px;\">Tutora 2nB<\/td>\n<\/tr>\n<tr style=\"height: 23px;\">\n<td style=\"width: 26.4228%; height: 23px;\">\u00a0<\/td>\n<td style=\"width: 25.6098%; height: 23px;\">\u00a0<\/td>\n<td style=\"width: 20.5285%; height: 23px;\">\u00a0<\/td>\n<td style=\"width: 54.827%; height: 23px;\">\u00a0<\/td>\n<\/tr>\n<\/tbody>\n<\/table>\n\n\n<p><\/p>\n","protected":false},"excerpt":{"rendered":"<p>DEPARTAMENT DE CI\u00c8NCIES \u00a0Professor\/a \u00a0Mat\u00e8ria Nivell\u00a0 \u00a0C\u00e0rrec Dora Gimeno Tecnologia \u00a01r Coordinadora de 1r \u00c0lex Rodr\u00edguez Tecnologia 3r i 4t Tutor de 3rA Ismael Pe\u00f1a Tecnologia 2n i 4t Cap de Departament Montse D\u00edaz Matem\u00e0tiques 2n Coordinadora de 2n Alicia Recio Matem\u00e0tiques 1r Tutora de 1rD Raquel Merino Matem\u00e0tiques \u00a04t Cap d&#8217;estudis Jordi Mayals Matem\u00e0tiques [&hellip;]<\/p>\n","protected":false},"author":4,"featured_media":0,"parent":19,"menu_order":50,"comment_status":"closed","ping_status":"closed","template":"","meta":{"_bbp_topic_count":0,"_bbp_reply_count":0,"_bbp_total_topic_count":0,"_bbp_total_reply_count":0,"_bbp_voice_count":0,"_bbp_anonymous_reply_count":0,"_bbp_topic_count_hidden":0,"_bbp_reply_count_hidden":0,"_bbp_forum_subforum_count":0,"site-sidebar-layout":"default","site-content-layout":"","ast-site-content-layout":"default","site-content-style":"default","site-sidebar-style":"default","ast-global-header-display":"","ast-banner-title-visibility":"","ast-main-header-display":"","ast-hfb-above-header-display":"","ast-hfb-below-header-display":"","ast-hfb-mobile-header-display":"","site-post-title":"","ast-breadcrumbs-content":"","ast-featured-img":"","footer-sml-layout":"","theme-transparent-header-meta":"","adv-header-id-meta":"","stick-header-meta":"","header-above-stick-meta":"","header-main-stick-meta":"","header-below-stick-meta":"","astra-migrate-meta-layouts":"set","ast-page-background-enabled":"default","ast-page-background-meta":{"desktop":{"background-color":"var(--ast-global-color-4)","background-image":"","background-repeat":"repeat","background-position":"center center","background-size":"auto","background-attachment":"scroll","background-type":"","background-media":"","overlay-type":"","overlay-color":"","overlay-opacity":"","overlay-gradient":""},"tablet":{"background-color":"","background-image":"","background-repeat":"repeat","background-position":"center center","background-size":"auto","background-attachment":"scroll","background-type":"","background-media":"","overlay-type":"","overlay-color":"","overlay-opacity":"","overlay-gradient":""},"mobile":{"background-color":"","background-image":"","background-repeat":"repeat","background-position":"center center","background-size":"auto","background-attachment":"scroll","background-type":"","background-media":"","overlay-type":"","overlay-color":"","overlay-opacity":"","overlay-gradient":""}},"ast-content-background-meta":{"desktop":{"background-color":"var(--ast-global-color-5)","background-image":"","background-repeat":"repeat","background-position":"center center","background-size":"auto","background-attachment":"scroll","background-type":"","background-media":"","overlay-type":"","overlay-color":"","overlay-opacity":"","overlay-gradient":""},"tablet":{"background-color":"var(--ast-global-color-5)","background-image":"","background-repeat":"repeat","background-position":"center center","background-size":"auto","background-attachment":"scroll","background-type":"","background-media":"","overlay-type":"","overlay-color":"","overlay-opacity":"","overlay-gradient":""},"mobile":{"background-color":"var(--ast-global-color-5)","background-image":"","background-repeat":"repeat","background-position":"center center","background-size":"auto","background-attachment":"scroll","background-type":"","background-media":"","overlay-type":"","overlay-color":"","overlay-opacity":"","overlay-gradient":""}},"footnotes":""},"class_list":["post-602","page","type-page","status-publish","hentry"],"post_mailing_queue_ids":[],"_links":{"self":[{"href":"https:\/\/agora.xtec.cat\/iescanmargarit\/wp-json\/wp\/v2\/pages\/602","targetHints":{"allow":["GET"]}}],"collection":[{"href":"https:\/\/agora.xtec.cat\/iescanmargarit\/wp-json\/wp\/v2\/pages"}],"about":[{"href":"https:\/\/agora.xtec.cat\/iescanmargarit\/wp-json\/wp\/v2\/types\/page"}],"author":[{"embeddable":true,"href":"https:\/\/agora.xtec.cat\/iescanmargarit\/wp-json\/wp\/v2\/users\/4"}],"replies":[{"embeddable":true,"href":"https:\/\/agora.xtec.cat\/iescanmargarit\/wp-json\/wp\/v2\/comments?post=602"}],"version-history":[{"count":6,"href":"https:\/\/agora.xtec.cat\/iescanmargarit\/wp-json\/wp\/v2\/pages\/602\/revisions"}],"predecessor-version":[{"id":3065,"href":"https:\/\/agora.xtec.cat\/iescanmargarit\/wp-json\/wp\/v2\/pages\/602\/revisions\/3065"}],"up":[{"embeddable":true,"href":"https:\/\/agora.xtec.cat\/iescanmargarit\/wp-json\/wp\/v2\/pages\/19"}],"wp:attachment":[{"href":"https:\/\/agora.xtec.cat\/iescanmargarit\/wp-json\/wp\/v2\/media?parent=602"}],"curies":[{"name":"wp","href":"https:\/\/api.w.org\/{rel}","templated":true}]}}