{"id":496,"date":"2020-11-03T14:00:33","date_gmt":"2020-11-03T13:00:33","guid":{"rendered":"https:\/\/agora.xtec.cat\/iescanmargarit\/?page_id=496"},"modified":"2021-02-19T17:44:21","modified_gmt":"2021-02-19T16:44:21","slug":"espai-professorat","status":"publish","type":"page","link":"https:\/\/agora.xtec.cat\/iescanmargarit\/espai-professorat\/","title":{"rendered":"Espai professorat"},"content":{"rendered":"<p><a href=\"https:\/\/agora.xtec.cat\/iescanmargarit\/nodes\/espai-professorat-eso\/\" target=\"_blank\" rel=\"noopener noreferrer\">Enlla\u00e7 a l&#8217;Espai professorat ESO (documents i recursos per al professorat)<\/a><\/p>\n<p><a href=\"https:\/\/agora.xtec.cat\/iescanmargarit\/nodes\/expressio\/\" target=\"_blank\" rel=\"noopener noreferrer\">Enlla\u00e7 al Departament d&#8217;expressi\u00f3 (programacions i criteris d&#8217;avaluaci\u00f3)<\/a><\/p>\n<p><a href=\"https:\/\/agora.xtec.cat\/iescanmargarit\/nodes\/dep-ciencies\/\" target=\"_blank\" rel=\"noopener noreferrer\">Enlla\u00e7 al Departament de ci\u00e8ncies (programacions i criteris d&#8217;avaluaci\u00f3)<\/a><\/p>\n<p><a href=\"https:\/\/agora.xtec.cat\/iescanmargarit\/nodes\/llengues\/\" target=\"_blank\" rel=\"noopener noreferrer\">Enlla\u00e7 al Departament de lleng\u00fces (programacions i criteris d&#8217;avaluaci\u00f3)<\/a><\/p>\n<p><a href=\"https:\/\/agora.xtec.cat\/iescanmargarit\/nodes\/dep-llengues-estrangeres\/\" target=\"_blank\" rel=\"noopener noreferrer\">Enlla\u00e7 al Departament de lleng\u00fces estrangeres (programacions i criteris d&#8217;avaluaci\u00f3)<\/a><\/p>\n<p><a href=\"https:\/\/agora.xtec.cat\/iescanmargarit\/nodes\/espai-professorat-smx\/\" target=\"_blank\" rel=\"noopener noreferrer\">Enlla\u00e7 a l&#8217;Espai professorat SMX (documents, recursos, programacions i protocols per al professorat)<\/a><\/p>\n<p><a href=\"https:\/\/agora.xtec.cat\/iescanmargarit\/nodes\/prevencio-de-riscos-laborals\/\" target=\"_blank\" rel=\"noopener noreferrer\">Enlla\u00e7 a Prevenci\u00f3 de riscos laborals<\/a><\/p>\n<p><a href=\"https:\/\/agora.xtec.cat\/iescanmargarit\/nodes\/coordinacio-informatica\/\" target=\"_blank\" rel=\"noopener noreferrer\">Enlla\u00e7 a Coordinaci\u00f3 inform\u00e0tica<\/a><\/p>\n","protected":false},"excerpt":{"rendered":"<p>Enlla\u00e7 a l&#8217;Espai professorat ESO (documents i recursos per al professorat) Enlla\u00e7 al Departament d&#8217;expressi\u00f3 (programacions i criteris d&#8217;avaluaci\u00f3) Enlla\u00e7 al Departament de ci\u00e8ncies (programacions i criteris d&#8217;avaluaci\u00f3) Enlla\u00e7 al Departament de lleng\u00fces (programacions i criteris d&#8217;avaluaci\u00f3) Enlla\u00e7 al Departament de lleng\u00fces estrangeres (programacions i criteris d&#8217;avaluaci\u00f3) Enlla\u00e7 a l&#8217;Espai professorat SMX (documents, recursos, programacions [&hellip;]<\/p>\n","protected":false},"author":1,"featured_media":0,"parent":0,"menu_order":0,"comment_status":"closed","ping_status":"closed","template":"","meta":{"_bbp_topic_count":0,"_bbp_reply_count":0,"_bbp_total_topic_count":0,"_bbp_total_reply_count":0,"_bbp_voice_count":0,"_bbp_anonymous_reply_count":0,"_bbp_topic_count_hidden":0,"_bbp_reply_count_hidden":0,"_bbp_forum_subforum_count":0,"site-sidebar-layout":"default","site-content-layout":"","ast-site-content-layout":"","site-content-style":"default","site-sidebar-style":"default","ast-global-header-display":"","ast-banner-title-visibility":"","ast-main-header-display":"","ast-hfb-above-header-display":"","ast-hfb-below-header-display":"","ast-hfb-mobile-header-display":"","site-post-title":"","ast-breadcrumbs-content":"","ast-featured-img":"","footer-sml-layout":"","theme-transparent-header-meta":"","adv-header-id-meta":"","stick-header-meta":"","header-above-stick-meta":"","header-main-stick-meta":"","header-below-stick-meta":"","astra-migrate-meta-layouts":"default","ast-page-background-enabled":"default","ast-page-background-meta":{"desktop":{"background-color":"var(--ast-global-color-4)","background-image":"","background-repeat":"repeat","background-position":"center center","background-size":"auto","background-attachment":"scroll","background-type":"","background-media":"","overlay-type":"","overlay-color":"","overlay-opacity":"","overlay-gradient":""},"tablet":{"background-color":"","background-image":"","background-repeat":"repeat","background-position":"center center","background-size":"auto","background-attachment":"scroll","background-type":"","background-media":"","overlay-type":"","overlay-color":"","overlay-opacity":"","overlay-gradient":""},"mobile":{"background-color":"","background-image":"","background-repeat":"repeat","background-position":"center center","background-size":"auto","background-attachment":"scroll","background-type":"","background-media":"","overlay-type":"","overlay-color":"","overlay-opacity":"","overlay-gradient":""}},"ast-content-background-meta":{"desktop":{"background-color":"var(--ast-global-color-5)","background-image":"","background-repeat":"repeat","background-position":"center center","background-size":"auto","background-attachment":"scroll","background-type":"","background-media":"","overlay-type":"","overlay-color":"","overlay-opacity":"","overlay-gradient":""},"tablet":{"background-color":"var(--ast-global-color-5)","background-image":"","background-repeat":"repeat","background-position":"center center","background-size":"auto","background-attachment":"scroll","background-type":"","background-media":"","overlay-type":"","overlay-color":"","overlay-opacity":"","overlay-gradient":""},"mobile":{"background-color":"var(--ast-global-color-5)","background-image":"","background-repeat":"repeat","background-position":"center center","background-size":"auto","background-attachment":"scroll","background-type":"","background-media":"","overlay-type":"","overlay-color":"","overlay-opacity":"","overlay-gradient":""}},"footnotes":""},"class_list":["post-496","page","type-page","status-publish","hentry"],"post_mailing_queue_ids":[],"_links":{"self":[{"href":"https:\/\/agora.xtec.cat\/iescanmargarit\/wp-json\/wp\/v2\/pages\/496","targetHints":{"allow":["GET"]}}],"collection":[{"href":"https:\/\/agora.xtec.cat\/iescanmargarit\/wp-json\/wp\/v2\/pages"}],"about":[{"href":"https:\/\/agora.xtec.cat\/iescanmargarit\/wp-json\/wp\/v2\/types\/page"}],"author":[{"embeddable":true,"href":"https:\/\/agora.xtec.cat\/iescanmargarit\/wp-json\/wp\/v2\/users\/1"}],"replies":[{"embeddable":true,"href":"https:\/\/agora.xtec.cat\/iescanmargarit\/wp-json\/wp\/v2\/comments?post=496"}],"version-history":[{"count":3,"href":"https:\/\/agora.xtec.cat\/iescanmargarit\/wp-json\/wp\/v2\/pages\/496\/revisions"}],"predecessor-version":[{"id":1256,"href":"https:\/\/agora.xtec.cat\/iescanmargarit\/wp-json\/wp\/v2\/pages\/496\/revisions\/1256"}],"wp:attachment":[{"href":"https:\/\/agora.xtec.cat\/iescanmargarit\/wp-json\/wp\/v2\/media?parent=496"}],"curies":[{"name":"wp","href":"https:\/\/api.w.org\/{rel}","templated":true}]}}