{"id":46,"date":"2023-07-01T00:01:45","date_gmt":"2023-06-30T22:01:45","guid":{"rendered":"http:\/\/agora.xtec.cat\/iescanmargarit\/?page_id=46"},"modified":"2025-09-01T20:08:46","modified_gmt":"2025-09-01T18:08:46","slug":"organigrama","status":"publish","type":"page","link":"https:\/\/agora.xtec.cat\/iescanmargarit\/linstitut\/organigrama\/","title":{"rendered":"Organigrama"},"content":{"rendered":"<p><strong>EQUIP DIRECTIU<\/strong><\/p>\n<table style=\"width: 62.9262%;\">\n<tbody>\n<tr>\n<td style=\"width: 47.6379%;\">Antonio Garc\u00eda Garc\u00eda<\/td>\n<td style=\"width: 44.4488%;\">Director<\/td>\n<\/tr>\n<tr>\n<td style=\"width: 47.6379%;\">Raquel Merino Mart\u00edn<\/td>\n<td style=\"width: 44.4488%;\">Cap d&#8217;Estudis<\/td>\n<\/tr>\n<tr>\n<td style=\"width: 47.6379%;\">Laura P\u00e9rez Labara<\/td>\n<td style=\"width: 44.4488%;\">Secret\u00e0ria<\/td>\n<\/tr>\n<tr>\n<td style=\"width: 47.6379%;\">Sara Roig Morales<\/td>\n<td style=\"width: 44.4488%;\">Coordinadora Pedag\u00f2gica<\/td>\n<\/tr>\n<tr>\n<td style=\"width: 47.6379%;\">Cristian Ramos Barrueco<\/td>\n<td style=\"width: 44.4488%;\">Cap d&#8217;Estudis FP<\/td>\n<\/tr>\n<\/tbody>\n<\/table>\n<p><strong>COORDINADORS DE NIVELL<\/strong><\/p>\n<table style=\"width: 56.2948%;\">\n<tbody>\n<tr>\n<td style=\"width: 37.9131%;\">Dora Gimeno<\/td>\n<td style=\"width: 41.9431%;\">Coordinadora de 1r<\/td>\n<\/tr>\n<tr>\n<td style=\"width: 37.9131%;\">Montserrat D\u00edaz<\/td>\n<td style=\"width: 41.9431%;\">Coordinadora de 2n<\/td>\n<\/tr>\n<tr>\n<td style=\"width: 37.9131%;\">Maria S\u00e1nchez<\/td>\n<td style=\"width: 41.9431%;\">Coordinadora de 3r<\/td>\n<\/tr>\n<tr>\n<td style=\"width: 37.9131%;\">Sergi Cruz<\/td>\n<td style=\"width: 41.9431%;\">Coordinador de 4t<\/td>\n<\/tr>\n<\/tbody>\n<\/table>\n<p><strong>CAPS DE DEPARTAMENT<\/strong><\/p>\n<table style=\"height: 170px; width: 56.6531%;\">\n<tbody>\n<tr style=\"height: 31px;\">\n<td style=\"height: 31px; width: 66.4456%;\">Expressi\u00f3<\/td>\n<td style=\"height: 31px; width: 110.898%;\">N\u00faria Gabarr\u00f3n<\/td>\n<\/tr>\n<tr style=\"height: 31px;\">\n<td style=\"height: 31px; width: 66.4456%;\">Ci\u00e8ncies<\/td>\n<td style=\"height: 31px; width: 110.898%;\">Ismael Pe\u00f1a<\/td>\n<\/tr>\n<tr style=\"height: 31px;\">\n<td style=\"height: 31px; width: 66.4456%;\">Lleng\u00fces<\/td>\n<td style=\"height: 31px; width: 110.898%;\">Marc Catal\u00e0<\/td>\n<\/tr>\n<tr style=\"height: 31px;\">\n<td style=\"height: 31px; width: 66.4456%;\">CFGM SMX<\/td>\n<td style=\"height: 31px; width: 110.898%;\">Maite Lluch<\/td>\n<\/tr>\n<tr style=\"height: 23px;\">\n<td style=\"width: 66.4456%; height: 23px;\">CFGM CAI<\/td>\n<td style=\"width: 110.898%; height: 23px;\">Albert Vela<\/td>\n<\/tr>\n<tr style=\"height: 23px;\">\n<td style=\"width: 66.4456%; height: 23px;\">CFGM GUIAMN<\/td>\n<td style=\"width: 110.898%; height: 23px;\">Adri\u00e0 Maestre<\/td>\n<\/tr>\n<\/tbody>\n<\/table>\n<p><strong>ALTRES COORDINACIONS<\/strong><\/p>\n<table style=\"width: 57.3485%;\">\n<tbody>\n<tr>\n<td style=\"width: 72.9817%;\">Coordinaci\u00f3 digital<\/td>\n<td style=\"width: 104.645%;\">Maite Lluch<\/td>\n<\/tr>\n<tr>\n<td style=\"width: 72.9817%;\">Coordinaci\u00f3 LIC<\/td>\n<td style=\"width: 104.645%;\">Maria S\u00e1nchez<\/td>\n<\/tr>\n<tr>\n<td style=\"width: 72.9817%;\">Coordinaci\u00f3 Riscos Laborals<\/td>\n<td style=\"width: 104.645%;\">Maria Manzano<\/td>\n<\/tr>\n<tr>\n<td style=\"width: 72.9817%;\">Coordinaci\u00f3 Coeducaci\u00f3<\/td>\n<td style=\"width: 104.645%;\">N\u00faria Gabarr\u00f3n<\/td>\n<\/tr>\n<\/tbody>\n<\/table>\n","protected":false},"excerpt":{"rendered":"<p>EQUIP DIRECTIU Antonio Garc\u00eda Garc\u00eda Director Raquel Merino Mart\u00edn Cap d&#8217;Estudis Laura P\u00e9rez Labara Secret\u00e0ria Sara Roig Morales Coordinadora Pedag\u00f2gica Cristian Ramos Barrueco Cap d&#8217;Estudis FP COORDINADORS DE NIVELL Dora Gimeno Coordinadora de 1r Montserrat D\u00edaz Coordinadora de 2n Maria S\u00e1nchez Coordinadora de 3r Sergi Cruz Coordinador de 4t CAPS DE DEPARTAMENT Expressi\u00f3 N\u00faria Gabarr\u00f3n [&hellip;]<\/p>\n","protected":false},"author":1,"featured_media":0,"parent":19,"menu_order":40,"comment_status":"closed","ping_status":"closed","template":"","meta":{"_bbp_topic_count":0,"_bbp_reply_count":0,"_bbp_total_topic_count":0,"_bbp_total_reply_count":0,"_bbp_voice_count":0,"_bbp_anonymous_reply_count":0,"_bbp_topic_count_hidden":0,"_bbp_reply_count_hidden":0,"_bbp_forum_subforum_count":0,"site-sidebar-layout":"default","site-content-layout":"","ast-site-content-layout":"default","site-content-style":"default","site-sidebar-style":"default","ast-global-header-display":"","ast-banner-title-visibility":"","ast-main-header-display":"","ast-hfb-above-header-display":"","ast-hfb-below-header-display":"","ast-hfb-mobile-header-display":"","site-post-title":"","ast-breadcrumbs-content":"","ast-featured-img":"","footer-sml-layout":"","theme-transparent-header-meta":"","adv-header-id-meta":"","stick-header-meta":"","header-above-stick-meta":"","header-main-stick-meta":"","header-below-stick-meta":"","astra-migrate-meta-layouts":"set","ast-page-background-enabled":"default","ast-page-background-meta":{"desktop":{"background-color":"var(--ast-global-color-4)","background-image":"","background-repeat":"repeat","background-position":"center center","background-size":"auto","background-attachment":"scroll","background-type":"","background-media":"","overlay-type":"","overlay-color":"","overlay-opacity":"","overlay-gradient":""},"tablet":{"background-color":"","background-image":"","background-repeat":"repeat","background-position":"center center","background-size":"auto","background-attachment":"scroll","background-type":"","background-media":"","overlay-type":"","overlay-color":"","overlay-opacity":"","overlay-gradient":""},"mobile":{"background-color":"","background-image":"","background-repeat":"repeat","background-position":"center center","background-size":"auto","background-attachment":"scroll","background-type":"","background-media":"","overlay-type":"","overlay-color":"","overlay-opacity":"","overlay-gradient":""}},"ast-content-background-meta":{"desktop":{"background-color":"var(--ast-global-color-5)","background-image":"","background-repeat":"repeat","background-position":"center center","background-size":"auto","background-attachment":"scroll","background-type":"","background-media":"","overlay-type":"","overlay-color":"","overlay-opacity":"","overlay-gradient":""},"tablet":{"background-color":"var(--ast-global-color-5)","background-image":"","background-repeat":"repeat","background-position":"center center","background-size":"auto","background-attachment":"scroll","background-type":"","background-media":"","overlay-type":"","overlay-color":"","overlay-opacity":"","overlay-gradient":""},"mobile":{"background-color":"var(--ast-global-color-5)","background-image":"","background-repeat":"repeat","background-position":"center center","background-size":"auto","background-attachment":"scroll","background-type":"","background-media":"","overlay-type":"","overlay-color":"","overlay-opacity":"","overlay-gradient":""}},"footnotes":""},"class_list":["post-46","page","type-page","status-publish","hentry"],"post_mailing_queue_ids":[],"_links":{"self":[{"href":"https:\/\/agora.xtec.cat\/iescanmargarit\/wp-json\/wp\/v2\/pages\/46","targetHints":{"allow":["GET"]}}],"collection":[{"href":"https:\/\/agora.xtec.cat\/iescanmargarit\/wp-json\/wp\/v2\/pages"}],"about":[{"href":"https:\/\/agora.xtec.cat\/iescanmargarit\/wp-json\/wp\/v2\/types\/page"}],"author":[{"embeddable":true,"href":"https:\/\/agora.xtec.cat\/iescanmargarit\/wp-json\/wp\/v2\/users\/1"}],"replies":[{"embeddable":true,"href":"https:\/\/agora.xtec.cat\/iescanmargarit\/wp-json\/wp\/v2\/comments?post=46"}],"version-history":[{"count":6,"href":"https:\/\/agora.xtec.cat\/iescanmargarit\/wp-json\/wp\/v2\/pages\/46\/revisions"}],"predecessor-version":[{"id":3039,"href":"https:\/\/agora.xtec.cat\/iescanmargarit\/wp-json\/wp\/v2\/pages\/46\/revisions\/3039"}],"up":[{"embeddable":true,"href":"https:\/\/agora.xtec.cat\/iescanmargarit\/wp-json\/wp\/v2\/pages\/19"}],"wp:attachment":[{"href":"https:\/\/agora.xtec.cat\/iescanmargarit\/wp-json\/wp\/v2\/media?parent=46"}],"curies":[{"name":"wp","href":"https:\/\/api.w.org\/{rel}","templated":true}]}}