{"id":2886,"date":"2025-07-02T12:50:46","date_gmt":"2025-07-02T10:50:46","guid":{"rendered":"https:\/\/agora.xtec.cat\/iescanmargarit\/?page_id=2886"},"modified":"2025-07-04T13:19:53","modified_gmt":"2025-07-04T11:19:53","slug":"borsa-de-treball","status":"publish","type":"page","link":"https:\/\/agora.xtec.cat\/iescanmargarit\/borsa-de-treball\/","title":{"rendered":"Borsa de treball"},"content":{"rendered":"\n<figure class=\"wp-block-image alignleft size-large is-resized\"><a href=\"https:\/\/agora.xtec.cat\/iescanmargarit\/wp-content\/uploads\/usu2416\/2025\/07\/Copia-de-Organigrama-1.png\"><img loading=\"lazy\" decoding=\"async\" width=\"1024\" height=\"1024\" src=\"https:\/\/agora.xtec.cat\/iescanmargarit\/wp-content\/uploads\/usu2416\/2025\/07\/Copia-de-Organigrama-1-1024x1024.png\" alt=\"\" class=\"wp-image-2929\" style=\"width:287px;height:auto\" srcset=\"https:\/\/agora.xtec.cat\/iescanmargarit\/wp-content\/uploads\/usu2416\/2025\/07\/Copia-de-Organigrama-1-1024x1024.png 1024w, https:\/\/agora.xtec.cat\/iescanmargarit\/wp-content\/uploads\/usu2416\/2025\/07\/Copia-de-Organigrama-1-300x300.png 300w, https:\/\/agora.xtec.cat\/iescanmargarit\/wp-content\/uploads\/usu2416\/2025\/07\/Copia-de-Organigrama-1-150x150.png 150w, https:\/\/agora.xtec.cat\/iescanmargarit\/wp-content\/uploads\/usu2416\/2025\/07\/Copia-de-Organigrama-1-768x768.png 768w, https:\/\/agora.xtec.cat\/iescanmargarit\/wp-content\/uploads\/usu2416\/2025\/07\/Copia-de-Organigrama-1-1536x1536.png 1536w, https:\/\/agora.xtec.cat\/iescanmargarit\/wp-content\/uploads\/usu2416\/2025\/07\/Copia-de-Organigrama-1.png 1654w\" sizes=\"auto, (max-width: 1024px) 100vw, 1024px\" \/><\/a><\/figure>\n\n\n\n<p><strong>Sol\u00b7licitud d&#8217;inscripci\u00f3 a la borsa de treball de l&#8217;INS Can Margarit. <\/strong><\/p>\n\n\n\n<p>Omplint <a href=\"https:\/\/forms.gle\/GKKaBb9SMSyhv1ud9\">aquest formulari <\/a>formalitzar\u00e0s la teva inscripci\u00f3 a la borsa de treball de l&#8217;INS Can Margarit. D&#8217;aquesta forma rebr\u00e0s les ofertes de feina pertinents i corresponents a la teva formaci\u00f3 acad\u00e8mica.<\/p>\n","protected":false},"excerpt":{"rendered":"<p>Sol\u00b7licitud d&#8217;inscripci\u00f3 a la borsa de treball de l&#8217;INS Can Margarit. Omplint aquest formulari formalitzar\u00e0s la teva inscripci\u00f3 a la borsa de treball de l&#8217;INS Can Margarit. D&#8217;aquesta forma rebr\u00e0s les ofertes de feina pertinents i corresponents a la teva formaci\u00f3 acad\u00e8mica.<\/p>\n","protected":false},"author":1,"featured_media":0,"parent":0,"menu_order":0,"comment_status":"closed","ping_status":"close","template":"","meta":{"_bbp_topic_count":0,"_bbp_reply_count":0,"_bbp_total_topic_count":0,"_bbp_total_reply_count":0,"_bbp_voice_count":0,"_bbp_anonymous_reply_count":0,"_bbp_topic_count_hidden":0,"_bbp_reply_count_hidden":0,"_bbp_forum_subforum_count":0,"site-sidebar-layout":"default","site-content-layout":"","ast-site-content-layout":"default","site-content-style":"default","site-sidebar-style":"default","ast-global-header-display":"","ast-banner-title-visibility":"","ast-main-header-display":"","ast-hfb-above-header-display":"","ast-hfb-below-header-display":"","ast-hfb-mobile-header-display":"","site-post-title":"","ast-breadcrumbs-content":"","ast-featured-img":"","footer-sml-layout":"","theme-transparent-header-meta":"","adv-header-id-meta":"","stick-header-meta":"","header-above-stick-meta":"","header-main-stick-meta":"","header-below-stick-meta":"","astra-migrate-meta-layouts":"set","ast-page-background-enabled":"default","ast-page-background-meta":{"desktop":{"background-color":"var(--ast-global-color-4)","background-image":"","background-repeat":"repeat","background-position":"center center","background-size":"auto","background-attachment":"scroll","background-type":"","background-media":"","overlay-type":"","overlay-color":"","overlay-opacity":"","overlay-gradient":""},"tablet":{"background-color":"","background-image":"","background-repeat":"repeat","background-position":"center center","background-size":"auto","background-attachment":"scroll","background-type":"","background-media":"","overlay-type":"","overlay-color":"","overlay-opacity":"","overlay-gradient":""},"mobile":{"background-color":"","background-image":"","background-repeat":"repeat","background-position":"center center","background-size":"auto","background-attachment":"scroll","background-type":"","background-media":"","overlay-type":"","overlay-color":"","overlay-opacity":"","overlay-gradient":""}},"ast-content-background-meta":{"desktop":{"background-color":"var(--ast-global-color-5)","background-image":"","background-repeat":"repeat","background-position":"center center","background-size":"auto","background-attachment":"scroll","background-type":"","background-media":"","overlay-type":"","overlay-color":"","overlay-opacity":"","overlay-gradient":""},"tablet":{"background-color":"var(--ast-global-color-5)","background-image":"","background-repeat":"repeat","background-position":"center center","background-size":"auto","background-attachment":"scroll","background-type":"","background-media":"","overlay-type":"","overlay-color":"","overlay-opacity":"","overlay-gradient":""},"mobile":{"background-color":"var(--ast-global-color-5)","background-image":"","background-repeat":"repeat","background-position":"center center","background-size":"auto","background-attachment":"scroll","background-type":"","background-media":"","overlay-type":"","overlay-color":"","overlay-opacity":"","overlay-gradient":""}},"footnotes":""},"class_list":["post-2886","page","type-page","status-publish","hentry"],"post_mailing_queue_ids":[],"_links":{"self":[{"href":"https:\/\/agora.xtec.cat\/iescanmargarit\/wp-json\/wp\/v2\/pages\/2886","targetHints":{"allow":["GET"]}}],"collection":[{"href":"https:\/\/agora.xtec.cat\/iescanmargarit\/wp-json\/wp\/v2\/pages"}],"about":[{"href":"https:\/\/agora.xtec.cat\/iescanmargarit\/wp-json\/wp\/v2\/types\/page"}],"author":[{"embeddable":true,"href":"https:\/\/agora.xtec.cat\/iescanmargarit\/wp-json\/wp\/v2\/users\/1"}],"replies":[{"embeddable":true,"href":"https:\/\/agora.xtec.cat\/iescanmargarit\/wp-json\/wp\/v2\/comments?post=2886"}],"version-history":[{"count":4,"href":"https:\/\/agora.xtec.cat\/iescanmargarit\/wp-json\/wp\/v2\/pages\/2886\/revisions"}],"predecessor-version":[{"id":2932,"href":"https:\/\/agora.xtec.cat\/iescanmargarit\/wp-json\/wp\/v2\/pages\/2886\/revisions\/2932"}],"wp:attachment":[{"href":"https:\/\/agora.xtec.cat\/iescanmargarit\/wp-json\/wp\/v2\/media?parent=2886"}],"curies":[{"name":"wp","href":"https:\/\/api.w.org\/{rel}","templated":true}]}}