{"id":2808,"date":"2025-06-15T13:07:18","date_gmt":"2025-06-15T11:07:18","guid":{"rendered":"https:\/\/agora.xtec.cat\/iescanmargarit\/?page_id=2808"},"modified":"2026-03-24T13:47:51","modified_gmt":"2026-03-24T12:47:51","slug":"cfgm-calendari-i-proces-de-preinscripcio","status":"publish","type":"page","link":"https:\/\/agora.xtec.cat\/iescanmargarit\/secretaria\/cfgm-calendari-i-proces-de-preinscripcio\/","title":{"rendered":"CFGM. Calendari i proc\u00e9s de preinscripci\u00f3."},"content":{"rendered":"<p style=\"text-align: center;\"><span style=\"color: #0000ff;\"><strong>PREINSCRIPCI\u00d3 2026-2027<\/strong><\/span><\/p>\n<table style=\"width: 100%; height: 1823px;\" width=\"650\">\n<tbody>\n<tr style=\"height: 11px;\">\n<td style=\"height: 11px; text-align: center;\" width=\"347\">\n<p style=\"text-align: left;\"><strong>CALENDARI PREINSCRIPCI\u00d3 26\/27<\/strong><\/p>\n<\/td>\n<td style=\"height: 11px; text-align: center;\" width=\"302\">\n<p style=\"text-align: left;\"><strong>DATES<\/strong><\/p>\n<\/td>\n<\/tr>\n<tr style=\"height: 79px;\">\n<td style=\"height: 79px;\" width=\"347\">\n<p>Difusi\u00f3 de l\u2019oferta<\/p>\n<\/td>\n<td style=\"height: 79px;\" width=\"302\">\n<p><strong>22 de maig<\/strong><\/p>\n<\/td>\n<\/tr>\n<tr style=\"height: 111px;\">\n<td style=\"height: 111px;\" width=\"347\">\n<p>Per\u00edode de <strong><u>presentaci\u00f3 de<\/u><\/strong><u> <strong>sol\u00b7licituds<\/strong> (electr\u00f2nica o suport inform\u00e0tic)<\/u><\/p>\n<\/td>\n<td style=\"height: 111px;\" width=\"302\">\n<p><strong>del 26 maig a l\u20191 juny <\/strong>(Presentaci\u00f3 documentaci\u00f3 fins el 2)<\/p>\n<\/td>\n<\/tr>\n<tr style=\"height: 79px;\">\n<td style=\"height: 79px;\" width=\"347\">\n<p>Publicaci\u00f3 de les <u>llistes de sol\u00b7licituds amb puntuaci\u00f3 provisional<\/u><\/p>\n<\/td>\n<td style=\"height: 79px;\" width=\"302\">\n<p><strong>29 de juny<\/strong><\/p>\n<\/td>\n<\/tr>\n<tr style=\"height: 79px;\">\n<td style=\"height: 79px;\" width=\"347\">\n<p>Termini per presentar <u>reclamacions<\/u><\/p>\n<\/td>\n<td style=\"height: 79px;\" width=\"302\">\n<p><strong>del 29 juny al 2 juliol<\/strong><\/p>\n<\/td>\n<\/tr>\n<tr style=\"height: 79px;\">\n<td style=\"height: 79px;\" width=\"347\">\n<p>Sorteig <u>n\u00famero desempat<\/u><\/p>\n<\/td>\n<td style=\"height: 79px;\" width=\"302\">\n<p><strong>6 de juliol<\/strong><\/p>\n<\/td>\n<\/tr>\n<tr style=\"height: 79px;\">\n<td style=\"height: 79px;\" width=\"347\">\n<p>Publicaci\u00f3 de les <u>llistes amb la puntuaci\u00f3 definitiva<\/u><\/p>\n<\/td>\n<td style=\"height: 79px;\" width=\"302\">\n<p><strong>7 de juliol<\/strong><\/p>\n<\/td>\n<\/tr>\n<tr style=\"height: 79px;\">\n<td style=\"height: 79px;\" width=\"347\">\n<p>Publicaci\u00f3 oferta final<\/p>\n<\/td>\n<td style=\"height: 79px;\" width=\"302\">\n<p><strong>10 de juliol<\/strong><\/p>\n<\/td>\n<\/tr>\n<tr style=\"height: 79px;\">\n<td style=\"height: 79px;\" width=\"347\">\n<p>Publicaci\u00f3 de places 1a assignaci\u00f3<\/p>\n<\/td>\n<td style=\"height: 79px;\" width=\"302\">\n<p><strong>10 de juliol<\/strong><\/p>\n<\/td>\n<\/tr>\n<tr style=\"height: 572px;\">\n<td style=\"height: 487px;\" width=\"347\">\n<p>Per\u00edode de <strong><em><u>confirmaci\u00f3 1a matr\u00edcula online<\/u><\/em><\/strong><\/p>\n<p>En aquest per\u00edode pots:<\/p>\n<ul>\n<li><strong>Confirmar la matr\u00edcula<\/strong>\u00a0en l\u00ednia si acceptes la pla\u00e7a assignada en la segona tanda d&#8217;assignaci\u00f3; o<\/li>\n<li><strong>Renunciar<\/strong>\u00a0a la pla\u00e7a assignada; o<\/li>\n<li>Indicar que vols participar al segon proc\u00e9s per tal de millorar l&#8217;assignaci\u00f3 obtinguda. Si no obtens una millor assignaci\u00f3 a la segona tanda, tindr\u00e0s garantida la pla\u00e7a assignada en aquesta primera tanda.<\/li>\n<\/ul>\n<p>Has de tenir en compte que si renuncies o no fas la confirmaci\u00f3 de matr\u00edcula en l\u00ednia, perdr\u00e0s la pla\u00e7a assignada i quedar\u00e0s excl\u00f2s\/osa del proc\u00e9s.<\/p>\n<\/td>\n<td style=\"height: 487px;\" width=\"302\">\n<p><strong>10 al 14 de juliol<\/strong><\/p>\n<\/td>\n<\/tr>\n<tr style=\"height: 140px;\">\n<td style=\"height: 93px;\" width=\"347\">\n<p>Per\u00edode de <strong><em><u>matr\u00edcula 1a assignaci\u00f3<\/u><\/em><\/strong><\/p>\n<\/td>\n<td style=\"height: 93px;\" width=\"302\">\n<p><strong>10 al 16 de juliol\u00a0<\/strong><strong>(fins les 14h)<\/strong><\/p>\n<\/td>\n<\/tr>\n<tr style=\"height: 79px;\">\n<td style=\"height: 79px;\" width=\"347\">\n<p>Publicaci\u00f3 de places 2a assignaci\u00f3<\/p>\n<\/td>\n<td style=\"height: 79px;\" width=\"302\">\n<p><strong>24 de juliol<\/strong><\/p>\n<\/td>\n<\/tr>\n<tr style=\"height: 349px;\">\n<td style=\"height: 349px;\" width=\"347\">\n<p>Per\u00edode de <strong><em><u>confirmaci\u00f3 2a matr\u00edcula online <\/u><\/em><\/strong>En aquest per\u00edode pots:<\/p>\n<ul>\n<li><strong>Confirmar la matr\u00edcula<\/strong>\u00a0en l\u00ednia si tens assignada una pla\u00e7a a la segona tanda d&#8217;assignaci\u00f3; o<\/li>\n<li><strong>Renunciar<\/strong>\u00a0a la pla\u00e7a assignada.<\/li>\n<\/ul>\n<p>Has de tenir en compte que si no fas la confirmaci\u00f3 de matr\u00edcula en l\u00ednia quedar\u00e0s excl\u00f2s\/osa del proc\u00e9s.<\/p>\n<\/td>\n<td style=\"height: 349px;\" width=\"302\">\n<p><strong>24 i 28 de juliol<\/strong><\/p>\n<\/td>\n<\/tr>\n<tr style=\"height: 140px;\">\n<td style=\"height: 140px;\" width=\"347\">\n<p>Per\u00edode de <strong><em><u>matr\u00edcula 2a assignaci\u00f3<\/u><\/em><\/strong><\/p>\n<\/td>\n<td style=\"height: 140px;\" width=\"302\">\n<p><strong>24 al 29 de juliol<\/strong><\/p>\n<\/td>\n<\/tr>\n<\/tbody>\n<\/table>\n\n\n<p><\/p>\n\n\n\n<p>Informaci\u00f3 per fer la preinscripci\u00f3<strong>: &nbsp;<\/strong><strong><a href=\"https:\/\/preinscripcio.gencat.cat\/ca\/estudis\/fp-grau-mitja\/inici\/\">https:\/\/preinscripcio.gencat.cat\/ca\/estudis\/fp-grau-mitja\/inici\/<\/a><\/strong><strong><\/strong><\/p>\n\n\n\n<p>Totes les sol\u00b7licituds es fan electr\u00f2nicament, per tant,&nbsp;no hi ha la&nbsp;possibilitat de presentar la preinscripci\u00f3 en paper.<\/p>\n\n\n\n<ul class=\"wp-block-list\">\n<li>No es pot lliurar cap documentaci\u00f3 presencialment ni per correu electr\u00f2nic al centre educatiu que indiqueu en primera opci\u00f3. \u00c9s recomanable adjuntar la documentaci\u00f3 acreditativa de la qualificaci\u00f3 mitjana d\u2019estudis segons les diferents vies.<\/li>\n\n\n\n<li>Hi ha dos tipus de sol\u00b7licitud:<ul><li>Electr\u00f2nica: cal identificaci\u00f3 digital<\/li><\/ul>\n<ul class=\"wp-block-list\">\n<li>Suport inform\u00e0tic: sense identificaci\u00f3 digital (ha d\u2019anar acompanyat de la documentaci\u00f3 acreditativa que s\u2019hi especifiqui i correspongui).<\/li>\n<\/ul>\n<\/li>\n<\/ul>\n\n\n\n<p><strong>&nbsp;Important<\/strong>: En tots els casos en qu\u00e8 es preveu obtenir la qualificaci\u00f3 mitjana de les bases de dades del Departament d&#8217;Educaci\u00f3 i Formaci\u00f3 Professional, si al final no es pot obtenir i no es mostra en la&nbsp;<strong>llista de sol\u00b7licituds de preinscripci\u00f3 al centre amb la puntuaci\u00f3 provisional<\/strong>, cal fer una reclamaci\u00f3. Per fer-ho, s&#8217;ha d&#8217;utilitzar l&#8217;eina electr\u00f2nica per enviar l&#8217;escrit de reclamaci\u00f3 i el document de certificaci\u00f3 de la qualificaci\u00f3 mitjana durant el per\u00edode establert al calendari per fer-ho.<\/p>\n\n\n\n<p>(Durant el termini de presentaci\u00f3 de sol\u00b7licituds, es poden modificar les dades al formulari)<\/p>\n\n\n\n<p><strong><a href=\"https:\/\/preinscripcio.gencat.cat\/ca\/estudis\/fp-grau-superior\/informat\/criteris-assignacio\/#faq-com-s-assignen-les-places\">Com s&#8217;assignen les places?<\/a><\/strong><\/p>\n\n\n\n<p>Hi ha dos tandes d&#8217;assignaci\u00f3, d&#8217;acord amb les normes d&#8217;ordenaci\u00f3 de les sol\u00b7licituds.<\/p>\n\n\n\n<p>Despr\u00e9s de la primera tanda d&#8217;assignaci\u00f3, les persones que heu obtingut una pla\u00e7a coincident amb la vostra primera petici\u00f3 podeu:<\/p>\n\n\n\n<ul class=\"wp-block-list\">\n<li>renunciar a la pla\u00e7a assignada; o<\/li>\n\n\n\n<li>confirmar la matr\u00edcula en l\u00ednia i completar la matr\u00edcula adre\u00e7ant-vos al centre educatiu en el per\u00edode establert. En cas que no feu aquestes dues accions de confirmar i completar la matr\u00edcula, perdreu la pla\u00e7a assignada i quedareu exclosos del proc\u00e9s; o<\/li>\n\n\n\n<li>indicar que voleu participar a la segona tanda per tal de millorar l\u2019assignaci\u00f3 obtinguda a la primera tanda. Si no obteniu una millor assignaci\u00f3, tindreu garantida la pla\u00e7a assignada en aquesta primera tanda.<\/li>\n<\/ul>\n\n\n\n<p>La segona tanda d&#8217;assignaci\u00f3 es fa seguint els mateixos criteris d&#8217;ordenaci\u00f3 per\u00f2 inclou tamb\u00e9 les places assignades a la primera tanda d\u2019assignaci\u00f3 no matriculades. Les persones que heu obtingut una pla\u00e7a, podeu:<\/p>\n\n\n\n<ul class=\"wp-block-list\">\n<li>renunciar a la pla\u00e7a assignada; o<\/li>\n\n\n\n<li>confirmar la matr\u00edcula online i completar la matr\u00edcula adre\u00e7ant-vos al centre educatiu en el per\u00edode establert. En cas que no feu aquestes dues accions de confirmar i completar la matr\u00edcula, perdreu la pla\u00e7a assignada i quedareu exclosos del proc\u00e9s.<\/li>\n<\/ul>\n","protected":false},"excerpt":{"rendered":"<p>PREINSCRIPCI\u00d3 2026-2027 CALENDARI PREINSCRIPCI\u00d3 26\/27 DATES Difusi\u00f3 de l\u2019oferta 22 de maig Per\u00edode de presentaci\u00f3 de sol\u00b7licituds (electr\u00f2nica o suport inform\u00e0tic) del 26 maig a l\u20191 juny (Presentaci\u00f3 documentaci\u00f3 fins el 2) Publicaci\u00f3 de les llistes de sol\u00b7licituds amb puntuaci\u00f3 provisional 29 de juny Termini per presentar reclamacions del 29 juny al 2 juliol Sorteig [&hellip;]<\/p>\n","protected":false},"author":4,"featured_media":0,"parent":81,"menu_order":0,"comment_status":"closed","ping_status":"closed","template":"","meta":{"_bbp_topic_count":0,"_bbp_reply_count":0,"_bbp_total_topic_count":0,"_bbp_total_reply_count":0,"_bbp_voice_count":0,"_bbp_anonymous_reply_count":0,"_bbp_topic_count_hidden":0,"_bbp_reply_count_hidden":0,"_bbp_forum_subforum_count":0,"site-sidebar-layout":"default","site-content-layout":"","ast-site-content-layout":"default","site-content-style":"default","site-sidebar-style":"default","ast-global-header-display":"","ast-banner-title-visibility":"","ast-main-header-display":"","ast-hfb-above-header-display":"","ast-hfb-below-header-display":"","ast-hfb-mobile-header-display":"","site-post-title":"","ast-breadcrumbs-content":"","ast-featured-img":"","footer-sml-layout":"","theme-transparent-header-meta":"","adv-header-id-meta":"","stick-header-meta":"","header-above-stick-meta":"","header-main-stick-meta":"","header-below-stick-meta":"","astra-migrate-meta-layouts":"set","ast-page-background-enabled":"default","ast-page-background-meta":{"desktop":{"background-color":"var(--ast-global-color-4)","background-image":"","background-repeat":"repeat","background-position":"center center","background-size":"auto","background-attachment":"scroll","background-type":"","background-media":"","overlay-type":"","overlay-color":"","overlay-opacity":"","overlay-gradient":""},"tablet":{"background-color":"","background-image":"","background-repeat":"repeat","background-position":"center center","background-size":"auto","background-attachment":"scroll","background-type":"","background-media":"","overlay-type":"","overlay-color":"","overlay-opacity":"","overlay-gradient":""},"mobile":{"background-color":"","background-image":"","background-repeat":"repeat","background-position":"center center","background-size":"auto","background-attachment":"scroll","background-type":"","background-media":"","overlay-type":"","overlay-color":"","overlay-opacity":"","overlay-gradient":""}},"ast-content-background-meta":{"desktop":{"background-color":"var(--ast-global-color-5)","background-image":"","background-repeat":"repeat","background-position":"center center","background-size":"auto","background-attachment":"scroll","background-type":"","background-media":"","overlay-type":"","overlay-color":"","overlay-opacity":"","overlay-gradient":""},"tablet":{"background-color":"var(--ast-global-color-5)","background-image":"","background-repeat":"repeat","background-position":"center center","background-size":"auto","background-attachment":"scroll","background-type":"","background-media":"","overlay-type":"","overlay-color":"","overlay-opacity":"","overlay-gradient":""},"mobile":{"background-color":"var(--ast-global-color-5)","background-image":"","background-repeat":"repeat","background-position":"center center","background-size":"auto","background-attachment":"scroll","background-type":"","background-media":"","overlay-type":"","overlay-color":"","overlay-opacity":"","overlay-gradient":""}},"footnotes":""},"class_list":["post-2808","page","type-page","status-publish","hentry"],"post_mailing_queue_ids":[],"_links":{"self":[{"href":"https:\/\/agora.xtec.cat\/iescanmargarit\/wp-json\/wp\/v2\/pages\/2808","targetHints":{"allow":["GET"]}}],"collection":[{"href":"https:\/\/agora.xtec.cat\/iescanmargarit\/wp-json\/wp\/v2\/pages"}],"about":[{"href":"https:\/\/agora.xtec.cat\/iescanmargarit\/wp-json\/wp\/v2\/types\/page"}],"author":[{"embeddable":true,"href":"https:\/\/agora.xtec.cat\/iescanmargarit\/wp-json\/wp\/v2\/users\/4"}],"replies":[{"embeddable":true,"href":"https:\/\/agora.xtec.cat\/iescanmargarit\/wp-json\/wp\/v2\/comments?post=2808"}],"version-history":[{"count":6,"href":"https:\/\/agora.xtec.cat\/iescanmargarit\/wp-json\/wp\/v2\/pages\/2808\/revisions"}],"predecessor-version":[{"id":3155,"href":"https:\/\/agora.xtec.cat\/iescanmargarit\/wp-json\/wp\/v2\/pages\/2808\/revisions\/3155"}],"up":[{"embeddable":true,"href":"https:\/\/agora.xtec.cat\/iescanmargarit\/wp-json\/wp\/v2\/pages\/81"}],"wp:attachment":[{"href":"https:\/\/agora.xtec.cat\/iescanmargarit\/wp-json\/wp\/v2\/media?parent=2808"}],"curies":[{"name":"wp","href":"https:\/\/api.w.org\/{rel}","templated":true}]}}