{"id":2637,"date":"2024-06-26T08:33:37","date_gmt":"2024-06-26T06:33:37","guid":{"rendered":"https:\/\/agora.xtec.cat\/iescanmargarit\/?page_id=2637"},"modified":"2024-06-26T08:34:40","modified_gmt":"2024-06-26T06:34:40","slug":"eso-admissio-sollicituds-fora-de-termini","status":"publish","type":"page","link":"https:\/\/agora.xtec.cat\/iescanmargarit\/secretaria\/eso-admissio-sollicituds-fora-de-termini\/","title":{"rendered":"ESO. Admissi\u00f3 sol\u00b7licituds fora de termini"},"content":{"rendered":"<p dir=\"ltr\">Us informem que per a la presentaci\u00f3 de sol.licituds d\u2019admissi\u00f3 fora de termini cal fer la sol\u00b7licitud en l\u00ednia, mitjan\u00e7ant una sol\u00b7licitud electr\u00f2nica o en suport inform\u00e0tic (de manera similar a la Preinscripci\u00f3).<\/p>\n<p dir=\"ltr\">Cal anar a l\u2019enlla\u00e7 seg\u00fcent\u00a0<a href=\"https:\/\/educacio.gencat.cat\/ca\/tramits\/tramits-temes\/admissio-centre-fora-proces-preinscripcio?category=\" target=\"_blank\" rel=\"noopener\" data-saferedirecturl=\"https:\/\/www.google.com\/url?q=https:\/\/educacio.gencat.cat\/ca\/tramits\/tramits-temes\/admissio-centre-fora-proces-preinscripcio?category%3D&amp;source=gmail&amp;ust=1683888130373000&amp;usg=AOvVaw0p2C_nIPudeMf8TlYeKgg1\">Admissi\u00f3 a un centre educatiu fora del proc\u00e9s de preinscripci\u00f3<\/a>\u00a0i clicar\u00a0<a href=\"https:\/\/educacio.gencat.cat\/ca\/tramits\/tramits-temes\/admissio-centre-fora-proces-preinscripcio?category=&amp;moda=2\" target=\"_blank\" rel=\"noopener\" data-saferedirecturl=\"https:\/\/www.google.com\/url?q=https:\/\/educacio.gencat.cat\/ca\/tramits\/tramits-temes\/admissio-centre-fora-proces-preinscripcio?category%3D%26moda%3D2&amp;source=gmail&amp;ust=1683888130374000&amp;usg=AOvVaw0hIk4a2_TFXUDEetULYMqX\">Presentar la sol\u00b7licitud d\u2019admissi\u00f3 fora del proc\u00e9s de preinscripci\u00f3.<\/a><\/p>\n<div class=\"addtoany_share_save_container addtoany_content addtoany_content_bottom\">\n<div class=\"a2a_kit a2a_kit_size_25 addtoany_list\" data-a2a-url=\"https:\/\/agora.xtec.cat\/iescanmargarit\/portada\/informacio-sobre-el-procediment-dadmissio-de-sol-licituds-fora-de-termini-i-admissio-al-llarg-del-curs-escolar-23-24\/\" data-a2a-title=\"INFORMACI\u00d3 SOBRE EL PROCEDIMENT D\u2019ADMISSI\u00d3 DE SOL\u00b7LICITUDS FORA DE TERMINI I ADMISSI\u00d3 AL LLARG DEL CURS ESCOLAR 23-24.\"><\/div>\n<\/div>\n","protected":false},"excerpt":{"rendered":"<p>Us informem que per a la presentaci\u00f3 de sol.licituds d\u2019admissi\u00f3 fora de termini cal fer la sol\u00b7licitud en l\u00ednia, mitjan\u00e7ant una sol\u00b7licitud electr\u00f2nica o en suport inform\u00e0tic (de manera similar a la Preinscripci\u00f3). Cal anar a l\u2019enlla\u00e7 seg\u00fcent\u00a0Admissi\u00f3 a un centre educatiu fora del proc\u00e9s de preinscripci\u00f3\u00a0i clicar\u00a0Presentar la sol\u00b7licitud d\u2019admissi\u00f3 fora del proc\u00e9s de [&hellip;]<\/p>\n","protected":false},"author":4,"featured_media":0,"parent":81,"menu_order":0,"comment_status":"closed","ping_status":"closed","template":"","meta":{"_bbp_topic_count":0,"_bbp_reply_count":0,"_bbp_total_topic_count":0,"_bbp_total_reply_count":0,"_bbp_voice_count":0,"_bbp_anonymous_reply_count":0,"_bbp_topic_count_hidden":0,"_bbp_reply_count_hidden":0,"_bbp_forum_subforum_count":0,"site-sidebar-layout":"default","site-content-layout":"","ast-site-content-layout":"","site-content-style":"default","site-sidebar-style":"default","ast-global-header-display":"","ast-banner-title-visibility":"","ast-main-header-display":"","ast-hfb-above-header-display":"","ast-hfb-below-header-display":"","ast-hfb-mobile-header-display":"","site-post-title":"","ast-breadcrumbs-content":"","ast-featured-img":"","footer-sml-layout":"","theme-transparent-header-meta":"","adv-header-id-meta":"","stick-header-meta":"","header-above-stick-meta":"","header-main-stick-meta":"","header-below-stick-meta":"","astra-migrate-meta-layouts":"default","ast-page-background-enabled":"default","ast-page-background-meta":{"desktop":{"background-color":"var(--ast-global-color-4)","background-image":"","background-repeat":"repeat","background-position":"center center","background-size":"auto","background-attachment":"scroll","background-type":"","background-media":"","overlay-type":"","overlay-color":"","overlay-opacity":"","overlay-gradient":""},"tablet":{"background-color":"","background-image":"","background-repeat":"repeat","background-position":"center center","background-size":"auto","background-attachment":"scroll","background-type":"","background-media":"","overlay-type":"","overlay-color":"","overlay-opacity":"","overlay-gradient":""},"mobile":{"background-color":"","background-image":"","background-repeat":"repeat","background-position":"center center","background-size":"auto","background-attachment":"scroll","background-type":"","background-media":"","overlay-type":"","overlay-color":"","overlay-opacity":"","overlay-gradient":""}},"ast-content-background-meta":{"desktop":{"background-color":"var(--ast-global-color-5)","background-image":"","background-repeat":"repeat","background-position":"center center","background-size":"auto","background-attachment":"scroll","background-type":"","background-media":"","overlay-type":"","overlay-color":"","overlay-opacity":"","overlay-gradient":""},"tablet":{"background-color":"var(--ast-global-color-5)","background-image":"","background-repeat":"repeat","background-position":"center center","background-size":"auto","background-attachment":"scroll","background-type":"","background-media":"","overlay-type":"","overlay-color":"","overlay-opacity":"","overlay-gradient":""},"mobile":{"background-color":"var(--ast-global-color-5)","background-image":"","background-repeat":"repeat","background-position":"center center","background-size":"auto","background-attachment":"scroll","background-type":"","background-media":"","overlay-type":"","overlay-color":"","overlay-opacity":"","overlay-gradient":""}},"footnotes":""},"class_list":["post-2637","page","type-page","status-publish","hentry"],"post_mailing_queue_ids":[],"_links":{"self":[{"href":"https:\/\/agora.xtec.cat\/iescanmargarit\/wp-json\/wp\/v2\/pages\/2637","targetHints":{"allow":["GET"]}}],"collection":[{"href":"https:\/\/agora.xtec.cat\/iescanmargarit\/wp-json\/wp\/v2\/pages"}],"about":[{"href":"https:\/\/agora.xtec.cat\/iescanmargarit\/wp-json\/wp\/v2\/types\/page"}],"author":[{"embeddable":true,"href":"https:\/\/agora.xtec.cat\/iescanmargarit\/wp-json\/wp\/v2\/users\/4"}],"replies":[{"embeddable":true,"href":"https:\/\/agora.xtec.cat\/iescanmargarit\/wp-json\/wp\/v2\/comments?post=2637"}],"version-history":[{"count":2,"href":"https:\/\/agora.xtec.cat\/iescanmargarit\/wp-json\/wp\/v2\/pages\/2637\/revisions"}],"predecessor-version":[{"id":2639,"href":"https:\/\/agora.xtec.cat\/iescanmargarit\/wp-json\/wp\/v2\/pages\/2637\/revisions\/2639"}],"up":[{"embeddable":true,"href":"https:\/\/agora.xtec.cat\/iescanmargarit\/wp-json\/wp\/v2\/pages\/81"}],"wp:attachment":[{"href":"https:\/\/agora.xtec.cat\/iescanmargarit\/wp-json\/wp\/v2\/media?parent=2637"}],"curies":[{"name":"wp","href":"https:\/\/api.w.org\/{rel}","templated":true}]}}