{"id":2477,"date":"2024-01-30T16:15:57","date_gmt":"2024-01-30T15:15:57","guid":{"rendered":"https:\/\/agora.xtec.cat\/iescanmargarit\/?page_id=2477"},"modified":"2024-02-23T09:12:59","modified_gmt":"2024-02-23T08:12:59","slug":"pla-de-comunicacio","status":"publish","type":"page","link":"https:\/\/agora.xtec.cat\/iescanmargarit\/estrategia-digital-de-centre\/cultura-digital\/pla-de-comunicacio\/","title":{"rendered":"Pla de comunicaci\u00f3"},"content":{"rendered":"<h2 style=\"text-align: left;\">COMUNICACI\u00d3 INTERNA<\/h2>\n<h3>Amb els docents i PAS<\/h3>\n<p><img loading=\"lazy\" decoding=\"async\" class=\"wp-image-2489 alignleft\" src=\"https:\/\/agora.xtec.cat\/iescanmargarit\/wp-content\/uploads\/usu2416\/2024\/01\/logo_gmail.jpeg\" alt=\"\" width=\"125\" height=\"124\" srcset=\"https:\/\/agora.xtec.cat\/iescanmargarit\/wp-content\/uploads\/usu2416\/2024\/01\/logo_gmail.jpeg 225w, https:\/\/agora.xtec.cat\/iescanmargarit\/wp-content\/uploads\/usu2416\/2024\/01\/logo_gmail-150x150.jpeg 150w\" sizes=\"auto, (max-width: 125px) 100vw, 125px\" \/><\/p>\n<p>&nbsp;<\/p>\n<p style=\"text-align: left;\">Per correu electr\u00f2nic. Adre\u00e7a d&#8217;e-mail corporatiu nom+cognom@inscanmargarit.cat<\/p>\n<p>&nbsp;<\/p>\n<h3 style=\"text-align: left;\">Amb les fam\u00edlies<\/h3>\n<table class=\" alignleft\" style=\"width: 100%; border-collapse: collapse; border-style: none;\">\n<tbody>\n<tr>\n<td style=\"width: 25%; border-style: none;\"><img loading=\"lazy\" decoding=\"async\" class=\"wp-image-2489 aligncenter\" src=\"https:\/\/agora.xtec.cat\/iescanmargarit\/wp-content\/uploads\/usu2416\/2024\/01\/logo_gmail.jpeg\" alt=\"\" width=\"127\" height=\"126\" srcset=\"https:\/\/agora.xtec.cat\/iescanmargarit\/wp-content\/uploads\/usu2416\/2024\/01\/logo_gmail.jpeg 225w, https:\/\/agora.xtec.cat\/iescanmargarit\/wp-content\/uploads\/usu2416\/2024\/01\/logo_gmail-150x150.jpeg 150w\" sizes=\"auto, (max-width: 127px) 100vw, 127px\" \/><\/td>\n<td style=\"width: 25%; border-style: none;\"><img loading=\"lazy\" decoding=\"async\" class=\"wp-image-2490 aligncenter\" src=\"https:\/\/agora.xtec.cat\/iescanmargarit\/wp-content\/uploads\/usu2416\/2024\/01\/logo_ieduca.jpeg\" alt=\"\" width=\"154\" height=\"153\" srcset=\"https:\/\/agora.xtec.cat\/iescanmargarit\/wp-content\/uploads\/usu2416\/2024\/01\/logo_ieduca.jpeg 225w, https:\/\/agora.xtec.cat\/iescanmargarit\/wp-content\/uploads\/usu2416\/2024\/01\/logo_ieduca-150x150.jpeg 150w\" sizes=\"auto, (max-width: 154px) 100vw, 154px\" \/><\/td>\n<td style=\"width: 25%; border-style: none;\"><img loading=\"lazy\" decoding=\"async\" class=\"wp-image-2494 aligncenter\" src=\"https:\/\/agora.xtec.cat\/iescanmargarit\/wp-content\/uploads\/usu2416\/2024\/01\/logo_tokapp.jpeg\" alt=\"\" width=\"169\" height=\"168\" srcset=\"https:\/\/agora.xtec.cat\/iescanmargarit\/wp-content\/uploads\/usu2416\/2024\/01\/logo_tokapp.jpeg 225w, https:\/\/agora.xtec.cat\/iescanmargarit\/wp-content\/uploads\/usu2416\/2024\/01\/logo_tokapp-150x150.jpeg 150w\" sizes=\"auto, (max-width: 169px) 100vw, 169px\" \/><\/td>\n<td style=\"width: 25%; border-style: none;\"><img loading=\"lazy\" decoding=\"async\" class=\"wp-image-2497 aligncenter\" src=\"https:\/\/agora.xtec.cat\/iescanmargarit\/wp-content\/uploads\/usu2416\/2024\/01\/telefono.png\" alt=\"\" width=\"134\" height=\"134\" srcset=\"https:\/\/agora.xtec.cat\/iescanmargarit\/wp-content\/uploads\/usu2416\/2024\/01\/telefono.png 512w, https:\/\/agora.xtec.cat\/iescanmargarit\/wp-content\/uploads\/usu2416\/2024\/01\/telefono-300x300.png 300w, https:\/\/agora.xtec.cat\/iescanmargarit\/wp-content\/uploads\/usu2416\/2024\/01\/telefono-150x150.png 150w\" sizes=\"auto, (max-width: 134px) 100vw, 134px\" \/><\/td>\n<\/tr>\n<tr>\n<td style=\"width: 25%; border-style: none; text-align: center;\">Per correu electr\u00f2nic. Adre\u00e7a d&#8217;e-mail corporatiu per la fam\u00edlia de cada alumne al domini @inscanmargarit.cat<\/td>\n<td style=\"width: 25%; border-style: none; text-align: center;\">iEduca &#8211; Control d&#8217;assist\u00e8ncia, incid\u00e8ncies, qualificacions<\/td>\n<td style=\"width: 25%; border-style: none; text-align: center;\">TokApp &#8211; Pagaments, informaci\u00f3 general<\/td>\n<td style=\"width: 25%; border-style: none; text-align: center;\">Per Tel\u00e8fon: 936882463<\/td>\n<\/tr>\n<\/tbody>\n<\/table>\n<h3>Amb l&#8217;alumnat<\/h3>\n<table style=\"border-collapse: collapse; border-style: none; width: 100%;\">\n<tbody>\n<tr>\n<td style=\"width: 50%; border-style: none;\"><img loading=\"lazy\" decoding=\"async\" class=\"wp-image-2489 aligncenter\" src=\"https:\/\/agora.xtec.cat\/iescanmargarit\/wp-content\/uploads\/usu2416\/2024\/01\/logo_gmail.jpeg\" alt=\"\" width=\"160\" height=\"159\" srcset=\"https:\/\/agora.xtec.cat\/iescanmargarit\/wp-content\/uploads\/usu2416\/2024\/01\/logo_gmail.jpeg 225w, https:\/\/agora.xtec.cat\/iescanmargarit\/wp-content\/uploads\/usu2416\/2024\/01\/logo_gmail-150x150.jpeg 150w\" sizes=\"auto, (max-width: 160px) 100vw, 160px\" \/><\/td>\n<td style=\"width: 50%; border-style: none;\"><img loading=\"lazy\" decoding=\"async\" class=\"wp-image-2493 aligncenter\" src=\"https:\/\/agora.xtec.cat\/iescanmargarit\/wp-content\/uploads\/usu2416\/2024\/01\/logo_moodle.png\" alt=\"\" width=\"144\" height=\"143\" srcset=\"https:\/\/agora.xtec.cat\/iescanmargarit\/wp-content\/uploads\/usu2416\/2024\/01\/logo_moodle.png 225w, https:\/\/agora.xtec.cat\/iescanmargarit\/wp-content\/uploads\/usu2416\/2024\/01\/logo_moodle-150x150.png 150w\" sizes=\"auto, (max-width: 144px) 100vw, 144px\" \/><\/td>\n<\/tr>\n<tr>\n<td style=\"width: 50%; border-style: none; text-align: center;\">Per correu electr\u00f2nic. Adre\u00e7a d&#8217;e-mail corporatiu per a cada alumne nom+cognom@inscanmargarit.cat<\/td>\n<td style=\"width: 50%; border-style: none; text-align: center;\">Entorns virtuals d&#8217;aprenentatge: Moodle i Google Classroom<\/td>\n<\/tr>\n<\/tbody>\n<\/table>\n<h3>Amb la comunitat educativa<\/h3>\n<p>AMPA &#8211; per e-mail<\/p>\n<p>Consell escolar<\/p>\n<p>Ajuntament &#8211; per e-mail o tel\u00e8fon amb la regidoria d&#8217;educaci\u00f3<\/p>\n<p>&nbsp;<\/p>\n<h2 style=\"text-align: left;\">COMUNICACI\u00d3 EXTERNA<\/h2>\n<table style=\"width: 100%; border-collapse: collapse; border-style: none;\">\n<tbody>\n<tr>\n<td style=\"width: 25%; border-style: none;\"><img loading=\"lazy\" decoding=\"async\" class=\"wp-image-2491 aligncenter\" src=\"https:\/\/agora.xtec.cat\/iescanmargarit\/wp-content\/uploads\/usu2416\/2024\/01\/logo_ins.jpeg\" alt=\"\" width=\"135\" height=\"134\" srcset=\"https:\/\/agora.xtec.cat\/iescanmargarit\/wp-content\/uploads\/usu2416\/2024\/01\/logo_ins.jpeg 225w, https:\/\/agora.xtec.cat\/iescanmargarit\/wp-content\/uploads\/usu2416\/2024\/01\/logo_ins-150x150.jpeg 150w, https:\/\/agora.xtec.cat\/iescanmargarit\/wp-content\/uploads\/usu2416\/2024\/01\/logo_ins-200x199.jpeg 200w\" sizes=\"auto, (max-width: 135px) 100vw, 135px\" \/><\/td>\n<td style=\"width: 25%; border-style: none;\"><img loading=\"lazy\" decoding=\"async\" class=\"aligncenter wp-image-2492\" src=\"https:\/\/agora.xtec.cat\/iescanmargarit\/wp-content\/uploads\/usu2416\/2024\/01\/logo_instagram.jpeg\" alt=\"\" width=\"153\" height=\"152\" srcset=\"https:\/\/agora.xtec.cat\/iescanmargarit\/wp-content\/uploads\/usu2416\/2024\/01\/logo_instagram.jpeg 225w, https:\/\/agora.xtec.cat\/iescanmargarit\/wp-content\/uploads\/usu2416\/2024\/01\/logo_instagram-150x150.jpeg 150w\" sizes=\"auto, (max-width: 153px) 100vw, 153px\" \/><\/td>\n<td style=\"width: 25%; border-style: none;\"><img loading=\"lazy\" decoding=\"async\" class=\"aligncenter wp-image-2495\" src=\"https:\/\/agora.xtec.cat\/iescanmargarit\/wp-content\/uploads\/usu2416\/2024\/01\/logo_x.jpeg\" alt=\"\" width=\"115\" height=\"114\" srcset=\"https:\/\/agora.xtec.cat\/iescanmargarit\/wp-content\/uploads\/usu2416\/2024\/01\/logo_x.jpeg 225w, https:\/\/agora.xtec.cat\/iescanmargarit\/wp-content\/uploads\/usu2416\/2024\/01\/logo_x-150x150.jpeg 150w\" sizes=\"auto, (max-width: 115px) 100vw, 115px\" \/><\/td>\n<td style=\"width: 25%; border-style: none;\"><img loading=\"lazy\" decoding=\"async\" class=\"aligncenter wp-image-2496\" src=\"https:\/\/agora.xtec.cat\/iescanmargarit\/wp-content\/uploads\/usu2416\/2024\/01\/logo_youtube.jpeg\" alt=\"\" width=\"122\" height=\"121\" srcset=\"https:\/\/agora.xtec.cat\/iescanmargarit\/wp-content\/uploads\/usu2416\/2024\/01\/logo_youtube.jpeg 225w, https:\/\/agora.xtec.cat\/iescanmargarit\/wp-content\/uploads\/usu2416\/2024\/01\/logo_youtube-150x150.jpeg 150w\" sizes=\"auto, (max-width: 122px) 100vw, 122px\" \/><\/td>\n<\/tr>\n<tr>\n<td style=\"width: 25%; border-style: none;\">\n<p style=\"text-align: center;\">Lloc web de l&#8217;INS Can Margarit<br \/>\nhttps:\/\/agora.xtec.cat\/iescanmargarit\/<\/p>\n<\/td>\n<td style=\"width: 25%; border-style: none;\">\n<p style=\"text-align: center;\">Instagram<\/p>\n<p style=\"text-align: center;\">https:\/\/www.instagram.com\/ins_canmargarit\/<\/p>\n<\/td>\n<td style=\"width: 25%; border-style: none; text-align: center;\">\n<p style=\"text-align: center;\">X<\/p>\n<p>https:\/\/twitter.com\/ins_canmargarit?lang=ca<\/td>\n<td style=\"width: 25%; border-style: none; text-align: center;\">\n<p style=\"text-align: center;\">\u00a0YouTube<\/p>\n<p>https:\/\/www.youtube.com\/channel\/UCXEmQPk6cNUvjsE8Aro08gg<\/td>\n<\/tr>\n<\/tbody>\n<\/table>\n<p style=\"text-align: center;\">\n","protected":false},"excerpt":{"rendered":"<p>COMUNICACI\u00d3 INTERNA Amb els docents i PAS &nbsp; Per correu electr\u00f2nic. Adre\u00e7a d&#8217;e-mail corporatiu nom+cognom@inscanmargarit.cat &nbsp; Amb les fam\u00edlies Per correu electr\u00f2nic. Adre\u00e7a d&#8217;e-mail corporatiu per la fam\u00edlia de cada alumne al domini @inscanmargarit.cat iEduca &#8211; Control d&#8217;assist\u00e8ncia, incid\u00e8ncies, qualificacions TokApp &#8211; Pagaments, informaci\u00f3 general Per Tel\u00e8fon: 936882463 Amb l&#8217;alumnat Per correu electr\u00f2nic. Adre\u00e7a d&#8217;e-mail [&hellip;]<\/p>\n","protected":false},"author":1,"featured_media":0,"parent":2132,"menu_order":0,"comment_status":"closed","ping_status":"closed","template":"page-templates\/side-menu.php","meta":{"_bbp_topic_count":0,"_bbp_reply_count":0,"_bbp_total_topic_count":0,"_bbp_total_reply_count":0,"_bbp_voice_count":0,"_bbp_anonymous_reply_count":0,"_bbp_topic_count_hidden":0,"_bbp_reply_count_hidden":0,"_bbp_forum_subforum_count":0,"site-sidebar-layout":"default","site-content-layout":"","ast-site-content-layout":"","site-content-style":"default","site-sidebar-style":"default","ast-global-header-display":"","ast-banner-title-visibility":"","ast-main-header-display":"","ast-hfb-above-header-display":"","ast-hfb-below-header-display":"","ast-hfb-mobile-header-display":"","site-post-title":"","ast-breadcrumbs-content":"","ast-featured-img":"","footer-sml-layout":"","theme-transparent-header-meta":"","adv-header-id-meta":"","stick-header-meta":"","header-above-stick-meta":"","header-main-stick-meta":"","header-below-stick-meta":"","astra-migrate-meta-layouts":"default","ast-page-background-enabled":"default","ast-page-background-meta":{"desktop":{"background-color":"var(--ast-global-color-4)","background-image":"","background-repeat":"repeat","background-position":"center center","background-size":"auto","background-attachment":"scroll","background-type":"","background-media":"","overlay-type":"","overlay-color":"","overlay-opacity":"","overlay-gradient":""},"tablet":{"background-color":"","background-image":"","background-repeat":"repeat","background-position":"center center","background-size":"auto","background-attachment":"scroll","background-type":"","background-media":"","overlay-type":"","overlay-color":"","overlay-opacity":"","overlay-gradient":""},"mobile":{"background-color":"","background-image":"","background-repeat":"repeat","background-position":"center center","background-size":"auto","background-attachment":"scroll","background-type":"","background-media":"","overlay-type":"","overlay-color":"","overlay-opacity":"","overlay-gradient":""}},"ast-content-background-meta":{"desktop":{"background-color":"var(--ast-global-color-5)","background-image":"","background-repeat":"repeat","background-position":"center center","background-size":"auto","background-attachment":"scroll","background-type":"","background-media":"","overlay-type":"","overlay-color":"","overlay-opacity":"","overlay-gradient":""},"tablet":{"background-color":"var(--ast-global-color-5)","background-image":"","background-repeat":"repeat","background-position":"center center","background-size":"auto","background-attachment":"scroll","background-type":"","background-media":"","overlay-type":"","overlay-color":"","overlay-opacity":"","overlay-gradient":""},"mobile":{"background-color":"var(--ast-global-color-5)","background-image":"","background-repeat":"repeat","background-position":"center center","background-size":"auto","background-attachment":"scroll","background-type":"","background-media":"","overlay-type":"","overlay-color":"","overlay-opacity":"","overlay-gradient":""}},"footnotes":""},"class_list":["post-2477","page","type-page","status-publish","hentry"],"post_mailing_queue_ids":[],"_links":{"self":[{"href":"https:\/\/agora.xtec.cat\/iescanmargarit\/wp-json\/wp\/v2\/pages\/2477","targetHints":{"allow":["GET"]}}],"collection":[{"href":"https:\/\/agora.xtec.cat\/iescanmargarit\/wp-json\/wp\/v2\/pages"}],"about":[{"href":"https:\/\/agora.xtec.cat\/iescanmargarit\/wp-json\/wp\/v2\/types\/page"}],"author":[{"embeddable":true,"href":"https:\/\/agora.xtec.cat\/iescanmargarit\/wp-json\/wp\/v2\/users\/1"}],"replies":[{"embeddable":true,"href":"https:\/\/agora.xtec.cat\/iescanmargarit\/wp-json\/wp\/v2\/comments?post=2477"}],"version-history":[{"count":6,"href":"https:\/\/agora.xtec.cat\/iescanmargarit\/wp-json\/wp\/v2\/pages\/2477\/revisions"}],"predecessor-version":[{"id":2547,"href":"https:\/\/agora.xtec.cat\/iescanmargarit\/wp-json\/wp\/v2\/pages\/2477\/revisions\/2547"}],"up":[{"embeddable":true,"href":"https:\/\/agora.xtec.cat\/iescanmargarit\/wp-json\/wp\/v2\/pages\/2132"}],"wp:attachment":[{"href":"https:\/\/agora.xtec.cat\/iescanmargarit\/wp-json\/wp\/v2\/media?parent=2477"}],"curies":[{"name":"wp","href":"https:\/\/api.w.org\/{rel}","templated":true}]}}