{"id":2259,"date":"2023-03-19T18:56:08","date_gmt":"2023-03-19T17:56:08","guid":{"rendered":"https:\/\/agora.xtec.cat\/iescanmargarit\/?page_id=2259"},"modified":"2025-07-17T09:11:45","modified_gmt":"2025-07-17T07:11:45","slug":"informacio-general-cai","status":"publish","type":"page","link":"https:\/\/agora.xtec.cat\/iescanmargarit\/estudis\/formacio-professional\/cfgm-cai\/informacio-general-cai\/","title":{"rendered":"Informaci\u00f3 general CAI"},"content":{"rendered":"<p style=\"text-align: center;\"><strong>T\u00e8cnic o t\u00e8cnica en cures auxiliars d&#8217;infermeria<\/strong><\/p>\n<p>Aquests estudis postobligatoris capaciten per fer cures auxiliars d&#8217;infermeria, controlar les condicions sanit\u00e0ries de l&#8217;entorn i del material o l&#8217;instrumental sanitari i portar a terme tasques relacionades amb l&#8217;instrumental d&#8217;equips de salut bucodental.<\/p>\n<p>Torn de mat\u00ed i torn de tarda.<\/p>\n<p>Qu\u00e8 estudiar\u00e0s al nostre cicle?<\/p>\n<p><iframe loading=\"lazy\" src=\"https:\/\/drive.google.com\/file\/d\/1c6INbbo_rd9M61Y5UR54RAKnvE2fYS9l\/preview\" width=\"320\" height=\"240\"><\/iframe><\/p>\n<p>Consulta el dossier de l&#8217;alumnat:<\/p>\n<p><iframe loading=\"lazy\" src=\"https:\/\/drive.google.com\/file\/d\/12hohOjeUkYCdefRKp74-1QUOElKAlZxZ\/preview\" width=\"320\" height=\"240\"><\/iframe><\/p>\n","protected":false},"excerpt":{"rendered":"<p>T\u00e8cnic o t\u00e8cnica en cures auxiliars d&#8217;infermeria Aquests estudis postobligatoris capaciten per fer cures auxiliars d&#8217;infermeria, controlar les condicions sanit\u00e0ries de l&#8217;entorn i del material o l&#8217;instrumental sanitari i portar a terme tasques relacionades amb l&#8217;instrumental d&#8217;equips de salut bucodental. Torn de mat\u00ed i torn de tarda. Qu\u00e8 estudiar\u00e0s al nostre cicle? Consulta el dossier [&hellip;]<\/p>\n","protected":false},"author":4,"featured_media":0,"parent":2257,"menu_order":10,"comment_status":"closed","ping_status":"closed","template":"","meta":{"_bbp_topic_count":0,"_bbp_reply_count":0,"_bbp_total_topic_count":0,"_bbp_total_reply_count":0,"_bbp_voice_count":0,"_bbp_anonymous_reply_count":0,"_bbp_topic_count_hidden":0,"_bbp_reply_count_hidden":0,"_bbp_forum_subforum_count":0,"site-sidebar-layout":"default","site-content-layout":"","ast-site-content-layout":"","site-content-style":"default","site-sidebar-style":"default","ast-global-header-display":"","ast-banner-title-visibility":"","ast-main-header-display":"","ast-hfb-above-header-display":"","ast-hfb-below-header-display":"","ast-hfb-mobile-header-display":"","site-post-title":"","ast-breadcrumbs-content":"","ast-featured-img":"","footer-sml-layout":"","theme-transparent-header-meta":"","adv-header-id-meta":"","stick-header-meta":"","header-above-stick-meta":"","header-main-stick-meta":"","header-below-stick-meta":"","astra-migrate-meta-layouts":"default","ast-page-background-enabled":"default","ast-page-background-meta":{"desktop":{"background-color":"var(--ast-global-color-4)","background-image":"","background-repeat":"repeat","background-position":"center center","background-size":"auto","background-attachment":"scroll","background-type":"","background-media":"","overlay-type":"","overlay-color":"","overlay-opacity":"","overlay-gradient":""},"tablet":{"background-color":"","background-image":"","background-repeat":"repeat","background-position":"center center","background-size":"auto","background-attachment":"scroll","background-type":"","background-media":"","overlay-type":"","overlay-color":"","overlay-opacity":"","overlay-gradient":""},"mobile":{"background-color":"","background-image":"","background-repeat":"repeat","background-position":"center center","background-size":"auto","background-attachment":"scroll","background-type":"","background-media":"","overlay-type":"","overlay-color":"","overlay-opacity":"","overlay-gradient":""}},"ast-content-background-meta":{"desktop":{"background-color":"var(--ast-global-color-5)","background-image":"","background-repeat":"repeat","background-position":"center center","background-size":"auto","background-attachment":"scroll","background-type":"","background-media":"","overlay-type":"","overlay-color":"","overlay-opacity":"","overlay-gradient":""},"tablet":{"background-color":"var(--ast-global-color-5)","background-image":"","background-repeat":"repeat","background-position":"center center","background-size":"auto","background-attachment":"scroll","background-type":"","background-media":"","overlay-type":"","overlay-color":"","overlay-opacity":"","overlay-gradient":""},"mobile":{"background-color":"var(--ast-global-color-5)","background-image":"","background-repeat":"repeat","background-position":"center center","background-size":"auto","background-attachment":"scroll","background-type":"","background-media":"","overlay-type":"","overlay-color":"","overlay-opacity":"","overlay-gradient":""}},"footnotes":""},"class_list":["post-2259","page","type-page","status-publish","hentry"],"post_mailing_queue_ids":[],"_links":{"self":[{"href":"https:\/\/agora.xtec.cat\/iescanmargarit\/wp-json\/wp\/v2\/pages\/2259","targetHints":{"allow":["GET"]}}],"collection":[{"href":"https:\/\/agora.xtec.cat\/iescanmargarit\/wp-json\/wp\/v2\/pages"}],"about":[{"href":"https:\/\/agora.xtec.cat\/iescanmargarit\/wp-json\/wp\/v2\/types\/page"}],"author":[{"embeddable":true,"href":"https:\/\/agora.xtec.cat\/iescanmargarit\/wp-json\/wp\/v2\/users\/4"}],"replies":[{"embeddable":true,"href":"https:\/\/agora.xtec.cat\/iescanmargarit\/wp-json\/wp\/v2\/comments?post=2259"}],"version-history":[{"count":6,"href":"https:\/\/agora.xtec.cat\/iescanmargarit\/wp-json\/wp\/v2\/pages\/2259\/revisions"}],"predecessor-version":[{"id":2785,"href":"https:\/\/agora.xtec.cat\/iescanmargarit\/wp-json\/wp\/v2\/pages\/2259\/revisions\/2785"}],"up":[{"embeddable":true,"href":"https:\/\/agora.xtec.cat\/iescanmargarit\/wp-json\/wp\/v2\/pages\/2257"}],"wp:attachment":[{"href":"https:\/\/agora.xtec.cat\/iescanmargarit\/wp-json\/wp\/v2\/media?parent=2259"}],"curies":[{"name":"wp","href":"https:\/\/api.w.org\/{rel}","templated":true}]}}