{"id":2253,"date":"2023-03-19T18:53:59","date_gmt":"2023-03-19T17:53:59","guid":{"rendered":"https:\/\/agora.xtec.cat\/iescanmargarit\/?page_id=2253"},"modified":"2024-07-19T10:35:18","modified_gmt":"2024-07-19T08:35:18","slug":"informacio-guiamn","status":"publish","type":"page","link":"https:\/\/agora.xtec.cat\/iescanmargarit\/estudis\/formacio-professional\/cfgm-guiamn\/informacio-guiamn\/","title":{"rendered":"Informaci\u00f3 general GUIAMN"},"content":{"rendered":"<p><em><strong>Av\u00eds: canvis en els cicles d&#8217;FP per al curs 2024-2025<\/strong><\/em><\/p>\n<ul>\n<li><em>S&#8217;introdueixen nous m\u00f2duls per millorar la compet\u00e8ncia en els \u00e0mbits de la sostenibilitat i la digitalitzaci\u00f3.<\/em><\/li>\n<li><em>L&#8217;estada en un centre de treball \u00e9s de 515 hores per als cicles de grau mitj\u00e0 i superior, i de 416 hores per als de grau b\u00e0sic.<\/em><\/li>\n<li><em>Es modifiquen les vies d&#8217;acc\u00e9s.<\/em><\/li>\n<\/ul>\n<p><em>En breu actualitzarem aquesta informaci\u00f3 per a cadascun dels cicles.<\/em><\/p>\n<p style=\"text-align: center;\"><strong>T\u00e8cnic o t\u00e8cnica en Guia en el medi natural i de temps de lleure<\/strong><\/p>\n<p style=\"text-align: justify;\">Aquests estudis postobligatoris capaciten per organitzar itineraris i guiar grups per entorns naturals de muntanya baixa i mitjana, terreny nevat de tipus n\u00f2rdic, cavitats de dificultat baixa, barrancs de risc baix, medi aqu\u00e0tic i instal\u00b7lacions d&#8217;oci i aventura (progressant a peu, amb cordes, en bicicleta, en embarcacions i a cavall), aix\u00ed com dinamitzar activitats de temps de lleure, adaptant les activitats a la tipologia dels participants, i respectant el medi ambient i garantint-ne la qualitat i la seguretat.<\/p>\n<p><strong>Qu\u00e8 estudiar\u00e0s al nostre cicle?<\/strong><\/p>\n<p><iframe loading=\"lazy\" src=\"https:\/\/drive.google.com\/file\/d\/1DplL3FKQN8t6aZYrtvhjuOHkds8IuWl-\/preview\" width=\"320\" height=\"240\"><\/iframe><\/p>\n<p>Consulta el dossier de l&#8217;alumnat:<br \/>\n<iframe loading=\"lazy\" src=\"https:\/\/drive.google.com\/file\/d\/17DFeE3FG7JcKXA5RtLqwfzwraHMmCOjt\/preview\" width=\"320\" height=\"240\"><\/iframe><\/p>\n","protected":false},"excerpt":{"rendered":"<p>Av\u00eds: canvis en els cicles d&#8217;FP per al curs 2024-2025 S&#8217;introdueixen nous m\u00f2duls per millorar la compet\u00e8ncia en els \u00e0mbits de la sostenibilitat i la digitalitzaci\u00f3. L&#8217;estada en un centre de treball \u00e9s de 515 hores per als cicles de grau mitj\u00e0 i superior, i de 416 hores per als de grau b\u00e0sic. Es modifiquen [&hellip;]<\/p>\n","protected":false},"author":4,"featured_media":0,"parent":2250,"menu_order":10,"comment_status":"closed","ping_status":"closed","template":"","meta":{"_bbp_topic_count":0,"_bbp_reply_count":0,"_bbp_total_topic_count":0,"_bbp_total_reply_count":0,"_bbp_voice_count":0,"_bbp_anonymous_reply_count":0,"_bbp_topic_count_hidden":0,"_bbp_reply_count_hidden":0,"_bbp_forum_subforum_count":0,"site-sidebar-layout":"default","site-content-layout":"","ast-site-content-layout":"","site-content-style":"default","site-sidebar-style":"default","ast-global-header-display":"","ast-banner-title-visibility":"","ast-main-header-display":"","ast-hfb-above-header-display":"","ast-hfb-below-header-display":"","ast-hfb-mobile-header-display":"","site-post-title":"","ast-breadcrumbs-content":"","ast-featured-img":"","footer-sml-layout":"","theme-transparent-header-meta":"","adv-header-id-meta":"","stick-header-meta":"","header-above-stick-meta":"","header-main-stick-meta":"","header-below-stick-meta":"","astra-migrate-meta-layouts":"default","ast-page-background-enabled":"default","ast-page-background-meta":{"desktop":{"background-color":"var(--ast-global-color-4)","background-image":"","background-repeat":"repeat","background-position":"center center","background-size":"auto","background-attachment":"scroll","background-type":"","background-media":"","overlay-type":"","overlay-color":"","overlay-opacity":"","overlay-gradient":""},"tablet":{"background-color":"","background-image":"","background-repeat":"repeat","background-position":"center center","background-size":"auto","background-attachment":"scroll","background-type":"","background-media":"","overlay-type":"","overlay-color":"","overlay-opacity":"","overlay-gradient":""},"mobile":{"background-color":"","background-image":"","background-repeat":"repeat","background-position":"center center","background-size":"auto","background-attachment":"scroll","background-type":"","background-media":"","overlay-type":"","overlay-color":"","overlay-opacity":"","overlay-gradient":""}},"ast-content-background-meta":{"desktop":{"background-color":"var(--ast-global-color-5)","background-image":"","background-repeat":"repeat","background-position":"center center","background-size":"auto","background-attachment":"scroll","background-type":"","background-media":"","overlay-type":"","overlay-color":"","overlay-opacity":"","overlay-gradient":""},"tablet":{"background-color":"var(--ast-global-color-5)","background-image":"","background-repeat":"repeat","background-position":"center center","background-size":"auto","background-attachment":"scroll","background-type":"","background-media":"","overlay-type":"","overlay-color":"","overlay-opacity":"","overlay-gradient":""},"mobile":{"background-color":"var(--ast-global-color-5)","background-image":"","background-repeat":"repeat","background-position":"center center","background-size":"auto","background-attachment":"scroll","background-type":"","background-media":"","overlay-type":"","overlay-color":"","overlay-opacity":"","overlay-gradient":""}},"footnotes":""},"class_list":["post-2253","page","type-page","status-publish","hentry"],"post_mailing_queue_ids":[],"_links":{"self":[{"href":"https:\/\/agora.xtec.cat\/iescanmargarit\/wp-json\/wp\/v2\/pages\/2253","targetHints":{"allow":["GET"]}}],"collection":[{"href":"https:\/\/agora.xtec.cat\/iescanmargarit\/wp-json\/wp\/v2\/pages"}],"about":[{"href":"https:\/\/agora.xtec.cat\/iescanmargarit\/wp-json\/wp\/v2\/types\/page"}],"author":[{"embeddable":true,"href":"https:\/\/agora.xtec.cat\/iescanmargarit\/wp-json\/wp\/v2\/users\/4"}],"replies":[{"embeddable":true,"href":"https:\/\/agora.xtec.cat\/iescanmargarit\/wp-json\/wp\/v2\/comments?post=2253"}],"version-history":[{"count":7,"href":"https:\/\/agora.xtec.cat\/iescanmargarit\/wp-json\/wp\/v2\/pages\/2253\/revisions"}],"predecessor-version":[{"id":2682,"href":"https:\/\/agora.xtec.cat\/iescanmargarit\/wp-json\/wp\/v2\/pages\/2253\/revisions\/2682"}],"up":[{"embeddable":true,"href":"https:\/\/agora.xtec.cat\/iescanmargarit\/wp-json\/wp\/v2\/pages\/2250"}],"wp:attachment":[{"href":"https:\/\/agora.xtec.cat\/iescanmargarit\/wp-json\/wp\/v2\/media?parent=2253"}],"curies":[{"name":"wp","href":"https:\/\/api.w.org\/{rel}","templated":true}]}}