{"id":2140,"date":"2022-07-20T11:13:41","date_gmt":"2022-07-20T09:13:41","guid":{"rendered":"https:\/\/agora.xtec.cat\/iescanmargarit\/?page_id=2140"},"modified":"2023-05-24T20:53:27","modified_gmt":"2023-05-24T18:53:27","slug":"avaluacio-i-millora","status":"publish","type":"page","link":"https:\/\/agora.xtec.cat\/iescanmargarit\/estrategia-digital-de-centre\/part-estrategica\/avaluacio-i-millora\/","title":{"rendered":"Avaluaci\u00f3 i millora"},"content":{"rendered":"<p class=\"CDt4Ke zfr3Q\" dir=\"ltr\" style=\"text-align: justify;\">Per tal d&#8217;avaluar la implementaci\u00f3 de l&#8217;Estrat\u00e8gia digital, a final de cada curs es reuneix la comissi\u00f3 digital per valorar grau d&#8217;assoliment dels objectius mitjan\u00e7ant els indicadors establerts. A partir d&#8217;aqu\u00ed, la comissi\u00f3 modifica l&#8217;EDC pel que queda de temps d&#8217;implementaci\u00f3, si s&#8217;escau.<\/p>\n<p style=\"text-align: justify;\"><span style=\"font-weight: 400;\">La comissi\u00f3 d\u2019estrat\u00e8gia digital de centre, un cop elaborat el pla estrat\u00e8gic, es planteja la fase d\u2019avaluaci\u00f3 en tres moments: <\/span><span style=\"font-weight: 400;\">l&#8217;avaluaci\u00f3 cont\u00ednua, despr\u00e9s de la realitzaci\u00f3 de cada activitat; la fase anual, un cop acabat el curs i la fase final, un cop enllestida la implementaci\u00f3 de l&#8217;estrat\u00e8gia digital de centre.<\/span><\/p>\n<p style=\"text-align: justify;\"><span style=\"font-weight: 400;\">Durant l&#8217;etapa d&#8217;avaluaci\u00f3 cont\u00ednua, es far\u00e0 una revisi\u00f3 despr\u00e9s de cada activitat i valorarem els resultats obtinguts en cada una d\u2019elles. Per fer-ho, utilitzarem q\u00fcestionaris d\u2019opini\u00f3 al professorat o alumnat. A m\u00e9s a m\u00e9s, de forma trimestral,\u00a0 valorarem si la planificaci\u00f3 de les diferents activitats en el document de seguiment d\u2019indicadors d&#8217;activitats segueix la temporitzaci\u00f3 que s\u2019ha pautat i afegirem les observacions que es considerin.\u00a0<\/span><\/p>\n<p style=\"text-align: justify;\"><span style=\"font-weight: 400;\">Un cop finalitzi el curs escolar es realitzar\u00e0 l\u2019avaluaci\u00f3 anual, on es recolliran els resultats obtinguts dels indicadors de les activitats. Aquest buidatge quedar\u00e0 reflectit dins del document de seguiment del pla EDC . En el cas de no assolir els criteris marcats en els indicadors, es replantejar\u00e0 fer un canvi d\u2019activitats per poder assolir l\u2019objectiu en cursos vinents.<\/span><\/p>\n<p style=\"text-align: justify;\"><span style=\"font-weight: 400;\">Un cop hagi acabat el temps fixat d\u2019implementaci\u00f3 del pla d\u2019estrat\u00e8gia digital de centre es far\u00e0 una avaluaci\u00f3 dels objectius en funci\u00f3 dels resultats obtinguts.\u00a0<\/span><\/p>\n","protected":false},"excerpt":{"rendered":"<p>Per tal d&#8217;avaluar la implementaci\u00f3 de l&#8217;Estrat\u00e8gia digital, a final de cada curs es reuneix la comissi\u00f3 digital per valorar grau d&#8217;assoliment dels objectius mitjan\u00e7ant els indicadors establerts. A partir d&#8217;aqu\u00ed, la comissi\u00f3 modifica l&#8217;EDC pel que queda de temps d&#8217;implementaci\u00f3, si s&#8217;escau. La comissi\u00f3 d\u2019estrat\u00e8gia digital de centre, un cop elaborat el pla estrat\u00e8gic, [&hellip;]<\/p>\n","protected":false},"author":4,"featured_media":0,"parent":2129,"menu_order":40,"comment_status":"closed","ping_status":"closed","template":"page-templates\/side-menu.php","meta":{"_bbp_topic_count":0,"_bbp_reply_count":0,"_bbp_total_topic_count":0,"_bbp_total_reply_count":0,"_bbp_voice_count":0,"_bbp_anonymous_reply_count":0,"_bbp_topic_count_hidden":0,"_bbp_reply_count_hidden":0,"_bbp_forum_subforum_count":0,"site-sidebar-layout":"default","site-content-layout":"","ast-site-content-layout":"","site-content-style":"default","site-sidebar-style":"default","ast-global-header-display":"","ast-banner-title-visibility":"","ast-main-header-display":"","ast-hfb-above-header-display":"","ast-hfb-below-header-display":"","ast-hfb-mobile-header-display":"","site-post-title":"","ast-breadcrumbs-content":"","ast-featured-img":"","footer-sml-layout":"","theme-transparent-header-meta":"","adv-header-id-meta":"","stick-header-meta":"","header-above-stick-meta":"","header-main-stick-meta":"","header-below-stick-meta":"","astra-migrate-meta-layouts":"default","ast-page-background-enabled":"default","ast-page-background-meta":{"desktop":{"background-color":"var(--ast-global-color-4)","background-image":"","background-repeat":"repeat","background-position":"center center","background-size":"auto","background-attachment":"scroll","background-type":"","background-media":"","overlay-type":"","overlay-color":"","overlay-opacity":"","overlay-gradient":""},"tablet":{"background-color":"","background-image":"","background-repeat":"repeat","background-position":"center center","background-size":"auto","background-attachment":"scroll","background-type":"","background-media":"","overlay-type":"","overlay-color":"","overlay-opacity":"","overlay-gradient":""},"mobile":{"background-color":"","background-image":"","background-repeat":"repeat","background-position":"center center","background-size":"auto","background-attachment":"scroll","background-type":"","background-media":"","overlay-type":"","overlay-color":"","overlay-opacity":"","overlay-gradient":""}},"ast-content-background-meta":{"desktop":{"background-color":"var(--ast-global-color-5)","background-image":"","background-repeat":"repeat","background-position":"center center","background-size":"auto","background-attachment":"scroll","background-type":"","background-media":"","overlay-type":"","overlay-color":"","overlay-opacity":"","overlay-gradient":""},"tablet":{"background-color":"var(--ast-global-color-5)","background-image":"","background-repeat":"repeat","background-position":"center center","background-size":"auto","background-attachment":"scroll","background-type":"","background-media":"","overlay-type":"","overlay-color":"","overlay-opacity":"","overlay-gradient":""},"mobile":{"background-color":"var(--ast-global-color-5)","background-image":"","background-repeat":"repeat","background-position":"center center","background-size":"auto","background-attachment":"scroll","background-type":"","background-media":"","overlay-type":"","overlay-color":"","overlay-opacity":"","overlay-gradient":""}},"footnotes":""},"class_list":["post-2140","page","type-page","status-publish","hentry"],"post_mailing_queue_ids":[],"_links":{"self":[{"href":"https:\/\/agora.xtec.cat\/iescanmargarit\/wp-json\/wp\/v2\/pages\/2140","targetHints":{"allow":["GET"]}}],"collection":[{"href":"https:\/\/agora.xtec.cat\/iescanmargarit\/wp-json\/wp\/v2\/pages"}],"about":[{"href":"https:\/\/agora.xtec.cat\/iescanmargarit\/wp-json\/wp\/v2\/types\/page"}],"author":[{"embeddable":true,"href":"https:\/\/agora.xtec.cat\/iescanmargarit\/wp-json\/wp\/v2\/users\/4"}],"replies":[{"embeddable":true,"href":"https:\/\/agora.xtec.cat\/iescanmargarit\/wp-json\/wp\/v2\/comments?post=2140"}],"version-history":[{"count":3,"href":"https:\/\/agora.xtec.cat\/iescanmargarit\/wp-json\/wp\/v2\/pages\/2140\/revisions"}],"predecessor-version":[{"id":2370,"href":"https:\/\/agora.xtec.cat\/iescanmargarit\/wp-json\/wp\/v2\/pages\/2140\/revisions\/2370"}],"up":[{"embeddable":true,"href":"https:\/\/agora.xtec.cat\/iescanmargarit\/wp-json\/wp\/v2\/pages\/2129"}],"wp:attachment":[{"href":"https:\/\/agora.xtec.cat\/iescanmargarit\/wp-json\/wp\/v2\/media?parent=2140"}],"curies":[{"name":"wp","href":"https:\/\/api.w.org\/{rel}","templated":true}]}}