{"id":2136,"date":"2022-07-20T11:12:44","date_gmt":"2022-07-20T09:12:44","guid":{"rendered":"https:\/\/agora.xtec.cat\/iescanmargarit\/?page_id=2136"},"modified":"2023-05-24T21:22:54","modified_gmt":"2023-05-24T19:22:54","slug":"objectius","status":"publish","type":"page","link":"https:\/\/agora.xtec.cat\/iescanmargarit\/estrategia-digital-de-centre\/part-estrategica\/objectius\/","title":{"rendered":"Objectius"},"content":{"rendered":"<p class=\"CjVfdc CJIdie\" style=\"text-align: center;\"><strong>OBJECTIUS DE L&#8217;ESTRAT\u00c8GIA DIGITAL DE CENTRE<\/strong><\/p>\n<p style=\"text-align: justify;\"><strong>OBJECTIU 1<\/strong> Preparar les aules per tal de condicionar-les per a l&#8217;ensenyament-aprenentatge amb tecnologies digitals.<\/p>\n<p style=\"text-align: justify;\"><strong>OBJECTIU 2<\/strong> Desenvolupar un pla d&#8217;acollida digital de l&#8217;alumnat, professorat i fam\u00edlies per millorar l&#8217;acollida de nous membres de la comunitat educativa.<\/p>\n<p style=\"text-align: justify;\"><strong>OBJECTIU 3<\/strong> Millorar la compet\u00e8ncia digital del professorat en l&#8217;\u00fas d&#8217;eines compartides (Google) i fulls de c\u00e0lcul per poder-les utilitzar en els processos d&#8217;ensenyament-aprenentatge.<\/p>\n<p style=\"text-align: justify;\"><strong>OBJECTIU 4<\/strong> Millorar el desplegament de la compet\u00e8ncia digital de l&#8217;alumnat al curr\u00edculum per millorar l&#8217;avaluaci\u00f3.<\/p>\n<p><a href=\"https:\/\/agora.xtec.cat\/iescanmargarit\/wp-content\/uploads\/usu2416\/2022\/07\/img_EDC_graph_04-1024x637-1.png\"><img loading=\"lazy\" decoding=\"async\" class=\"wp-image-2158 aligncenter\" src=\"https:\/\/agora.xtec.cat\/iescanmargarit\/wp-content\/uploads\/usu2416\/2022\/07\/img_EDC_graph_04-1024x637-1.png\" alt=\"\" width=\"517\" height=\"191\" srcset=\"https:\/\/agora.xtec.cat\/iescanmargarit\/wp-content\/uploads\/usu2416\/2022\/07\/img_EDC_graph_04-1024x637-1.png 1024w, https:\/\/agora.xtec.cat\/iescanmargarit\/wp-content\/uploads\/usu2416\/2022\/07\/img_EDC_graph_04-1024x637-1-300x111.png 300w, https:\/\/agora.xtec.cat\/iescanmargarit\/wp-content\/uploads\/usu2416\/2022\/07\/img_EDC_graph_04-1024x637-1-768x284.png 768w\" sizes=\"auto, (max-width: 517px) 100vw, 517px\" \/><\/a><\/p>\n","protected":false},"excerpt":{"rendered":"<p>OBJECTIUS DE L&#8217;ESTRAT\u00c8GIA DIGITAL DE CENTRE OBJECTIU 1 Preparar les aules per tal de condicionar-les per a l&#8217;ensenyament-aprenentatge amb tecnologies digitals. OBJECTIU 2 Desenvolupar un pla d&#8217;acollida digital de l&#8217;alumnat, professorat i fam\u00edlies per millorar l&#8217;acollida de nous membres de la comunitat educativa. OBJECTIU 3 Millorar la compet\u00e8ncia digital del professorat en l&#8217;\u00fas d&#8217;eines compartides [&hellip;]<\/p>\n","protected":false},"author":4,"featured_media":0,"parent":2129,"menu_order":20,"comment_status":"closed","ping_status":"closed","template":"page-templates\/side-menu.php","meta":{"_bbp_topic_count":0,"_bbp_reply_count":0,"_bbp_total_topic_count":0,"_bbp_total_reply_count":0,"_bbp_voice_count":0,"_bbp_anonymous_reply_count":0,"_bbp_topic_count_hidden":0,"_bbp_reply_count_hidden":0,"_bbp_forum_subforum_count":0,"site-sidebar-layout":"default","site-content-layout":"","ast-site-content-layout":"","site-content-style":"default","site-sidebar-style":"default","ast-global-header-display":"","ast-banner-title-visibility":"","ast-main-header-display":"","ast-hfb-above-header-display":"","ast-hfb-below-header-display":"","ast-hfb-mobile-header-display":"","site-post-title":"","ast-breadcrumbs-content":"","ast-featured-img":"","footer-sml-layout":"","theme-transparent-header-meta":"","adv-header-id-meta":"","stick-header-meta":"","header-above-stick-meta":"","header-main-stick-meta":"","header-below-stick-meta":"","astra-migrate-meta-layouts":"default","ast-page-background-enabled":"default","ast-page-background-meta":{"desktop":{"background-color":"var(--ast-global-color-4)","background-image":"","background-repeat":"repeat","background-position":"center center","background-size":"auto","background-attachment":"scroll","background-type":"","background-media":"","overlay-type":"","overlay-color":"","overlay-opacity":"","overlay-gradient":""},"tablet":{"background-color":"","background-image":"","background-repeat":"repeat","background-position":"center center","background-size":"auto","background-attachment":"scroll","background-type":"","background-media":"","overlay-type":"","overlay-color":"","overlay-opacity":"","overlay-gradient":""},"mobile":{"background-color":"","background-image":"","background-repeat":"repeat","background-position":"center center","background-size":"auto","background-attachment":"scroll","background-type":"","background-media":"","overlay-type":"","overlay-color":"","overlay-opacity":"","overlay-gradient":""}},"ast-content-background-meta":{"desktop":{"background-color":"var(--ast-global-color-5)","background-image":"","background-repeat":"repeat","background-position":"center center","background-size":"auto","background-attachment":"scroll","background-type":"","background-media":"","overlay-type":"","overlay-color":"","overlay-opacity":"","overlay-gradient":""},"tablet":{"background-color":"var(--ast-global-color-5)","background-image":"","background-repeat":"repeat","background-position":"center center","background-size":"auto","background-attachment":"scroll","background-type":"","background-media":"","overlay-type":"","overlay-color":"","overlay-opacity":"","overlay-gradient":""},"mobile":{"background-color":"var(--ast-global-color-5)","background-image":"","background-repeat":"repeat","background-position":"center center","background-size":"auto","background-attachment":"scroll","background-type":"","background-media":"","overlay-type":"","overlay-color":"","overlay-opacity":"","overlay-gradient":""}},"footnotes":""},"class_list":["post-2136","page","type-page","status-publish","hentry"],"post_mailing_queue_ids":[],"_links":{"self":[{"href":"https:\/\/agora.xtec.cat\/iescanmargarit\/wp-json\/wp\/v2\/pages\/2136","targetHints":{"allow":["GET"]}}],"collection":[{"href":"https:\/\/agora.xtec.cat\/iescanmargarit\/wp-json\/wp\/v2\/pages"}],"about":[{"href":"https:\/\/agora.xtec.cat\/iescanmargarit\/wp-json\/wp\/v2\/types\/page"}],"author":[{"embeddable":true,"href":"https:\/\/agora.xtec.cat\/iescanmargarit\/wp-json\/wp\/v2\/users\/4"}],"replies":[{"embeddable":true,"href":"https:\/\/agora.xtec.cat\/iescanmargarit\/wp-json\/wp\/v2\/comments?post=2136"}],"version-history":[{"count":3,"href":"https:\/\/agora.xtec.cat\/iescanmargarit\/wp-json\/wp\/v2\/pages\/2136\/revisions"}],"predecessor-version":[{"id":2373,"href":"https:\/\/agora.xtec.cat\/iescanmargarit\/wp-json\/wp\/v2\/pages\/2136\/revisions\/2373"}],"up":[{"embeddable":true,"href":"https:\/\/agora.xtec.cat\/iescanmargarit\/wp-json\/wp\/v2\/pages\/2129"}],"wp:attachment":[{"href":"https:\/\/agora.xtec.cat\/iescanmargarit\/wp-json\/wp\/v2\/media?parent=2136"}],"curies":[{"name":"wp","href":"https:\/\/api.w.org\/{rel}","templated":true}]}}