{"id":2127,"date":"2022-07-20T10:59:18","date_gmt":"2022-07-20T08:59:18","guid":{"rendered":"https:\/\/agora.xtec.cat\/iescanmargarit\/?page_id=2127"},"modified":"2023-05-24T19:57:49","modified_gmt":"2023-05-24T17:57:49","slug":"estrategia-digital-de-centre","status":"publish","type":"page","link":"https:\/\/agora.xtec.cat\/iescanmargarit\/estrategia-digital-de-centre\/","title":{"rendered":"Estrat\u00e8gia digital de centre"},"content":{"rendered":"<p style=\"text-align: justify;\"><strong><img loading=\"lazy\" decoding=\"async\" class=\"wp-image-2144 alignright\" src=\"https:\/\/agora.xtec.cat\/iescanmargarit\/wp-content\/uploads\/usu2416\/2022\/07\/LOGO_PEDC.jpg\" alt=\"\" width=\"147\" height=\"74\" srcset=\"https:\/\/agora.xtec.cat\/iescanmargarit\/wp-content\/uploads\/usu2416\/2022\/07\/LOGO_PEDC.jpg 1280w, https:\/\/agora.xtec.cat\/iescanmargarit\/wp-content\/uploads\/usu2416\/2022\/07\/LOGO_PEDC-300x151.jpg 300w, https:\/\/agora.xtec.cat\/iescanmargarit\/wp-content\/uploads\/usu2416\/2022\/07\/LOGO_PEDC-1024x516.jpg 1024w, https:\/\/agora.xtec.cat\/iescanmargarit\/wp-content\/uploads\/usu2416\/2022\/07\/LOGO_PEDC-768x387.jpg 768w\" sizes=\"auto, (max-width: 147px) 100vw, 147px\" \/>Qu\u00e8 \u00e9s l\u2019estrat\u00e8gia digital de centre?<\/strong><\/p>\n<p style=\"text-align: justify;\">L\u2019Estrat\u00e8gia Digital de Centre (EDC) \u00e9s un document que recull totes les accions que es realitzen en un centre, i les que es realitzaran a mitj\u00e0 termini, per aconseguir la m\u00e0xima compet\u00e8ncia digital de l\u2019alumnat, del professorat i del centre educatiu i t\u00e9 com a referent el\u00a0<a href=\"https:\/\/educacio.gencat.cat\/ca\/departament\/linies-estrategiques\/pla-educacio-digital\/\" target=\"_blank\" rel=\"noreferrer noopener\">Pla d\u2019educaci\u00f3 digital de Catalunya (PEDC).<\/a><\/p>\n<p style=\"text-align: justify;\">L\u2019EDC t\u00e9, b\u00e0sicament dues parts. Una primera part que \u00e9s m\u00e9s\u00a0<strong>estrat\u00e8gica<\/strong>\u00a0(objectius, activitats, planificaci\u00f3, etc.), on es defineix on vol arribar el centre digitalment parlant. La segona part mostra la\u00a0<strong>cultura digital,<\/strong>\u00a0ja que \u00e9s on es va recollint el que el centre ja t\u00e9 establert en aquest sentit.<\/p>\n<p><a href=\"https:\/\/agora.xtec.cat\/iescanmargarit\/wp-content\/uploads\/usu2416\/2022\/07\/img_EDC_graph_01-574x1024-1.png\"><img loading=\"lazy\" decoding=\"async\" class=\"aligncenter wp-image-2142\" src=\"https:\/\/agora.xtec.cat\/iescanmargarit\/wp-content\/uploads\/usu2416\/2022\/07\/img_EDC_graph_01-574x1024-1.png\" alt=\"\" width=\"310\" height=\"553\" srcset=\"https:\/\/agora.xtec.cat\/iescanmargarit\/wp-content\/uploads\/usu2416\/2022\/07\/img_EDC_graph_01-574x1024-1.png 574w, https:\/\/agora.xtec.cat\/iescanmargarit\/wp-content\/uploads\/usu2416\/2022\/07\/img_EDC_graph_01-574x1024-1-168x300.png 168w\" sizes=\"auto, (max-width: 310px) 100vw, 310px\" \/><br \/>\n<\/a><\/p>\n<p>&nbsp;<\/p>\n<p>&nbsp;<\/p>\n","protected":false},"excerpt":{"rendered":"<p>Qu\u00e8 \u00e9s l\u2019estrat\u00e8gia digital de centre? L\u2019Estrat\u00e8gia Digital de Centre (EDC) \u00e9s un document que recull totes les accions que es realitzen en un centre, i les que es realitzaran a mitj\u00e0 termini, per aconseguir la m\u00e0xima compet\u00e8ncia digital de l\u2019alumnat, del professorat i del centre educatiu i t\u00e9 com a referent el\u00a0Pla d\u2019educaci\u00f3 digital [&hellip;]<\/p>\n","protected":false},"author":4,"featured_media":0,"parent":0,"menu_order":0,"comment_status":"closed","ping_status":"closed","template":"page-templates\/side-menu.php","meta":{"_bbp_topic_count":0,"_bbp_reply_count":0,"_bbp_total_topic_count":0,"_bbp_total_reply_count":0,"_bbp_voice_count":0,"_bbp_anonymous_reply_count":0,"_bbp_topic_count_hidden":0,"_bbp_reply_count_hidden":0,"_bbp_forum_subforum_count":0,"site-sidebar-layout":"default","site-content-layout":"","ast-site-content-layout":"","site-content-style":"default","site-sidebar-style":"default","ast-global-header-display":"","ast-banner-title-visibility":"","ast-main-header-display":"","ast-hfb-above-header-display":"","ast-hfb-below-header-display":"","ast-hfb-mobile-header-display":"","site-post-title":"","ast-breadcrumbs-content":"","ast-featured-img":"","footer-sml-layout":"","theme-transparent-header-meta":"","adv-header-id-meta":"","stick-header-meta":"","header-above-stick-meta":"","header-main-stick-meta":"","header-below-stick-meta":"","astra-migrate-meta-layouts":"default","ast-page-background-enabled":"default","ast-page-background-meta":{"desktop":{"background-color":"var(--ast-global-color-4)","background-image":"","background-repeat":"repeat","background-position":"center center","background-size":"auto","background-attachment":"scroll","background-type":"","background-media":"","overlay-type":"","overlay-color":"","overlay-opacity":"","overlay-gradient":""},"tablet":{"background-color":"","background-image":"","background-repeat":"repeat","background-position":"center center","background-size":"auto","background-attachment":"scroll","background-type":"","background-media":"","overlay-type":"","overlay-color":"","overlay-opacity":"","overlay-gradient":""},"mobile":{"background-color":"","background-image":"","background-repeat":"repeat","background-position":"center center","background-size":"auto","background-attachment":"scroll","background-type":"","background-media":"","overlay-type":"","overlay-color":"","overlay-opacity":"","overlay-gradient":""}},"ast-content-background-meta":{"desktop":{"background-color":"var(--ast-global-color-5)","background-image":"","background-repeat":"repeat","background-position":"center center","background-size":"auto","background-attachment":"scroll","background-type":"","background-media":"","overlay-type":"","overlay-color":"","overlay-opacity":"","overlay-gradient":""},"tablet":{"background-color":"var(--ast-global-color-5)","background-image":"","background-repeat":"repeat","background-position":"center center","background-size":"auto","background-attachment":"scroll","background-type":"","background-media":"","overlay-type":"","overlay-color":"","overlay-opacity":"","overlay-gradient":""},"mobile":{"background-color":"var(--ast-global-color-5)","background-image":"","background-repeat":"repeat","background-position":"center center","background-size":"auto","background-attachment":"scroll","background-type":"","background-media":"","overlay-type":"","overlay-color":"","overlay-opacity":"","overlay-gradient":""}},"footnotes":""},"class_list":["post-2127","page","type-page","status-publish","hentry"],"post_mailing_queue_ids":[],"_links":{"self":[{"href":"https:\/\/agora.xtec.cat\/iescanmargarit\/wp-json\/wp\/v2\/pages\/2127","targetHints":{"allow":["GET"]}}],"collection":[{"href":"https:\/\/agora.xtec.cat\/iescanmargarit\/wp-json\/wp\/v2\/pages"}],"about":[{"href":"https:\/\/agora.xtec.cat\/iescanmargarit\/wp-json\/wp\/v2\/types\/page"}],"author":[{"embeddable":true,"href":"https:\/\/agora.xtec.cat\/iescanmargarit\/wp-json\/wp\/v2\/users\/4"}],"replies":[{"embeddable":true,"href":"https:\/\/agora.xtec.cat\/iescanmargarit\/wp-json\/wp\/v2\/comments?post=2127"}],"version-history":[{"count":2,"href":"https:\/\/agora.xtec.cat\/iescanmargarit\/wp-json\/wp\/v2\/pages\/2127\/revisions"}],"predecessor-version":[{"id":2361,"href":"https:\/\/agora.xtec.cat\/iescanmargarit\/wp-json\/wp\/v2\/pages\/2127\/revisions\/2361"}],"wp:attachment":[{"href":"https:\/\/agora.xtec.cat\/iescanmargarit\/wp-json\/wp\/v2\/media?parent=2127"}],"curies":[{"name":"wp","href":"https:\/\/api.w.org\/{rel}","templated":true}]}}