{"id":1749,"date":"2022-03-21T13:35:39","date_gmt":"2022-03-21T12:35:39","guid":{"rendered":"https:\/\/agora.xtec.cat\/iescanmargarit\/?page_id=1749"},"modified":"2022-07-09T19:52:34","modified_gmt":"2022-07-09T17:52:34","slug":"salut-i-escola","status":"publish","type":"page","link":"https:\/\/agora.xtec.cat\/iescanmargarit\/salut-i-escola\/","title":{"rendered":"Salut i escola"},"content":{"rendered":"<p><a href=\"https:\/\/agora.xtec.cat\/iescanmargarit\/wp-content\/uploads\/usu2416\/2022\/03\/1.jpg\"><img loading=\"lazy\" decoding=\"async\" class=\"alignnone size-full wp-image-1758\" src=\"https:\/\/agora.xtec.cat\/iescanmargarit\/wp-content\/uploads\/usu2416\/2022\/03\/1.jpg\" alt=\"\" width=\"896\" height=\"129\" srcset=\"https:\/\/agora.xtec.cat\/iescanmargarit\/wp-content\/uploads\/usu2416\/2022\/03\/1.jpg 896w, https:\/\/agora.xtec.cat\/iescanmargarit\/wp-content\/uploads\/usu2416\/2022\/03\/1-300x43.jpg 300w, https:\/\/agora.xtec.cat\/iescanmargarit\/wp-content\/uploads\/usu2416\/2022\/03\/1-768x111.jpg 768w\" sizes=\"auto, (max-width: 896px) 100vw, 896px\" \/><\/a><strong>OBJECTIU. <\/strong>L\u2019objectiu del programa Salut i Escola (PSiE) \u00e9s millorar la salut dels adolescents mitjan\u00e7ant accions de promoci\u00f3 de la salut, de prevenci\u00f3 de les situacions de risc i d\u2019atenci\u00f3 preco\u00e7 per als problemes relacionats amb la salut mental, la salut afectiva i sexual, el consum de drogues, alcohol i tabac, en col\u00b7laboraci\u00f3 amb els centres educatius i els serveis de salut comunit\u00e0ria presents en el territori.<\/p>\n<p style=\"text-align: justify;\">Els eixos fonamentals d&#8217;actuaci\u00f3 del PSiE s\u00f3n la salut mental; la salut afectiva i sexual; la viol\u00e8ncia i els maltractaments segons g\u00e8nere, els h\u00e0bits de salut (consum de tabac i altres drogues, altres addiccions, exercici f\u00edsic, dieta, etc) i els trastorns de la conducta aliment\u00e0ria.<\/p>\n<p style=\"text-align: justify;\">Una de les principals l\u00ednies d\u2019actuaci\u00f3 d\u2019aquest programa \u00e9s el servei Consulta Oberta, que implica el despla\u00e7ament peri\u00f2dic de professionals de la infermeria als centres docents per afavorir l\u2019accessibilitat dels adolescents a l\u2019atenci\u00f3 sanit\u00e0ria amb garanties de privacitat, confidencialitat i proximitat.<\/p>\n<p><strong>ORGANITZACI\u00d3.<\/strong><\/p>\n<ol>\n<li style=\"text-align: justify;\"><strong>Consulta oberta<\/strong>: espai en el que tots els alumnes d&#8217;ESO i SMX poden demanar visita amb la infermera. L\u2019horari d\u2019atenci\u00f3 \u00e9s el <strong>DIJOUS<\/strong> de 8 a 11h. Els alumnes han de demanar cita pr\u00e8via mitjan\u00e7ant el seg\u00fcent <a href=\"https:\/\/forms.gle\/zsfcSxBFVGE9F2WU7\">ENLLA\u00c7<\/a>. La consulta \u00e9s TOTALMENT PERSONAL i CONFIDENCIAL sobre QUALSEVOL TEMA DE SALUT.<\/li>\n<li style=\"text-align: justify;\"><strong>Activitats grupals<\/strong>: xerrades de promoci\u00f3 de l\u2019alimentaci\u00f3 saludable i la prevenci\u00f3 dels canvis d\u2019alimentaci\u00f3 no saludables, refor\u00e7ar la intervenci\u00f3 de la prevenci\u00f3 del consum de tabac, valorant si cal alguna acci\u00f3 de prevenci\u00f3 del consum d\u2019alcohol, relacions sexuals i detecci\u00f3 casos de viol\u00e8ncia.<\/li>\n<\/ol>\n<p>Per m\u00e9s informaci\u00f3 sobre el programa salut i escola podeu consultar la web:\u00a0 <a href=\"https:\/\/salutpublica.gencat.cat\/ca\/ambits\/promocio_salut\/Infancia-i-adolescencia\/Adolescencia\/salut-i-escola\/\">https:\/\/salutpublica.gencat.cat\/ca\/ambits\/promocio_salut\/Infancia-i-adolescencia\/Adolescencia\/salut-i-escola\/<\/a><\/p>\n<p>Informaci\u00f3 per a les fam\u00edlies: <a href=\"https:\/\/agora.xtec.cat\/iescanmargarit\/wp-content\/uploads\/usu2416\/2022\/03\/TRIPTIC-FAMILIES.pdf\">TRIPTIC-FAMILIES<\/a><\/p>\n<p>Informaci\u00f3 per als alumnes: <a href=\"https:\/\/agora.xtec.cat\/iescanmargarit\/wp-content\/uploads\/usu2416\/2022\/03\/Quadriptic-CONSULTA-OBERTA.pdf\">Quadr\u00edptic-CONSULTA-OBERTA<\/a><\/p>\n","protected":false},"excerpt":{"rendered":"<p>OBJECTIU. L\u2019objectiu del programa Salut i Escola (PSiE) \u00e9s millorar la salut dels adolescents mitjan\u00e7ant accions de promoci\u00f3 de la salut, de prevenci\u00f3 de les situacions de risc i d\u2019atenci\u00f3 preco\u00e7 per als problemes relacionats amb la salut mental, la salut afectiva i sexual, el consum de drogues, alcohol i tabac, en col\u00b7laboraci\u00f3 amb els [&hellip;]<\/p>\n","protected":false},"author":1,"featured_media":0,"parent":0,"menu_order":0,"comment_status":"closed","ping_status":"closed","template":"","meta":{"_bbp_topic_count":0,"_bbp_reply_count":0,"_bbp_total_topic_count":0,"_bbp_total_reply_count":0,"_bbp_voice_count":0,"_bbp_anonymous_reply_count":0,"_bbp_topic_count_hidden":0,"_bbp_reply_count_hidden":0,"_bbp_forum_subforum_count":0,"site-sidebar-layout":"default","site-content-layout":"","ast-site-content-layout":"","site-content-style":"default","site-sidebar-style":"default","ast-global-header-display":"","ast-banner-title-visibility":"","ast-main-header-display":"","ast-hfb-above-header-display":"","ast-hfb-below-header-display":"","ast-hfb-mobile-header-display":"","site-post-title":"","ast-breadcrumbs-content":"","ast-featured-img":"","footer-sml-layout":"","theme-transparent-header-meta":"","adv-header-id-meta":"","stick-header-meta":"","header-above-stick-meta":"","header-main-stick-meta":"","header-below-stick-meta":"","astra-migrate-meta-layouts":"default","ast-page-background-enabled":"default","ast-page-background-meta":{"desktop":{"background-color":"var(--ast-global-color-4)","background-image":"","background-repeat":"repeat","background-position":"center center","background-size":"auto","background-attachment":"scroll","background-type":"","background-media":"","overlay-type":"","overlay-color":"","overlay-opacity":"","overlay-gradient":""},"tablet":{"background-color":"","background-image":"","background-repeat":"repeat","background-position":"center center","background-size":"auto","background-attachment":"scroll","background-type":"","background-media":"","overlay-type":"","overlay-color":"","overlay-opacity":"","overlay-gradient":""},"mobile":{"background-color":"","background-image":"","background-repeat":"repeat","background-position":"center center","background-size":"auto","background-attachment":"scroll","background-type":"","background-media":"","overlay-type":"","overlay-color":"","overlay-opacity":"","overlay-gradient":""}},"ast-content-background-meta":{"desktop":{"background-color":"var(--ast-global-color-5)","background-image":"","background-repeat":"repeat","background-position":"center center","background-size":"auto","background-attachment":"scroll","background-type":"","background-media":"","overlay-type":"","overlay-color":"","overlay-opacity":"","overlay-gradient":""},"tablet":{"background-color":"var(--ast-global-color-5)","background-image":"","background-repeat":"repeat","background-position":"center center","background-size":"auto","background-attachment":"scroll","background-type":"","background-media":"","overlay-type":"","overlay-color":"","overlay-opacity":"","overlay-gradient":""},"mobile":{"background-color":"var(--ast-global-color-5)","background-image":"","background-repeat":"repeat","background-position":"center center","background-size":"auto","background-attachment":"scroll","background-type":"","background-media":"","overlay-type":"","overlay-color":"","overlay-opacity":"","overlay-gradient":""}},"footnotes":""},"class_list":["post-1749","page","type-page","status-publish","hentry"],"post_mailing_queue_ids":[],"_links":{"self":[{"href":"https:\/\/agora.xtec.cat\/iescanmargarit\/wp-json\/wp\/v2\/pages\/1749","targetHints":{"allow":["GET"]}}],"collection":[{"href":"https:\/\/agora.xtec.cat\/iescanmargarit\/wp-json\/wp\/v2\/pages"}],"about":[{"href":"https:\/\/agora.xtec.cat\/iescanmargarit\/wp-json\/wp\/v2\/types\/page"}],"author":[{"embeddable":true,"href":"https:\/\/agora.xtec.cat\/iescanmargarit\/wp-json\/wp\/v2\/users\/1"}],"replies":[{"embeddable":true,"href":"https:\/\/agora.xtec.cat\/iescanmargarit\/wp-json\/wp\/v2\/comments?post=1749"}],"version-history":[{"count":5,"href":"https:\/\/agora.xtec.cat\/iescanmargarit\/wp-json\/wp\/v2\/pages\/1749\/revisions"}],"predecessor-version":[{"id":2067,"href":"https:\/\/agora.xtec.cat\/iescanmargarit\/wp-json\/wp\/v2\/pages\/1749\/revisions\/2067"}],"wp:attachment":[{"href":"https:\/\/agora.xtec.cat\/iescanmargarit\/wp-json\/wp\/v2\/media?parent=1749"}],"curies":[{"name":"wp","href":"https:\/\/api.w.org\/{rel}","templated":true}]}}