{"id":9,"date":"2019-08-29T10:15:01","date_gmt":"2019-08-29T08:15:01","guid":{"rendered":"http:\/\/agora.xtec.cat\/iescanjofresa\/?page_id=9"},"modified":"2026-04-29T10:45:19","modified_gmt":"2026-04-29T08:45:19","slug":"pagina-dinici-buida","status":"publish","type":"page","link":"https:\/\/agora.xtec.cat\/iescanjofresa\/","title":{"rendered":"ACTUALITAT"},"content":{"rendered":"<h2 style=\"text-align: center;\"><span style=\"text-decoration: underline;\">PREINSCRIPCIONS SECUND\u00c0RIA I BATXILLERAT<\/span><\/h2>\n<table style=\"width: 100%; border-collapse: collapse; background-color: #f7f7f7; border-color: #000000; border-style: solid; height: 475px;\">\n<tbody>\n<tr style=\"height: 53px;\">\n<td style=\"width: 50.348%; background-color: #9ee6d0; text-align: center; border-style: solid; border-color: #000000; height: 53px;\"><a href=\"https:\/\/drive.google.com\/file\/d\/1lRhtj_DqOSaQGMpmDBW1hKL82KWUjUHT\/view?usp=drive_link\"><strong><span style=\"color: #000000;\"><span style=\"text-decoration: underline;\">CALENDARI PREINSCRIPCI\u00d3 26-27 SECUND\u00c0RIA<\/span><\/span><\/strong><\/a><\/td>\n<td style=\"width: 49.652%; background-color: #f7b977; text-align: center; border-style: solid; border-color: #000000; height: 53px;\"><strong><span style=\"color: #000000;\"><span style=\"text-decoration: underline;\">CALENDARI PREINSCRIPCI\u00d3 26-27 BATXILLERAT<\/span><\/span><\/strong><\/td>\n<\/tr>\n<tr style=\"height: 53px;\">\n<td style=\"width: 50.348%; text-align: center; background-color: #d4fffb; border-style: solid; border-color: #000000; height: 53px;\"><strong><span style=\"color: #000000;\"><span style=\"text-decoration: underline;\"><a href=\"https:\/\/preinscripcio.gencat.cat\/ca\/estudis\/eso\/preinscriute\/\">ENLLA\u00c7 A LA PREINSCRIPCI\u00d3 DE SECUND\u00c0RIA<\/a><\/span><\/span><\/strong><\/td>\n<td style=\"width: 49.652%; text-align: center; background-color: #fce8cc; border-style: solid; border-color: #000000; height: 53px;\"><strong><span style=\"color: #000000;\"><span style=\"text-decoration: underline;\"><a href=\"https:\/\/preinscripcio.gencat.cat\/ca\/estudis\/batxillerat\/preinscriute\/sollicitud\/\">ENLLA\u00c7 A LA PREINSCRIPCI\u00d3 DE BATXILLERAT<\/a><\/span><\/span><\/strong><\/td>\n<\/tr>\n<tr style=\"height: 69px;\">\n<td style=\"width: 50.348%; text-align: center; background-color: #d4fffb; border-style: solid; border-color: #000000; height: 69px;\"><strong><span style=\"color: #000000;\"><span style=\"text-decoration: underline;\"><a href=\"https:\/\/drive.google.com\/file\/d\/1HUEPCYTr5vJC0IKI-NT2kai5ERfJGU1J\/view?usp=drive_link\">PLACES OFERTA INICIAL SECUND\u00c0RIA 26-27<\/a><\/span><\/span><\/strong><\/td>\n<td style=\"width: 49.652%; text-align: center; background-color: #fce8cc; border-style: solid; border-color: #000000; height: 69px;\"><strong><span style=\"color: #000000;\"><span style=\"text-decoration: underline;\"><a href=\"https:\/\/drive.google.com\/file\/d\/1uJNLXhNTDtIGzQtJzdRvUmBYgpDR8abE\/view?usp=drive_link\">PLACES OFERTA INICIAL BATXILLERAT 26-27<\/a><\/span><\/span><\/strong><\/td>\n<\/tr>\n<tr style=\"height: 82px;\">\n<td style=\"width: 50.348%; text-align: center; background-color: #d4fffb; border-style: solid; border-color: #000000; height: 82px;\"><strong><span style=\"text-decoration: underline;\"><a href=\"https:\/\/drive.google.com\/file\/d\/1n4W5kUSlEQ6d_L5bmhYa7yM30d8tgUiZ\/view?usp=drive_link\">PUBLICACI\u00d3 DE LA LLISTA DE SOL\u00b7LICITUDS QUE HAN DEMANAT EL CENTRE EN PRIMERA OPCI\u00d3 AMB LA PUNTUACI\u00d3 PROVISIONAL<\/a><\/span><\/strong><\/td>\n<td style=\"width: 49.652%; text-align: center; background-color: #fce8cc; border-style: solid; border-color: #000000; height: 82px;\"><strong><span style=\"color: #000000;\"><span style=\"text-decoration: underline;\">\u00a0<\/span><\/span><\/strong><\/td>\n<\/tr>\n<tr style=\"height: 82px;\">\n<td style=\"width: 50.348%; text-align: center; background-color: #d4fffb; border-style: solid; border-color: #000000; height: 82px;\"><strong><span style=\"text-decoration: underline;\"><a href=\"https:\/\/drive.google.com\/file\/d\/1EXxypXl7za6AlTYQ4QUm44VRIXWX9H7j\/view?usp=drive_link\">PUBLICACI\u00d3 DE LA LLISTA DE SOL\u00b7LICITUDS QUE HAN DEMANAT EL CENTRE EN PRIMERA OPCI\u00d3 AMB LA PUNTUACI\u00d3 RESOLTES A 23\/04\/26<\/a><\/span><\/strong><\/td>\n<td style=\"width: 49.652%; text-align: center; background-color: #fce8cc; border-style: solid; border-color: #000000; height: 82px;\"><strong><span style=\"color: #000000;\"><span style=\"text-decoration: underline;\">\u00a0<\/span><\/span><\/strong><\/td>\n<\/tr>\n<tr style=\"height: 38px;\">\n<td style=\"width: 50.348%; text-align: center; background-color: #d4fffb; border-style: solid; border-color: #000000; height: 38px;\"><span style=\"text-decoration: underline;\"><strong><a href=\"https:\/\/preinscripcio.gencat.cat\/ca\/estudis\/eso\/preinscriute\/seguiment-sollicitud\/sorteig-desempat\/\">SORTEIG PER RESOLDRE LES SOL\u00b7LICITUDS EMPATADES EN PUNTS<\/a><\/strong><\/span><\/td>\n<td style=\"width: 49.652%; text-align: center; background-color: #fce8cc; border-style: solid; border-color: #000000; height: 38px;\"><\/td>\n<\/tr>\n<tr style=\"height: 98px;\">\n<td style=\"width: 50.348%; text-align: center; background-color: #d4fffb; border-style: solid; border-color: #000000; height: 98px;\"><span style=\"text-decoration: underline;\"><strong><a href=\"https:\/\/drive.google.com\/file\/d\/1For-1N7Xz_LFRyisS6U1A96-ThqoJuqJ\/view?usp=drive_link\">PUBLICACI\u00d3 DE LA LLISTA DE SOL\u00b7LICITUDS QUE HAN DEMANAT EL CENTRE I L&#8217;ENSENYAMENT EN PRIMERA PETICI\u00d3 ORDENADA A 29\/04\/2026<\/a><\/strong><\/span><\/td>\n<td style=\"width: 49.652%; text-align: center; background-color: #fce8cc; border-style: solid; border-color: #000000; height: 98px;\"><\/td>\n<\/tr>\n<\/tbody>\n<\/table>\n<p><img loading=\"lazy\" decoding=\"async\" class=\"wp-image-4984 alignleft\" src=\"https:\/\/agora.xtec.cat\/iescanjofresa\/wp-content\/uploads\/usu430\/2026\/03\/CALENDARI-PREINSCRIPCIO-26-27-1.jpg\" alt=\"\" width=\"480\" height=\"286\" srcset=\"https:\/\/agora.xtec.cat\/iescanjofresa\/wp-content\/uploads\/usu430\/2026\/03\/CALENDARI-PREINSCRIPCIO-26-27-1.jpg 953w, https:\/\/agora.xtec.cat\/iescanjofresa\/wp-content\/uploads\/usu430\/2026\/03\/CALENDARI-PREINSCRIPCIO-26-27-1-300x179.jpg 300w, https:\/\/agora.xtec.cat\/iescanjofresa\/wp-content\/uploads\/usu430\/2026\/03\/CALENDARI-PREINSCRIPCIO-26-27-1-768x459.jpg 768w\" sizes=\"auto, (max-width: 480px) 100vw, 480px\" \/><img loading=\"lazy\" decoding=\"async\" class=\"alignnone wp-image-5034\" src=\"https:\/\/agora.xtec.cat\/iescanjofresa\/wp-content\/uploads\/usu430\/2026\/04\/calendari-btx-1.jpg\" alt=\"\" width=\"479\" height=\"296\" srcset=\"https:\/\/agora.xtec.cat\/iescanjofresa\/wp-content\/uploads\/usu430\/2026\/04\/calendari-btx-1.jpg 800w, https:\/\/agora.xtec.cat\/iescanjofresa\/wp-content\/uploads\/usu430\/2026\/04\/calendari-btx-1-300x185.jpg 300w, https:\/\/agora.xtec.cat\/iescanjofresa\/wp-content\/uploads\/usu430\/2026\/04\/calendari-btx-1-768x474.jpg 768w\" sizes=\"auto, (max-width: 479px) 100vw, 479px\" \/><\/p>\n<table style=\"height: 36px; width: 100%; border-collapse: collapse; border-color: #000000;\">\n<tbody>\n<tr style=\"height: 26px;\">\n<td style=\"width: 100%; height: 26px; background-color: #bdbdbd; border-color: #000000;\"><strong>BEQUES<\/strong><\/td>\n<\/tr>\n<tr style=\"height: 10px;\">\n<td style=\"width: 100%; height: 10px; border-color: #000000;\"><a href=\"https:\/\/web.gencat.cat\/ca\/ciutadania\/actualitat\/demanar-beques-i-ajuts-per-estudiar\">Enlla\u00e7 per a sol\u00b7licituds de beques\u00a0<\/a><\/td>\n<\/tr>\n<\/tbody>\n<\/table>\n<p>&nbsp;<\/p>\n<p>&nbsp;<\/p>\n","protected":false},"excerpt":{"rendered":"<p>PREINSCRIPCIONS SECUND\u00c0RIA I BATXILLERAT CALENDARI PREINSCRIPCI\u00d3 26-27 SECUND\u00c0RIA CALENDARI PREINSCRIPCI\u00d3 26-27 BATXILLERAT ENLLA\u00c7 A LA PREINSCRIPCI\u00d3 DE SECUND\u00c0RIA ENLLA\u00c7 A LA PREINSCRIPCI\u00d3 DE BATXILLERAT PLACES OFERTA INICIAL SECUND\u00c0RIA 26-27 PLACES OFERTA INICIAL BATXILLERAT 26-27 PUBLICACI\u00d3 DE LA LLISTA DE SOL\u00b7LICITUDS QUE HAN DEMANAT EL CENTRE EN PRIMERA OPCI\u00d3 AMB LA PUNTUACI\u00d3 PROVISIONAL \u00a0 PUBLICACI\u00d3 DE [&hellip;]<\/p>\n","protected":false},"author":1,"featured_media":0,"parent":0,"menu_order":0,"comment_status":"closed","ping_status":"closed","template":"","meta":{"_bbp_topic_count":0,"_bbp_reply_count":0,"_bbp_total_topic_count":0,"_bbp_total_reply_count":0,"_bbp_voice_count":0,"_bbp_anonymous_reply_count":0,"_bbp_topic_count_hidden":0,"_bbp_reply_count_hidden":0,"_bbp_forum_subforum_count":0,"site-sidebar-layout":"default","site-content-layout":"","ast-site-content-layout":"default","site-content-style":"default","site-sidebar-style":"default","ast-global-header-display":"","ast-banner-title-visibility":"","ast-main-header-display":"","ast-hfb-above-header-display":"","ast-hfb-below-header-display":"","ast-hfb-mobile-header-display":"","site-post-title":"","ast-breadcrumbs-content":"","ast-featured-img":"","footer-sml-layout":"","theme-transparent-header-meta":"default","adv-header-id-meta":"","stick-header-meta":"","header-above-stick-meta":"","header-main-stick-meta":"","header-below-stick-meta":"","astra-migrate-meta-layouts":"set","ast-page-background-enabled":"default","ast-page-background-meta":{"desktop":{"background-color":"var(--ast-global-color-4)","background-image":"","background-repeat":"repeat","background-position":"center center","background-size":"auto","background-attachment":"scroll","background-type":"","background-media":"","overlay-type":"","overlay-color":"","overlay-opacity":"","overlay-gradient":""},"tablet":{"background-color":"","background-image":"","background-repeat":"repeat","background-position":"center center","background-size":"auto","background-attachment":"scroll","background-type":"","background-media":"","overlay-type":"","overlay-color":"","overlay-opacity":"","overlay-gradient":""},"mobile":{"background-color":"","background-image":"","background-repeat":"repeat","background-position":"center center","background-size":"auto","background-attachment":"scroll","background-type":"","background-media":"","overlay-type":"","overlay-color":"","overlay-opacity":"","overlay-gradient":""}},"ast-content-background-meta":{"desktop":{"background-color":"var(--ast-global-color-5)","background-image":"","background-repeat":"repeat","background-position":"center center","background-size":"auto","background-attachment":"scroll","background-type":"","background-media":"","overlay-type":"","overlay-color":"","overlay-opacity":"","overlay-gradient":""},"tablet":{"background-color":"var(--ast-global-color-5)","background-image":"","background-repeat":"repeat","background-position":"center center","background-size":"auto","background-attachment":"scroll","background-type":"","background-media":"","overlay-type":"","overlay-color":"","overlay-opacity":"","overlay-gradient":""},"mobile":{"background-color":"var(--ast-global-color-5)","background-image":"","background-repeat":"repeat","background-position":"center center","background-size":"auto","background-attachment":"scroll","background-type":"","background-media":"","overlay-type":"","overlay-color":"","overlay-opacity":"","overlay-gradient":""}},"footnotes":""},"class_list":["post-9","page","type-page","status-publish","hentry"],"post_mailing_queue_ids":[],"_links":{"self":[{"href":"https:\/\/agora.xtec.cat\/iescanjofresa\/wp-json\/wp\/v2\/pages\/9","targetHints":{"allow":["GET"]}}],"collection":[{"href":"https:\/\/agora.xtec.cat\/iescanjofresa\/wp-json\/wp\/v2\/pages"}],"about":[{"href":"https:\/\/agora.xtec.cat\/iescanjofresa\/wp-json\/wp\/v2\/types\/page"}],"author":[{"embeddable":true,"href":"https:\/\/agora.xtec.cat\/iescanjofresa\/wp-json\/wp\/v2\/users\/1"}],"replies":[{"embeddable":true,"href":"https:\/\/agora.xtec.cat\/iescanjofresa\/wp-json\/wp\/v2\/comments?post=9"}],"version-history":[{"count":8,"href":"https:\/\/agora.xtec.cat\/iescanjofresa\/wp-json\/wp\/v2\/pages\/9\/revisions"}],"predecessor-version":[{"id":5047,"href":"https:\/\/agora.xtec.cat\/iescanjofresa\/wp-json\/wp\/v2\/pages\/9\/revisions\/5047"}],"wp:attachment":[{"href":"https:\/\/agora.xtec.cat\/iescanjofresa\/wp-json\/wp\/v2\/media?parent=9"}],"curies":[{"name":"wp","href":"https:\/\/api.w.org\/{rel}","templated":true}]}}