{"id":63,"date":"2014-09-18T10:06:31","date_gmt":"2014-09-18T10:06:31","guid":{"rendered":"http:\/\/agora.xtec.cat\/iescanjofresa\/?page_id=63"},"modified":"2023-04-25T17:14:19","modified_gmt":"2023-04-25T15:14:19","slug":"serveis","status":"publish","type":"page","link":"https:\/\/agora.xtec.cat\/iescanjofresa\/institut2-2\/serveis\/","title":{"rendered":"Serveis"},"content":{"rendered":"<ul>\n<li><strong>Servei Psicopedag\u00f2gic<\/strong><\/li>\n<li><strong>Personal d\u2019Integraci\u00f3 Social<\/strong><\/li>\n<li><strong>Punt d\u2019informaci\u00f3 juvenil: Casa Baumann<\/strong><\/li>\n<li><b>Participaci\u00f3 en el campus \u00cdtaca<\/b><\/li>\n<li><b>Tutoria d&#8217;acompanyament<\/b><\/li>\n<li><strong>Serveis de mediaci\u00f3<\/strong><\/li>\n<li><strong>Coordinaci\u00f3 amb entitats i serveis de la zona<\/strong><\/li>\n<li><strong>Comissi\u00f3 de delegats i comissi\u00f3 de delegats verds<\/strong><\/li>\n<\/ul>\n<blockquote dir=\"ltr\">\n<blockquote dir=\"ltr\">\n<blockquote dir=\"ltr\">\n<div><strong>Dinamitzadors de la conviv\u00e8ncia en el centre<\/strong><\/div>\n<div><strong>Voluntaris per a la lectura<\/strong><\/div>\n<div><strong>Dinmitzadors esportius<\/strong><\/div>\n<\/blockquote>\n<\/blockquote>\n<\/blockquote>\n<ul>\n<li>\n<div><strong>Biblioteca: Pr\u00e9stec de llibres<\/strong><\/div>\n<\/li>\n<\/ul>\n","protected":false},"excerpt":{"rendered":"<p>Servei Psicopedag\u00f2gic Personal d\u2019Integraci\u00f3 Social Punt d\u2019informaci\u00f3 juvenil: Casa Baumann Participaci\u00f3 en el campus \u00cdtaca Tutoria d&#8217;acompanyament Serveis de mediaci\u00f3 Coordinaci\u00f3 amb entitats i serveis de la zona Comissi\u00f3 de delegats i comissi\u00f3 de delegats verds Dinamitzadors de la conviv\u00e8ncia en el centre Voluntaris per a la lectura Dinmitzadors esportius Biblioteca: Pr\u00e9stec de llibres<\/p>\n","protected":false},"author":1,"featured_media":0,"parent":1963,"menu_order":1,"comment_status":"closed","ping_status":"closed","template":"","meta":{"_bbp_topic_count":0,"_bbp_reply_count":0,"_bbp_total_topic_count":0,"_bbp_total_reply_count":0,"_bbp_voice_count":0,"_bbp_anonymous_reply_count":0,"_bbp_topic_count_hidden":0,"_bbp_reply_count_hidden":0,"_bbp_forum_subforum_count":0,"site-sidebar-layout":"default","site-content-layout":"","ast-site-content-layout":"","site-content-style":"default","site-sidebar-style":"default","ast-global-header-display":"","ast-banner-title-visibility":"","ast-main-header-display":"","ast-hfb-above-header-display":"","ast-hfb-below-header-display":"","ast-hfb-mobile-header-display":"","site-post-title":"","ast-breadcrumbs-content":"","ast-featured-img":"","footer-sml-layout":"","theme-transparent-header-meta":"","adv-header-id-meta":"","stick-header-meta":"","header-above-stick-meta":"","header-main-stick-meta":"","header-below-stick-meta":"","astra-migrate-meta-layouts":"default","ast-page-background-enabled":"default","ast-page-background-meta":{"desktop":{"background-color":"var(--ast-global-color-4)","background-image":"","background-repeat":"repeat","background-position":"center center","background-size":"auto","background-attachment":"scroll","background-type":"","background-media":"","overlay-type":"","overlay-color":"","overlay-opacity":"","overlay-gradient":""},"tablet":{"background-color":"","background-image":"","background-repeat":"repeat","background-position":"center center","background-size":"auto","background-attachment":"scroll","background-type":"","background-media":"","overlay-type":"","overlay-color":"","overlay-opacity":"","overlay-gradient":""},"mobile":{"background-color":"","background-image":"","background-repeat":"repeat","background-position":"center center","background-size":"auto","background-attachment":"scroll","background-type":"","background-media":"","overlay-type":"","overlay-color":"","overlay-opacity":"","overlay-gradient":""}},"ast-content-background-meta":{"desktop":{"background-color":"var(--ast-global-color-5)","background-image":"","background-repeat":"repeat","background-position":"center center","background-size":"auto","background-attachment":"scroll","background-type":"","background-media":"","overlay-type":"","overlay-color":"","overlay-opacity":"","overlay-gradient":""},"tablet":{"background-color":"var(--ast-global-color-5)","background-image":"","background-repeat":"repeat","background-position":"center center","background-size":"auto","background-attachment":"scroll","background-type":"","background-media":"","overlay-type":"","overlay-color":"","overlay-opacity":"","overlay-gradient":""},"mobile":{"background-color":"var(--ast-global-color-5)","background-image":"","background-repeat":"repeat","background-position":"center center","background-size":"auto","background-attachment":"scroll","background-type":"","background-media":"","overlay-type":"","overlay-color":"","overlay-opacity":"","overlay-gradient":""}},"footnotes":""},"class_list":["post-63","page","type-page","status-publish","hentry"],"post_mailing_queue_ids":[],"_links":{"self":[{"href":"https:\/\/agora.xtec.cat\/iescanjofresa\/wp-json\/wp\/v2\/pages\/63","targetHints":{"allow":["GET"]}}],"collection":[{"href":"https:\/\/agora.xtec.cat\/iescanjofresa\/wp-json\/wp\/v2\/pages"}],"about":[{"href":"https:\/\/agora.xtec.cat\/iescanjofresa\/wp-json\/wp\/v2\/types\/page"}],"author":[{"embeddable":true,"href":"https:\/\/agora.xtec.cat\/iescanjofresa\/wp-json\/wp\/v2\/users\/1"}],"replies":[{"embeddable":true,"href":"https:\/\/agora.xtec.cat\/iescanjofresa\/wp-json\/wp\/v2\/comments?post=63"}],"version-history":[{"count":3,"href":"https:\/\/agora.xtec.cat\/iescanjofresa\/wp-json\/wp\/v2\/pages\/63\/revisions"}],"predecessor-version":[{"id":3836,"href":"https:\/\/agora.xtec.cat\/iescanjofresa\/wp-json\/wp\/v2\/pages\/63\/revisions\/3836"}],"up":[{"embeddable":true,"href":"https:\/\/agora.xtec.cat\/iescanjofresa\/wp-json\/wp\/v2\/pages\/1963"}],"wp:attachment":[{"href":"https:\/\/agora.xtec.cat\/iescanjofresa\/wp-json\/wp\/v2\/media?parent=63"}],"curies":[{"name":"wp","href":"https:\/\/api.w.org\/{rel}","templated":true}]}}