{"id":4674,"date":"2025-02-05T13:12:40","date_gmt":"2025-02-05T12:12:40","guid":{"rendered":"https:\/\/agora.xtec.cat\/iescanjofresa\/?page_id=4674"},"modified":"2025-02-05T13:12:40","modified_gmt":"2025-02-05T12:12:40","slug":"proves-extraordinaries-graduat-en-educacio-secundaria-obligatoria","status":"publish","type":"page","link":"https:\/\/agora.xtec.cat\/iescanjofresa\/proves-extraordinaries-graduat-en-educacio-secundaria-obligatoria\/","title":{"rendered":"Proves Extraordin\u00e0ries: Graduat en educaci\u00f3 secund\u00e0ria obligat\u00f2ria"},"content":{"rendered":"<p>&nbsp;<\/p>\n<p><strong>Sol\u00b7licitud<\/strong><\/p>\n<ul>\n<li>Entre el 3 i el 14 de febrer\u00a0de 2025\u00a0i s&#8217;ha de presentar a la secretaria del centre on la persona sol\u00b7licitant va estar matriculada de quart d&#8217;ESO per \u00faltima vegada.<\/li>\n<\/ul>\n<p><strong>Calendari i llistes de persones admeses i excloses<\/strong><\/p>\n<ul>\n<li>Fins al 3 de mar\u00e7 de 2025, el centre publica el calendari de la prova i la\u00a0llista de persones admeses i excloses. Tamb\u00e9 s&#8217;inclouran les mat\u00e8ries objecte de la prova.<\/li>\n<li>Del 4 al 6 de mar\u00e7 de 2025, els aspirants exclosos poden presentar una reclamaci\u00f3 davant la direcci\u00f3 del centre.<\/li>\n<\/ul>\n<p><strong>Realitzaci\u00f3 de la prova<\/strong><\/p>\n<ul>\n<li>Durant el mes de mar\u00e7 de 2025.<\/li>\n<li>Els alumnes han de portar l&#8217;original del DNI, targeta de resid\u00e8ncia, passaport o qualsevol altre document identificatiu oficial en vigor.<\/li>\n<\/ul>\n<p>&nbsp;<\/p>\n","protected":false},"excerpt":{"rendered":"<p>&nbsp; Sol\u00b7licitud Entre el 3 i el 14 de febrer\u00a0de 2025\u00a0i s&#8217;ha de presentar a la secretaria del centre on la persona sol\u00b7licitant va estar matriculada de quart d&#8217;ESO per \u00faltima vegada. Calendari i llistes de persones admeses i excloses Fins al 3 de mar\u00e7 de 2025, el centre publica el calendari de la prova [&hellip;]<\/p>\n","protected":false},"author":1,"featured_media":0,"parent":0,"menu_order":0,"comment_status":"closed","ping_status":"closed","template":"","meta":{"_bbp_topic_count":0,"_bbp_reply_count":0,"_bbp_total_topic_count":0,"_bbp_total_reply_count":0,"_bbp_voice_count":0,"_bbp_anonymous_reply_count":0,"_bbp_topic_count_hidden":0,"_bbp_reply_count_hidden":0,"_bbp_forum_subforum_count":0,"site-sidebar-layout":"default","site-content-layout":"","ast-site-content-layout":"","site-content-style":"default","site-sidebar-style":"default","ast-global-header-display":"","ast-banner-title-visibility":"","ast-main-header-display":"","ast-hfb-above-header-display":"","ast-hfb-below-header-display":"","ast-hfb-mobile-header-display":"","site-post-title":"","ast-breadcrumbs-content":"","ast-featured-img":"","footer-sml-layout":"","theme-transparent-header-meta":"","adv-header-id-meta":"","stick-header-meta":"","header-above-stick-meta":"","header-main-stick-meta":"","header-below-stick-meta":"","astra-migrate-meta-layouts":"default","ast-page-background-enabled":"default","ast-page-background-meta":{"desktop":{"background-color":"var(--ast-global-color-4)","background-image":"","background-repeat":"repeat","background-position":"center center","background-size":"auto","background-attachment":"scroll","background-type":"","background-media":"","overlay-type":"","overlay-color":"","overlay-opacity":"","overlay-gradient":""},"tablet":{"background-color":"","background-image":"","background-repeat":"repeat","background-position":"center center","background-size":"auto","background-attachment":"scroll","background-type":"","background-media":"","overlay-type":"","overlay-color":"","overlay-opacity":"","overlay-gradient":""},"mobile":{"background-color":"","background-image":"","background-repeat":"repeat","background-position":"center center","background-size":"auto","background-attachment":"scroll","background-type":"","background-media":"","overlay-type":"","overlay-color":"","overlay-opacity":"","overlay-gradient":""}},"ast-content-background-meta":{"desktop":{"background-color":"var(--ast-global-color-5)","background-image":"","background-repeat":"repeat","background-position":"center center","background-size":"auto","background-attachment":"scroll","background-type":"","background-media":"","overlay-type":"","overlay-color":"","overlay-opacity":"","overlay-gradient":""},"tablet":{"background-color":"var(--ast-global-color-5)","background-image":"","background-repeat":"repeat","background-position":"center center","background-size":"auto","background-attachment":"scroll","background-type":"","background-media":"","overlay-type":"","overlay-color":"","overlay-opacity":"","overlay-gradient":""},"mobile":{"background-color":"var(--ast-global-color-5)","background-image":"","background-repeat":"repeat","background-position":"center center","background-size":"auto","background-attachment":"scroll","background-type":"","background-media":"","overlay-type":"","overlay-color":"","overlay-opacity":"","overlay-gradient":""}},"footnotes":""},"class_list":["post-4674","page","type-page","status-publish","hentry"],"post_mailing_queue_ids":[],"_links":{"self":[{"href":"https:\/\/agora.xtec.cat\/iescanjofresa\/wp-json\/wp\/v2\/pages\/4674","targetHints":{"allow":["GET"]}}],"collection":[{"href":"https:\/\/agora.xtec.cat\/iescanjofresa\/wp-json\/wp\/v2\/pages"}],"about":[{"href":"https:\/\/agora.xtec.cat\/iescanjofresa\/wp-json\/wp\/v2\/types\/page"}],"author":[{"embeddable":true,"href":"https:\/\/agora.xtec.cat\/iescanjofresa\/wp-json\/wp\/v2\/users\/1"}],"replies":[{"embeddable":true,"href":"https:\/\/agora.xtec.cat\/iescanjofresa\/wp-json\/wp\/v2\/comments?post=4674"}],"version-history":[{"count":2,"href":"https:\/\/agora.xtec.cat\/iescanjofresa\/wp-json\/wp\/v2\/pages\/4674\/revisions"}],"predecessor-version":[{"id":4676,"href":"https:\/\/agora.xtec.cat\/iescanjofresa\/wp-json\/wp\/v2\/pages\/4674\/revisions\/4676"}],"wp:attachment":[{"href":"https:\/\/agora.xtec.cat\/iescanjofresa\/wp-json\/wp\/v2\/media?parent=4674"}],"curies":[{"name":"wp","href":"https:\/\/api.w.org\/{rel}","templated":true}]}}