{"id":319,"date":"2015-07-28T17:43:33","date_gmt":"2015-07-28T16:43:33","guid":{"rendered":"http:\/\/agora.xtec.cat\/iescanjofresa\/?page_id=319"},"modified":"2015-09-05T15:49:08","modified_gmt":"2015-09-05T14:49:08","slug":"normativa","status":"publish","type":"page","link":"https:\/\/agora.xtec.cat\/iescanjofresa\/normes-dorganitzacio-i-funcionament\/normativa\/","title":{"rendered":"Normativa"},"content":{"rendered":"<p>Tota relaci\u00f3 de conviv\u00e8ncia necessita uns marcs de refer\u00e8ncia i formes d\u2019organitzar-se que facilitin les relacions i les facin m\u00e9s agradables.<\/p>\n<p>Les normes de conviv\u00e8ncia al nostre centre fan refer\u00e8ncia a l\u2019assist\u00e8ncia, puntualitat, i a l\u2019 actitud a la classe i al centre en general.<\/p>\n<p>L\u2019assist\u00e8ncia de l\u2019alumnat a classe i a la resta d\u2019activitats organitzades pel centre \u00e9s obligat\u00f2ria i les faltes d\u2019assist\u00e8ncia s\u2019hauran de justificar mitjan\u00e7ant l\u2019agenda o telef\u00f2nicament. L\u2019alumnat no pot sortir del centre sense una autoritzaci\u00f3 expressa de la fam\u00edlia.<\/p>\n<p>La puntualitat \u00e9s necess\u00e0ria per al bon funcionament de les classes i de l\u2019activitat del centre, per tant es fa un control de les faltes de puntualitat.<\/p>\n<p>El comportament dels alumnes ha de ser respectu\u00f3s amb els diferents membres de la comunitat educativa i tamb\u00e9 envers les instal\u00b7lacions i el material del centre.<\/p>\n<p>L\u2019alumnat ha de portar el material necessari i la seva actitud a les aules ha de contribuir a crear un clima que afavoreixi l\u2019aprenentatge.<\/p>\n<p>&nbsp;<\/p>\n","protected":false},"excerpt":{"rendered":"<p>Tota relaci\u00f3 de conviv\u00e8ncia necessita uns marcs de refer\u00e8ncia i formes d\u2019organitzar-se que facilitin les relacions i les facin m\u00e9s agradables. Les normes de conviv\u00e8ncia al nostre centre fan refer\u00e8ncia a l\u2019assist\u00e8ncia, puntualitat, i a l\u2019 actitud a la classe i al centre en general. L\u2019assist\u00e8ncia de l\u2019alumnat a classe i a la resta d\u2019activitats [&hellip;]<\/p>\n","protected":false},"author":1,"featured_media":0,"parent":49,"menu_order":0,"comment_status":"closed","ping_status":"closed","template":"page-templates\/side-menu.php","meta":{"_bbp_topic_count":0,"_bbp_reply_count":0,"_bbp_total_topic_count":0,"_bbp_total_reply_count":0,"_bbp_voice_count":0,"_bbp_anonymous_reply_count":0,"_bbp_topic_count_hidden":0,"_bbp_reply_count_hidden":0,"_bbp_forum_subforum_count":0,"site-sidebar-layout":"default","site-content-layout":"","ast-site-content-layout":"","site-content-style":"default","site-sidebar-style":"default","ast-global-header-display":"","ast-banner-title-visibility":"","ast-main-header-display":"","ast-hfb-above-header-display":"","ast-hfb-below-header-display":"","ast-hfb-mobile-header-display":"","site-post-title":"","ast-breadcrumbs-content":"","ast-featured-img":"","footer-sml-layout":"","theme-transparent-header-meta":"","adv-header-id-meta":"","stick-header-meta":"","header-above-stick-meta":"","header-main-stick-meta":"","header-below-stick-meta":"","astra-migrate-meta-layouts":"default","ast-page-background-enabled":"default","ast-page-background-meta":{"desktop":{"background-color":"var(--ast-global-color-4)","background-image":"","background-repeat":"repeat","background-position":"center center","background-size":"auto","background-attachment":"scroll","background-type":"","background-media":"","overlay-type":"","overlay-color":"","overlay-opacity":"","overlay-gradient":""},"tablet":{"background-color":"","background-image":"","background-repeat":"repeat","background-position":"center center","background-size":"auto","background-attachment":"scroll","background-type":"","background-media":"","overlay-type":"","overlay-color":"","overlay-opacity":"","overlay-gradient":""},"mobile":{"background-color":"","background-image":"","background-repeat":"repeat","background-position":"center center","background-size":"auto","background-attachment":"scroll","background-type":"","background-media":"","overlay-type":"","overlay-color":"","overlay-opacity":"","overlay-gradient":""}},"ast-content-background-meta":{"desktop":{"background-color":"var(--ast-global-color-5)","background-image":"","background-repeat":"repeat","background-position":"center center","background-size":"auto","background-attachment":"scroll","background-type":"","background-media":"","overlay-type":"","overlay-color":"","overlay-opacity":"","overlay-gradient":""},"tablet":{"background-color":"var(--ast-global-color-5)","background-image":"","background-repeat":"repeat","background-position":"center center","background-size":"auto","background-attachment":"scroll","background-type":"","background-media":"","overlay-type":"","overlay-color":"","overlay-opacity":"","overlay-gradient":""},"mobile":{"background-color":"var(--ast-global-color-5)","background-image":"","background-repeat":"repeat","background-position":"center center","background-size":"auto","background-attachment":"scroll","background-type":"","background-media":"","overlay-type":"","overlay-color":"","overlay-opacity":"","overlay-gradient":""}},"footnotes":""},"class_list":["post-319","page","type-page","status-publish","hentry"],"post_mailing_queue_ids":[],"_links":{"self":[{"href":"https:\/\/agora.xtec.cat\/iescanjofresa\/wp-json\/wp\/v2\/pages\/319","targetHints":{"allow":["GET"]}}],"collection":[{"href":"https:\/\/agora.xtec.cat\/iescanjofresa\/wp-json\/wp\/v2\/pages"}],"about":[{"href":"https:\/\/agora.xtec.cat\/iescanjofresa\/wp-json\/wp\/v2\/types\/page"}],"author":[{"embeddable":true,"href":"https:\/\/agora.xtec.cat\/iescanjofresa\/wp-json\/wp\/v2\/users\/1"}],"replies":[{"embeddable":true,"href":"https:\/\/agora.xtec.cat\/iescanjofresa\/wp-json\/wp\/v2\/comments?post=319"}],"version-history":[{"count":2,"href":"https:\/\/agora.xtec.cat\/iescanjofresa\/wp-json\/wp\/v2\/pages\/319\/revisions"}],"predecessor-version":[{"id":460,"href":"https:\/\/agora.xtec.cat\/iescanjofresa\/wp-json\/wp\/v2\/pages\/319\/revisions\/460"}],"up":[{"embeddable":true,"href":"https:\/\/agora.xtec.cat\/iescanjofresa\/wp-json\/wp\/v2\/pages\/49"}],"wp:attachment":[{"href":"https:\/\/agora.xtec.cat\/iescanjofresa\/wp-json\/wp\/v2\/media?parent=319"}],"curies":[{"name":"wp","href":"https:\/\/api.w.org\/{rel}","templated":true}]}}