{"id":261,"date":"2015-07-28T18:20:11","date_gmt":"2015-07-28T17:20:11","guid":{"rendered":"http:\/\/agora.xtec.cat\/iescanjofresa\/?page_id=261"},"modified":"2023-04-19T08:53:32","modified_gmt":"2023-04-19T06:53:32","slug":"el-centre","status":"publish","type":"page","link":"https:\/\/agora.xtec.cat\/iescanjofresa\/institut2-2\/el-centre\/","title":{"rendered":"El centre"},"content":{"rendered":"<p><a href=\"http:\/\/agora.xtec.cat\/iescanjofresa\/wp-content\/uploads\/usu430\/2015\/07\/classe.jpg\"><img loading=\"lazy\" decoding=\"async\" class=\"alignright wp-image-262\" src=\"http:\/\/agora.xtec.cat\/iescanjofresa\/wp-content\/uploads\/usu430\/2015\/07\/classe-300x225.jpg\" alt=\"classe\" width=\"500\" height=\"376\" srcset=\"https:\/\/agora.xtec.cat\/iescanjofresa\/wp-content\/uploads\/usu430\/2015\/07\/classe-300x225.jpg 300w, https:\/\/agora.xtec.cat\/iescanjofresa\/wp-content\/uploads\/usu430\/2015\/07\/classe-200x150.jpg 200w, https:\/\/agora.xtec.cat\/iescanjofresa\/wp-content\/uploads\/usu430\/2015\/07\/classe.jpg 563w\" sizes=\"auto, (max-width: 500px) 100vw, 500px\" \/><\/a>L&#8217;Institut Can Jofresa \u00e9s un centre amb 30 anys d&#8217;antiguitat. Actualment el centre ofereix estudis d&#8217;ESO i Batxillerat. L\u2019alumnat prov\u00e9 de quatre centres de prim\u00e0ria: Escola Pau Vila, Escola Agust\u00ed Bartra, Escola Ramon y Cajal, Escola President Salvans.<\/p>\n<p>L\u2019Institut Can Jofresa ent\u00e9n que la tasca educativa ha d\u2019estar adre\u00e7ada al desenvolupament integral de l\u2019alumnat, per aix\u00f2 potenciem els valors del treball, l\u2019esfor\u00e7 i la responsabilitat que els permeti desenvolupar al m\u00e0xim les seves pr\u00f2pies capacitats. Treballem per ser un centre acollidor, on tothom se senti respectat en la singularitat. Un centre participatiu i comprom\u00e8s que fomenti els valors democr\u00e0tics de llibertat, just\u00edcia i equitat i es vinculi de manera solid\u00e0ria i sostenible amb el seu entorn. El Centre en la seva activitat quotidiana i a trav\u00e9s de les diverses \u00e0rees de coneixement vol transmetre valors democr\u00e0tics, fomentar en els alumnes l\u2019esperit cr\u00edtic davant la realitat, promoure el sentit de la ciutadania i educar-los en valors com la solidaritat i la pau.<\/p>\n<p>El Centre vol oferir els est\u00edmuls i el curr\u00edculum adequat perqu\u00e8 tots els alumnes puguin desenvolupar de manera \u00f2ptima les seves capacitats i compet\u00e8ncies. A trav\u00e9s de les activitats d\u2019aprenentatge potenciem la iniciativa en la recerca de coneixements i l\u2019assimilaci\u00f3 de manera activa dels elements b\u00e0sics de la cultura. L\u2019institut pret\u00e9n aconseguir la implicaci\u00f3 de l\u2019alumnat en la din\u00e0mica del Centre (Consell de Delegats, Comissi\u00f3 de conviv\u00e8ncia, voluntaris per la lectura , dinamitzadors esportius&#8230;) i fomentar la seva participaci\u00f3 en les activitats extraescolars.<\/p>\n<p>El centre vol projectar-se cap a l\u2019exterior i vincular-se amb l\u2019entorn, a partir del lligam amb el barri, amb projectes de col\u00b7laboraci\u00f3 amb les escoles de prim\u00e0ria, els altres centres de secund\u00e0ria, l\u2019Ajuntament, les Universitats&#8230;<\/p>\n","protected":false},"excerpt":{"rendered":"<p>L&#8217;Institut Can Jofresa \u00e9s un centre amb 30 anys d&#8217;antiguitat. Actualment el centre ofereix estudis d&#8217;ESO i Batxillerat. L\u2019alumnat prov\u00e9 de quatre centres de prim\u00e0ria: Escola Pau Vila, Escola Agust\u00ed Bartra, Escola Ramon y Cajal, Escola President Salvans. L\u2019Institut Can Jofresa ent\u00e9n que la tasca educativa ha d\u2019estar adre\u00e7ada al desenvolupament integral de l\u2019alumnat, per [&hellip;]<\/p>\n","protected":false},"author":1,"featured_media":0,"parent":1963,"menu_order":5,"comment_status":"closed","ping_status":"closed","template":"","meta":{"_bbp_topic_count":0,"_bbp_reply_count":0,"_bbp_total_topic_count":0,"_bbp_total_reply_count":0,"_bbp_voice_count":0,"_bbp_anonymous_reply_count":0,"_bbp_topic_count_hidden":0,"_bbp_reply_count_hidden":0,"_bbp_forum_subforum_count":0,"site-sidebar-layout":"default","site-content-layout":"","ast-site-content-layout":"","site-content-style":"default","site-sidebar-style":"default","ast-global-header-display":"","ast-banner-title-visibility":"","ast-main-header-display":"","ast-hfb-above-header-display":"","ast-hfb-below-header-display":"","ast-hfb-mobile-header-display":"","site-post-title":"","ast-breadcrumbs-content":"","ast-featured-img":"","footer-sml-layout":"","theme-transparent-header-meta":"","adv-header-id-meta":"","stick-header-meta":"","header-above-stick-meta":"","header-main-stick-meta":"","header-below-stick-meta":"","astra-migrate-meta-layouts":"default","ast-page-background-enabled":"default","ast-page-background-meta":{"desktop":{"background-color":"var(--ast-global-color-4)","background-image":"","background-repeat":"repeat","background-position":"center center","background-size":"auto","background-attachment":"scroll","background-type":"","background-media":"","overlay-type":"","overlay-color":"","overlay-opacity":"","overlay-gradient":""},"tablet":{"background-color":"","background-image":"","background-repeat":"repeat","background-position":"center center","background-size":"auto","background-attachment":"scroll","background-type":"","background-media":"","overlay-type":"","overlay-color":"","overlay-opacity":"","overlay-gradient":""},"mobile":{"background-color":"","background-image":"","background-repeat":"repeat","background-position":"center center","background-size":"auto","background-attachment":"scroll","background-type":"","background-media":"","overlay-type":"","overlay-color":"","overlay-opacity":"","overlay-gradient":""}},"ast-content-background-meta":{"desktop":{"background-color":"var(--ast-global-color-5)","background-image":"","background-repeat":"repeat","background-position":"center center","background-size":"auto","background-attachment":"scroll","background-type":"","background-media":"","overlay-type":"","overlay-color":"","overlay-opacity":"","overlay-gradient":""},"tablet":{"background-color":"var(--ast-global-color-5)","background-image":"","background-repeat":"repeat","background-position":"center center","background-size":"auto","background-attachment":"scroll","background-type":"","background-media":"","overlay-type":"","overlay-color":"","overlay-opacity":"","overlay-gradient":""},"mobile":{"background-color":"var(--ast-global-color-5)","background-image":"","background-repeat":"repeat","background-position":"center center","background-size":"auto","background-attachment":"scroll","background-type":"","background-media":"","overlay-type":"","overlay-color":"","overlay-opacity":"","overlay-gradient":""}},"footnotes":""},"class_list":["post-261","page","type-page","status-publish","hentry"],"post_mailing_queue_ids":[],"_links":{"self":[{"href":"https:\/\/agora.xtec.cat\/iescanjofresa\/wp-json\/wp\/v2\/pages\/261","targetHints":{"allow":["GET"]}}],"collection":[{"href":"https:\/\/agora.xtec.cat\/iescanjofresa\/wp-json\/wp\/v2\/pages"}],"about":[{"href":"https:\/\/agora.xtec.cat\/iescanjofresa\/wp-json\/wp\/v2\/types\/page"}],"author":[{"embeddable":true,"href":"https:\/\/agora.xtec.cat\/iescanjofresa\/wp-json\/wp\/v2\/users\/1"}],"replies":[{"embeddable":true,"href":"https:\/\/agora.xtec.cat\/iescanjofresa\/wp-json\/wp\/v2\/comments?post=261"}],"version-history":[{"count":3,"href":"https:\/\/agora.xtec.cat\/iescanjofresa\/wp-json\/wp\/v2\/pages\/261\/revisions"}],"predecessor-version":[{"id":267,"href":"https:\/\/agora.xtec.cat\/iescanjofresa\/wp-json\/wp\/v2\/pages\/261\/revisions\/267"}],"up":[{"embeddable":true,"href":"https:\/\/agora.xtec.cat\/iescanjofresa\/wp-json\/wp\/v2\/pages\/1963"}],"wp:attachment":[{"href":"https:\/\/agora.xtec.cat\/iescanjofresa\/wp-json\/wp\/v2\/media?parent=261"}],"curies":[{"name":"wp","href":"https:\/\/api.w.org\/{rel}","templated":true}]}}