{"id":9224,"date":"2020-02-28T11:58:27","date_gmt":"2020-02-28T10:58:27","guid":{"rendered":"https:\/\/agora.xtec.cat\/iescanet\/?page_id=9224"},"modified":"2025-05-23T08:17:54","modified_gmt":"2025-05-23T06:17:54","slug":"quotes-material-escolar","status":"publish","type":"page","link":"https:\/\/agora.xtec.cat\/iescanet\/quotes-material-escolar\/","title":{"rendered":"Quotes material escolar curs 2025-26"},"content":{"rendered":"<p>&nbsp;<\/p>\n<p style=\"text-align: justify;\"><strong>QUOTES EN CONCEPTE DE MATERIAL DID\u00c0CTIC i D&#8217;ASSEGURAN\u00c7A ESCOLAR (ESO I BATXILLERAT)<\/strong><\/p>\n<ul>\n<li style=\"text-align: justify;\"><strong>ESO<\/strong>: 50 \u20ac en concepte de quota de material did\u00e0ctic i d&#8217;asseguran\u00e7a escolar (dues quotes de 30\u20ac i 20\u20ac en dos terminis).<\/li>\n<li style=\"text-align: justify;\"><strong>BATX.<\/strong>: 50 \u20ac en concepte de quota de material did\u00e0ctic i d&#8217;asseguran\u00e7a escolar (dues quotes de 30 \u20ac i 20\u20ac en dos terminis). La modalitat d&#8217;<strong>Arts Esc\u00e8niques<\/strong> t\u00e9 una quota addicional de 30 \u20ac per a la realitzaci\u00f3 de tallers durant el curs.<\/li>\n<\/ul>\n<p>&nbsp;<\/p>\n<p><strong>TAQUILLES DE LLOGUER<\/strong><\/p>\n<ul>\n<li>20\u20ac\/any (socis AFA)<\/li>\n<li>35\u20ac\/any (no socis AFA)<\/li>\n<\/ul>\n<hr \/>\n<p><b>MATERIAL CICLES FORMATIUS<\/b><\/p>\n<ul>\n<li style=\"text-align: justify;\"><strong>1rCFGM Confecci\u00f3 i Moda<\/strong>. Quota de 293\u20ac en concepte de material i asseguran\u00e7a escolar.<\/li>\n<li style=\"text-align: justify;\"><strong>2nCFGM Confecci\u00f3 i Moda<\/strong>. Quota de 222\u20ac en concepte de material i asseguran\u00e7a escolar.<\/li>\n<li style=\"text-align: justify;\"><strong>1rCFGM Fabricaci\u00f3 i ennobliment<\/strong>. Quota de 260\u20ac en concepte de material i asseguran\u00e7a escolar.<\/li>\n<li style=\"text-align: justify;\"><strong>2nCFGM Fabricaci\u00f3 i ennobliment<\/strong>. Quota de 149\u20ac en concepte de material i asseguran\u00e7a escolar.<\/li>\n<li style=\"text-align: justify;\"><strong>1rCFGS Patronatge i Moda<\/strong>. Quota de 288\u20ac en concepte de material. Taxes per curs:360\u20ac o per unitat formativa: 25\u20ac.<\/li>\n<li style=\"text-align: justify;\"><strong>\u00a02nCFGS Patronatge i Moda<\/strong>. Quota de 212\u20ac en concepte de material. Taxes per curs: 360\u20ac o per unitat formativa: 25\u20ac<\/li>\n<\/ul>\n<p>&nbsp;<\/p>\n<p style=\"text-align: justify;\"><strong>ARMARIETS CICLES FORMATIUS<\/strong><br \/>\nDonada la tipologia del cicle l&#8217;\u00fas dels armariets \u00e9s obligatori, cal deixar un dip\u00f2sit de 15\u20ac el dia 12 de setembre ( intenteu portar l&#8217;import exacte) , 10\u20ac dels quals es retornaran a final de curs quan l&#8217;alumne\/a\u00a0 retorni la clau de l\u2019armariet. En cas de p\u00e8rdua de la clau es perd el dip\u00f2sit deixat a inici de curs.<\/p>\n","protected":false},"excerpt":{"rendered":"<p>&nbsp;<br \/>\nQUOTES EN CONCEPTE DE MATERIAL DID\u00c0CTIC i D&#8217;ASSEGURAN\u00c7A ESCOLAR (ESO I BATXILLERAT)<\/p>\n<ul>\n<li style=\"text-align: justify;\">ESO: 50 \u20ac en concepte de quota de material did\u00e0ctic i d&#8217;asseguran\u00e7a escolar (dues quotes de 30\u20ac i 20\u20ac en dos terminis).<\/li>\n<li style=\"text-align: justify;\">BATX.: 50 \u20ac en concepte de quota de material&hellip;  <a href=\"https:\/\/agora.xtec.cat\/iescanet\/quotes-material-escolar\/\" title=\"Read Quotes material escolar curs 2025-26\">Llegeix m\u00e9s\u00bb<\/a><br \/>\n","protected":false},"author":1,"featured_media":0,"parent":0,"menu_order":0,"comment_status":"closed","ping_status":"closed","template":"","meta":{"_bbp_topic_count":0,"_bbp_reply_count":0,"_bbp_total_topic_count":0,"_bbp_total_reply_count":0,"_bbp_voice_count":0,"_bbp_anonymous_reply_count":0,"_bbp_topic_count_hidden":0,"_bbp_reply_count_hidden":0,"_bbp_forum_subforum_count":0,"footnotes":""},"class_list":["post-9224","page","type-page","status-publish","hentry"],"post_mailing_queue_ids":[],"_links":{"self":[{"href":"https:\/\/agora.xtec.cat\/iescanet\/wp-json\/wp\/v2\/pages\/9224","targetHints":{"allow":["GET"]}}],"collection":[{"href":"https:\/\/agora.xtec.cat\/iescanet\/wp-json\/wp\/v2\/pages"}],"about":[{"href":"https:\/\/agora.xtec.cat\/iescanet\/wp-json\/wp\/v2\/types\/page"}],"author":[{"embeddable":true,"href":"https:\/\/agora.xtec.cat\/iescanet\/wp-json\/wp\/v2\/users\/1"}],"replies":[{"embeddable":true,"href":"https:\/\/agora.xtec.cat\/iescanet\/wp-json\/wp\/v2\/comments?post=9224"}],"version-history":[{"count":6,"href":"https:\/\/agora.xtec.cat\/iescanet\/wp-json\/wp\/v2\/pages\/9224\/revisions"}],"predecessor-version":[{"id":14810,"href":"https:\/\/agora.xtec.cat\/iescanet\/wp-json\/wp\/v2\/pages\/9224\/revisions\/14810"}],"wp:attachment":[{"href":"https:\/\/agora.xtec.cat\/iescanet\/wp-json\/wp\/v2\/media?parent=9224"}],"curies":[{"name":"wp","href":"https:\/\/api.w.org\/{rel}","templated":true}]}}