{"id":9,"date":"2014-09-12T10:15:01","date_gmt":"2014-09-12T10:15:01","guid":{"rendered":"http:\/\/agora.xtec.cat\/iescanet\/?page_id=9"},"modified":"2026-04-13T17:24:11","modified_gmt":"2026-04-13T15:24:11","slug":"pagina-dinici-buida","status":"publish","type":"page","link":"https:\/\/agora.xtec.cat\/iescanet\/","title":{"rendered":"."},"content":{"rendered":"<h3 style=\"text-align: center;\"><span style=\"color: #000000;\">Beques postobligat\u00f2ries (universit\u00e0ries i no universit\u00e0ries) 2026-27<\/span><\/h3>\n<h3 style=\"text-align: center;\"><a href=\"https:\/\/agora.xtec.cat\/iescanet\/?page_id=15417&amp;preview=true\">clica aqu\u00ed<\/a><\/h3>\n","protected":false},"excerpt":{"rendered":"<p>Beques postobligat\u00f2ries (universit\u00e0ries i no universit\u00e0ries) 2026-27<br \/>\n<a href=\"https:\/\/agora.xtec.cat\/iescanet\/?page_id=15417&amp;preview=true\">clica aqu\u00ed<\/a><\/p>\n","protected":false},"author":1,"featured_media":0,"parent":0,"menu_order":0,"comment_status":"closed","ping_status":"closed","template":"page-templates\/front-page.php","meta":{"_bbp_topic_count":0,"_bbp_reply_count":0,"_bbp_total_topic_count":0,"_bbp_total_reply_count":0,"_bbp_voice_count":0,"_bbp_anonymous_reply_count":0,"_bbp_topic_count_hidden":0,"_bbp_reply_count_hidden":0,"_bbp_forum_subforum_count":0,"footnotes":""},"class_list":["post-9","page","type-page","status-publish","hentry"],"post_mailing_queue_ids":[],"_links":{"self":[{"href":"https:\/\/agora.xtec.cat\/iescanet\/wp-json\/wp\/v2\/pages\/9","targetHints":{"allow":["GET"]}}],"collection":[{"href":"https:\/\/agora.xtec.cat\/iescanet\/wp-json\/wp\/v2\/pages"}],"about":[{"href":"https:\/\/agora.xtec.cat\/iescanet\/wp-json\/wp\/v2\/types\/page"}],"author":[{"embeddable":true,"href":"https:\/\/agora.xtec.cat\/iescanet\/wp-json\/wp\/v2\/users\/1"}],"replies":[{"embeddable":true,"href":"https:\/\/agora.xtec.cat\/iescanet\/wp-json\/wp\/v2\/comments?post=9"}],"version-history":[{"count":6,"href":"https:\/\/agora.xtec.cat\/iescanet\/wp-json\/wp\/v2\/pages\/9\/revisions"}],"predecessor-version":[{"id":15421,"href":"https:\/\/agora.xtec.cat\/iescanet\/wp-json\/wp\/v2\/pages\/9\/revisions\/15421"}],"wp:attachment":[{"href":"https:\/\/agora.xtec.cat\/iescanet\/wp-json\/wp\/v2\/media?parent=9"}],"curies":[{"name":"wp","href":"https:\/\/api.w.org\/{rel}","templated":true}]}}