{"id":8772,"date":"2020-02-18T13:54:10","date_gmt":"2020-02-18T12:54:10","guid":{"rendered":"https:\/\/agora.xtec.cat\/iescanet\/?page_id=8772"},"modified":"2022-06-07T19:31:15","modified_gmt":"2022-06-07T17:31:15","slug":"revista-ai-domenech","status":"publish","type":"page","link":"https:\/\/agora.xtec.cat\/iescanet\/revista-ai-domenech\/","title":{"rendered":"Revista Ai&#8230; Dom\u00e8nech!"},"content":{"rendered":"<p><!-- Aquesta p\u00e0gina est\u00e0 dividida en quatre columnes emprant Bootstrap grids. Cada una de les columnes comen\u00e7a per\n\n\n<div class=\"col-md-3\"><span data-mce-type=\"bookmark\" style=\"display: inline-block; width: 0px; overflow: hidden; line-height: 0;\" class=\"mce_SELRES_start\"><\/span><span data-mce-type=\"bookmark\" style=\"display: inline-block; width: 0px; overflow: hidden; line-height: 0;\" class=\"mce_SELRES_start\"><\/span>\nPer a que quedi ben encolumnat, hi ha d'haver el mateix n\u00famero de revistes en cada columna. Quan, pel n\u00famero de revistes publicades,\naix\u00f2 no sigui aix\u00ed, utilitzem revistes \"en blanc\" per omplir els forats que quedarien sense revista. Aquest \u00e9s l'aspecte de la\npublicaci\u00f3 de la revista \"en blanc\":\n\n\n<div class=\"wrapper\"><img loading=\"lazy\" decoding=\"async\" src=\"https:\/\/agora.xtec.cat\/iescanet\/wp-content\/uploads\/usu966\/2020\/04\/Num_Revista_En_blanc.jpg\" width=\"150\" height=\"150\" \/>\n<a href=\" \"> &nbsp; <\/a><\/div>\n\n\nPer a transformar aquesta revista \"en blanc\" a un n\u00famero concret, s'ha de fer tres pasos:\n- Modificar el atribut src= per posar-hi l'adre\u00e7a de la imatge amb la portada de la revista.\n- Modificar el atribut href= per posar-hi l'adre\u00e7a del google drive del pdf de la revista.\n- Eliminar l'espai en blanc \"&nbsp;\" i posar-hi el text \"Ai...Dom\u00e8nech! Num. XX\"\n\nI ja est\u00e1. El resultat final seria aquest:\n\n\n<div class=\"wrapper\"><img loading=\"lazy\" decoding=\"async\" src=\"https:\/\/agora.xtec.cat\/iescanet\/wp-content\/uploads\/usu966\/2020\/03\/Ai_Domenech_41.jpg\" width=\"150\" height=\"150\" \/>\n<a href=\"https:\/\/drive.google.com\/file\/d\/1T-34u17TnnOI6jqm8E2GbYuhKd3V8zBM\/view?usp=sharing\">Ai...Dom\u00e8nech! Num. 41<\/a><\/div>\n\n\nQuan vulguem afegir una nova fila de revistes, hem de tindre present que n'hem d'afegir una a cadascuna de les quatre columnes, ja siguin\nn\u00fameros reals o n\u00fameros \"en blanc\".\n--><\/p>\n<p><a href=\"https:\/\/agora.xtec.cat\/iescanet\/wp-content\/uploads\/usu966\/2020\/02\/Ai_Domenech_00_Logo.jpg\"><img loading=\"lazy\" decoding=\"async\" class=\"wp-image-8773 aligncenter\" src=\"https:\/\/agora.xtec.cat\/iescanet\/wp-content\/uploads\/usu966\/2020\/02\/Ai_Domenech_00_Logo.jpg\" alt=\"\" width=\"650\" height=\"113\" srcset=\"https:\/\/agora.xtec.cat\/iescanet\/wp-content\/uploads\/usu966\/2020\/02\/Ai_Domenech_00_Logo.jpg 552w, https:\/\/agora.xtec.cat\/iescanet\/wp-content\/uploads\/usu966\/2020\/02\/Ai_Domenech_00_Logo-300x52.jpg 300w\" sizes=\"auto, (max-width: 650px) 100vw, 650px\" \/><\/a><\/p>\n<div class=\"wrapper\"><\/div>\n<p>&nbsp;<\/p>\n<div class=\"wrapper\"><\/div>\n<div class=\"container\">\n<div class=\"row\">\n<div class=\"col-md-3\">\n<div><\/div>\n<div><\/div>\n<div><\/div>\n<div class=\"wrapper\"><img loading=\"lazy\" decoding=\"async\" src=\"https:\/\/agora.xtec.cat\/iescanet\/wp-content\/uploads\/usu966\/2020\/03\/Ai_Domenech_41.jpg\" width=\"150\" height=\"150\" \/><br \/>\n<a href=\"https:\/\/drive.google.com\/file\/d\/1T-34u17TnnOI6jqm8E2GbYuhKd3V8zBM\/view?usp=sharing\">Ai&#8230;Dom\u00e8nech! Num. 41<\/a><\/div>\n<p>&nbsp;<\/p>\n<div class=\"wrapper\"><img loading=\"lazy\" decoding=\"async\" src=\"https:\/\/agora.xtec.cat\/iescanet\/wp-content\/uploads\/usu966\/2020\/02\/Ai_Domenech_37.jpg\" width=\"150\" height=\"150\" \/><br \/>\n<a href=\"https:\/\/drive.google.com\/open?id=1JkA9wBsqLUH378FXMDO8uDpoXxCof1LV\">Ai&#8230;Dom\u00e8nech! Num. 37<\/a><\/div>\n<p>&nbsp;<\/p>\n<div class=\"wrapper\"><img loading=\"lazy\" decoding=\"async\" src=\"https:\/\/agora.xtec.cat\/iescanet\/wp-content\/uploads\/usu966\/2020\/02\/Ai_Domenech_33.jpg\" width=\"150\" height=\"150\" \/><br \/>\n<a href=\"https:\/\/drive.google.com\/open?id=16tmM0-cByLASR0hUHxZX1Jbqzq5c39ua\">Ai&#8230;Dom\u00e8nech! Num. 33<\/a><\/div>\n<p>&nbsp;<\/p>\n<div class=\"wrapper\"><img loading=\"lazy\" decoding=\"async\" src=\"https:\/\/agora.xtec.cat\/iescanet\/wp-content\/uploads\/usu966\/2020\/02\/Ai_Domenech_29.jpg\" width=\"150\" height=\"150\" \/><br \/>\n<a href=\"https:\/\/drive.google.com\/open?id=18SFxKr6jOkM8JJLjPRMgGENnsxLxOScA\">Ai&#8230;Dom\u00e8nech! Num. 29<\/a><\/div>\n<p>&nbsp;<\/p>\n<div class=\"wrapper\"><img loading=\"lazy\" decoding=\"async\" src=\"https:\/\/agora.xtec.cat\/iescanet\/wp-content\/uploads\/usu966\/2020\/02\/Ai_Domenech_25.jpg\" width=\"150\" height=\"150\" \/><br \/>\n<a href=\"https:\/\/drive.google.com\/open?id=1lkhFj8vXA3mhPlF8JNIA6AbV7zdMJQqi\">Ai&#8230;Dom\u00e8nech! Num. 25<\/a><\/div>\n<p>&nbsp;<\/p>\n<div class=\"wrapper\"><img loading=\"lazy\" decoding=\"async\" src=\"https:\/\/agora.xtec.cat\/iescanet\/wp-content\/uploads\/usu966\/2020\/02\/Ai_Domenech_21.jpg\" width=\"150\" height=\"150\" \/><br \/>\n<a href=\"https:\/\/drive.google.com\/open?id=17ml9tWkLUEOTBrFGL89Oc0anx2nSFdiw\">Ai&#8230;Dom\u00e8nech! Num. 21<\/a><\/div>\n<p>&nbsp;<\/p>\n<div class=\"wrapper\"><img loading=\"lazy\" decoding=\"async\" src=\"https:\/\/agora.xtec.cat\/iescanet\/wp-content\/uploads\/usu966\/2020\/02\/Ai_Domenech_17.jpg\" width=\"150\" height=\"150\" \/><br \/>\n<a href=\"https:\/\/drive.google.com\/open?id=1dupQ3V0j2e3ODnuV5Th0fQJMKwX3p8lm\">Ai&#8230;Dom\u00e8nech! Num. 17<\/a><\/div>\n<p>&nbsp;<\/p>\n<div class=\"wrapper\"><img loading=\"lazy\" decoding=\"async\" src=\"https:\/\/agora.xtec.cat\/iescanet\/wp-content\/uploads\/usu966\/2020\/02\/Ai_Domenech_13.jpg\" width=\"150\" height=\"150\" \/><br \/>\n<a href=\"https:\/\/drive.google.com\/open?id=13nxMHM1tTOVI_SrYDbstnKj9vOUKa36t\">Ai&#8230;Dom\u00e8nech! Num. 13<\/a><\/div>\n<p>&nbsp;<\/p>\n<div class=\"wrapper\"><img loading=\"lazy\" decoding=\"async\" src=\"https:\/\/agora.xtec.cat\/iescanet\/wp-content\/uploads\/usu966\/2020\/02\/Ai_Domenech_09.jpg\" width=\"150\" height=\"150\" \/><br \/>\n<a href=\"https:\/\/drive.google.com\/file\/d\/1QuVONlAzi4PKoPwIOcCAczgBG8xgqaeA\">Ai&#8230;Dom\u00e8nech! Num. 9<\/a><\/div>\n<p>&nbsp;<\/p>\n<div class=\"wrapper\"><img loading=\"lazy\" decoding=\"async\" src=\"https:\/\/agora.xtec.cat\/iescanet\/wp-content\/uploads\/usu966\/2020\/02\/Ai_Domenech_05.jpg\" width=\"150\" height=\"150\" \/><br \/>\n<a href=\"https:\/\/drive.google.com\/file\/d\/1Cy9wb-RxttR9BJbKj54oMCSwlHUHfwF6\">Ai&#8230;Dom\u00e8nech! Num. 5<\/a><\/div>\n<p>&nbsp;<\/p>\n<div class=\"wrapper\"><img loading=\"lazy\" decoding=\"async\" src=\"https:\/\/agora.xtec.cat\/iescanet\/wp-content\/uploads\/usu966\/2020\/02\/Ai_Domenech_01.jpg\" width=\"150\" height=\"150\" \/><br \/>\n<a href=\"https:\/\/drive.google.com\/file\/d\/163rlXTTsi6EW7hcn4CwDwGtTCRHzeFzR\">Ai&#8230;Dom\u00e8nech! Num. 1<\/a><\/div>\n<\/div>\n<div class=\"col-md-3\">\n<div class=\"wrapper\"><img loading=\"lazy\" decoding=\"async\" src=\"https:\/\/agora.xtec.cat\/iescanet\/wp-content\/uploads\/usu966\/2021\/06\/Ai_Domenech_42.jpg\" width=\"150\" height=\"150\" \/><br \/>\n<a href=\"https:\/\/drive.google.com\/file\/d\/1zYNxQfesMfDB5LKGN3rq2l-ap5iXRREx\/view?usp=sharing\">Ai&#8230;Dom\u00e8nech! Num. 42<\/a><\/div>\n<p>&nbsp;<\/p>\n<div class=\"wrapper\"><img loading=\"lazy\" decoding=\"async\" src=\"https:\/\/agora.xtec.cat\/iescanet\/wp-content\/uploads\/usu966\/2020\/02\/Ai_Domenech_38.jpg\" width=\"150\" height=\"150\" \/><br \/>\n<a href=\"https:\/\/drive.google.com\/open?id=1sGvrhx77d1Oc_wmC1kKCofAKJoLiCphr\">Ai&#8230;Dom\u00e8nech! Num. 38<\/a><\/div>\n<p>&nbsp;<\/p>\n<div class=\"wrapper\"><img loading=\"lazy\" decoding=\"async\" src=\"https:\/\/agora.xtec.cat\/iescanet\/wp-content\/uploads\/usu966\/2020\/02\/Ai_Domenech_34.jpg\" width=\"150\" height=\"150\" \/><br \/>\n<a href=\"https:\/\/drive.google.com\/open?id=1CZQyln01KbiOWZqyZCN92kuBkH8fFNkB\">Ai&#8230;Dom\u00e8nech! Num. 34<\/a><\/div>\n<p>&nbsp;<\/p>\n<div class=\"wrapper\"><img loading=\"lazy\" decoding=\"async\" src=\"https:\/\/agora.xtec.cat\/iescanet\/wp-content\/uploads\/usu966\/2020\/02\/Ai_Domenech_30.jpg\" width=\"150\" height=\"150\" \/><br \/>\n<a href=\"https:\/\/drive.google.com\/open?id=1KAul5sbbCSYat13jbZd_-oHu8T6KpG79\">Ai&#8230;Dom\u00e8nech! Num. 30<\/a><\/div>\n<p>&nbsp;<\/p>\n<div class=\"wrapper\"><img loading=\"lazy\" decoding=\"async\" src=\"https:\/\/agora.xtec.cat\/iescanet\/wp-content\/uploads\/usu966\/2020\/02\/Ai_Domenech_26.jpg\" width=\"150\" height=\"150\" \/><br \/>\n<a href=\"https:\/\/drive.google.com\/open?id=1wRu4M_-oGqC4jdNHKvZUoLw6oGzfnriD\">Ai&#8230;Dom\u00e8nech! Num. 26<\/a><\/div>\n<p>&nbsp;<\/p>\n<div class=\"wrapper\"><img loading=\"lazy\" decoding=\"async\" src=\"https:\/\/agora.xtec.cat\/iescanet\/wp-content\/uploads\/usu966\/2020\/02\/Ai_Domenech_22.jpg\" width=\"150\" height=\"150\" \/><br \/>\n<a href=\"https:\/\/drive.google.com\/open?id=1byH-b8F__KldVYmJGrJH0SNM_gpqkTho\">Ai&#8230;Dom\u00e8nech! Num. 22<\/a><\/div>\n<p>&nbsp;<\/p>\n<div class=\"wrapper\"><img loading=\"lazy\" decoding=\"async\" src=\"https:\/\/agora.xtec.cat\/iescanet\/wp-content\/uploads\/usu966\/2020\/02\/Ai_Domenech_18.jpg\" width=\"150\" height=\"150\" \/><br \/>\n<a href=\"https:\/\/drive.google.com\/open?id=1vZRVZb81BS2Dnh7oactFSbSfqN4NmETt\">Ai&#8230;Dom\u00e8nech! Num. 18<\/a><\/div>\n<p>&nbsp;<\/p>\n<div class=\"wrapper\"><img loading=\"lazy\" decoding=\"async\" src=\"https:\/\/agora.xtec.cat\/iescanet\/wp-content\/uploads\/usu966\/2020\/02\/Ai_Domenech_14.jpg\" width=\"150\" height=\"150\" \/><br \/>\n<a href=\"https:\/\/drive.google.com\/open?id=1_unMtEq4gGS6M_EAgZEE4hoPNZlHAbhl\">Ai&#8230;Dom\u00e8nech! Num. 14<\/a><\/div>\n<p>&nbsp;<\/p>\n<div class=\"wrapper\"><img loading=\"lazy\" decoding=\"async\" src=\"https:\/\/agora.xtec.cat\/iescanet\/wp-content\/uploads\/usu966\/2020\/02\/Ai_Domenech_10.jpg\" width=\"150\" height=\"150\" \/><br \/>\n<a href=\"https:\/\/drive.google.com\/file\/d\/1Btvj8aoC6FWF7QkK19aDUUjwl4vNDa_K\">Ai&#8230;Dom\u00e8nech! Num. 10<\/a><\/div>\n<p>&nbsp;<\/p>\n<div class=\"wrapper\"><img loading=\"lazy\" decoding=\"async\" src=\"https:\/\/agora.xtec.cat\/iescanet\/wp-content\/uploads\/usu966\/2020\/02\/Ai_Domenech_06.jpg\" width=\"150\" height=\"150\" \/><br \/>\n<a href=\"https:\/\/drive.google.com\/file\/d\/1VwdAm5AfWvaX2WZvZIKYcGrdCyYsMNXb\">Ai&#8230;Dom\u00e8nech! Num. 6<\/a><\/div>\n<p>&nbsp;<\/p>\n<div class=\"wrapper\"><img loading=\"lazy\" decoding=\"async\" src=\"https:\/\/agora.xtec.cat\/iescanet\/wp-content\/uploads\/usu966\/2020\/02\/Ai_Domenech_02.jpg\" width=\"150\" height=\"150\" \/><br \/>\n<a href=\"https:\/\/drive.google.com\/file\/d\/1u8Lb3S6pYAnxp9pCFCB8zLIczOU9uk_i\">Ai&#8230;Dom\u00e8nech! Num. 2<\/a><\/div>\n<\/div>\n<div class=\"col-md-3\">\n<div class=\"wrapper\"><img loading=\"lazy\" decoding=\"async\" src=\"https:\/\/agora.xtec.cat\/iescanet\/wp-content\/uploads\/usu966\/2022\/06\/Ai_Domenech_43-scaled.jpg\" width=\"150\" height=\"150\" \/><br \/>\n<a href=\"https:\/\/drive.google.com\/file\/d\/1Fp3N8vychilrncLHtz6z0igSeDfEM1SG\/view?usp=sharing\">Ai&#8230;Dom\u00e8nech! Num. 43 \u00a0 <\/a><\/div>\n<p>&nbsp;<\/p>\n<div class=\"wrapper\"><img loading=\"lazy\" decoding=\"async\" src=\"https:\/\/agora.xtec.cat\/iescanet\/wp-content\/uploads\/usu966\/2020\/02\/Ai_Domenech_39.jpg\" width=\"150\" height=\"150\" \/><br \/>\n<a href=\"https:\/\/drive.google.com\/open?id=1Tc7mL27IOHR54wh4SeW0RXK2-C2ofl-e\">Ai&#8230;Dom\u00e8nech! Num. 39<\/a><\/div>\n<p>&nbsp;<\/p>\n<div class=\"wrapper\"><img loading=\"lazy\" decoding=\"async\" src=\"https:\/\/agora.xtec.cat\/iescanet\/wp-content\/uploads\/usu966\/2020\/02\/Ai_Domenech_35.jpg\" width=\"150\" height=\"150\" \/><br \/>\n<a href=\"https:\/\/drive.google.com\/open?id=1QLcZa42l4Ey2gZ2mNqZxrBfg2pY8EBfw\">Ai&#8230;Dom\u00e8nech! Num. 35<\/a><\/div>\n<p>&nbsp;<\/p>\n<div class=\"wrapper\"><img loading=\"lazy\" decoding=\"async\" src=\"https:\/\/agora.xtec.cat\/iescanet\/wp-content\/uploads\/usu966\/2020\/02\/Ai_Domenech_31.jpg\" width=\"150\" height=\"150\" \/><br \/>\n<a href=\"https:\/\/drive.google.com\/open?id=1QcYo17F_xnJmlzkTiLMqgRR22eO-xydl\">Ai&#8230;Dom\u00e8nech! Num. 31<\/a><\/div>\n<p>&nbsp;<\/p>\n<div class=\"wrapper\"><img loading=\"lazy\" decoding=\"async\" src=\"https:\/\/agora.xtec.cat\/iescanet\/wp-content\/uploads\/usu966\/2020\/02\/Ai_Domenech_27.jpg\" width=\"150\" height=\"150\" \/><br \/>\n<a href=\"https:\/\/drive.google.com\/open?id=1lF-elTlWHzIrJTa2eBiqLfy5ujktYOlF\">Ai&#8230;Dom\u00e8nech! Num. 27<\/a><\/div>\n<p>&nbsp;<\/p>\n<div class=\"wrapper\"><img loading=\"lazy\" decoding=\"async\" src=\"https:\/\/agora.xtec.cat\/iescanet\/wp-content\/uploads\/usu966\/2020\/02\/Ai_Domenech_23.jpg\" width=\"150\" height=\"150\" \/><br \/>\n<a href=\"https:\/\/drive.google.com\/open?id=13IotPSPxIjwwmnPHdCtsuC50cRCn3xec\">Ai&#8230;Dom\u00e8nech! Num. 23<\/a><\/div>\n<p>&nbsp;<\/p>\n<div class=\"wrapper\"><img loading=\"lazy\" decoding=\"async\" src=\"https:\/\/agora.xtec.cat\/iescanet\/wp-content\/uploads\/usu966\/2020\/02\/Ai_Domenech_19.jpg\" width=\"150\" height=\"150\" \/><br \/>\n<a href=\"https:\/\/drive.google.com\/open?id=1qm9Dkbwm1nIpt-py1SXVHbw09HLeTzil\">Ai&#8230;Dom\u00e8nech! Num. 19<\/a><\/div>\n<p>&nbsp;<\/p>\n<div class=\"wrapper\"><img loading=\"lazy\" decoding=\"async\" src=\"https:\/\/agora.xtec.cat\/iescanet\/wp-content\/uploads\/usu966\/2020\/02\/Ai_Domenech_15.jpg\" width=\"150\" height=\"150\" \/><br \/>\n<a href=\"https:\/\/drive.google.com\/open?id=1zGI3bGpa5FLGAQiqxjHrl3xRJblg5eBC\">Ai&#8230;Dom\u00e8nech! Num. 15<\/a><\/div>\n<p>&nbsp;<\/p>\n<div class=\"wrapper\"><img loading=\"lazy\" decoding=\"async\" src=\"https:\/\/agora.xtec.cat\/iescanet\/wp-content\/uploads\/usu966\/2020\/02\/Ai_Domenech_11.jpg\" width=\"150\" height=\"150\" \/><br \/>\n<a href=\"https:\/\/drive.google.com\/file\/d\/1Fo8cRaHlPg_SCuzPNWgGlm0ZUMPoPv9q\">Ai&#8230;Dom\u00e8nech! Num. 11<\/a><\/div>\n<p>&nbsp;<\/p>\n<div class=\"wrapper\"><img loading=\"lazy\" decoding=\"async\" src=\"https:\/\/agora.xtec.cat\/iescanet\/wp-content\/uploads\/usu966\/2020\/02\/Ai_Domenech_07.jpg\" width=\"150\" height=\"150\" \/><br \/>\n<a href=\"https:\/\/drive.google.com\/file\/d\/1gqmrPUUKljmrCV78w1yMHzTM-h1Nlgdi\">Ai&#8230;Dom\u00e8nech! Num. 7<\/a><\/div>\n<p>&nbsp;<\/p>\n<div class=\"wrapper\"><img loading=\"lazy\" decoding=\"async\" src=\"https:\/\/agora.xtec.cat\/iescanet\/wp-content\/uploads\/usu966\/2020\/02\/Ai_Domenech_03.jpg\" width=\"150\" height=\"150\" \/><br \/>\n<a href=\"https:\/\/drive.google.com\/file\/d\/11EEp_WUV0b8q5lyK1JcRjlIaAtjprUQI\">Ai&#8230;Dom\u00e8nech! Num. 3<\/a><\/div>\n<\/div>\n<div class=\"col-md-3\">\n<div class=\"wrapper\"><img loading=\"lazy\" decoding=\"async\" src=\"https:\/\/agora.xtec.cat\/iescanet\/wp-content\/uploads\/usu966\/2020\/04\/Num_Revista_En_blanc.jpg\" width=\"150\" height=\"150\" \/><br \/>\n<a href=\" \"> \u00a0<\/a><\/div>\n<p>&nbsp;<\/p>\n<div class=\"wrapper\"><img loading=\"lazy\" decoding=\"async\" src=\"https:\/\/agora.xtec.cat\/iescanet\/wp-content\/uploads\/usu966\/2020\/02\/Ai_Domenech_40.jpg\" width=\"150\" height=\"150\" \/><br \/>\n<a href=\"https:\/\/drive.google.com\/open?id=1DT08ezqwZ7XtvrXF79HxgAIriKaNddNK\">Ai&#8230;Dom\u00e8nech! Num. 40<\/a><\/div>\n<p>&nbsp;<\/p>\n<div class=\"wrapper\"><img loading=\"lazy\" decoding=\"async\" src=\"https:\/\/agora.xtec.cat\/iescanet\/wp-content\/uploads\/usu966\/2020\/02\/Ai_Domenech_36.jpg\" width=\"150\" height=\"150\" \/><br \/>\n<a href=\"https:\/\/drive.google.com\/open?id=1ZOGwBTRmajiEOQyr-c5ewQ__lnKfOipq\">Ai&#8230;Dom\u00e8nech! Num. 36<\/a><\/div>\n<p>&nbsp;<\/p>\n<div class=\"wrapper\"><img loading=\"lazy\" decoding=\"async\" src=\"https:\/\/agora.xtec.cat\/iescanet\/wp-content\/uploads\/usu966\/2020\/02\/Ai_Domenech_32.jpg\" width=\"150\" height=\"150\" \/><br \/>\n<a href=\"https:\/\/drive.google.com\/open?id=1J3rzjLNeqtrJOUcFeeTcJ2xwMT1wods4\">Ai&#8230;Dom\u00e8nech! Num. 32<\/a><\/div>\n<p>&nbsp;<\/p>\n<div class=\"wrapper\"><img loading=\"lazy\" decoding=\"async\" src=\"https:\/\/agora.xtec.cat\/iescanet\/wp-content\/uploads\/usu966\/2020\/02\/Ai_Domenech_28.jpg\" width=\"150\" height=\"150\" \/><br \/>\n<a href=\"https:\/\/drive.google.com\/open?id=12STuUfAXTIWDX5IOIn9E-rn0BofYJ-Ui\">Ai&#8230;Dom\u00e8nech! Num. 28<\/a><\/div>\n<p>&nbsp;<\/p>\n<div class=\"wrapper\"><img loading=\"lazy\" decoding=\"async\" src=\"https:\/\/agora.xtec.cat\/iescanet\/wp-content\/uploads\/usu966\/2020\/02\/Ai_Domenech_24.jpg\" width=\"150\" height=\"150\" \/><br \/>\n<a href=\"https:\/\/drive.google.com\/open?id=12F8AG0Wj44g-f5Sto2mXB6ypUBlL9_w-\">Ai&#8230;Dom\u00e8nech! Num. 24<\/a><\/div>\n<p>&nbsp;<\/p>\n<div class=\"wrapper\"><img loading=\"lazy\" decoding=\"async\" src=\"https:\/\/agora.xtec.cat\/iescanet\/wp-content\/uploads\/usu966\/2020\/02\/Ai_Domenech_20.jpg\" width=\"150\" height=\"150\" \/><br \/>\n<a href=\"https:\/\/drive.google.com\/open?id=1CXj2Pu4JOrr5TmjYF23tKYRRL8Aq9RTh\">Ai&#8230;Dom\u00e8nech! Num. 20<\/a><\/div>\n<p>&nbsp;<\/p>\n<div class=\"wrapper\"><img loading=\"lazy\" decoding=\"async\" src=\"https:\/\/agora.xtec.cat\/iescanet\/wp-content\/uploads\/usu966\/2020\/02\/Ai_Domenech_16.jpg\" width=\"150\" height=\"150\" \/><br \/>\n<a href=\"https:\/\/drive.google.com\/open?id=1U05o62bTIoGwDJ-2VMlxoD3TwXNXTSc1\">Ai&#8230;Dom\u00e8nech! Num. 16<\/a><\/div>\n<p>&nbsp;<\/p>\n<div class=\"wrapper\"><img loading=\"lazy\" decoding=\"async\" src=\"https:\/\/agora.xtec.cat\/iescanet\/wp-content\/uploads\/usu966\/2020\/02\/Ai_Domenech_12.jpg\" width=\"150\" height=\"150\" \/><br \/>\n<a href=\"https:\/\/drive.google.com\/file\/d\/1UkRk88jBUJZRiChr3XWlyPuJ_8srSfuf\">Ai&#8230;Dom\u00e8nech! Num. 12<\/a><\/div>\n<p>&nbsp;<\/p>\n<div class=\"wrapper\"><img loading=\"lazy\" decoding=\"async\" src=\"https:\/\/agora.xtec.cat\/iescanet\/wp-content\/uploads\/usu966\/2020\/02\/Ai_Domenech_08.jpg\" width=\"150\" height=\"150\" \/><br \/>\n<a href=\"https:\/\/drive.google.com\/file\/d\/1I5k7kAoERaXosiwDs49UZsHOUavJS7dQ\">Ai&#8230;Dom\u00e8nech! Num. 8<\/a><\/div>\n<p>&nbsp;<\/p>\n<div class=\"wrapper\"><img loading=\"lazy\" decoding=\"async\" src=\"https:\/\/agora.xtec.cat\/iescanet\/wp-content\/uploads\/usu966\/2020\/02\/Ai_Domenech_04.jpg\" width=\"150\" height=\"150\" \/><br \/>\n<a href=\"https:\/\/drive.google.com\/file\/d\/119_ZP8-xY8TFfaQ79LSzXlg8igKne6fF\">Ai&#8230;Dom\u00e8nech! Num. 4<\/a><\/div>\n<\/div>\n<\/div>\n<\/div>\n","protected":false},"excerpt":{"rendered":"<p><a href=\"https:\/\/agora.xtec.cat\/iescanet\/wp-content\/uploads\/usu966\/2020\/02\/Ai_Domenech_00_Logo.jpg\"><\/a><\/p>\n<p>&nbsp;<\/p>\n<p><a href=\"https:\/\/drive.google.com\/file\/d\/1T-34u17TnnOI6jqm8E2GbYuhKd3V8zBM\/view?usp=sharing\">Ai&#8230;Dom\u00e8nech! Num. 41<\/a><br \/>\n&nbsp;<\/p>\n<p><a href=\"https:\/\/drive.google.com\/open?id=1JkA9wBsqLUH378FXMDO8uDpoXxCof1LV\">Ai&#8230;Dom\u00e8nech! Num. 37<\/a><br \/>\n&nbsp;<\/p>\n<p><a href=\"https:\/\/drive.google.com\/open?id=16tmM0-cByLASR0hUHxZX1Jbqzq5c39ua\">Ai&#8230;Dom\u00e8nech! Num. 33<\/a><br \/>\n&nbsp;<\/p>\n<p><a href=\"https:\/\/drive.google.com\/open?id=18SFxKr6jOkM8JJLjPRMgGENnsxLxOScA\">Ai&#8230;Dom\u00e8nech! Num. 29<\/a><br \/>\n&nbsp;<\/p>\n<p><a href=\"https:\/\/drive.google.com\/open?id=1lkhFj8vXA3mhPlF8JNIA6AbV7zdMJQqi\">Ai&#8230;Dom\u00e8nech! Num. 25<\/a><br \/>\n&nbsp;<\/p>\n<p><a href=\"https:\/\/drive.google.com\/open?id=17ml9tWkLUEOTBrFGL89Oc0anx2nSFdiw\">Ai&#8230;Dom\u00e8nech! Num. 21<\/a><br \/>\n&nbsp;<\/p>\n<p><a href=\"https:\/\/drive.google.com\/open?id=1dupQ3V0j2e3ODnuV5Th0fQJMKwX3p8lm\">Ai&#8230;Dom\u00e8nech! Num. 17<\/a><br \/>\n&nbsp;<\/p>\n<p><a href=\"https:\/\/drive.google.com\/open?id=13nxMHM1tTOVI_SrYDbstnKj9vOUKa36t\">Ai&#8230;Dom\u00e8nech! Num. 13<\/a><br \/>\n&nbsp;<\/p>\n<p><a href=\"https:\/\/drive.google.com\/file\/d\/1QuVONlAzi4PKoPwIOcCAczgBG8xgqaeA\">Ai&#8230;Dom\u00e8nech! Num. 9<\/a><br \/>\n&nbsp;<\/p>\n<p><a href=\"https:\/\/drive.google.com\/file\/d\/1Cy9wb-RxttR9BJbKj54oMCSwlHUHfwF6\">Ai&#8230;Dom\u00e8nech! Num. 5<\/a><br \/>\n&nbsp;<\/p>\n<p><a href=\"https:\/\/drive.google.com\/file\/d\/163rlXTTsi6EW7hcn4CwDwGtTCRHzeFzR\">Ai&#8230;Dom\u00e8nech! Num. 1<\/a><\/p>\n<p><a href=\"https:\/\/drive.google.com\/file\/d\/1zYNxQfesMfDB5LKGN3rq2l-ap5iXRREx\/view?usp=sharing\">Ai&#8230;Dom\u00e8nech! Num. 42<\/a><br \/>\n&nbsp;<\/p>\n<p><a href=\"https:\/\/drive.google.com\/open?id=1sGvrhx77d1Oc_wmC1kKCofAKJoLiCphr\">Ai&#8230;Dom\u00e8nech! Num. 38<\/a><br \/>\n&nbsp;<\/p>\n<p><a href=\"https:\/\/drive.google.com\/open?id=1CZQyln01KbiOWZqyZCN92kuBkH8fFNkB\">Ai&#8230;Dom\u00e8nech! Num. 34<\/a><br \/>\n&nbsp;<\/p>\n<p><a href=\"https:\/\/drive.google.com\/open?id=1KAul5sbbCSYat13jbZd_-oHu8T6KpG79\">Ai&#8230;Dom\u00e8nech!&hellip;  <a href=\"https:\/\/agora.xtec.cat\/iescanet\/revista-ai-domenech\/\" title=\"Read Revista Ai&#8230; Dom\u00e8nech!\">Llegeix m\u00e9s\u00bb<\/a><\/p>\n","protected":false},"author":1,"featured_media":0,"parent":0,"menu_order":0,"comment_status":"closed","ping_status":"closed","template":"","meta":{"_bbp_topic_count":0,"_bbp_reply_count":0,"_bbp_total_topic_count":0,"_bbp_total_reply_count":0,"_bbp_voice_count":0,"_bbp_anonymous_reply_count":0,"_bbp_topic_count_hidden":0,"_bbp_reply_count_hidden":0,"_bbp_forum_subforum_count":0,"footnotes":""},"class_list":["post-8772","page","type-page","status-publish","hentry"],"post_mailing_queue_ids":[],"_links":{"self":[{"href":"https:\/\/agora.xtec.cat\/iescanet\/wp-json\/wp\/v2\/pages\/8772","targetHints":{"allow":["GET"]}}],"collection":[{"href":"https:\/\/agora.xtec.cat\/iescanet\/wp-json\/wp\/v2\/pages"}],"about":[{"href":"https:\/\/agora.xtec.cat\/iescanet\/wp-json\/wp\/v2\/types\/page"}],"author":[{"embeddable":true,"href":"https:\/\/agora.xtec.cat\/iescanet\/wp-json\/wp\/v2\/users\/1"}],"replies":[{"embeddable":true,"href":"https:\/\/agora.xtec.cat\/iescanet\/wp-json\/wp\/v2\/comments?post=8772"}],"version-history":[{"count":4,"href":"https:\/\/agora.xtec.cat\/iescanet\/wp-json\/wp\/v2\/pages\/8772\/revisions"}],"predecessor-version":[{"id":10151,"href":"https:\/\/agora.xtec.cat\/iescanet\/wp-json\/wp\/v2\/pages\/8772\/revisions\/10151"}],"wp:attachment":[{"href":"https:\/\/agora.xtec.cat\/iescanet\/wp-json\/wp\/v2\/media?parent=8772"}],"curies":[{"name":"wp","href":"https:\/\/api.w.org\/{rel}","templated":true}]}}