{"id":8444,"date":"2015-08-24T15:28:16","date_gmt":"2015-08-24T13:28:16","guid":{"rendered":"http:\/\/iescanet.cat\/?page_id=499"},"modified":"2024-03-04T17:51:04","modified_gmt":"2024-03-04T16:51:04","slug":"ensenyaments-ofertats","status":"publish","type":"page","link":"https:\/\/agora.xtec.cat\/iescanet\/ensenyaments-ofertats\/","title":{"rendered":"Ensenyaments Ofertats"},"content":{"rendered":"<h3>ENSENYAMENT SECUNDARI OBLIGATORI (ESO)<\/h3>\n<p>L\u2019Ensenyament Secundari Obligatori (ESO) compr\u00e8n quatre cursos, dels 12 als 16 anys.<\/p>\n<p><strong>CURR\u00cdCULUM COM\u00da:<\/strong><\/p>\n<p>Esta constitu\u00eft per totes les mat\u00e8ries que l\u2019alumne\/a ha de cursar amb car\u00e0cter obligatori:<\/p>\n<p>L\u2019alumnat de 1r a 3r d\u2019ESO cursa:<\/p>\n<div class=\"container\">\n<div class=\"row\">\n<div class=\"col-md-3\">Llengua Catalana i Literatura<br \/>\nLlengua Castellana i Literatura<br \/>\nLlengua Estrangera (Angl\u00e8s)<br \/>\nMatem\u00e0tiques<br \/>\nCi\u00e8ncies Socials: Geografia i Hist\u00f2ria<br \/>\nEducaci\u00f3 F\u00edsica<br \/>\nReligi\u00f3 o cultura i valors \u00e8tics.<br \/>\nTutoria<\/div>\n<div class=\"col-md-3\">Ci\u00e8ncies de la Naturalesa: Biologia i Geologia<br \/>\nCi\u00e8ncies de la Naturalesa: F\u00edsica i Qu\u00edmica<br \/>\nTecnologia<br \/>\nM\u00fasica<br \/>\nEducaci\u00f3 Visual i Pl\u00e0stica<\/div>\n<div><\/div>\n<\/div>\n<\/div>\n<p>A 4t d\u2019ESO les mat\u00e8ries comunes s\u00f3n les de la columna esquerra.<\/p>\n<p><strong>CURR\u00cdCULUM OPTATIU:<\/strong><\/p>\n<p>EI curr\u00edculum optatiu t\u00e9 com a finalitat que l\u2019alumnat consolidi i ampli\u00ef les capacitats i els coneixements propis, atenent a la seva diversitat.<\/p>\n<p><strong>Exemples de mat\u00e8ries optatives ofertades al centre:<\/strong> franc\u00e8s alemany, cultura cl\u00e0ssica, emprenedoria, educaci\u00f3 emocional, teatre, dibuix assistit per ordinador CAD, disseny de p\u00e0gines web, esports, orientaci\u00f3 professional&#8230;<\/p>\n<p><strong>T\u00cdTOL I ESTUDIS POSTERIORS:<\/strong><\/p>\n<p>En acabar satisfact\u00f2riament I\u2019ESO s\u2019obt\u00e9 el t\u00edtol de Graduat en Educaci\u00f3 Secundaria, que permet l\u2019acc\u00e9s als Batxillerats o als Cicles Formatius de Grau Mitj\u00e0.<\/p>\n<p><a href=\"https:\/\/agora.xtec.cat\/iescanet\/wp-content\/uploads\/usu966\/2020\/05\/Tritpic_ESO-BTX_2020.pdf\"><strong>Descarrega&#8217;t el Tr\u00edptic General d&#8217;Ensenyaments Ofertats (PDF)<\/strong><\/a><\/p>\n<p>&nbsp;<\/p>\n<h3>BATXILLERAT<\/h3>\n<p>El batxillerat compr\u00e8n dos cursos acad\u00e8mics i s\u2019organitza en mat\u00e8ries comunes, mat\u00e8ries comunes d\u2019opci\u00f3 i mat\u00e8ries de modalitat i espec\u00edfiques. El batxillerat t\u00e9 com a objectiu proporcionar a l\u2019alumnat una maduresa intel\u00b7lectual i humana que li permeti complir les seves funcions socials amb responsabilitat i compet\u00e8ncia, aix\u00ed com capacitar-lo per accedir als estudis universitaris o a la formaci\u00f3 professional de grau superior.<\/p>\n<ul>\n<li><strong>CI\u00c8NCIES i TECNOLOGIA<\/strong><\/li>\n<\/ul>\n<p>La modalitat de ci\u00e8ncies i tecnologia s&#8217;adre\u00e7a a alumnes interessats per les ci\u00e8ncies experimentals, les matem\u00e0tiques, els estudis relacionats amb continguts cientificosanitaris i el m\u00f3n dels processos tecnol\u00f2gics i dels materials, instruments, aparells i m\u00e0quines que s&#8217;utilitzen en la producci\u00f3 de b\u00e9ns i serveis.<\/p>\n<ul>\n<li><strong>HUMANITATS i CI\u00c8NCIES SOCIALS<\/strong><\/li>\n<\/ul>\n<p>La modalitat d&#8217;humanitats i ci\u00e8ncies socials s&#8217;adre\u00e7a a alumnes amb inquietuds relacionades amb els estudis ling\u00fc\u00edstics i literaris, la filosofia, les manifestacions culturals, les ci\u00e8ncies socials, jur\u00eddiques, pol\u00edtiques i econ\u00f2miques, la gesti\u00f3 i administraci\u00f3 p\u00fablica, la comunicaci\u00f3, les relacions p\u00fabliques, la publicitat, el turisme i altres serveis d&#8217;oci.<\/p>\n<ul>\n<li><strong>ARTS: via arts esc\u00e8niques\u00a0<\/strong><\/li>\n<\/ul>\n<p>La modalitat d&#8217;arts s&#8217;adre\u00e7a a persones interessades en els fen\u00f2mens art\u00edstics, caracteritzats per la sensibilitat, l&#8217;expressi\u00f3 i la creativitat; un alumne amb inquietuds entorn del m\u00f3n audiovisual, les arts gr\u00e0fiques, el disseny, el patronatge, els mitjans de comunicaci\u00f3, la publicitat, les arts esc\u00e8niques, la producci\u00f3 i gesti\u00f3 d&#8217;empreses del sector cultural o l&#8217;animaci\u00f3 cultural i social.<\/p>\n<p><a href=\"https:\/\/agora.xtec.cat\/iescanet\/wp-content\/uploads\/usu966\/2024\/03\/Escenic-informacio-web.pdf\"><strong>Descarrega&#8217;t el D\u00edptic del Batxillerat Arts Esc\u00e8niques, M\u00fasica i Dansa (PDF)<\/strong><\/a><\/p>\n<ul>\n<li><strong>BATXIBAC<\/strong><\/li>\n<\/ul>\n<p>El programa batxibac, impartit en els centres espec\u00edficament autoritzats pel Departament d&#8217;Educaci\u00f3, permet als alumnes cursar un curr\u00edculum mixt que suposa fer un ter\u00e7 de l&#8217;horari lectiu del batxillerat en llengua francesa i cursar les mat\u00e8ries Llengua i Literatura Franceses i Hist\u00f2ria de Fran\u00e7a. Els alumnes, a m\u00e9s d&#8217;obtenir el t\u00edtol de batxillerat si aproven totes les mat\u00e8ries cursades, obtindran tamb\u00e9 la titulaci\u00f3 de baccalaur\u00e9at si superen una prova externa que es desenvolupa \u00edntegrament en franc\u00e8s.<\/p>\n<p><a href=\"https:\/\/agora.xtec.cat\/iescanet\/wp-content\/uploads\/usu966\/2020\/02\/d\u00edptic-batxibac.pdf\"><strong>Descarrega&#8217;t el D\u00edptic del Batxibac (PDF)<\/strong><\/a><\/p>\n<p><a href=\"https:\/\/agora.xtec.cat\/iescanet\/wp-content\/uploads\/usu966\/2020\/05\/Batxibac_Curriculum_-2020-2022.pdf\"><strong>Curr\u00edculum BATXIBAC 2020-2022 (PDF)<\/strong><\/a><\/p>\n<p><span style=\"color: #0000ff;\"><strong>&gt;&gt;&gt;<\/strong><\/span> M\u00e9s informaci\u00f3 sobre els <a href=\"http:\/\/xtec.gencat.cat\/ca\/curriculum\/batxillerat\/baccalaureat\/\">estudis <strong>Batxibac<\/strong> al web del\u00a0Departament d&#8217;Educaci\u00f3<\/a>.<\/p>\n<p><span style=\"color: #0000ff;\"><strong>&gt;&gt;&gt;<\/strong><\/span> M\u00e9s informaci\u00f3 sobre els <a href=\"https:\/\/www.institutfrancais.es\/programas-y-ayudas\/centros-escolares-y-profesores\/el-bachibac\/\">estudis <strong>Batxibac<\/strong> al web de l&#8217;Institut Fran\u00e7ais<\/a>.<\/p>\n<p>L\u2019alumnat de batxillerat haur\u00e0 de realitzar un <strong>treball de recerca<\/strong>, un conjunt d&#8217;activitats estructurades i orientades a la investigaci\u00f3 que realitza tot l&#8217;alumnat de batxillerat amb l&#8217;orientaci\u00f3 i seguiment del professorat, per tal de consolidar la compet\u00e8ncia en recerca. Es pot emmarcar dins un \u00e0mbit disciplinari, o pot ser interdisciplinari o transversal.<br \/>\n<strong>Exemples de treballs de recerca realitzats per alumnes de batxillerat del centre:<\/strong> El futur de la gesti\u00f3 residual: La deixalleria (Premi Escola i Medi Ambient), Els vitralls i el modernisme, Energies alternatives, La societat i les drogues, Plantes medicinals del Maresme, Organismes d\u2019un ecosistema aqu\u00e0tic, Sistema d\u2019automatitzaci\u00f3 d\u2019un nou m\u00f3n al nostre abast, La resist\u00e8ncia bacteriana, Disseny d\u2019una caseta meteorol\u00f2gica, La publicitat, Viv\u00e8ncies de la Guerra Civil, Les ONG i les crisis del desenvolupament\u2026<\/p>\n<p><strong>T\u00cdTOL I ESTUDIS POSTERIORS:<\/strong><br \/>\nL\u2019alumnat que cursi satisfact\u00f2riament el batxillerat en qualsevol de les seves modalitats, rebr\u00e0 el t\u00edtol de batxiller. Aquest t\u00edtol facultar\u00e0 per accedir a la Formaci\u00f3 Professional de Grau Superior i als estudis universitaris. En aquest darrer cas ser\u00e0 necess\u00e0ria la superaci\u00f3 d\u2019una prova d\u2019acc\u00e9s (PAU).<\/p>\n<p><a href=\"https:\/\/agora.xtec.cat\/iescanet\/wp-content\/uploads\/usu966\/2020\/05\/Tritpic_ESO-BTX_2020.pdf\"><strong>Descarrega&#8217;t el Tr\u00edptic General d&#8217;Ensenyaments Ofertats (PDF)<\/strong><\/a><\/p>\n<p>&nbsp;<\/p>\n<h3>CICLES FORMATIUS T\u00c8XTIL MODA<\/h3>\n<p><strong>CICLE FORMATIU GRAU MITJ\u00c0<\/strong><br \/>\n<strong>MODALITAT DUAL &#8220;CONFECCI\u00d3 I MODA&#8221;<\/strong><\/p>\n<p><strong>T\u00e8cnic\/a en Confecci\u00f3 i Moda, amb compet\u00e8ncies professionals del t\u00edtol Fabricaci\u00f3 i Ennobliment<\/strong><\/p>\n<p>CFGM en alternan\u00e7a dual, orientada als llocs de treball i les compet\u00e8ncies professionals. Aquest cicle formatiu capacita a l\u2019alumne per a confeccionar, tant a mida com industrialment, peces, complements i altres articles en t\u00e8xtil i pell, aix\u00ed com la preparaci\u00f3 i conducci\u00f3 dels equips industrials necessaris per l\u2019obtenci\u00f3 de productes t\u00e8xtils, complint amb les especificacions de qualitat, seguretat i protecci\u00f3 ambiental.<\/p>\n<p><a href=\"https:\/\/agora.xtec.cat\/iescanet\/wp-content\/uploads\/usu966\/2021\/03\/confeccio\u0301-1.pdf\"><strong>Descarrega&#8217;t el Tr\u00edptic CFGM Dual &#8220;Confecci\u00f3 i Moda&#8221; (PDF)<\/strong><\/a><\/p>\n<p>&nbsp;<\/p>\n<p><strong>CICLE FORMATIU GRAU SUPERIOR<\/strong><br \/>\n<strong>MODALITAT FP DUAL &#8220;PATRONATGE I MODA&#8221;<\/strong><\/p>\n<p><strong>T\u00e8cnic\/a Superior en Patronatge i Moda<\/strong><\/p>\n<p>CFGS en alternan\u00e7a dual, orientada als llocs de treball i les compet\u00e8ncies professionals. Aquest cicle formatiu capacita l\u2019alumnat per a elaborar els patrons i escalats ajustats al disseny dels components dels articles i organitzar i gestionar t\u00e8cnicament els processos de producci\u00f3 a l\u2019\u00e0rea de la confecci\u00f3 industrial, actuant sota normes de bona pr\u00e0ctica, aix\u00ed com de seguretat laboral i ambiental.<\/p>\n<p><a href=\"https:\/\/agora.xtec.cat\/iescanet\/wp-content\/uploads\/usu966\/2021\/03\/patronatge_2020_2-1.pdf\"><strong>Descarrega&#8217;t el Tr\u00edptic CFGS Dual &#8220;Patronatge i Moda&#8221; (PDF)<\/strong><\/a><\/p>\n<p>&nbsp;<\/p>\n","protected":false},"excerpt":{"rendered":"<p>ENSENYAMENT SECUNDARI OBLIGATORI (ESO)<br \/>\nL\u2019Ensenyament Secundari Obligatori (ESO) compr\u00e8n quatre cursos, dels 12 als 16 anys.<br \/>\nCURR\u00cdCULUM COM\u00da:<br \/>\nEsta constitu\u00eft per totes les mat\u00e8ries que l\u2019alumne\/a ha de cursar amb car\u00e0cter obligatori:<br \/>\nL\u2019alumnat de 1r a 3r d\u2019ESO cursa:<\/p>\n<p>Llengua Catalana i Literatura<br \/>\nLlengua Castellana i Literatura<br \/>\nLlengua Estrangera (Angl\u00e8s)<br \/>\nMatem\u00e0tiques<br \/>\nCi\u00e8ncies Socials: Geografia&hellip;  <a href=\"https:\/\/agora.xtec.cat\/iescanet\/ensenyaments-ofertats\/\" title=\"Read Ensenyaments Ofertats\">Llegeix m\u00e9s\u00bb<\/a><\/p>\n","protected":false},"author":1,"featured_media":0,"parent":0,"menu_order":0,"comment_status":"closed","ping_status":"closed","template":"","meta":{"_bbp_topic_count":0,"_bbp_reply_count":0,"_bbp_total_topic_count":0,"_bbp_total_reply_count":0,"_bbp_voice_count":0,"_bbp_anonymous_reply_count":0,"_bbp_topic_count_hidden":0,"_bbp_reply_count_hidden":0,"_bbp_forum_subforum_count":0,"footnotes":""},"class_list":["post-8444","page","type-page","status-publish","hentry"],"post_mailing_queue_ids":[],"_links":{"self":[{"href":"https:\/\/agora.xtec.cat\/iescanet\/wp-json\/wp\/v2\/pages\/8444","targetHints":{"allow":["GET"]}}],"collection":[{"href":"https:\/\/agora.xtec.cat\/iescanet\/wp-json\/wp\/v2\/pages"}],"about":[{"href":"https:\/\/agora.xtec.cat\/iescanet\/wp-json\/wp\/v2\/types\/page"}],"author":[{"embeddable":true,"href":"https:\/\/agora.xtec.cat\/iescanet\/wp-json\/wp\/v2\/users\/1"}],"replies":[{"embeddable":true,"href":"https:\/\/agora.xtec.cat\/iescanet\/wp-json\/wp\/v2\/comments?post=8444"}],"version-history":[{"count":5,"href":"https:\/\/agora.xtec.cat\/iescanet\/wp-json\/wp\/v2\/pages\/8444\/revisions"}],"predecessor-version":[{"id":14181,"href":"https:\/\/agora.xtec.cat\/iescanet\/wp-json\/wp\/v2\/pages\/8444\/revisions\/14181"}],"wp:attachment":[{"href":"https:\/\/agora.xtec.cat\/iescanet\/wp-json\/wp\/v2\/media?parent=8444"}],"curies":[{"name":"wp","href":"https:\/\/api.w.org\/{rel}","templated":true}]}}