{"id":8438,"date":"2015-08-18T10:12:34","date_gmt":"2015-08-18T09:12:34","guid":{"rendered":"http:\/\/iescanet.cat\/?page_id=112"},"modified":"2026-02-24T16:51:10","modified_gmt":"2026-02-24T15:51:10","slug":"documents-i-normativa","status":"publish","type":"page","link":"https:\/\/agora.xtec.cat\/iescanet\/documents-i-normativa\/","title":{"rendered":"Documents i Normativa"},"content":{"rendered":"<ul>\n<li>\n<h4><span style=\"color: #333399;\"><a style=\"color: #333399;\" href=\"https:\/\/agora.xtec.cat\/iescanet\/wp-content\/uploads\/usu966\/2025\/10\/PECv6_def.pdf\">Projecte Educatiu del Centre (PEC) 2025<\/a><\/span><\/h4>\n<\/li>\n<li>\n<h4><a href=\"https:\/\/agora.xtec.cat\/iescanet\/wp-content\/uploads\/usu966\/2026\/02\/NOFC_v9_def.docx.pdf\" target=\"_blank\" rel=\"noopener\">Normativa d&#8217;Organitzaci\u00f3 i Funcionament del Centre (NOFC)<\/a><\/h4>\n<\/li>\n<li>\n<h4><span style=\"color: #333399;\"><a style=\"color: #333399;\" href=\"https:\/\/agora.xtec.cat\/iescanet\/wp-content\/uploads\/usu966\/2025\/10\/Plans-dacollida-INS-Lluis-Domenech-i-Montanerv1-1.pdf\">Pla d&#8217;acollida 2025<\/a><\/span><\/h4>\n<\/li>\n<li>\n<h4><span style=\"color: #333399;\"><a style=\"color: #333399;\" href=\"https:\/\/agora.xtec.cat\/iescanet\/wp-content\/uploads\/usu966\/2022\/09\/Agenda-Normativa-no-mobil.pdf\">Normativa utilitzaci\u00f3 tel\u00e8fons m\u00f2bils 2025<\/a><\/span><\/h4>\n<\/li>\n<li>\n<h4><span style=\"color: #333399;\"><a style=\"color: #333399;\" href=\"https:\/\/agora.xtec.cat\/iescanet\/wp-content\/uploads\/usu966\/2025\/10\/Projecte-de-Convivencia_versiodef.docx-2-1.pdf\">Projecte de conviv\u00e8ncia 2025<\/a><\/span><\/h4>\n<\/li>\n<li>\n<h4><span style=\"color: #333399;\"><a style=\"color: #333399;\" href=\"https:\/\/agora.xtec.cat\/iescanet\/wp-content\/uploads\/usu966\/2025\/10\/projectelinguisticInsLluisDomenechiMontaner_definitiu_2025.docx-1.pdf\">Projecte Ling\u00fc\u00edstic del Centre (PLC) 2025<\/a><\/span><\/h4>\n<\/li>\n<li>\n<h4><span style=\"color: #333399;\"><a style=\"color: #333399;\" href=\"https:\/\/agora.xtec.cat\/iescanet\/wp-content\/uploads\/usu966\/2025\/10\/CartaCompromisEducatiu-2025-2026.docx.pdf\">Carta de Comprom\u00eds Educatiu 2025-2026<\/a><\/span><\/h4>\n<\/li>\n<li>\n<h4><span style=\"color: #333399;\"><a style=\"color: #333399;\" href=\"https:\/\/agora.xtec.cat\/iescanet\/wp-content\/uploads\/usu966\/2021\/10\/PROTOCOL-DE-VAGA-2021-22.pdf\">Vaga de l\u2019alumnat<\/a><\/span><\/h4>\n<\/li>\n<li>\n<h4><span style=\"color: #333399;\"><a style=\"color: #333399;\" href=\"https:\/\/agora.xtec.cat\/iescanet\/wp-content\/uploads\/usu966\/2025\/11\/Normativa-complementaria-Batxillerat.pdf\">Normativa complement\u00e0ria de Batxillerat 2025<\/a><\/span><\/h4>\n<\/li>\n<li>\n<h4><span style=\"color: #333399;\"><strong><a style=\"color: #333399;\" href=\"https:\/\/agora.xtec.cat\/iescanet\/wp-content\/uploads\/usu966\/2025\/02\/Liquidacio-del-pressupost_2024_Ins_Lluis_Domenech_Montaner.pdf\" target=\"_blank\" rel=\"noopener\">Liquidaci\u00f3 del pressupost 2024\u00a0<\/a><\/strong><\/span><\/h4>\n<\/li>\n<li>\n<h4><span style=\"color: #333399;\"><strong><a style=\"color: #333399;\" href=\"https:\/\/agora.xtec.cat\/iescanet\/wp-content\/uploads\/usu966\/2025\/02\/Dades-del-pressupost_2025_Ins_Lluis_Domenech_Montaner.pdf\" target=\"_blank\" rel=\"noopener\">Dades del pressupost 2025<\/a><\/strong><\/span><\/h4>\n<\/li>\n<li>\n<h4><a href=\"https:\/\/agora.xtec.cat\/iescanet\/wp-content\/uploads\/usu966\/2026\/02\/Liquidacio-del-pressupost-2025.pdf\">Liquidaci\u00f3 del pressupost 2025<\/a><\/h4>\n<\/li>\n<li>\n<h4><span style=\"color: #333399;\"><strong><a style=\"color: #333399;\" href=\"https:\/\/agora.xtec.cat\/iescanet\/wp-content\/uploads\/usu966\/2026\/02\/Dades-del-pressupost_2026_InsLLuisDomenechiMontaner.pdf\">Dades del pressupost 2026<\/a><\/strong><\/span><\/h4>\n<\/li>\n<li>\n<h4><span style=\"color: #333399;\"><a style=\"color: #333399;\" href=\"https:\/\/agora.xtec.cat\/iescanet\/wp-content\/uploads\/usu966\/2025\/11\/CONVENIS-INSTITUT-LLUIS-DOMENECH-I-MONTANER-2526.pdf\">Convenis 2025<\/a><\/span><\/h4>\n<\/li>\n<\/ul>\n<p>&nbsp;<\/p>\n<p>&nbsp;<\/p>\n","protected":false},"excerpt":{"rendered":"<ul>\n<li>\n<a style=\"color: #333399;\" href=\"https:\/\/agora.xtec.cat\/iescanet\/wp-content\/uploads\/usu966\/2025\/10\/PECv6_def.pdf\">Projecte Educatiu del Centre (PEC) 2025<\/a>\n<\/li>\n<li>\n<a href=\"https:\/\/agora.xtec.cat\/iescanet\/wp-content\/uploads\/usu966\/2026\/02\/NOFC_v9_def.docx.pdf\" target=\"_blank\" rel=\"noopener\">Normativa d&#8217;Organitzaci\u00f3 i Funcionament del Centre (NOFC)<\/a>\n<\/li>\n<li>\n<a style=\"color: #333399;\" href=\"https:\/\/agora.xtec.cat\/iescanet\/wp-content\/uploads\/usu966\/2025\/10\/Plans-dacollida-INS-Lluis-Domenech-i-Montanerv1-1.pdf\">Pla d&#8217;acollida 2025<\/a>\n<\/li>\n<li>\n<a style=\"color: #333399;\" href=\"https:\/\/agora.xtec.cat\/iescanet\/wp-content\/uploads\/usu966\/2022\/09\/Agenda-Normativa-no-mobil.pdf\">Normativa utilitzaci\u00f3 tel\u00e8fons m\u00f2bils 2025<\/a>\n<\/li>\n<li>\n<a style=\"color: #333399;\" href=\"https:\/\/agora.xtec.cat\/iescanet\/wp-content\/uploads\/usu966\/2025\/10\/Projecte-de-Convivencia_versiodef.docx-2-1.pdf\">Projecte de conviv\u00e8ncia 2025<\/a>\n<\/li>\n<li>\n<a style=\"color: #333399;\" href=\"https:\/\/agora.xtec.cat\/iescanet\/wp-content\/uploads\/usu966\/2025\/10\/projectelinguisticInsLluisDomenechiMontaner_definitiu_2025.docx-1.pdf\">Projecte Ling\u00fc\u00edstic del Centre (PLC) 2025<\/a>\n<\/li>\n<li>\n<a style=\"color:&hellip;  <a href=\"https:\/\/agora.xtec.cat\/iescanet\/documents-i-normativa\/\" title=\"Read Documents i Normativa\">Llegeix m\u00e9s\u00bb<\/a><\/p>\n","protected":false},"author":1,"featured_media":0,"parent":0,"menu_order":0,"comment_status":"closed","ping_status":"closed","template":"","meta":{"_bbp_topic_count":0,"_bbp_reply_count":0,"_bbp_total_topic_count":0,"_bbp_total_reply_count":0,"_bbp_voice_count":0,"_bbp_anonymous_reply_count":0,"_bbp_topic_count_hidden":0,"_bbp_reply_count_hidden":0,"_bbp_forum_subforum_count":0,"footnotes":""},"class_list":["post-8438","page","type-page","status-publish","hentry"],"post_mailing_queue_ids":[],"_links":{"self":[{"href":"https:\/\/agora.xtec.cat\/iescanet\/wp-json\/wp\/v2\/pages\/8438","targetHints":{"allow":["GET"]}}],"collection":[{"href":"https:\/\/agora.xtec.cat\/iescanet\/wp-json\/wp\/v2\/pages"}],"about":[{"href":"https:\/\/agora.xtec.cat\/iescanet\/wp-json\/wp\/v2\/types\/page"}],"author":[{"embeddable":true,"href":"https:\/\/agora.xtec.cat\/iescanet\/wp-json\/wp\/v2\/users\/1"}],"replies":[{"embeddable":true,"href":"https:\/\/agora.xtec.cat\/iescanet\/wp-json\/wp\/v2\/comments?post=8438"}],"version-history":[{"count":7,"href":"https:\/\/agora.xtec.cat\/iescanet\/wp-json\/wp\/v2\/pages\/8438\/revisions"}],"predecessor-version":[{"id":15291,"href":"https:\/\/agora.xtec.cat\/iescanet\/wp-json\/wp\/v2\/pages\/8438\/revisions\/15291"}],"wp:attachment":[{"href":"https:\/\/agora.xtec.cat\/iescanet\/wp-json\/wp\/v2\/media?parent=8438"}],"curies":[{"name":"wp","href":"https:\/\/api.w.org\/{rel}","templated":true}]}}