{"id":8437,"date":"2015-08-17T23:51:46","date_gmt":"2015-08-17T21:51:46","guid":{"rendered":"http:\/\/iescanet.cat\/?page_id=67"},"modified":"2020-02-26T11:38:25","modified_gmt":"2020-02-26T10:38:25","slug":"institut","status":"publish","type":"page","link":"https:\/\/agora.xtec.cat\/iescanet\/institut\/","title":{"rendered":"El nostre Institut"},"content":{"rendered":"<p>[metaslider id=19]<\/p>\n<p>El nostre institut va obrir per primera vegada les seves portes el mes de setembre del 1992. Es va instal\u00b7lar a l\u2019edifici modernista Vil\u00b7la Flora, propietat de l\u2019Ajuntament, i al pati s\u2019hi van col\u00b7locar quatre \u201cm\u00f2duls\u201d amb dues aules a cadascun.<\/p>\n<p>[row]<br \/>\n[column md=&#8221;6&#8243;]<br \/>\n<a href=\"http:\/\/iescanet.cat\/wp-content\/uploads\/2015\/08\/institut-lluis-domenech-i-montaner-1.jpg\"><img loading=\"lazy\" decoding=\"async\" class=\"alignright size-full wp-image-74 img-thumbnail\" src=\"http:\/\/iescanet.cat\/wp-content\/uploads\/2015\/08\/institut-lluis-domenech-i-montaner-1.jpg\" alt=\"institut-lluis-domenech-i-montaner-1\" width=\"448\" height=\"299\" \/><\/a><br \/>\n[\/column]<\/p>\n<p>[column md=&#8221;6&#8243;]<br \/>\n<a href=\"http:\/\/iescanet.cat\/wp-content\/uploads\/2015\/08\/institut-lluis-domenech-i-montaner-2.jpg\"><img loading=\"lazy\" decoding=\"async\" class=\"alignright size-full wp-image-75 img-thumbnail\" src=\"http:\/\/iescanet.cat\/wp-content\/uploads\/2015\/08\/institut-lluis-domenech-i-montaner-2.jpg\" alt=\"institut-lluis-domenech-i-montaner-2\" width=\"448\" height=\"299\" \/><\/a><br \/>\n[\/column]<br \/>\n[\/row]<\/p>\n\n\t\t<style type=\"text\/css\">\n\t\t\t#gallery-1 {\n\t\t\t\tmargin: auto;\n\t\t\t}\n\t\t\t#gallery-1 .gallery-item {\n\t\t\t\tfloat: left;\n\t\t\t\tmargin-top: 10px;\n\t\t\t\ttext-align: center;\n\t\t\t\twidth: 33%;\n\t\t\t}\n\t\t\t#gallery-1 img {\n\t\t\t\tborder: 2px solid #cfcfcf;\n\t\t\t}\n\t\t\t#gallery-1 .gallery-caption {\n\t\t\t\tmargin-left: 0;\n\t\t\t}\n\t\t\t\/* see gallery_shortcode() in wp-includes\/media.php *\/\n\t\t<\/style>\n\t\t<div id='gallery-1' class='gallery galleryid-8437 gallery-columns-3 gallery-size-thumbnail'><dl class='gallery-item'>\n\t\t\t<dt class='gallery-icon landscape'>\n\t\t\t\t<a href='https:\/\/agora.xtec.cat\/iescanet\/panoramica_institut_09\/'><img loading=\"lazy\" decoding=\"async\" width=\"150\" height=\"150\" src=\"https:\/\/agora.xtec.cat\/iescanet\/wp-content\/uploads\/usu966\/2016\/05\/Panoramica_Institut_09-150x150.jpg\" class=\"attachment-thumbnail size-thumbnail\" alt=\"\" \/><\/a>\n\t\t\t<\/dt><\/dl><dl class='gallery-item'>\n\t\t\t<dt class='gallery-icon landscape'>\n\t\t\t\t<a href='https:\/\/agora.xtec.cat\/iescanet\/panoramica_institut_02-2\/'><img loading=\"lazy\" decoding=\"async\" width=\"150\" height=\"150\" src=\"https:\/\/agora.xtec.cat\/iescanet\/wp-content\/uploads\/usu966\/2016\/05\/Panoramica_Institut_02-150x150.jpg\" class=\"attachment-thumbnail size-thumbnail\" alt=\"\" \/><\/a>\n\t\t\t<\/dt><\/dl><dl class='gallery-item'>\n\t\t\t<dt class='gallery-icon landscape'>\n\t\t\t\t<a href='https:\/\/agora.xtec.cat\/iescanet\/panoramica_institut_05-2\/'><img loading=\"lazy\" decoding=\"async\" width=\"150\" height=\"150\" src=\"https:\/\/agora.xtec.cat\/iescanet\/wp-content\/uploads\/usu966\/2016\/05\/Panoramica_Institut_05-150x150.jpg\" class=\"attachment-thumbnail size-thumbnail\" alt=\"\" \/><\/a>\n\t\t\t<\/dt><\/dl><br style=\"clear: both\" \/><dl class='gallery-item'>\n\t\t\t<dt class='gallery-icon landscape'>\n\t\t\t\t<a href='https:\/\/agora.xtec.cat\/iescanet\/panoramica_institut_04-2\/'><img loading=\"lazy\" decoding=\"async\" width=\"150\" height=\"150\" src=\"https:\/\/agora.xtec.cat\/iescanet\/wp-content\/uploads\/usu966\/2016\/05\/Panoramica_Institut_04-150x150.jpg\" class=\"attachment-thumbnail size-thumbnail\" alt=\"\" \/><\/a>\n\t\t\t<\/dt><\/dl><dl class='gallery-item'>\n\t\t\t<dt class='gallery-icon landscape'>\n\t\t\t\t<a href='https:\/\/agora.xtec.cat\/iescanet\/panoramica_institut_08\/'><img loading=\"lazy\" decoding=\"async\" width=\"150\" height=\"150\" src=\"https:\/\/agora.xtec.cat\/iescanet\/wp-content\/uploads\/usu966\/2016\/05\/Panoramica_Institut_08-150x150.jpg\" class=\"attachment-thumbnail size-thumbnail\" alt=\"\" \/><\/a>\n\t\t\t<\/dt><\/dl><dl class='gallery-item'>\n\t\t\t<dt class='gallery-icon landscape'>\n\t\t\t\t<a href='https:\/\/agora.xtec.cat\/iescanet\/panoramica_institut_01-2\/'><img loading=\"lazy\" decoding=\"async\" width=\"150\" height=\"150\" src=\"https:\/\/agora.xtec.cat\/iescanet\/wp-content\/uploads\/usu966\/2016\/05\/Panoramica_Institut_01-150x150.jpg\" class=\"attachment-thumbnail size-thumbnail\" alt=\"\" \/><\/a>\n\t\t\t<\/dt><\/dl><br style=\"clear: both\" \/>\n\t\t<\/div>\n\n\n\t\t<style type=\"text\/css\">\n\t\t\t#gallery-2 {\n\t\t\t\tmargin: auto;\n\t\t\t}\n\t\t\t#gallery-2 .gallery-item {\n\t\t\t\tfloat: left;\n\t\t\t\tmargin-top: 10px;\n\t\t\t\ttext-align: center;\n\t\t\t\twidth: 33%;\n\t\t\t}\n\t\t\t#gallery-2 img {\n\t\t\t\tborder: 2px solid #cfcfcf;\n\t\t\t}\n\t\t\t#gallery-2 .gallery-caption {\n\t\t\t\tmargin-left: 0;\n\t\t\t}\n\t\t\t\/* see gallery_shortcode() in wp-includes\/media.php *\/\n\t\t<\/style>\n\t\t<div id='gallery-2' class='gallery galleryid-8437 gallery-columns-3 gallery-size-large'><dl class='gallery-item'>\n\t\t\t<dt class='gallery-icon landscape'>\n\t\t\t\t<a href='https:\/\/agora.xtec.cat\/iescanet\/wp-content\/uploads\/usu966\/2016\/05\/Panoramica_Institut_09.jpg'><img loading=\"lazy\" decoding=\"async\" width=\"1024\" height=\"256\" src=\"https:\/\/agora.xtec.cat\/iescanet\/wp-content\/uploads\/usu966\/2016\/05\/Panoramica_Institut_09-1024x256.jpg\" class=\"attachment-large size-large\" alt=\"\" srcset=\"https:\/\/agora.xtec.cat\/iescanet\/wp-content\/uploads\/usu966\/2016\/05\/Panoramica_Institut_09-1024x256.jpg 1024w, https:\/\/agora.xtec.cat\/iescanet\/wp-content\/uploads\/usu966\/2016\/05\/Panoramica_Institut_09-300x75.jpg 300w, https:\/\/agora.xtec.cat\/iescanet\/wp-content\/uploads\/usu966\/2016\/05\/Panoramica_Institut_09-768x192.jpg 768w, https:\/\/agora.xtec.cat\/iescanet\/wp-content\/uploads\/usu966\/2016\/05\/Panoramica_Institut_09.jpg 1920w\" sizes=\"auto, (max-width: 1024px) 100vw, 1024px\" \/><\/a>\n\t\t\t<\/dt><\/dl><dl class='gallery-item'>\n\t\t\t<dt class='gallery-icon landscape'>\n\t\t\t\t<a href='https:\/\/agora.xtec.cat\/iescanet\/wp-content\/uploads\/usu966\/2016\/05\/Panoramica_Institut_08.jpg'><img loading=\"lazy\" decoding=\"async\" width=\"1024\" height=\"256\" src=\"https:\/\/agora.xtec.cat\/iescanet\/wp-content\/uploads\/usu966\/2016\/05\/Panoramica_Institut_08-1024x256.jpg\" class=\"attachment-large size-large\" alt=\"\" srcset=\"https:\/\/agora.xtec.cat\/iescanet\/wp-content\/uploads\/usu966\/2016\/05\/Panoramica_Institut_08-1024x256.jpg 1024w, https:\/\/agora.xtec.cat\/iescanet\/wp-content\/uploads\/usu966\/2016\/05\/Panoramica_Institut_08-300x75.jpg 300w, https:\/\/agora.xtec.cat\/iescanet\/wp-content\/uploads\/usu966\/2016\/05\/Panoramica_Institut_08-768x192.jpg 768w, https:\/\/agora.xtec.cat\/iescanet\/wp-content\/uploads\/usu966\/2016\/05\/Panoramica_Institut_08.jpg 1920w\" sizes=\"auto, (max-width: 1024px) 100vw, 1024px\" \/><\/a>\n\t\t\t<\/dt><\/dl><dl class='gallery-item'>\n\t\t\t<dt class='gallery-icon landscape'>\n\t\t\t\t<a href='https:\/\/agora.xtec.cat\/iescanet\/wp-content\/uploads\/usu966\/2016\/05\/Panoramica_Institut_05.jpg'><img loading=\"lazy\" decoding=\"async\" width=\"1024\" height=\"256\" src=\"https:\/\/agora.xtec.cat\/iescanet\/wp-content\/uploads\/usu966\/2016\/05\/Panoramica_Institut_05-1024x256.jpg\" class=\"attachment-large size-large\" alt=\"\" srcset=\"https:\/\/agora.xtec.cat\/iescanet\/wp-content\/uploads\/usu966\/2016\/05\/Panoramica_Institut_05-1024x256.jpg 1024w, https:\/\/agora.xtec.cat\/iescanet\/wp-content\/uploads\/usu966\/2016\/05\/Panoramica_Institut_05-300x75.jpg 300w, https:\/\/agora.xtec.cat\/iescanet\/wp-content\/uploads\/usu966\/2016\/05\/Panoramica_Institut_05-768x192.jpg 768w, https:\/\/agora.xtec.cat\/iescanet\/wp-content\/uploads\/usu966\/2016\/05\/Panoramica_Institut_05.jpg 1920w\" sizes=\"auto, (max-width: 1024px) 100vw, 1024px\" \/><\/a>\n\t\t\t<\/dt><\/dl><br style=\"clear: both\" \/><dl class='gallery-item'>\n\t\t\t<dt class='gallery-icon landscape'>\n\t\t\t\t<a href='https:\/\/agora.xtec.cat\/iescanet\/wp-content\/uploads\/usu966\/2016\/05\/Panoramica_Institut_04.jpg'><img loading=\"lazy\" decoding=\"async\" width=\"1024\" height=\"256\" src=\"https:\/\/agora.xtec.cat\/iescanet\/wp-content\/uploads\/usu966\/2016\/05\/Panoramica_Institut_04-1024x256.jpg\" class=\"attachment-large size-large\" alt=\"\" srcset=\"https:\/\/agora.xtec.cat\/iescanet\/wp-content\/uploads\/usu966\/2016\/05\/Panoramica_Institut_04-1024x256.jpg 1024w, https:\/\/agora.xtec.cat\/iescanet\/wp-content\/uploads\/usu966\/2016\/05\/Panoramica_Institut_04-300x75.jpg 300w, https:\/\/agora.xtec.cat\/iescanet\/wp-content\/uploads\/usu966\/2016\/05\/Panoramica_Institut_04-768x192.jpg 768w, https:\/\/agora.xtec.cat\/iescanet\/wp-content\/uploads\/usu966\/2016\/05\/Panoramica_Institut_04.jpg 1920w\" sizes=\"auto, (max-width: 1024px) 100vw, 1024px\" \/><\/a>\n\t\t\t<\/dt><\/dl><dl class='gallery-item'>\n\t\t\t<dt class='gallery-icon landscape'>\n\t\t\t\t<a href='https:\/\/agora.xtec.cat\/iescanet\/wp-content\/uploads\/usu966\/2016\/05\/Panoramica_Institut_02.jpg'><img loading=\"lazy\" decoding=\"async\" width=\"1024\" height=\"256\" src=\"https:\/\/agora.xtec.cat\/iescanet\/wp-content\/uploads\/usu966\/2016\/05\/Panoramica_Institut_02-1024x256.jpg\" class=\"attachment-large size-large\" alt=\"\" srcset=\"https:\/\/agora.xtec.cat\/iescanet\/wp-content\/uploads\/usu966\/2016\/05\/Panoramica_Institut_02-1024x256.jpg 1024w, https:\/\/agora.xtec.cat\/iescanet\/wp-content\/uploads\/usu966\/2016\/05\/Panoramica_Institut_02-300x75.jpg 300w, https:\/\/agora.xtec.cat\/iescanet\/wp-content\/uploads\/usu966\/2016\/05\/Panoramica_Institut_02-768x192.jpg 768w, https:\/\/agora.xtec.cat\/iescanet\/wp-content\/uploads\/usu966\/2016\/05\/Panoramica_Institut_02.jpg 1920w\" sizes=\"auto, (max-width: 1024px) 100vw, 1024px\" \/><\/a>\n\t\t\t<\/dt><\/dl><dl class='gallery-item'>\n\t\t\t<dt class='gallery-icon landscape'>\n\t\t\t\t<a href='https:\/\/agora.xtec.cat\/iescanet\/wp-content\/uploads\/usu966\/2016\/05\/Panoramica_Institut_01.jpg'><img loading=\"lazy\" decoding=\"async\" width=\"1024\" height=\"256\" src=\"https:\/\/agora.xtec.cat\/iescanet\/wp-content\/uploads\/usu966\/2016\/05\/Panoramica_Institut_01-1024x256.jpg\" class=\"attachment-large size-large\" alt=\"\" srcset=\"https:\/\/agora.xtec.cat\/iescanet\/wp-content\/uploads\/usu966\/2016\/05\/Panoramica_Institut_01-1024x256.jpg 1024w, https:\/\/agora.xtec.cat\/iescanet\/wp-content\/uploads\/usu966\/2016\/05\/Panoramica_Institut_01-300x75.jpg 300w, https:\/\/agora.xtec.cat\/iescanet\/wp-content\/uploads\/usu966\/2016\/05\/Panoramica_Institut_01-768x192.jpg 768w, https:\/\/agora.xtec.cat\/iescanet\/wp-content\/uploads\/usu966\/2016\/05\/Panoramica_Institut_01.jpg 1920w\" sizes=\"auto, (max-width: 1024px) 100vw, 1024px\" \/><\/a>\n\t\t\t<\/dt><\/dl><br style=\"clear: both\" \/>\n\t\t<\/div>\n\n<p>Vam comen\u00e7ar impartint el primer curs del segon cicle de l\u2019ESO i\u00a0es van matricular uns 125 alumnes, per tant hi havia cinc l\u00ednies o cursos de 3r d\u2019ESO. Per impartir les classes es va comptar inicialment amb nou professors\/es de les diferents disciplines, set dels quals encara segueixen al centre.<\/p>\n<p>A mesura que va anar passant el temps, es van anar instal\u00b7lant m\u00e9s \u201cm\u00f2duls\u201d perqu\u00e8 el nombre d\u2019alumnes anava creixent i el professorat, tamb\u00e9. El juny del 1995 va sortir de les nostres aules la primera promoci\u00f3 que havia acabat el Batxillerat Experimental, en les tres modalitats que sempre hem impartit: Batxillerat Cient\u00edfic, Batxillerat Tecnol\u00f2gic i Batxillerat d\u2019Humanitats i Ci\u00e8ncies socials.<\/p>\n<p>El curs 1996-97 es va incorporar la primera promoci\u00f3 de 1r curs d\u2019 ESO, iniciant aix\u00ed el primer cicle. Aquesta promoci\u00f3 ha estat la primera que ha cursat l\u2019etapa sencera al nostre institut, i ha comptat amb tres l\u00ednies o cursos a cada nivell.<br \/>\nEl curs 2001-2002 el nostre institut va estrenar, despr\u00e9s de moltes reivindicacions, noves instal\u00b7lacions, que consten d\u2019un edifici de quatre plantes m\u00e9s un complex esportiu, amb un total de 12.000 metres quadrats edificats.<\/p>\n<p>El claustre de professorat s\u2019ha anat consolidant, de manera que la majoria t\u00e9 la destinaci\u00f3 definitiva al centre. Aquest professorat, juntament amb la resta de persones que treballen al centre, t\u00e9 una dilatada experi\u00e8ncia professional que es tradueix en una din\u00e0mica de funcionament pr\u00f2pia i en una garantia de qualitat pedag\u00f2gica per a l\u2019alumnat que actualment estudia al nostre institut i per als qui ho vulguin fer en el futur.<\/p>\n<p>Enguany la plantilla de professorat ha superat la seixantena de membres i, a m\u00e9s, disposem de dos subalterns i dues auxiliars administratives. Tenim m\u00e9s de 600 alumnes en5 l\u00ednies a 1r d\u2019ESO, 4 l\u00ednies de 2n a 4t d\u2019ESO, 4 l\u00ednies a 1r de batxillerat i 3 l\u00ednies a 2n de batxillerat.<\/p>\n<p>&nbsp;<\/p>\n<h3>Localitzaci\u00f3:<\/h3>\n<p><a href=\"http:\/\/iframesrc=https:\/\/www.google.com\/maps\/d\/embed?mid=z8GZUg8fR2eE.kikfTUhzdNRAwidth=100%height=500\/iframe\"><iframe loading=\"lazy\" src=\"https:\/\/www.google.com\/maps\/d\/embed?mid=z8GZUg8fR2eE.kikfTUhzdNRA\" width=\"100%\" height=\"500\"><\/iframe><\/a><\/p>\n<p>&nbsp;<\/p>\n<p>L\u2019IES Llu\u00eds Dom\u00e8nech i Montaner de Canet de Mar est\u00e0 ubicat en un complex educatiu de 8.000 m2, modern i funcional, que contribueix a millorar i potenciar, encara m\u00e9s, l&#8217;oferta educativa de Canet.<\/p>\n<p>El centre compta actualment amb un projecte educatiu consolidat avalat per una plantilla molt estable de professorat d&#8217;una gran qualitat humana i professional.<\/p>\n<p>S\u00f3n ja diverses les promocions d\u2019alumnes d&#8217;ESO i Batxillerat que han cursat els seus estudis a l&#8217;Institut i que han continuat amb \u00e8xit els seus estudis universitaris, la Formaci\u00f3 Professional o la inserci\u00f3 en el m\u00f3n laboral.<\/p>\n<p>&nbsp;<\/p>\n<div class=\"well\">\n<ul>\n<li><strong><a title=\"Presentaci\u00f3 Portes Obertes 2017\" href=\"http:\/\/iescanet.cat\/POWER\/Presentacio-Portes-Obertes-2017.ppt\" target=\"_blank\" rel=\"noopener noreferrer\">Presentaci\u00f3 Portes Obertes 2017 (.PPT)<\/a><\/strong><\/li>\n<li><strong><a title=\"Powerpoint presentaci\u00f3n instituto\" href=\"http:\/\/iescanet.cat\/POWER\/Institut_de_Canet_Castellano.pptx\" target=\"_blank\" rel=\"noopener noreferrer\">Presentaci\u00f3n Powerpoint Instituto<\/a><\/strong><\/li>\n<li><strong><a title=\"Powerpoint presentati\u00f3n high school\" href=\"http:\/\/iescanet.cat\/POWER\/Institut_de_Canet_English.pptx\" target=\"_blank\" rel=\"noopener noreferrer\">Powerpoint High School Presentation High School<\/a><\/strong><\/li>\n<li><strong><a title=\"Presentaci\u00f3 institut format OpenOffice\" href=\"http:\/\/iescanet.cat\/POWER\/Institut_de_Canet.odp\" target=\"_blank\" rel=\"noopener noreferrer\">Presentaci\u00f3 Impress (LibreOffice \/ OpenOffice)<br \/>\n<\/a><\/strong><\/li>\n<\/ul>\n<\/div>\n<p>&nbsp;<\/p>\n","protected":false},"excerpt":{"rendered":"<p>[metaslider id=19]<br \/>\nEl nostre institut va obrir per primera vegada les seves portes el mes de setembre del 1992. Es va instal\u00b7lar a l\u2019edifici modernista Vil\u00b7la Flora, propietat de l\u2019Ajuntament, i al pati s\u2019hi van col\u00b7locar quatre \u201cm\u00f2duls\u201d amb dues aules a cadascun.<br \/>\n[row]<br \/>\n[column md=&#8221;6&#8243;]<br \/>\n<a href=\"http:\/\/iescanet.cat\/wp-content\/uploads\/2015\/08\/institut-lluis-domenech-i-montaner-1.jpg\"><\/a><br \/>\n[\/column]<br \/>\n[column md=&#8221;6&#8243;]<br \/>\n<a&hellip;  <a href=\"https:\/\/agora.xtec.cat\/iescanet\/institut\/\" title=\"Read El nostre Institut\">Llegeix m\u00e9s\u00bb<\/a><\/p>\n","protected":false},"author":1,"featured_media":0,"parent":0,"menu_order":0,"comment_status":"closed","ping_status":"closed","template":"","meta":{"_bbp_topic_count":0,"_bbp_reply_count":0,"_bbp_total_topic_count":0,"_bbp_total_reply_count":0,"_bbp_voice_count":0,"_bbp_anonymous_reply_count":0,"_bbp_topic_count_hidden":0,"_bbp_reply_count_hidden":0,"_bbp_forum_subforum_count":0,"footnotes":""},"class_list":["post-8437","page","type-page","status-publish","hentry"],"post_mailing_queue_ids":[],"_links":{"self":[{"href":"https:\/\/agora.xtec.cat\/iescanet\/wp-json\/wp\/v2\/pages\/8437","targetHints":{"allow":["GET"]}}],"collection":[{"href":"https:\/\/agora.xtec.cat\/iescanet\/wp-json\/wp\/v2\/pages"}],"about":[{"href":"https:\/\/agora.xtec.cat\/iescanet\/wp-json\/wp\/v2\/types\/page"}],"author":[{"embeddable":true,"href":"https:\/\/agora.xtec.cat\/iescanet\/wp-json\/wp\/v2\/users\/1"}],"replies":[{"embeddable":true,"href":"https:\/\/agora.xtec.cat\/iescanet\/wp-json\/wp\/v2\/comments?post=8437"}],"version-history":[{"count":2,"href":"https:\/\/agora.xtec.cat\/iescanet\/wp-json\/wp\/v2\/pages\/8437\/revisions"}],"predecessor-version":[{"id":9143,"href":"https:\/\/agora.xtec.cat\/iescanet\/wp-json\/wp\/v2\/pages\/8437\/revisions\/9143"}],"wp:attachment":[{"href":"https:\/\/agora.xtec.cat\/iescanet\/wp-json\/wp\/v2\/media?parent=8437"}],"curies":[{"name":"wp","href":"https:\/\/api.w.org\/{rel}","templated":true}]}}