{"id":7640,"date":"2019-04-29T09:31:39","date_gmt":"2019-04-29T08:31:39","guid":{"rendered":"http:\/\/iescanet.cat\/?page_id=7640"},"modified":"2023-03-16T14:08:13","modified_gmt":"2023-03-16T13:08:13","slug":"informacio-i-sollicitud-de-preinscripcio-batxibac","status":"publish","type":"page","link":"https:\/\/agora.xtec.cat\/iescanet\/informacio-i-sollicitud-de-preinscripcio-batxibac\/","title":{"rendered":"Informaci\u00f3 i sol\u00b7licitud de preinscripci\u00f3 de BATXIBAC"},"content":{"rendered":"<p>&nbsp;<\/p>\n<h4><strong><span style=\"color: #000000;\">DOCUMENTACI\u00d3 PER A LA PREINSCRIPCI\u00d3 DE BATXIBAC CURS 2023-2024 <span style=\"color: #ff0000;\">(del 27 al 31 de mar\u00e7)<\/span><\/span><\/strong><\/h4>\n<hr \/>\n<p><strong><span style=\"color: #0000ff;\">\u2666<\/span> <a href=\"https:\/\/agora.xtec.cat\/iescanet\/wp-content\/uploads\/usu966\/2023\/03\/Calendari-Preinscripcio-batxibac-23-24.pdf\"><strong>Sol\u00b7licitud de preinscripci\u00f3 de BATXIBAC \u2013 Curs 2023-2024<\/strong><\/a><\/strong><\/p>\n<hr \/>\n<p style=\"text-align: justify;\">Per cursar la doble titulaci\u00f3 cal acreditar com a m\u00ednim un nivell B1 de franc\u00e8s del marc europeu com\u00fa de refer\u00e8ncia per a les lleng\u00fces; l&#8217;acreditaci\u00f3 es pot fer mitjan\u00e7ant el diploma B1 del DELF scolaire, el diploma B1 del DELF junior, el certificat de nivell intermedi de les EOI o superant una prova de nivell en llengua francesa.<\/p>\n<hr \/>\n<p><strong><b><span style=\"color: #0000ff;\">\u2666 <\/span>Llocs vacants a cada nivell \u2014\u2014&gt;&gt; <span style=\"color: #0000ff;\">1r Batxibac:<\/span> <span style=\"color: #ff0000;\">7<\/span><span style=\"color: #ff0000;\">\u00a0places<\/span>\u00a0 \u2014\u00a0 <span style=\"color: #0000ff;\">2n Batxibac<\/span>: <span style=\"color: #ff0000;\">4<\/span><span style=\"color: #ff0000;\">\u00a0places<\/span><\/b><\/strong><\/p>\n<hr \/>\n<h4><span style=\"color: #000000;\"><strong>I N F O R M A C I \u00d3\u00a0 \u00a0B A T X I B A C<\/strong><\/span><\/h4>\n<hr \/>\n<p><strong><span style=\"color: #0000ff;\">\u2666<\/span>\u00a0<\/strong><a href=\"https:\/\/agora.xtec.cat\/iescanet\/wp-content\/uploads\/usu966\/2019\/04\/Diptic-BATX-BAC-2019-2020.jpg\" target=\"_blank\" rel=\"noopener noreferrer\"><strong>D\u00edptic BATXIBAC (Batxillerat\/Baccalaur\u00e9at) &#8211; Curs 2021\/2022 (PDF)<\/strong><\/a><\/p>\n<hr \/>\n<p><strong><span style=\"color: #0000ff;\">\u2666<\/span>\u00a0<\/strong><a href=\"https:\/\/agora.xtec.cat\/iescanet\/wp-content\/uploads\/usu966\/2023\/03\/Curriculum-Batxibac-23-25.pdf\"><strong>Curr\u00edculum BATXIBAC 2023-2025 (PDF)<\/strong><\/a><\/p>\n<hr \/>\n<p><strong><span style=\"color: #0000ff;\">\u2666<\/span> <a href=\"http:\/\/xtec.gencat.cat\/ca\/curriculum\/batxillerat\/baccalaureat\/\"><strong>Informaci\u00f3 sobre la preinscripci\u00f3 del Batxibac (Doble titulaci\u00f3 de batxillerat i baccalaur\u00e9at)<\/strong><\/a><\/strong><\/p>\n<hr \/>\n<p><strong><span style=\"color: #0000ff;\">\u2666<\/span> <span style=\"color: #0000ff;\"><span style=\"color: #000000;\"><a href=\"https:\/\/agora.xtec.cat\/iescanet\/batxillerat\/batxibac-doble-titulacio-batxillerat-baccalaureat\/\"><strong>+INFO sobre el BATXIBAC<\/strong><\/a><\/span><\/span><\/strong><\/p>\n<hr \/>\n<p><strong><span style=\"color: #0000ff;\">\u2666<\/span>\u00a0<\/strong><a href=\"https:\/\/www.institutfrancais.es\/programas-y-ayudas\/centros-escolares-y-profesores\/el-bachibac\/\">Informaci\u00f3 sobre el Batxibac (Institut Fran\u00e7ais)<\/a><\/p>\n<hr \/>\n<p>&nbsp;<\/p>\n","protected":false},"excerpt":{"rendered":"<p>&nbsp;<br \/>\nDOCUMENTACI\u00d3 PER A LA PREINSCRIPCI\u00d3 DE BATXIBAC CURS 2023-2024 (del 27 al 31 de mar\u00e7)<\/p>\n<p>\u2666 <a href=\"https:\/\/agora.xtec.cat\/iescanet\/wp-content\/uploads\/usu966\/2023\/03\/Calendari-Preinscripcio-batxibac-23-24.pdf\">Sol\u00b7licitud de preinscripci\u00f3 de BATXIBAC \u2013 Curs 2023-2024<\/a><\/p>\n<p>Per cursar la doble titulaci\u00f3 cal acreditar com a m\u00ednim un nivell B1 de franc\u00e8s del marc europeu com\u00fa de refer\u00e8ncia per&hellip;  <a href=\"https:\/\/agora.xtec.cat\/iescanet\/informacio-i-sollicitud-de-preinscripcio-batxibac\/\" title=\"Read Informaci\u00f3 i sol\u00b7licitud de preinscripci\u00f3 de BATXIBAC\">Llegeix m\u00e9s\u00bb<\/a><\/p>\n","protected":false},"author":1,"featured_media":0,"parent":0,"menu_order":0,"comment_status":"closed","ping_status":"closed","template":"","meta":{"_bbp_topic_count":0,"_bbp_reply_count":0,"_bbp_total_topic_count":0,"_bbp_total_reply_count":0,"_bbp_voice_count":0,"_bbp_anonymous_reply_count":0,"_bbp_topic_count_hidden":0,"_bbp_reply_count_hidden":0,"_bbp_forum_subforum_count":0,"footnotes":""},"class_list":["post-7640","page","type-page","status-publish","hentry"],"post_mailing_queue_ids":[],"_links":{"self":[{"href":"https:\/\/agora.xtec.cat\/iescanet\/wp-json\/wp\/v2\/pages\/7640","targetHints":{"allow":["GET"]}}],"collection":[{"href":"https:\/\/agora.xtec.cat\/iescanet\/wp-json\/wp\/v2\/pages"}],"about":[{"href":"https:\/\/agora.xtec.cat\/iescanet\/wp-json\/wp\/v2\/types\/page"}],"author":[{"embeddable":true,"href":"https:\/\/agora.xtec.cat\/iescanet\/wp-json\/wp\/v2\/users\/1"}],"replies":[{"embeddable":true,"href":"https:\/\/agora.xtec.cat\/iescanet\/wp-json\/wp\/v2\/comments?post=7640"}],"version-history":[{"count":4,"href":"https:\/\/agora.xtec.cat\/iescanet\/wp-json\/wp\/v2\/pages\/7640\/revisions"}],"predecessor-version":[{"id":13223,"href":"https:\/\/agora.xtec.cat\/iescanet\/wp-json\/wp\/v2\/pages\/7640\/revisions\/13223"}],"wp:attachment":[{"href":"https:\/\/agora.xtec.cat\/iescanet\/wp-json\/wp\/v2\/media?parent=7640"}],"curies":[{"name":"wp","href":"https:\/\/api.w.org\/{rel}","templated":true}]}}