{"id":3899,"date":"2016-11-14T15:54:05","date_gmt":"2016-11-14T13:54:05","guid":{"rendered":"http:\/\/iescanet.cat\/?page_id=3899"},"modified":"2020-02-26T12:20:48","modified_gmt":"2020-02-26T11:20:48","slug":"projectes-iedutec-i-robotica-i-programacio","status":"publish","type":"page","link":"https:\/\/agora.xtec.cat\/iescanet\/projectes-iedutec-i-robotica-i-programacio\/","title":{"rendered":"PROJECTES \u201ciEduTEC\u201d i \u201cRob\u00f2tica i Programaci\u00f3\u201d"},"content":{"rendered":"<p>El <strong>Projecte iEduTEC<\/strong> \u00e9s un Projecte d\u2019Innovaci\u00f3 Educativa en Tecnologies que t\u00e9 com a finalitat promoure la innovaci\u00f3 educativa en mat\u00e8ries de l\u2019\u00e0mbit tecnol\u00f2gic, aix\u00ed com fomentar l\u2019inter\u00e8s cient\u00edfic i tecnol\u00f2gic de l\u2019alumnat i la utilitzaci\u00f3 de les noves tecnologies.<\/p>\n<p>Aquest projecte, impulsat pel Departament de Tecnologies de l\u2019Institut Llu\u00eds Dom\u00e8nech i Montaner de Canet de Mar, tamb\u00e9 pret\u00e9n potenciar l\u2019excel\u00b7l\u00e8ncia acad\u00e8mica i competencial en el centre i fomentar la creativitat, la inventiva, la emprenedoria i la posada en pr\u00e0ctica d\u2019idees per part de l\u2019alumnat.<\/p>\n<p>Una de les diverses propostes d\u2019actuaci\u00f3 d\u2019aquest projecte, \u00e9s la creaci\u00f3 del <strong>Programa \u201cRob\u00f2tica i Programaci\u00f3\u201d<\/strong>, un espai de treball per a alumnes (en horari extraescolar) perqu\u00e8 puguin desenvolupar els seus projectes i treballs de recerca (ESO i batxillerat), apropant-los a m\u00e8todes propis de la recerca cient\u00edfico-tecnol\u00f2gica i proporcionant-los recursos, equipament, material i assessorament t\u00e8cnic.<\/p>\n<p>Es pret\u00e9n, doncs, organitzar tot un seguit d\u2019accions i bones pr\u00e0ctiques per tal d\u2019establir estrat\u00e8gies d\u2019intervenci\u00f3 m\u00e9s eficients que millorin l\u2019\u00e8xit educatiu de l\u2019Institut, potenci\u00efn un ensenyament d\u2019excel\u00b7l\u00e8ncia i ofereixin m\u00e9s oportunitats a l\u2019alumnat.<\/p>\n<p>&nbsp;<\/p>\n\n\t\t<style type=\"text\/css\">\n\t\t\t#gallery-1 {\n\t\t\t\tmargin: auto;\n\t\t\t}\n\t\t\t#gallery-1 .gallery-item {\n\t\t\t\tfloat: left;\n\t\t\t\tmargin-top: 10px;\n\t\t\t\ttext-align: center;\n\t\t\t\twidth: 100%;\n\t\t\t}\n\t\t\t#gallery-1 img {\n\t\t\t\tborder: 2px solid #cfcfcf;\n\t\t\t}\n\t\t\t#gallery-1 .gallery-caption {\n\t\t\t\tmargin-left: 0;\n\t\t\t}\n\t\t\t\/* see gallery_shortcode() in wp-includes\/media.php *\/\n\t\t<\/style>\n\t\t<div id='gallery-1' class='gallery galleryid-3899 gallery-columns-1 gallery-size-large'><dl class='gallery-item'>\n\t\t\t<dt class='gallery-icon landscape'>\n\t\t\t\t<a href='https:\/\/agora.xtec.cat\/iescanet\/wp-content\/uploads\/usu966\/2016\/11\/Tecno01.jpg'><img loading=\"lazy\" decoding=\"async\" width=\"800\" height=\"800\" src=\"https:\/\/agora.xtec.cat\/iescanet\/wp-content\/uploads\/usu966\/2016\/11\/Tecno01.jpg\" class=\"attachment-large size-large\" alt=\"\" srcset=\"https:\/\/agora.xtec.cat\/iescanet\/wp-content\/uploads\/usu966\/2016\/11\/Tecno01.jpg 800w, https:\/\/agora.xtec.cat\/iescanet\/wp-content\/uploads\/usu966\/2016\/11\/Tecno01-150x150.jpg 150w, https:\/\/agora.xtec.cat\/iescanet\/wp-content\/uploads\/usu966\/2016\/11\/Tecno01-300x300.jpg 300w, https:\/\/agora.xtec.cat\/iescanet\/wp-content\/uploads\/usu966\/2016\/11\/Tecno01-768x768.jpg 768w\" sizes=\"auto, (max-width: 800px) 100vw, 800px\" \/><\/a>\n\t\t\t<\/dt><\/dl><br style=\"clear: both\" \/>\n\t\t<\/div>\n\n\n\t\t<style type=\"text\/css\">\n\t\t\t#gallery-2 {\n\t\t\t\tmargin: auto;\n\t\t\t}\n\t\t\t#gallery-2 .gallery-item {\n\t\t\t\tfloat: left;\n\t\t\t\tmargin-top: 10px;\n\t\t\t\ttext-align: center;\n\t\t\t\twidth: 50%;\n\t\t\t}\n\t\t\t#gallery-2 img {\n\t\t\t\tborder: 2px solid #cfcfcf;\n\t\t\t}\n\t\t\t#gallery-2 .gallery-caption {\n\t\t\t\tmargin-left: 0;\n\t\t\t}\n\t\t\t\/* see gallery_shortcode() in wp-includes\/media.php *\/\n\t\t<\/style>\n\t\t<div id='gallery-2' class='gallery galleryid-3899 gallery-columns-2 gallery-size-medium'><dl class='gallery-item'>\n\t\t\t<dt class='gallery-icon landscape'>\n\t\t\t\t<a href='https:\/\/agora.xtec.cat\/iescanet\/wp-content\/uploads\/usu966\/2016\/11\/Tecno02.jpg'><img loading=\"lazy\" decoding=\"async\" width=\"300\" height=\"200\" src=\"https:\/\/agora.xtec.cat\/iescanet\/wp-content\/uploads\/usu966\/2016\/11\/Tecno02-300x200.jpg\" class=\"attachment-medium size-medium\" alt=\"\" srcset=\"https:\/\/agora.xtec.cat\/iescanet\/wp-content\/uploads\/usu966\/2016\/11\/Tecno02-300x200.jpg 300w, https:\/\/agora.xtec.cat\/iescanet\/wp-content\/uploads\/usu966\/2016\/11\/Tecno02-768x512.jpg 768w, https:\/\/agora.xtec.cat\/iescanet\/wp-content\/uploads\/usu966\/2016\/11\/Tecno02-1024x682.jpg 1024w, https:\/\/agora.xtec.cat\/iescanet\/wp-content\/uploads\/usu966\/2016\/11\/Tecno02.jpg 1600w\" sizes=\"auto, (max-width: 300px) 100vw, 300px\" \/><\/a>\n\t\t\t<\/dt><\/dl><dl class='gallery-item'>\n\t\t\t<dt class='gallery-icon landscape'>\n\t\t\t\t<a href='https:\/\/agora.xtec.cat\/iescanet\/wp-content\/uploads\/usu966\/2016\/11\/Tecno03.jpg'><img loading=\"lazy\" decoding=\"async\" width=\"300\" height=\"200\" src=\"https:\/\/agora.xtec.cat\/iescanet\/wp-content\/uploads\/usu966\/2016\/11\/Tecno03-300x200.jpg\" class=\"attachment-medium size-medium\" alt=\"\" srcset=\"https:\/\/agora.xtec.cat\/iescanet\/wp-content\/uploads\/usu966\/2016\/11\/Tecno03-300x200.jpg 300w, https:\/\/agora.xtec.cat\/iescanet\/wp-content\/uploads\/usu966\/2016\/11\/Tecno03-768x512.jpg 768w, https:\/\/agora.xtec.cat\/iescanet\/wp-content\/uploads\/usu966\/2016\/11\/Tecno03-1024x682.jpg 1024w, https:\/\/agora.xtec.cat\/iescanet\/wp-content\/uploads\/usu966\/2016\/11\/Tecno03.jpg 1600w\" sizes=\"auto, (max-width: 300px) 100vw, 300px\" \/><\/a>\n\t\t\t<\/dt><\/dl><br style=\"clear: both\" \/><dl class='gallery-item'>\n\t\t\t<dt class='gallery-icon landscape'>\n\t\t\t\t<a href='https:\/\/agora.xtec.cat\/iescanet\/wp-content\/uploads\/usu966\/2016\/11\/Tecno04.jpg'><img loading=\"lazy\" decoding=\"async\" width=\"300\" height=\"176\" src=\"https:\/\/agora.xtec.cat\/iescanet\/wp-content\/uploads\/usu966\/2016\/11\/Tecno04-300x176.jpg\" class=\"attachment-medium size-medium\" alt=\"\" srcset=\"https:\/\/agora.xtec.cat\/iescanet\/wp-content\/uploads\/usu966\/2016\/11\/Tecno04-300x176.jpg 300w, https:\/\/agora.xtec.cat\/iescanet\/wp-content\/uploads\/usu966\/2016\/11\/Tecno04-768x452.jpg 768w, https:\/\/agora.xtec.cat\/iescanet\/wp-content\/uploads\/usu966\/2016\/11\/Tecno04-1024x602.jpg 1024w\" sizes=\"auto, (max-width: 300px) 100vw, 300px\" \/><\/a>\n\t\t\t<\/dt><\/dl><dl class='gallery-item'>\n\t\t\t<dt class='gallery-icon landscape'>\n\t\t\t\t<a href='https:\/\/agora.xtec.cat\/iescanet\/wp-content\/uploads\/usu966\/2016\/11\/Tecno05.jpg'><img loading=\"lazy\" decoding=\"async\" width=\"300\" height=\"225\" src=\"https:\/\/agora.xtec.cat\/iescanet\/wp-content\/uploads\/usu966\/2016\/11\/Tecno05-300x225.jpg\" class=\"attachment-medium size-medium\" alt=\"\" srcset=\"https:\/\/agora.xtec.cat\/iescanet\/wp-content\/uploads\/usu966\/2016\/11\/Tecno05-300x225.jpg 300w, https:\/\/agora.xtec.cat\/iescanet\/wp-content\/uploads\/usu966\/2016\/11\/Tecno05-768x576.jpg 768w, https:\/\/agora.xtec.cat\/iescanet\/wp-content\/uploads\/usu966\/2016\/11\/Tecno05-1024x768.jpg 1024w, https:\/\/agora.xtec.cat\/iescanet\/wp-content\/uploads\/usu966\/2016\/11\/Tecno05-200x150.jpg 200w, https:\/\/agora.xtec.cat\/iescanet\/wp-content\/uploads\/usu966\/2016\/11\/Tecno05.jpg 1600w\" sizes=\"auto, (max-width: 300px) 100vw, 300px\" \/><\/a>\n\t\t\t<\/dt><\/dl><br style=\"clear: both\" \/>\n\t\t<\/div>\n\n","protected":false},"excerpt":{"rendered":"<p>El Projecte iEduTEC \u00e9s un Projecte d\u2019Innovaci\u00f3 Educativa en Tecnologies que t\u00e9 com a finalitat promoure la innovaci\u00f3 educativa en mat\u00e8ries de l\u2019\u00e0mbit tecnol\u00f2gic, aix\u00ed com fomentar l\u2019inter\u00e8s cient\u00edfic i tecnol\u00f2gic de l\u2019alumnat i la utilitzaci\u00f3 de les noves tecnologies.<br \/>\nAquest projecte, impulsat pel Departament de&hellip;  <a href=\"https:\/\/agora.xtec.cat\/iescanet\/projectes-iedutec-i-robotica-i-programacio\/\" title=\"Read PROJECTES \u201ciEduTEC\u201d i \u201cRob\u00f2tica i Programaci\u00f3\u201d\">Llegeix m\u00e9s\u00bb<\/a><\/p>\n","protected":false},"author":1,"featured_media":0,"parent":0,"menu_order":0,"comment_status":"closed","ping_status":"closed","template":"","meta":{"_bbp_topic_count":0,"_bbp_reply_count":0,"_bbp_total_topic_count":0,"_bbp_total_reply_count":0,"_bbp_voice_count":0,"_bbp_anonymous_reply_count":0,"_bbp_topic_count_hidden":0,"_bbp_reply_count_hidden":0,"_bbp_forum_subforum_count":0,"footnotes":""},"class_list":["post-3899","page","type-page","status-publish","hentry"],"post_mailing_queue_ids":[],"_links":{"self":[{"href":"https:\/\/agora.xtec.cat\/iescanet\/wp-json\/wp\/v2\/pages\/3899","targetHints":{"allow":["GET"]}}],"collection":[{"href":"https:\/\/agora.xtec.cat\/iescanet\/wp-json\/wp\/v2\/pages"}],"about":[{"href":"https:\/\/agora.xtec.cat\/iescanet\/wp-json\/wp\/v2\/types\/page"}],"author":[{"embeddable":true,"href":"https:\/\/agora.xtec.cat\/iescanet\/wp-json\/wp\/v2\/users\/1"}],"replies":[{"embeddable":true,"href":"https:\/\/agora.xtec.cat\/iescanet\/wp-json\/wp\/v2\/comments?post=3899"}],"version-history":[{"count":1,"href":"https:\/\/agora.xtec.cat\/iescanet\/wp-json\/wp\/v2\/pages\/3899\/revisions"}],"predecessor-version":[{"id":8934,"href":"https:\/\/agora.xtec.cat\/iescanet\/wp-json\/wp\/v2\/pages\/3899\/revisions\/8934"}],"wp:attachment":[{"href":"https:\/\/agora.xtec.cat\/iescanet\/wp-json\/wp\/v2\/media?parent=3899"}],"curies":[{"name":"wp","href":"https:\/\/api.w.org\/{rel}","templated":true}]}}