{"id":3132,"date":"2016-03-22T00:43:20","date_gmt":"2016-03-21T23:43:20","guid":{"rendered":"http:\/\/iescanet.cat\/?page_id=3132"},"modified":"2021-05-09T21:11:52","modified_gmt":"2021-05-09T19:11:52","slug":"informacio-i-sollicitud-de-preinscripcio-eso","status":"publish","type":"page","link":"https:\/\/agora.xtec.cat\/iescanet\/informacio-i-sollicitud-de-preinscripcio-eso\/","title":{"rendered":"Informaci\u00f3 i sol\u00b7licitud de preinscripci\u00f3 d\u2019ESO"},"content":{"rendered":"<h4><\/h4>\n<h4><span style=\"color: #000000;\">DOCUMENTACI\u00d3 PER A LA PREINSCRIPCI\u00d3 ALS CURSOS D&#8217;ESO (2021-2022)<\/span><\/h4>\n<h4><\/h4>\n<h4 style=\"text-align: left;\"><span style=\"color: #0000ff;\"><strong><a style=\"color: #0000ff;\" href=\"https:\/\/preinscripcio.gencat.cat\/ca\/inici\"><span style=\"text-decoration: underline;\">PREINSCRIPCI\u00d3 2021-2022<\/span><\/a><\/strong><\/span><\/h4>\n<h4><\/h4>\n<p>&nbsp;<\/p>\n<p style=\"font-weight: 400;\"><span style=\"color: #ff9900;\"><strong>\u2666 <\/strong><\/span><a href=\"https:\/\/agora.xtec.cat\/iescanet\/wp-content\/uploads\/usu966\/2021\/03\/Resoluci\u00f3-EDU-596-2021-preinscripci\u00f3-i-matr\u00edcula-curs-2021-22.pdf\"><strong>RESOLUCI\u00d3 EDU\/596\/2021, de 2 de mar\u00e7, per la qual s&#8217;aproven les normes de preinscripci\u00f3 i matr\u00edcula d&#8217;alumnes als centres del Servei d&#8217;Educaci\u00f3 de Catalunya i altres centres educatius, en els diversos ensenyaments sostinguts amb fons p\u00fablics, per al curs 2021-2022.<\/strong><\/a><\/p>\n<hr \/>\n<h3>\u2666 <a href=\"https:\/\/agora.xtec.cat\/iescanet\/wp-content\/uploads\/usu966\/2021\/03\/Preinscripci\u00f3-ESO-21-22.pdf\">INFORMACI\u00d3<\/a><\/h3>\n<hr \/>\n<p><strong><span style=\"color: #ff9900;\">\u2666 <b><a href=\"https:\/\/view.genial.ly\/603798f51610870da32bfa59\">Presentaci\u00f3 del centre<\/a><\/b><b><\/b><\/span><\/strong><\/p>\n<hr \/>\n<p><strong><span style=\"color: #ff9900;\">\u2666 <\/span><b><strong><a href=\"https:\/\/agora.xtec.cat\/iescanet\/ensenyaments-ofertats\/\"><strong>Ensenyaments ofertats curs 2021-2022<\/strong><\/a>.<\/strong><\/b><\/strong><\/p>\n<hr \/>\n<p><strong><b><strong> <span style=\"color: #ff9900;\">\u2666 <\/span><span style=\"color: #0000ff;\">Grups escolars curs 2021-2022<\/span>:\u00a0 1r ESO: <span style=\"color: #ff0000;\">4<\/span> <\/strong><\/b><\/strong>grups<strong><b><strong>.\u00a0 2n ESO: <span style=\"color: #ff0000;\">4<\/span><span style=\"color: #ff0000;\">\u00a0<\/span><\/strong><\/b><\/strong>grups<strong><b><strong>.\u00a0 3r ESO: <span style=\"color: #ff0000;\">3<\/span><span style=\"color: #ff0000;\">\u00a0<\/span><\/strong><\/b><\/strong>grups<strong><b><strong>.\u00a0 4t ESO: <span style=\"color: #ff0000;\">4<\/span><span style=\"color: #ff0000;\">\u00a0<\/span><\/strong><\/b><\/strong>grups<strong><b><strong>.<\/strong><\/b><\/strong><\/p>\n<hr \/>\n<p><strong><b><span style=\"color: #ff9900;\">\u2666 <\/span><\/b><a href=\"https:\/\/agora.xtec.cat\/iescanet\/wp-content\/uploads\/usu966\/2021\/03\/INFORME_OFERTA_OME_INFORME_OFERTA.pdf\">Llocs vacants a cada nivell curs 2021-2022<\/a>.<\/strong><\/p>\n<hr \/>\n<p style=\"font-weight: 400;\"><strong><span style=\"color: #ff9900;\">\u2666<\/span> <span style=\"color: #0000ff;\">\u00c0rea de proximitat per a cada ensenyament<\/span>.\u00a0<\/strong>Canet de Mar \u00e9s considerat municipi de zona \u00fanica per a estudis de Prim\u00e0ria, Secund\u00e0ria i Batxillerat.<\/p>\n<hr \/>\n<p><strong><b><span style=\"color: #ff9900;\">\u2666 <\/span><\/b><a href=\"https:\/\/agora.xtec.cat\/iescanet\/wp-content\/uploads\/usu966\/2021\/05\/Barem_ordenat_ESO.pdf\">Llista de sol.licituds ordenada <\/a><\/strong><strong>ESO 2021-2022.<\/strong><\/p>\n<p>&nbsp;<\/p>\n","protected":false},"excerpt":{"rendered":"<p>DOCUMENTACI\u00d3 PER A LA PREINSCRIPCI\u00d3 ALS CURSOS D&#8217;ESO (2021-2022)<\/p>\n<p><a style=\"color: #0000ff;\" href=\"https:\/\/preinscripcio.gencat.cat\/ca\/inici\">PREINSCRIPCI\u00d3 2021-2022<\/a><\/p>\n<p>&nbsp;<br \/>\n\u2666 <a href=\"https:\/\/agora.xtec.cat\/iescanet\/wp-content\/uploads\/usu966\/2021\/03\/Resoluci\u00f3-EDU-596-2021-preinscripci\u00f3-i-matr\u00edcula-curs-2021-22.pdf\">RESOLUCI\u00d3 EDU\/596\/2021, de 2 de mar\u00e7, per la qual s&#8217;aproven les normes de preinscripci\u00f3 i matr\u00edcula d&#8217;alumnes als centres del Servei d&#8217;Educaci\u00f3 de Catalunya i altres centres educatius, en els diversos&hellip;  <a href=\"https:\/\/agora.xtec.cat\/iescanet\/informacio-i-sollicitud-de-preinscripcio-eso\/\" title=\"Read Informaci\u00f3 i sol\u00b7licitud de preinscripci\u00f3 d\u2019ESO\">Llegeix m\u00e9s\u00bb<\/a><\/p>\n","protected":false},"author":1,"featured_media":0,"parent":0,"menu_order":0,"comment_status":"closed","ping_status":"closed","template":"","meta":{"_bbp_topic_count":0,"_bbp_reply_count":0,"_bbp_total_topic_count":0,"_bbp_total_reply_count":0,"_bbp_voice_count":0,"_bbp_anonymous_reply_count":0,"_bbp_topic_count_hidden":0,"_bbp_reply_count_hidden":0,"_bbp_forum_subforum_count":0,"footnotes":""},"class_list":["post-3132","page","type-page","status-publish","hentry"],"post_mailing_queue_ids":[],"_links":{"self":[{"href":"https:\/\/agora.xtec.cat\/iescanet\/wp-json\/wp\/v2\/pages\/3132","targetHints":{"allow":["GET"]}}],"collection":[{"href":"https:\/\/agora.xtec.cat\/iescanet\/wp-json\/wp\/v2\/pages"}],"about":[{"href":"https:\/\/agora.xtec.cat\/iescanet\/wp-json\/wp\/v2\/types\/page"}],"author":[{"embeddable":true,"href":"https:\/\/agora.xtec.cat\/iescanet\/wp-json\/wp\/v2\/users\/1"}],"replies":[{"embeddable":true,"href":"https:\/\/agora.xtec.cat\/iescanet\/wp-json\/wp\/v2\/comments?post=3132"}],"version-history":[{"count":3,"href":"https:\/\/agora.xtec.cat\/iescanet\/wp-json\/wp\/v2\/pages\/3132\/revisions"}],"predecessor-version":[{"id":11789,"href":"https:\/\/agora.xtec.cat\/iescanet\/wp-json\/wp\/v2\/pages\/3132\/revisions\/11789"}],"wp:attachment":[{"href":"https:\/\/agora.xtec.cat\/iescanet\/wp-json\/wp\/v2\/media?parent=3132"}],"curies":[{"name":"wp","href":"https:\/\/api.w.org\/{rel}","templated":true}]}}