{"id":2480,"date":"2019-05-09T08:00:22","date_gmt":"2019-05-09T06:00:22","guid":{"rendered":"http:\/\/iescanet.cat\/?page_id=2480"},"modified":"2022-07-19T19:39:40","modified_gmt":"2022-07-19T17:39:40","slug":"informacio-i-sollicitud-de-preinscripcio-cicle-formatiu-grau-mitja","status":"publish","type":"page","link":"https:\/\/agora.xtec.cat\/iescanet\/informacio-i-sollicitud-de-preinscripcio-cicle-formatiu-grau-mitja\/","title":{"rendered":"Informaci\u00f3 i sol\u00b7licitud de preinscripci\u00f3 Cicles Formatius de Grau Mitj\u00e0"},"content":{"rendered":"<p>&nbsp;<\/p>\n<h4><strong><span style=\"color: #000000;\">DOCUMENTACI\u00d3 PER A LA PREINSCRIPCI\u00d3 DELS CFGM CURS 2022-2023 <span style=\"color: #ff0000;\">(del 20 al 26 d&#8217;abril)<\/span><\/span><\/strong><\/h4>\n<hr \/>\n<p><strong><span style=\"color: #0000ff;\">\u2666<\/span> <a href=\"https:\/\/agora.xtec.cat\/iescanet\/wp-content\/uploads\/usu966\/2022\/04\/Calendari-Preinscripcio-CFM-22-23.pdf\"><strong>Calendari de preinscripci\u00f3 i matriculaci\u00f3 dels CFGM\u00a0 \u2013 Curs 2022-2023<\/strong><\/a> (DOCUMENTACI\u00d3 NECESS\u00c0RIA)\u00a0<\/strong><\/p>\n<hr \/>\n<p><strong><b><span style=\"color: #0000ff;\">\u2666 <\/span><a href=\"https:\/\/agora.xtec.cat\/iescanet\/wp-content\/uploads\/usu966\/2022\/04\/Oferta_CFGM.pdf\"><strong>Oferta educativa (llocs vacants)<\/strong><\/a><\/b><\/strong><b><\/b><\/p>\n<hr \/>\n<h4><span style=\"color: #000000;\"><strong>I N F O R M A C I \u00d3\u00a0 \u00a0C F G M\u00a0<\/strong><\/span><\/h4>\n<hr \/>\n<p><strong><span style=\"color: #0000ff;\">\u2666<\/span>\u00a0<\/strong><a href=\"https:\/\/agora.xtec.cat\/iescanet\/wp-content\/uploads\/usu966\/2021\/03\/Triptic_ESO-BTX_2020-v2.pdf\"><strong>Tr\u00edptic General d&#8217;Ensenyaments Ofertats (PDF)<\/strong><\/a><\/p>\n<hr \/>\n<p><strong><span style=\"color: #0000ff;\">\u2666<\/span> <\/strong><a href=\"https:\/\/agora.xtec.cat\/iescanet\/wp-content\/uploads\/usu966\/2021\/03\/confeccio\u0301-1.pdf\"><strong>Tr\u00edptic CFGM Dual &#8220;Confecci\u00f3 i Moda&#8221; (PDF)<\/strong><\/a><\/p>\n<hr \/>\n<p><strong><span style=\"color: #0000ff;\">\u2666<\/span> <\/strong><a href=\"https:\/\/agora.xtec.cat\/iescanet\/wp-content\/uploads\/usu966\/2022\/03\/FEP-tecnologia-2018-19.pdf\"><strong>Tr\u00edptic CFGM &#8220;<b>Fabricaci\u00f3 i ennobliment de productes t\u00e8xtils amb tecnologia, color i moda<\/b>&#8221; (PDF)<\/strong><\/a><\/p>\n<hr \/>\n<p><strong><span style=\"color: #0000ff;\">\u2666<\/span> <span style=\"color: #0000ff;\"><span style=\"color: #000000;\"><a href=\"https:\/\/agora.xtec.cat\/iescanet\/ensenyaments-ofertats-textil-i-moda\/\"><strong>+INFO general sobre els CFGM<\/strong><\/a><\/span><\/span><\/strong><\/p>\n<hr \/>\n<p><strong><span style=\"color: #0000ff;\">\u2666<\/span> <span style=\"color: #0000ff;\"><span style=\"color: #000000;\"><a href=\"https:\/\/agora.xtec.cat\/iescanet\/cfgm\/portes-obertes-virtuals-cfgm\/\">+INFO sobre el CFGM &#8220;Confecci\u00f3 i Moda&#8221; Portes obertes virtuals<\/a><\/span><\/span><\/strong><\/p>\n<hr \/>\n<p><strong><span style=\"color: #0000ff;\">\u2666<\/span> <span style=\"color: #0000ff;\"><span style=\"color: #000000;\"><a href=\"https:\/\/agora.xtec.cat\/iescanet\/wp-content\/uploads\/usu966\/2022\/05\/Admesos-exclosos-provisional-CFPM.pdf\">Llista admesos i exclosos<\/a><\/span><\/span><\/strong><\/p>\n<hr \/>\n<p><strong><span style=\"color: #0000ff;\">\u2666<\/span> <span style=\"color: #0000ff;\"><span style=\"color: #000000;\"><a href=\"https:\/\/agora.xtec.cat\/iescanet\/wp-content\/uploads\/usu966\/2022\/06\/Barem_provisional-CFGM-continuitat.pdf\">Barem provisional CFGM (continu\u00eftat)<\/a><\/span><\/span><\/strong><\/p>\n<hr \/>\n<p><strong><span style=\"color: #0000ff;\">\u2666<\/span> <span style=\"color: #0000ff;\"><span style=\"color: #000000;\"><a href=\"https:\/\/agora.xtec.cat\/iescanet\/wp-content\/uploads\/usu966\/2022\/06\/Barem_provisional-CFGM-no-continuitat.pdf\">Barem provisional CFGM (resta alumnat)<\/a><\/span><\/span><\/strong><\/p>\n<hr \/>\n<p><strong><span style=\"color: #0000ff;\">\u2666<\/span> <span style=\"color: #0000ff;\"><span style=\"color: #000000;\"><a href=\"https:\/\/agora.xtec.cat\/iescanet\/wp-content\/uploads\/usu966\/2022\/06\/Ordenades_continuitat.pdf\">Barem ordenat CFGM (continu\u00eftat)<\/a><\/span><\/span><\/strong><\/p>\n<hr \/>\n<p><strong><span style=\"color: #0000ff;\">\u2666<\/span> <span style=\"color: #0000ff;\"><span style=\"color: #000000;\"><a href=\"https:\/\/agora.xtec.cat\/iescanet\/wp-content\/uploads\/usu966\/2022\/06\/Ordenades_resta_alumnat.pdf\">Barem ordenat CFGM (resta alumnat)<\/a><\/span><\/span><\/strong><\/p>\n<hr \/>\n<p><strong><span style=\"color: #0000ff;\">\u2666<\/span> <span style=\"color: #0000ff;\"><span style=\"color: #000000;\"><a href=\"https:\/\/agora.xtec.cat\/iescanet\/wp-content\/uploads\/usu966\/2022\/07\/INFORME_ASSIGNADES_CONTINUITAT.pdf\">Assignats per continu\u00eftat<\/a><\/span><\/span><\/strong><\/p>\n<hr \/>\n<p><strong><span style=\"color: #0000ff;\">\u2666<\/span> <span style=\"color: #0000ff;\"><span style=\"color: #000000;\"><a href=\"https:\/\/agora.xtec.cat\/iescanet\/wp-content\/uploads\/usu966\/2022\/07\/LLISTA_ESPERA-3.pdf\">Llista d&#8217;espera<\/a><\/span><\/span><\/strong><\/p>\n<hr \/>\n<p><strong><span style=\"color: #0000ff;\">\u2666<\/span> <span style=\"color: #0000ff;\"><span style=\"color: #000000;\"><a href=\"https:\/\/agora.xtec.cat\/iescanet\/wp-content\/uploads\/usu966\/2022\/07\/Oferta_definitiva.pdf\">Oferta definitiva<\/a><\/span><\/span><\/strong><\/p>\n<hr \/>\n<p><strong><span style=\"color: #0000ff;\">\u2666<\/span> <span style=\"color: #0000ff;\"><span style=\"color: #000000;\"><a href=\"https:\/\/agora.xtec.cat\/iescanet\/wp-content\/uploads\/usu966\/2022\/07\/Assignats_resta_dalumnat.pdf\">Relaci\u00f3 alumnat assignat<\/a><\/span><\/span><\/strong><\/p>\n<hr \/>\n<p><strong><span style=\"color: #0000ff;\">\u2666<\/span> <span style=\"color: #0000ff;\"><span style=\"color: #000000;\"><a href=\"https:\/\/agora.xtec.cat\/iescanet\/wp-content\/uploads\/usu966\/2022\/07\/Llista_espera_resta_alumnat.pdf\">Llista espera resta alumnat<\/a><\/span><\/span><\/strong><\/p>\n","protected":false},"excerpt":{"rendered":"<p>&nbsp;<br \/>\nDOCUMENTACI\u00d3 PER A LA PREINSCRIPCI\u00d3 DELS CFGM CURS 2022-2023 (del 20 al 26 d&#8217;abril)<\/p>\n<p>\u2666 <a href=\"https:\/\/agora.xtec.cat\/iescanet\/wp-content\/uploads\/usu966\/2022\/04\/Calendari-Preinscripcio-CFM-22-23.pdf\">Calendari de preinscripci\u00f3 i matriculaci\u00f3 dels CFGM\u00a0 \u2013 Curs 2022-2023<\/a> (DOCUMENTACI\u00d3 NECESS\u00c0RIA)\u00a0<\/p>\n<p>\u2666 <a href=\"https:\/\/agora.xtec.cat\/iescanet\/wp-content\/uploads\/usu966\/2022\/04\/Oferta_CFGM.pdf\">Oferta educativa (llocs vacants)<\/a><\/p>\n<p>I N F O R M A C I \u00d3\u00a0 \u00a0C F G M\u00a0<\/p>\n<p>\u2666\u00a0<a&hellip;  <a href=\"https:\/\/agora.xtec.cat\/iescanet\/informacio-i-sollicitud-de-preinscripcio-cicle-formatiu-grau-mitja\/\" title=\"Read Informaci\u00f3 i sol\u00b7licitud de preinscripci\u00f3 Cicles Formatius de Grau Mitj\u00e0\">Llegeix m\u00e9s\u00bb<\/a><\/p>\n","protected":false},"author":1,"featured_media":0,"parent":0,"menu_order":0,"comment_status":"closed","ping_status":"closed","template":"","meta":{"_bbp_topic_count":0,"_bbp_reply_count":0,"_bbp_total_topic_count":0,"_bbp_total_reply_count":0,"_bbp_voice_count":0,"_bbp_anonymous_reply_count":0,"_bbp_topic_count_hidden":0,"_bbp_reply_count_hidden":0,"_bbp_forum_subforum_count":0,"footnotes":""},"class_list":["post-2480","page","type-page","status-publish","hentry"],"post_mailing_queue_ids":[],"_links":{"self":[{"href":"https:\/\/agora.xtec.cat\/iescanet\/wp-json\/wp\/v2\/pages\/2480","targetHints":{"allow":["GET"]}}],"collection":[{"href":"https:\/\/agora.xtec.cat\/iescanet\/wp-json\/wp\/v2\/pages"}],"about":[{"href":"https:\/\/agora.xtec.cat\/iescanet\/wp-json\/wp\/v2\/types\/page"}],"author":[{"embeddable":true,"href":"https:\/\/agora.xtec.cat\/iescanet\/wp-json\/wp\/v2\/users\/1"}],"replies":[{"embeddable":true,"href":"https:\/\/agora.xtec.cat\/iescanet\/wp-json\/wp\/v2\/comments?post=2480"}],"version-history":[{"count":4,"href":"https:\/\/agora.xtec.cat\/iescanet\/wp-json\/wp\/v2\/pages\/2480\/revisions"}],"predecessor-version":[{"id":12935,"href":"https:\/\/agora.xtec.cat\/iescanet\/wp-json\/wp\/v2\/pages\/2480\/revisions\/12935"}],"wp:attachment":[{"href":"https:\/\/agora.xtec.cat\/iescanet\/wp-json\/wp\/v2\/media?parent=2480"}],"curies":[{"name":"wp","href":"https:\/\/api.w.org\/{rel}","templated":true}]}}