{"id":2478,"date":"2015-09-24T07:55:51","date_gmt":"2015-09-24T06:55:51","guid":{"rendered":"http:\/\/iescanet.cat\/?page_id=2478"},"modified":"2022-06-22T10:22:45","modified_gmt":"2022-06-22T08:22:45","slug":"informacio-i-sollicitud-de-preinscripcio-de-batxillerat","status":"publish","type":"page","link":"https:\/\/agora.xtec.cat\/iescanet\/informacio-i-sollicitud-de-preinscripcio-de-batxillerat\/","title":{"rendered":"Informaci\u00f3 i sol\u00b7licitud de preinscripci\u00f3 de Batxillerats"},"content":{"rendered":"<p>&nbsp;<\/p>\n<h4><strong><span style=\"color: #000000;\">DOCUMENTACI\u00d3 PER A LA PREINSCRIPCI\u00d3 DE BATXILLERAT CURS 2022-2023 <span style=\"color: #ff0000;\">(del 20 al 26 d&#8217;abril)<\/span><\/span><\/strong><\/h4>\n<hr \/>\n<h4 style=\"text-align: left;\"><span style=\"color: #0000ff;\"><strong><a style=\"color: #0000ff;\" href=\"https:\/\/preinscripcio.gencat.cat\/ca\/inici\"><span style=\"text-decoration: underline;\">PREINSCRIPCI\u00d3 2022-2023<\/span><\/a><\/strong><\/span><\/h4>\n<hr \/>\n<p><strong><span style=\"color: #0000ff;\">\u2666<\/span> <a href=\"https:\/\/agora.xtec.cat\/iescanet\/wp-content\/uploads\/usu966\/2022\/04\/Calendari-Preinscripcio-BATX-22-23.pdf\"><strong>Calendari de preinscripci\u00f3 i matriculaci\u00f3 de BATXILLERAT \u2013 Curs 2022-2023<\/strong><\/a> (DOCUMENTACI\u00d3 NECESS\u00c0RIA)\u00a0<\/strong><\/p>\n<hr \/>\n<p><strong><b><span style=\"color: #0000ff;\">\u2666 <\/span><a href=\"https:\/\/agora.xtec.cat\/iescanet\/wp-content\/uploads\/usu966\/2022\/04\/Oferta_Batxillerat.pdf\">Oferta educativa (llocs vacants)<\/a><\/b><\/strong><\/p>\n<hr \/>\n<p><strong><span style=\"color: #0000ff;\">\u2666\u00a0<strong>Curr\u00edculum BATXILLERAT 2022-2023 (PDF)<\/strong><\/span><\/strong><\/p>\n<hr \/>\n<p><strong><span style=\"color: #0000ff;\">\u2666<\/span>\u00a0<\/strong><a href=\"https:\/\/agora.xtec.cat\/iescanet\/wp-content\/uploads\/usu966\/2020\/05\/Tritpic_ESO-BTX_2020.pdf\"><strong>Tr\u00edptic General d&#8217;Ensenyaments Ofertats (PDF)<\/strong><\/a><\/p>\n<hr \/>\n<p><strong><span style=\"color: #0000ff;\">\u2666<\/span>\u00a0<\/strong><a href=\"https:\/\/agora.xtec.cat\/iescanet\/wp-content\/uploads\/usu966\/2020\/04\/DipticArtsEsceniques_2020.pdf\"><strong>D\u00edptic del Batxillerat d&#8217;Arts Esc\u00e8niques, M\u00fasica i Dansa (PDF)<\/strong><\/a><\/p>\n<hr \/>\n<p><strong><span style=\"color: #0000ff;\">\u2666<\/span> <span style=\"color: #0000ff;\"><span style=\"color: #000000;\"><a href=\"https:\/\/agora.xtec.cat\/iescanet\/batxillerat\/batxillerat-arts-esceniques-musica-i-dansa\/\"><strong>+INFO general sobre el Batxillerat d&#8217;Arts Esc\u00e8niques,M\u00fasica i Dansa<\/strong><\/a><\/span><\/span><\/strong><\/p>\n<hr \/>\n<p><strong><span style=\"color: #0000ff;\">\u2666<\/span> <span style=\"color: #0000ff;\"><span style=\"color: #000000;\">Oferta inicial de places Batxillerat 2022-2023<\/span><\/span><\/strong><\/p>\n<hr \/>\n<p><strong><span style=\"color: #0000ff;\">\u2666<\/span><a href=\"https:\/\/agora.xtec.cat\/iescanet\/wp-content\/uploads\/usu966\/2022\/05\/Barem_provisional_batxillerat.pdf\"><span style=\"color: #0000ff;\"><span style=\"color: #000000;\">Barem provisional<\/span><\/span><\/a><\/strong><\/p>\n<hr \/>\n<p><strong><span style=\"color: #0000ff;\">\u2666<\/span><a href=\"https:\/\/agora.xtec.cat\/iescanet\/wp-content\/uploads\/usu966\/2022\/06\/BAREM_RESOLTES_BATXILLERAT.pdf\"><span style=\"color: #0000ff;\"><span style=\"color: #000000;\">Relaci\u00f3 alumnat resoltes les reclamacions<\/span><\/span><\/a><\/strong><\/p>\n<hr \/>\n<p><strong><span style=\"color: #0000ff;\">\u2666<\/span> <span style=\"color: #0000ff;\"><span style=\"color: #000000;\"><a href=\"https:\/\/agora.xtec.cat\/iescanet\/wp-content\/uploads\/usu966\/2022\/06\/Barem_ordenat_BAT.pdf\">Relaci\u00f3 barem ordenat<\/a><\/span><\/span><\/strong><\/p>\n<hr \/>\n<p><strong><span style=\"color: #0000ff;\">\u2666 <a href=\"https:\/\/agora.xtec.cat\/iescanet\/wp-content\/uploads\/usu966\/2022\/06\/INFORME_ASSIGNADES_BAT.pdf\">Relaci\u00f3 alumnat assignat al centre<\/a><\/span><\/strong><\/p>\n<hr \/>\n<p><strong><span style=\"color: #0000ff;\">\u2666 <a href=\"https:\/\/agora.xtec.cat\/iescanet\/wp-content\/uploads\/usu966\/2022\/06\/INFORME_LLISTA_ESPERA_BAT.pdf\">Llista d&#8217;espera<\/a><\/span><\/strong><\/p>\n<p>&nbsp;<\/p>\n","protected":false},"excerpt":{"rendered":"<p>&nbsp;<br \/>\nDOCUMENTACI\u00d3 PER A LA PREINSCRIPCI\u00d3 DE BATXILLERAT CURS 2022-2023 (del 20 al 26 d&#8217;abril)<\/p>\n<p><a style=\"color: #0000ff;\" href=\"https:\/\/preinscripcio.gencat.cat\/ca\/inici\">PREINSCRIPCI\u00d3 2022-2023<\/a><\/p>\n<p>\u2666 <a href=\"https:\/\/agora.xtec.cat\/iescanet\/wp-content\/uploads\/usu966\/2022\/04\/Calendari-Preinscripcio-BATX-22-23.pdf\">Calendari de preinscripci\u00f3 i matriculaci\u00f3 de BATXILLERAT \u2013 Curs 2022-2023<\/a> (DOCUMENTACI\u00d3 NECESS\u00c0RIA)\u00a0<\/p>\n<p>\u2666 <a href=\"https:\/\/agora.xtec.cat\/iescanet\/wp-content\/uploads\/usu966\/2022\/04\/Oferta_Batxillerat.pdf\">Oferta educativa (llocs vacants)<\/a><\/p>\n<p>\u2666\u00a0Curr\u00edculum BATXILLERAT 2022-2023 (PDF)<\/p>\n<p>\u2666\u00a0<a href=\"https:\/\/agora.xtec.cat\/iescanet\/wp-content\/uploads\/usu966\/2020\/05\/Tritpic_ESO-BTX_2020.pdf\">Tr\u00edptic General d&#8217;Ensenyaments Ofertats (PDF)<\/a><\/p>\n<p>\u2666\u00a0<a href=\"https:\/\/agora.xtec.cat\/iescanet\/wp-content\/uploads\/usu966\/2020\/04\/DipticArtsEsceniques_2020.pdf\">D\u00edptic&hellip;  <a href=\"https:\/\/agora.xtec.cat\/iescanet\/informacio-i-sollicitud-de-preinscripcio-de-batxillerat\/\" title=\"Read Informaci\u00f3 i sol\u00b7licitud de preinscripci\u00f3 de Batxillerats\">Llegeix m\u00e9s\u00bb<\/a><\/p>\n","protected":false},"author":1,"featured_media":0,"parent":0,"menu_order":0,"comment_status":"closed","ping_status":"closed","template":"","meta":{"_bbp_topic_count":0,"_bbp_reply_count":0,"_bbp_total_topic_count":0,"_bbp_total_reply_count":0,"_bbp_voice_count":0,"_bbp_anonymous_reply_count":0,"_bbp_topic_count_hidden":0,"_bbp_reply_count_hidden":0,"_bbp_forum_subforum_count":0,"footnotes":""},"class_list":["post-2478","page","type-page","status-publish","hentry"],"post_mailing_queue_ids":[],"_links":{"self":[{"href":"https:\/\/agora.xtec.cat\/iescanet\/wp-json\/wp\/v2\/pages\/2478","targetHints":{"allow":["GET"]}}],"collection":[{"href":"https:\/\/agora.xtec.cat\/iescanet\/wp-json\/wp\/v2\/pages"}],"about":[{"href":"https:\/\/agora.xtec.cat\/iescanet\/wp-json\/wp\/v2\/types\/page"}],"author":[{"embeddable":true,"href":"https:\/\/agora.xtec.cat\/iescanet\/wp-json\/wp\/v2\/users\/1"}],"replies":[{"embeddable":true,"href":"https:\/\/agora.xtec.cat\/iescanet\/wp-json\/wp\/v2\/comments?post=2478"}],"version-history":[{"count":4,"href":"https:\/\/agora.xtec.cat\/iescanet\/wp-json\/wp\/v2\/pages\/2478\/revisions"}],"predecessor-version":[{"id":12833,"href":"https:\/\/agora.xtec.cat\/iescanet\/wp-json\/wp\/v2\/pages\/2478\/revisions\/12833"}],"wp:attachment":[{"href":"https:\/\/agora.xtec.cat\/iescanet\/wp-json\/wp\/v2\/media?parent=2478"}],"curies":[{"name":"wp","href":"https:\/\/api.w.org\/{rel}","templated":true}]}}