{"id":15165,"date":"2025-11-24T19:49:55","date_gmt":"2025-11-24T18:49:55","guid":{"rendered":"https:\/\/agora.xtec.cat\/iescanet\/?page_id=15165"},"modified":"2025-12-04T19:20:53","modified_gmt":"2025-12-04T18:20:53","slug":"el-logotip-de-linstitut-de-joan-pere-viladecans","status":"publish","type":"page","link":"https:\/\/agora.xtec.cat\/iescanet\/el-logotip-de-linstitut-de-joan-pere-viladecans\/","title":{"rendered":"El logotip de l&#8217;institut, de Joan-Pere Viladecans"},"content":{"rendered":"<p style=\"text-align: justify;\"><strong>El nostre institut compta amb l&#8217;extraordinari honor de tenir un logotip dissenyat per un dels artistes contemporanis m\u00e9s importants de Catalunya i d&#8217;Europa, Joan-Pere Viladecans. <\/strong><\/p>\n<p style=\"text-align: justify;\">Us expliquem una mica qu\u00e8 implica aix\u00f2 i com s&#8217;ha esdevingut.<\/p>\n<p style=\"text-align: justify;\"><strong>Qui \u00e9s Joan-Pere Viladecans?<\/strong><\/p>\n<p style=\"text-align: justify;\">Pintor i gravador de formaci\u00f3 autodidacta. Des del 1967 en qu\u00e8 inicia la seva traject\u00f2ria, ha fet un llarg periple d\u2019exposicions, tant a escala nacional com internacional i ha participat en un gran nombre de mostres col\u00b7lectives per diferents pa\u00efsos europeus. El govern franc\u00e8s el va distingir amb la condecoraci\u00f3 de <em>\u201cChevalierdans l\u2019Ordre des Arts et des Lettres\u201d <\/em>(Fran\u00e7a, 1996) i fou un dels artistes seleccionats per representar la Generalitat de Catalunya en el Pavell\u00f3 de Catalunya a l\u2019Expo\u2019 92 de Sevilla. Segon Premi del <em>Ministerio de Cultura <\/em>(Madrid, 2003) i premi<em>Award of Excellence de la Society for New Design<\/em> (Nova York, 1997). El 2023, va ser reconegut per la\u00a0Generalitat de Catalunya\u00a0amb la\u00a0<strong>Creu de Sant Jordi<\/strong>\u00a0i tamb\u00e9 amb el\u00a0<strong>Premi Nacional de Cultura\u00a0<\/strong>que atorga el\u00a0CoNCA.<\/p>\n<p style=\"text-align: justify;\"><a href=\"https:\/\/agora.xtec.cat\/iescanet\/wp-content\/uploads\/usu966\/2025\/11\/pereviladecans.jpg\"><img loading=\"lazy\" decoding=\"async\" class=\"alignnone size-full wp-image-15167\" src=\"https:\/\/agora.xtec.cat\/iescanet\/wp-content\/uploads\/usu966\/2025\/11\/pereviladecans.jpg\" alt=\"\" width=\"188\" height=\"268\" \/><\/a><\/p>\n<p style=\"text-align: justify;\"><strong>La relaci\u00f3 de Viladecans amb l\u2019institut Llu\u00eds Dom\u00e8nech i Montaner<\/strong><\/p>\n<p style=\"text-align: justify;\">L\u2019artista Viladecans va visitar el 19 de mar\u00e7 l\u2019Institut Dom\u00e8nech i Montaner de Canet de Mar, on va mantenir un col\u00b7loqui amb l\u2019alumnat d\u2019Hist\u00f2ria de l\u2019Art de 2n de Batxillerat i una trobada posterior oberta a tot el curs. L\u2019acte, presentat per l\u2019alcalde Pere Xirau, es va convertir en una sessi\u00f3 molt viva sobre la seva manera d\u2019entendre la creativitat, el proc\u00e9s art\u00edstic i la import\u00e0ncia de desenvolupar una mirada pr\u00f2pia.<\/p>\n<p style=\"text-align: justify;\">Durant la conversa, els estudiants van poder preguntar-li sobre les seves influ\u00e8ncies, t\u00e8cniques i maneres de crear. Viladecans va subratllar que cal aprendre a mirar i escoltar, a mantenir-se atent al m\u00f3n i a la poesia que cont\u00e9. Va explicar tamb\u00e9 els seus inicis personals, marcats per la timidesa i per una infantesa en qu\u00e8 pintar es va convertir en una mena de refugi i protecci\u00f3. De ben jove, amb nom\u00e9s dotze anys, va comen\u00e7ar a treballar per poder comprar material i continuar explorant el seu cam\u00ed art\u00edstic.<\/p>\n<p style=\"text-align: justify;\">Els estudiants van poder preguntar-li sobre influ\u00e8ncies, t\u00e8cniques i maneres d\u2019entendre la creaci\u00f3. Viladecans va insistir en la import\u00e0ncia de mirar i escoltar, de mantenir-se atent al m\u00f3n i a la seva poesia latent. Entre els artistes que m\u00e9s l\u2019han inspirat, va esmentar noms com Mir\u00f3, T\u00e0pies, Brossa, Vel\u00e1zquez, Goya o Magritte. Tamb\u00e9 va defensar que els materials i les t\u00e8cniques -especialment l\u2019oli i l\u2019acr\u00edlic- estan sempre al servei de la intencionalitat po\u00e8tica de l\u2019obra.<\/p>\n<p style=\"text-align: justify;\"><a href=\"https:\/\/agora.xtec.cat\/iescanet\/wp-content\/uploads\/usu966\/2025\/11\/xerradapereviladecans.jpg\"><img loading=\"lazy\" decoding=\"async\" class=\"alignnone size-full wp-image-15168\" src=\"https:\/\/agora.xtec.cat\/iescanet\/wp-content\/uploads\/usu966\/2025\/11\/xerradapereviladecans.jpg\" alt=\"\" width=\"763\" height=\"572\" srcset=\"https:\/\/agora.xtec.cat\/iescanet\/wp-content\/uploads\/usu966\/2025\/11\/xerradapereviladecans.jpg 763w, https:\/\/agora.xtec.cat\/iescanet\/wp-content\/uploads\/usu966\/2025\/11\/xerradapereviladecans-300x225.jpg 300w, https:\/\/agora.xtec.cat\/iescanet\/wp-content\/uploads\/usu966\/2025\/11\/xerradapereviladecans-200x150.jpg 200w\" sizes=\"auto, (max-width: 763px) 100vw, 763px\" \/><\/a><\/p>\n<p style=\"text-align: justify;\"><strong>La creaci\u00f3 del logotip<\/strong><\/p>\n<p style=\"text-align: justify;\">Quan despr\u00e9s del col\u00b7loqui el port\u00e0vem en cotxe cap a Barcelona, un pluj\u00f3s 19 de mar\u00e7 de 2024, li v\u00e0rem demanar si ens faria l\u2019emblema de l\u2019institut, el logotip. S\u2019ho va pensar cinc segons i ens va dir que s\u00ed. Per a l\u2019institut, aconseguir que un pintor internacional de l\u2019era post-T\u00e0pies, guanyador del Premi Nacional de Cultura, la Creu de Sant Jordi, la Legi\u00f3 d\u2019Honor, etc\u00e8tera, es prest\u00e9s a fer-nos el logotip era una fita important i una enorme satisfacci\u00f3. Cultura de m\u00e0xim nivell posada al servei p\u00fablic: qu\u00e8 hi podia haver m\u00e9s democr\u00e0tic que aix\u00f2?<\/p>\n<p style=\"text-align: justify;\"><strong>El resultat de tot plegat<\/strong><\/p>\n<p style=\"text-align: justify;\">El logotip es va presentar el 8 de setembre de 2025 en un nou, cordial i emotiu acte a l\u2019institut, obert al poble i celebrat en el marc de la Festa Major. El nou logotip va passar a formar part de la nostra imatge com a instituci\u00f3 i es va anar incorporant paulatinament en totes les \u00e0rees gr\u00e0fiques que ens atenyen. A banda d\u2019aix\u00f2, l\u2019artista va tenir la generositat d\u2019obsequiar-nos amb tres proves m\u00e9s que havia fet per a l\u2019ocasi\u00f3. Tot plegat conforma un fons de gran valor art\u00edstic que ara mateix \u00e9s patrimoni dels alumnes i de l\u2019institut, \u00e9s a dir, de les fam\u00edlies i del poble.<\/p>\n<p style=\"text-align: justify;\"><strong>Con\u00e8ixer m\u00e9s en Viladecans<\/strong><\/p>\n<p style=\"text-align: justify;\">No \u00e9s pas possible resumir la vida d\u2019un artista en un simple article, per aix\u00f2 us deixem uns enlla\u00e7os perqu\u00e8 pugueu descobrir m\u00e9s sobre la seva traject\u00f2ria i les seves obres.<\/p>\n<p style=\"text-align: justify;\">Tamb\u00e9 us afegim l&#8217;apassionat article <strong>Viladecans, anatomia d&#8217;un emblema<\/strong>, escrit per Jordi Masachs, professor d&#8217;Hist\u00f2ria i Hist\u00f2ria de l&#8217;art del centre, on detalla la g\u00e8nesi de les seves trobades amb l&#8217;artista i com d&#8217;aquestes n&#8217;acab\u00e0 resultant la creaci\u00f3 del nostre flamant emblema.<\/p>\n<p style=\"text-align: justify;\">Web de l&#8217;artista [<a href=\"https:\/\/www.joanpereviladecans.com\/\">enlla\u00e7<\/a>].<\/p>\n<p style=\"text-align: justify;\">Entrevista betev\u00e9 [<a href=\"https:\/\/beteve.cat\/placa-tisner\/joan-pere-viladecans-entrevista\/\">enlla\u00e7<\/a>].<\/p>\n<p style=\"text-align: justify;\">Joan-Pere Viladecans i el MHCAT (Museu d\u2019Hist\u00f2ria de Catalunya) [<a href=\"https:\/\/www.mhcat.cat\/exposicions\/exposicions_realitzades\/viladecans_cartells\">enlla\u00e7<\/a>]<\/p>\n<p><a href=\"https:\/\/agora.xtec.cat\/iescanet\/wp-content\/uploads\/usu966\/2025\/12\/Viladecans.-Anatomia-dun-Emblema.pdf\"><strong>Viladecans, anatomia d&#8217;un emblema<\/strong><\/a><\/p>\n<p>&nbsp;<\/p>\n","protected":false},"excerpt":{"rendered":"<p>El nostre institut compta amb l&#8217;extraordinari honor de tenir un logotip dissenyat per un dels artistes contemporanis m\u00e9s importants de Catalunya i d&#8217;Europa, Joan-Pere Viladecans.<br \/>\nUs expliquem una mica qu\u00e8 implica aix\u00f2 i com s&#8217;ha esdevingut.<br \/>\nQui \u00e9s Joan-Pere Viladecans?<br \/>\nPintor i gravador de formaci\u00f3 autodidacta. Des&hellip;  <a href=\"https:\/\/agora.xtec.cat\/iescanet\/el-logotip-de-linstitut-de-joan-pere-viladecans\/\" title=\"Read El logotip de l&#8217;institut, de Joan-Pere Viladecans\">Llegeix m\u00e9s\u00bb<\/a><\/p>\n","protected":false},"author":1,"featured_media":0,"parent":0,"menu_order":0,"comment_status":"closed","ping_status":"closed","template":"","meta":{"_bbp_topic_count":0,"_bbp_reply_count":0,"_bbp_total_topic_count":0,"_bbp_total_reply_count":0,"_bbp_voice_count":0,"_bbp_anonymous_reply_count":0,"_bbp_topic_count_hidden":0,"_bbp_reply_count_hidden":0,"_bbp_forum_subforum_count":0,"footnotes":""},"class_list":["post-15165","page","type-page","status-publish","hentry"],"post_mailing_queue_ids":[],"_links":{"self":[{"href":"https:\/\/agora.xtec.cat\/iescanet\/wp-json\/wp\/v2\/pages\/15165","targetHints":{"allow":["GET"]}}],"collection":[{"href":"https:\/\/agora.xtec.cat\/iescanet\/wp-json\/wp\/v2\/pages"}],"about":[{"href":"https:\/\/agora.xtec.cat\/iescanet\/wp-json\/wp\/v2\/types\/page"}],"author":[{"embeddable":true,"href":"https:\/\/agora.xtec.cat\/iescanet\/wp-json\/wp\/v2\/users\/1"}],"replies":[{"embeddable":true,"href":"https:\/\/agora.xtec.cat\/iescanet\/wp-json\/wp\/v2\/comments?post=15165"}],"version-history":[{"count":5,"href":"https:\/\/agora.xtec.cat\/iescanet\/wp-json\/wp\/v2\/pages\/15165\/revisions"}],"predecessor-version":[{"id":15201,"href":"https:\/\/agora.xtec.cat\/iescanet\/wp-json\/wp\/v2\/pages\/15165\/revisions\/15201"}],"wp:attachment":[{"href":"https:\/\/agora.xtec.cat\/iescanet\/wp-json\/wp\/v2\/media?parent=15165"}],"curies":[{"name":"wp","href":"https:\/\/api.w.org\/{rel}","templated":true}]}}