{"id":15053,"date":"2025-10-06T08:38:53","date_gmt":"2025-10-06T06:38:53","guid":{"rendered":"https:\/\/agora.xtec.cat\/iescanet\/?page_id=15053"},"modified":"2025-10-06T08:38:53","modified_gmt":"2025-10-06T06:38:53","slug":"coeducanet-al-domenech-trencant-estereotips-i-obrint-mirades","status":"publish","type":"page","link":"https:\/\/agora.xtec.cat\/iescanet\/coeducanet-al-domenech-trencant-estereotips-i-obrint-mirades\/","title":{"rendered":"Coeducanet al Dom\u00e8nech: trencant estereotips i obrint mirades"},"content":{"rendered":"<h4>Com vam comen\u00e7ar<\/h4>\n<p>Per posar fil a l\u2019agulla es va crear una comissi\u00f3 de professorat voluntari i sensibilitzat, que va treballar colze a colze amb Vira Cooperativa per definir les l\u00ednies del projecte. A partir d\u2019aqu\u00ed es va dissenyar una proposta especialment adre\u00e7ada a\u00a0<strong>3r d\u2019ESO<\/strong>.<\/p>\n<h4>Els tallers a 3r<\/h4>\n<p>Cada grup de 3r va participar en\u00a0<strong>dues sessions de dues hores<\/strong>, amb nois i noies treballant per separat. A trav\u00e9s d\u2019activitats din\u00e0miques i de reflexi\u00f3, van parlar sobre els missatges diferenciats que reben homes i dones, i sobre com respondre a situacions dif\u00edcils sense rec\u00f3rrer a actituds agressives.<\/p>\n<p>La valoraci\u00f3 de l\u2019alumnat va ser molt positiva: van agrair poder expressar-se amb llibertat i van demanar\u00a0<strong>m\u00e9s tallers, encara que m\u00e9s breus i concrets<\/strong>.<\/p>\n<h4>Un v\u00eddeo fet a mida<\/h4>\n<p>El projecte va culminar amb l\u2019elaboraci\u00f3 d\u2019un\u00a0<strong>v\u00eddeo creat amb la participaci\u00f3 dels nois i noies de 3r d\u2019ESO i del professorat<\/strong>, sota la guia t\u00e8cnica de Vira Cooperativa. El v\u00eddeo mostra com es viuen els estereotips de g\u00e8nere i quines respostes podem donar davant d\u2019ells.<\/p>\n<p>Per completar-ho, les m\u00fasiques que hi apareixen han estat compostes per exalumnes del\u00a0<strong>Batxillerat Esc\u00e8nic<\/strong>, donant-li un toc art\u00edstic i col\u00b7laboratiu molt especial.<\/p>\n<h4>I ara, qu\u00e8?<\/h4>\n<p>El projecte no s\u2019atura aqu\u00ed. Aquest curs (2025-26) el Coeducanet seguir\u00e0 actiu amb noves propostes:<\/p>\n<ul>\n<li>Sessi\u00f3 de claustre per compartir i visionar els v\u00eddeos.<\/li>\n<li>Formaci\u00f3 espec\u00edfica per al professorat, a c\u00e0rrec de Vira Cooperativa.<\/li>\n<li>\u00das del v\u00eddeo com a recurs educatiu a les tutories.<\/li>\n<li>Nous tallers per a la promoci\u00f3 actual de 3r d\u2019ESO (aquesta vegada sense gravaci\u00f3 de v\u00eddeo).<\/li>\n<li>Activitats per a l\u2019alumnat de 4t d\u2019ESO, centrades en com respondre als estereotips.<\/li>\n<li>Possibilitat de formaci\u00f3 espec\u00edfica per a l\u2019alumnat mediador.<\/li>\n<\/ul>\n<p>Amb tot aix\u00f2, volem continuar fent del nostre centre un\u00a0<strong>espai d\u2019igualtat, respecte i conviv\u00e8ncia<\/strong>.<\/p>\n<p>Esperem que pugueu gaudir tant com nosaltres ho hem fet realitzant aquest projecte i que pugueu reflexionar i trencar motlles!!<\/p>\n","protected":false},"excerpt":{"rendered":"<p>Com vam comen\u00e7ar<br \/>\nPer posar fil a l\u2019agulla es va crear una comissi\u00f3 de professorat voluntari i sensibilitzat, que va treballar colze a colze amb Vira Cooperativa per definir les l\u00ednies del projecte. A partir d\u2019aqu\u00ed es va dissenyar una proposta especialment adre\u00e7ada a\u00a03r d\u2019ESO.<br \/>\nEls tallers&hellip;  <a href=\"https:\/\/agora.xtec.cat\/iescanet\/coeducanet-al-domenech-trencant-estereotips-i-obrint-mirades\/\" title=\"Read Coeducanet al Dom\u00e8nech: trencant estereotips i obrint mirades\">Llegeix m\u00e9s\u00bb<\/a><\/p>\n","protected":false},"author":1,"featured_media":0,"parent":0,"menu_order":0,"comment_status":"closed","ping_status":"closed","template":"","meta":{"_bbp_topic_count":0,"_bbp_reply_count":0,"_bbp_total_topic_count":0,"_bbp_total_reply_count":0,"_bbp_voice_count":0,"_bbp_anonymous_reply_count":0,"_bbp_topic_count_hidden":0,"_bbp_reply_count_hidden":0,"_bbp_forum_subforum_count":0,"footnotes":""},"class_list":["post-15053","page","type-page","status-publish","hentry"],"post_mailing_queue_ids":[],"_links":{"self":[{"href":"https:\/\/agora.xtec.cat\/iescanet\/wp-json\/wp\/v2\/pages\/15053","targetHints":{"allow":["GET"]}}],"collection":[{"href":"https:\/\/agora.xtec.cat\/iescanet\/wp-json\/wp\/v2\/pages"}],"about":[{"href":"https:\/\/agora.xtec.cat\/iescanet\/wp-json\/wp\/v2\/types\/page"}],"author":[{"embeddable":true,"href":"https:\/\/agora.xtec.cat\/iescanet\/wp-json\/wp\/v2\/users\/1"}],"replies":[{"embeddable":true,"href":"https:\/\/agora.xtec.cat\/iescanet\/wp-json\/wp\/v2\/comments?post=15053"}],"version-history":[{"count":1,"href":"https:\/\/agora.xtec.cat\/iescanet\/wp-json\/wp\/v2\/pages\/15053\/revisions"}],"predecessor-version":[{"id":15054,"href":"https:\/\/agora.xtec.cat\/iescanet\/wp-json\/wp\/v2\/pages\/15053\/revisions\/15054"}],"wp:attachment":[{"href":"https:\/\/agora.xtec.cat\/iescanet\/wp-json\/wp\/v2\/media?parent=15053"}],"curies":[{"name":"wp","href":"https:\/\/api.w.org\/{rel}","templated":true}]}}