{"id":14093,"date":"2024-02-13T10:39:07","date_gmt":"2024-02-13T09:39:07","guid":{"rendered":"https:\/\/agora.xtec.cat\/iescanet\/?page_id=14093"},"modified":"2024-02-13T12:00:31","modified_gmt":"2024-02-13T11:00:31","slug":"erasmus","status":"publish","type":"page","link":"https:\/\/agora.xtec.cat\/iescanet\/erasmus\/","title":{"rendered":"Erasmus+"},"content":{"rendered":"<div class=\"gmail_default\"><i><b>Descobrint la M\u00e0gia de Finl\u00e0ndia a trav\u00e9s de<\/b><b>\u00a0l&#8217;Educaci\u00f3 STEAM<\/b><br \/>\n<\/i><\/div>\n<div><\/div>\n<div><\/div>\n<div class=\"gmail_default\" style=\"text-align: justify;\">\n<p>Durant la setmana\u00a0del 29 de gener al 2 de febrer, 24 alumnes de 3r d&#8217;ESO van gaudir d&#8217;una beca\u00a0Erasmus+\u00a0de mobilitat d&#8217;estudiants que va ser adjudicada al centre durant pel curs 23-24. Ha estat una experi\u00e8ncia \u00fanica i enriquidora en aquest\u00a0sorprenent\u00a0pa\u00eds escandinau.<\/p>\n<p>El focus d&#8217;aquesta setmana est\u00e0 posat en un projecte STEAM que combina\u00a0experimentar amb la neu i amb la\u00a0versatilitat de la fusta. Els participants han tingut l&#8217;oportunitat d&#8217;explorar la intersecci\u00f3 entre ci\u00e8ncia, tecnologia, enginyeria, art i matem\u00e0tiques mentre treballen junts en diverses activitats i experiments.L&#8217;equip va aprofitar al m\u00e0xim l&#8217;experi\u00e8ncia finlandesa, submergint-se en la cultura local i participant activament en la vida quotidiana de la comunitat. A m\u00e9s de les activitats acad\u00e8miques, els estudiants tamb\u00e9 han tingut l&#8217;oportunitat de gaudir de la bellesa natural de Finl\u00e0ndia, des de paisatges coberts de neu i gel fins a boscos majestuosos.<\/p>\n<\/div>\n<div style=\"text-align: justify;\">El projecte Erasmus+ no nom\u00e9s fomenta l&#8217;aprenentatge acad\u00e8mic, sin\u00f3 que tamb\u00e9 promou la col\u00b7laboraci\u00f3 internacional i l&#8217;intercanvi cultural. Els nostres estudiants estan creant lla\u00e7os significatius amb els seus companys finlandesos, compartint experi\u00e8ncies i perspectives que enriquiran les seves vides i la seva comprensi\u00f3 del m\u00f3n.<\/div>\n<div><\/div>\n<div><\/div>\n<div class=\"gmail_default\" style=\"text-align: justify;\">\n<p>&nbsp;<\/p>\n<p style=\"text-align: center;\"><a href=\"https:\/\/agora.xtec.cat\/iescanet\/wp-content\/uploads\/usu966\/2024\/02\/ErasmusLogo.png\"><img loading=\"lazy\" decoding=\"async\" class=\"alignnone size-medium wp-image-14100\" src=\"https:\/\/agora.xtec.cat\/iescanet\/wp-content\/uploads\/usu966\/2024\/02\/ErasmusLogo-300x65.png\" alt=\"\" width=\"300\" height=\"65\" srcset=\"https:\/\/agora.xtec.cat\/iescanet\/wp-content\/uploads\/usu966\/2024\/02\/ErasmusLogo-300x65.png 300w, https:\/\/agora.xtec.cat\/iescanet\/wp-content\/uploads\/usu966\/2024\/02\/ErasmusLogo.png 481w\" sizes=\"auto, (max-width: 300px) 100vw, 300px\" \/><\/a><\/p>\n<p>L&#8217;equip docent tamb\u00e9 ha estat treballant\u00a0per tal d&#8217;intercanviar\u00a0pr\u00e0ctiques educatives\u00a0innovadores\u00a0amb col\u00b7legues finlandesos, buscant inspiraci\u00f3 en un sistema educatiu reconegut a escala mundial per la seva excel\u00b7l\u00e8ncia.<\/p>\n<p>Aquesta experi\u00e8ncia \u00fanica est\u00e0 deixant una empremta inesborrable en tots els participants, proporcionant aprenentatges valuosos que aniran m\u00e9s enll\u00e0 de les aules i contribuiran al creixement personal i acad\u00e8mic de cada estudiant.<\/p>\n<\/div>\n<p><a href=\"https:\/\/agora.xtec.cat\/iescanet\/wp-content\/uploads\/usu966\/2024\/02\/STEAM-Project-2.jpg\"><img loading=\"lazy\" decoding=\"async\" class=\"alignnone size-medium wp-image-14104\" src=\"https:\/\/agora.xtec.cat\/iescanet\/wp-content\/uploads\/usu966\/2024\/02\/STEAM-Project-2-135x300.jpg\" alt=\"\" width=\"135\" height=\"300\" srcset=\"https:\/\/agora.xtec.cat\/iescanet\/wp-content\/uploads\/usu966\/2024\/02\/STEAM-Project-2-135x300.jpg 135w, https:\/\/agora.xtec.cat\/iescanet\/wp-content\/uploads\/usu966\/2024\/02\/STEAM-Project-2-461x1024.jpg 461w, https:\/\/agora.xtec.cat\/iescanet\/wp-content\/uploads\/usu966\/2024\/02\/STEAM-Project-2-768x1705.jpg 768w, https:\/\/agora.xtec.cat\/iescanet\/wp-content\/uploads\/usu966\/2024\/02\/STEAM-Project-2-692x1536.jpg 692w, https:\/\/agora.xtec.cat\/iescanet\/wp-content\/uploads\/usu966\/2024\/02\/STEAM-Project-2.jpg 908w\" sizes=\"auto, (max-width: 135px) 100vw, 135px\" \/><\/a> <a href=\"https:\/\/agora.xtec.cat\/iescanet\/wp-content\/uploads\/usu966\/2024\/02\/STEAM-Project-3.jpg\"><img loading=\"lazy\" decoding=\"async\" class=\"alignnone size-medium wp-image-14105\" src=\"https:\/\/agora.xtec.cat\/iescanet\/wp-content\/uploads\/usu966\/2024\/02\/STEAM-Project-3-300x135.jpg\" alt=\"\" width=\"300\" height=\"135\" srcset=\"https:\/\/agora.xtec.cat\/iescanet\/wp-content\/uploads\/usu966\/2024\/02\/STEAM-Project-3-300x135.jpg 300w, https:\/\/agora.xtec.cat\/iescanet\/wp-content\/uploads\/usu966\/2024\/02\/STEAM-Project-3-1024x461.jpg 1024w, https:\/\/agora.xtec.cat\/iescanet\/wp-content\/uploads\/usu966\/2024\/02\/STEAM-Project-3-768x346.jpg 768w, https:\/\/agora.xtec.cat\/iescanet\/wp-content\/uploads\/usu966\/2024\/02\/STEAM-Project-3-1536x691.jpg 1536w, https:\/\/agora.xtec.cat\/iescanet\/wp-content\/uploads\/usu966\/2024\/02\/STEAM-Project-3.jpg 1600w\" sizes=\"auto, (max-width: 300px) 100vw, 300px\" \/><\/a> <a href=\"https:\/\/agora.xtec.cat\/iescanet\/wp-content\/uploads\/usu966\/2024\/02\/STEAM-Project-5.jpg\"><img loading=\"lazy\" decoding=\"async\" class=\"alignnone size-medium wp-image-14106\" src=\"https:\/\/agora.xtec.cat\/iescanet\/wp-content\/uploads\/usu966\/2024\/02\/STEAM-Project-5-300x300.jpg\" alt=\"\" width=\"300\" height=\"300\" srcset=\"https:\/\/agora.xtec.cat\/iescanet\/wp-content\/uploads\/usu966\/2024\/02\/STEAM-Project-5-300x300.jpg 300w, https:\/\/agora.xtec.cat\/iescanet\/wp-content\/uploads\/usu966\/2024\/02\/STEAM-Project-5-1024x1024.jpg 1024w, https:\/\/agora.xtec.cat\/iescanet\/wp-content\/uploads\/usu966\/2024\/02\/STEAM-Project-5-150x150.jpg 150w, https:\/\/agora.xtec.cat\/iescanet\/wp-content\/uploads\/usu966\/2024\/02\/STEAM-Project-5-768x768.jpg 768w, https:\/\/agora.xtec.cat\/iescanet\/wp-content\/uploads\/usu966\/2024\/02\/STEAM-Project-5-1536x1536.jpg 1536w, https:\/\/agora.xtec.cat\/iescanet\/wp-content\/uploads\/usu966\/2024\/02\/STEAM-Project-5-2048x2048.jpg 2048w\" sizes=\"auto, (max-width: 300px) 100vw, 300px\" \/><\/a> <a href=\"https:\/\/agora.xtec.cat\/iescanet\/wp-content\/uploads\/usu966\/2024\/02\/Catalan-Finish-Group.jpg\"><img loading=\"lazy\" decoding=\"async\" class=\"alignnone size-medium wp-image-14107\" src=\"https:\/\/agora.xtec.cat\/iescanet\/wp-content\/uploads\/usu966\/2024\/02\/Catalan-Finish-Group-300x225.jpg\" alt=\"\" width=\"300\" height=\"225\" srcset=\"https:\/\/agora.xtec.cat\/iescanet\/wp-content\/uploads\/usu966\/2024\/02\/Catalan-Finish-Group-300x225.jpg 300w, https:\/\/agora.xtec.cat\/iescanet\/wp-content\/uploads\/usu966\/2024\/02\/Catalan-Finish-Group-1024x768.jpg 1024w, https:\/\/agora.xtec.cat\/iescanet\/wp-content\/uploads\/usu966\/2024\/02\/Catalan-Finish-Group-768x576.jpg 768w, https:\/\/agora.xtec.cat\/iescanet\/wp-content\/uploads\/usu966\/2024\/02\/Catalan-Finish-Group-1536x1152.jpg 1536w, https:\/\/agora.xtec.cat\/iescanet\/wp-content\/uploads\/usu966\/2024\/02\/Catalan-Finish-Group-200x150.jpg 200w, https:\/\/agora.xtec.cat\/iescanet\/wp-content\/uploads\/usu966\/2024\/02\/Catalan-Finish-Group.jpg 1600w\" sizes=\"auto, (max-width: 300px) 100vw, 300px\" \/><\/a> <a href=\"https:\/\/agora.xtec.cat\/iescanet\/wp-content\/uploads\/usu966\/2024\/02\/Catalan-Group.jpg\"><img loading=\"lazy\" decoding=\"async\" class=\"alignnone size-medium wp-image-14108\" src=\"https:\/\/agora.xtec.cat\/iescanet\/wp-content\/uploads\/usu966\/2024\/02\/Catalan-Group-300x135.jpg\" alt=\"\" width=\"300\" height=\"135\" srcset=\"https:\/\/agora.xtec.cat\/iescanet\/wp-content\/uploads\/usu966\/2024\/02\/Catalan-Group-300x135.jpg 300w, https:\/\/agora.xtec.cat\/iescanet\/wp-content\/uploads\/usu966\/2024\/02\/Catalan-Group-1024x461.jpg 1024w, https:\/\/agora.xtec.cat\/iescanet\/wp-content\/uploads\/usu966\/2024\/02\/Catalan-Group-768x346.jpg 768w, https:\/\/agora.xtec.cat\/iescanet\/wp-content\/uploads\/usu966\/2024\/02\/Catalan-Group-1536x691.jpg 1536w, https:\/\/agora.xtec.cat\/iescanet\/wp-content\/uploads\/usu966\/2024\/02\/Catalan-Group.jpg 1600w\" sizes=\"auto, (max-width: 300px) 100vw, 300px\" \/><\/a><\/p>\n","protected":false},"excerpt":{"rendered":"<p>Descobrint la M\u00e0gia de Finl\u00e0ndia a trav\u00e9s de\u00a0l&#8217;Educaci\u00f3 STEAM<\/p>\n<p>Durant la setmana\u00a0del 29 de gener al 2 de febrer, 24 alumnes de 3r d&#8217;ESO van gaudir d&#8217;una beca\u00a0Erasmus+\u00a0de mobilitat d&#8217;estudiants que va ser adjudicada al centre durant pel curs 23-24. Ha estat una experi\u00e8ncia \u00fanica i&hellip;  <a href=\"https:\/\/agora.xtec.cat\/iescanet\/erasmus\/\" title=\"Read Erasmus+\">Llegeix m\u00e9s\u00bb<\/a><\/p>\n","protected":false},"author":1,"featured_media":0,"parent":0,"menu_order":0,"comment_status":"closed","ping_status":"closed","template":"","meta":{"_bbp_topic_count":0,"_bbp_reply_count":0,"_bbp_total_topic_count":0,"_bbp_total_reply_count":0,"_bbp_voice_count":0,"_bbp_anonymous_reply_count":0,"_bbp_topic_count_hidden":0,"_bbp_reply_count_hidden":0,"_bbp_forum_subforum_count":0,"footnotes":""},"class_list":["post-14093","page","type-page","status-publish","hentry"],"post_mailing_queue_ids":[],"_links":{"self":[{"href":"https:\/\/agora.xtec.cat\/iescanet\/wp-json\/wp\/v2\/pages\/14093","targetHints":{"allow":["GET"]}}],"collection":[{"href":"https:\/\/agora.xtec.cat\/iescanet\/wp-json\/wp\/v2\/pages"}],"about":[{"href":"https:\/\/agora.xtec.cat\/iescanet\/wp-json\/wp\/v2\/types\/page"}],"author":[{"embeddable":true,"href":"https:\/\/agora.xtec.cat\/iescanet\/wp-json\/wp\/v2\/users\/1"}],"replies":[{"embeddable":true,"href":"https:\/\/agora.xtec.cat\/iescanet\/wp-json\/wp\/v2\/comments?post=14093"}],"version-history":[{"count":6,"href":"https:\/\/agora.xtec.cat\/iescanet\/wp-json\/wp\/v2\/pages\/14093\/revisions"}],"predecessor-version":[{"id":14109,"href":"https:\/\/agora.xtec.cat\/iescanet\/wp-json\/wp\/v2\/pages\/14093\/revisions\/14109"}],"wp:attachment":[{"href":"https:\/\/agora.xtec.cat\/iescanet\/wp-json\/wp\/v2\/media?parent=14093"}],"curies":[{"name":"wp","href":"https:\/\/api.w.org\/{rel}","templated":true}]}}