{"id":13820,"date":"2023-09-28T09:07:27","date_gmt":"2023-09-28T07:07:27","guid":{"rendered":"https:\/\/agora.xtec.cat\/iescanet\/?page_id=13820"},"modified":"2023-09-28T09:20:58","modified_gmt":"2023-09-28T07:20:58","slug":"salut-i-escola","status":"publish","type":"page","link":"https:\/\/agora.xtec.cat\/iescanet\/salut-i-escola\/","title":{"rendered":"Salut i escola"},"content":{"rendered":"<p style=\"text-align: justify;\">Salut i Escola \u00e9s un programa transversal entre el Departament de Salut i el Departament d\u2019Educaci\u00f3 que promou la col\u00b7laboraci\u00f3 dels centres educatius i els serveis de salut comunit\u00e0ria arreu del territori per millorar la salut dels adolescents mitjan\u00e7ant accions de promoci\u00f3 de la salut, de prevenci\u00f3 de situacions de risc i d\u2019atenci\u00f3 preco\u00e7 per als problemes relacionats amb la salut mental, la salut afectiva i sexual, el consum de drogues, alcohol i tabac.<\/p>\n<p><img loading=\"lazy\" decoding=\"async\" class=\"aligncenter\" src=\"https:\/\/salutpublica.gencat.cat\/web\/.content\/minisite\/aspcat\/promocio_salut\/infancia-adolescencia\/03salut-i-escola\/264x264_baner3_salut_i_escola.png\" alt=\"264x264_baner3_programa_salut_i_escola\" width=\"147\" height=\"146\" \/><\/p>\n<p>Es desenvolupa als centres educatius de secund\u00e0ria \u2013preferentment de segon cicle- dins la xarxa de centres p\u00fablics i concertats de Catalunya.<\/p>\n<p><a href=\"https:\/\/salutpublica.gencat.cat\/ca\/ambits\/promocio_salut\/salut-i-escola\/Informacio-per-a-centres-educatius\/servei-de-consulta-oberta\/\" target=\"_blank\" rel=\"noopener\"><img loading=\"lazy\" decoding=\"async\" class=\"aligncenter\" src=\"https:\/\/salutpublica.gencat.cat\/web\/.content\/minisite\/aspcat\/promocio_salut\/salut-escola\/consulta_oberta\/540x540_Cartell-CONSULTA-OBERTA.jpg_1595044798.jpg\" width=\"380\" height=\"380\" \/><\/a><\/p>\n<p>Al nostre institut \u00e9s l&#8217;infermera Patr\u00edcia Sin que cada dimecres at\u00e9n al nostre alumnat.<\/p>\n<p><a href=\"https:\/\/salutpublica.gencat.cat\/ca\/ambits\/promocio_salut\/salut-i-escola\/index.html\" target=\"_blank\" rel=\"noopener\" data-saferedirecturl=\"https:\/\/www.google.com\/url?q=https:\/\/salutpublica.gencat.cat\/ca\/ambits\/promocio_salut\/salut-i-escola\/index.html&amp;source=gmail&amp;ust=1695970453483000&amp;usg=AOvVaw1tgEo-q8_W42fIfDpCmSA5\">https:\/\/salutpublica.<wbr \/>gencat.cat\/ca\/ambits\/promocio_<wbr \/>salut\/salut-i-escola\/index.<wbr \/>html<\/a><\/p>\n","protected":false},"excerpt":{"rendered":"<p>Salut i Escola \u00e9s un programa transversal entre el Departament de Salut i el Departament d\u2019Educaci\u00f3 que promou la col\u00b7laboraci\u00f3 dels centres educatius i els serveis de salut comunit\u00e0ria arreu del territori per millorar la salut dels adolescents mitjan\u00e7ant accions de promoci\u00f3 de la salut,&hellip;  <a href=\"https:\/\/agora.xtec.cat\/iescanet\/salut-i-escola\/\" title=\"Read Salut i escola\">Llegeix m\u00e9s\u00bb<\/a><\/p>\n","protected":false},"author":1,"featured_media":0,"parent":0,"menu_order":0,"comment_status":"closed","ping_status":"closed","template":"","meta":{"_bbp_topic_count":0,"_bbp_reply_count":0,"_bbp_total_topic_count":0,"_bbp_total_reply_count":0,"_bbp_voice_count":0,"_bbp_anonymous_reply_count":0,"_bbp_topic_count_hidden":0,"_bbp_reply_count_hidden":0,"_bbp_forum_subforum_count":0,"footnotes":""},"class_list":["post-13820","page","type-page","status-publish","hentry"],"post_mailing_queue_ids":[],"_links":{"self":[{"href":"https:\/\/agora.xtec.cat\/iescanet\/wp-json\/wp\/v2\/pages\/13820","targetHints":{"allow":["GET"]}}],"collection":[{"href":"https:\/\/agora.xtec.cat\/iescanet\/wp-json\/wp\/v2\/pages"}],"about":[{"href":"https:\/\/agora.xtec.cat\/iescanet\/wp-json\/wp\/v2\/types\/page"}],"author":[{"embeddable":true,"href":"https:\/\/agora.xtec.cat\/iescanet\/wp-json\/wp\/v2\/users\/1"}],"replies":[{"embeddable":true,"href":"https:\/\/agora.xtec.cat\/iescanet\/wp-json\/wp\/v2\/comments?post=13820"}],"version-history":[{"count":3,"href":"https:\/\/agora.xtec.cat\/iescanet\/wp-json\/wp\/v2\/pages\/13820\/revisions"}],"predecessor-version":[{"id":13827,"href":"https:\/\/agora.xtec.cat\/iescanet\/wp-json\/wp\/v2\/pages\/13820\/revisions\/13827"}],"wp:attachment":[{"href":"https:\/\/agora.xtec.cat\/iescanet\/wp-json\/wp\/v2\/media?parent=13820"}],"curies":[{"name":"wp","href":"https:\/\/api.w.org\/{rel}","templated":true}]}}