{"id":13807,"date":"2023-09-22T10:00:24","date_gmt":"2023-09-22T08:00:24","guid":{"rendered":"https:\/\/agora.xtec.cat\/iescanet\/?page_id=13807"},"modified":"2025-03-17T12:45:43","modified_gmt":"2025-03-17T11:45:43","slug":"jornades-esportives","status":"publish","type":"page","link":"https:\/\/agora.xtec.cat\/iescanet\/jornades-esportives\/","title":{"rendered":"Jornades Esportives"},"content":{"rendered":"<p style=\"text-align: justify;\">Aquesta Jornada est\u00e0 organitzada pel departament d\u2019Educaci\u00f3 F\u00edsica i dinamitzada per l&#8217;alumnat de 1r de Batxillerat de l\u2019Institut, amb la participaci\u00f3 de \u00a0de tot l\u2019alumnat d\u2019ESO\u00a0com a esportistes.<\/p>\n<p style=\"text-align: justify;\">Es duen a terme en diferents indrets i instal\u00b7lacions de Canet de Mar, com s\u00f3n el propi Institut, el Pavell\u00f3 d\u2019Esports, el camp de futbol municipal, les pistes d\u2019atletisme, la platja, el passeig i el complex esportiu H2O.<\/p>\n<p style=\"text-align: justify;\">A m\u00e9s a m\u00e9s d\u2019esportiu, \u00e9s un esdeveniment solidari, ja que s\u2019aprofita la jornada per fer una recapta d\u2019aliments\u00a0que es faran arribar a la Creu Roja de Canet per col\u00b7laborar amb el Banc d\u2019Aliments. Cadascun dels\/les alumnes\/as ha de portar un aliment per inscriure&#8217;s a l&#8217;esport i equip que decideixi realitzar durant el mat\u00ed.<\/p>\n<p style=\"text-align: justify;\">Cada esport t\u00e9 els seu sistema de competici\u00f3 i un p\u00f2ster acompanyat d&#8217;una breu explicaci\u00f3 per donar visibilitat a la dona en el m\u00f3n de l&#8217;esport i fomentar aix\u00ed tamb\u00e9 la perspectiva de g\u00e8nere.<\/p>\n<p style=\"text-align: justify;\">La Jornada s&#8217;inicia amb un manifest i un espectacle d&#8217;inauguraci\u00f3. A cada curs anem incorporant aspectes innovadors. Ja portem deu edicions&#8230; I per cert, tamb\u00e9 tenim TV Dom\u00e8nech!! Un grup d&#8217;alumnes de batxillerat s&#8217;encarreguen d&#8217;enregistrar la Jornada Esportiva al llarg del mat\u00ed amb preguntes i entrevistes als diferents participants i col\u00b7laboradors que finalment acaba essent el nostre video reportatge.<\/p>\n<p>Us animeu a participar&#8230;???<\/p>\n<p>Esperem que gaudiu del mat\u00ed tant com nosaltres!!<\/p>\n<h3 style=\"text-align: center;\">&#8220;L&#8217;esport \u00e9s salut i el cos el nostre motor&#8221;<\/h3>\n<p>&nbsp;<\/p>\n<h3><a href=\"https:\/\/agora.xtec.cat\/iescanet\/general\/resum-jornada-esportiva-2024\/\">Edici\u00f3 2023-24<\/a><\/h3>\n<h3><a href=\"https:\/\/agora.xtec.cat\/iescanet\/jornades-esportives\/\">Edici\u00f3 2022-23<\/a><\/h3>\n<h3><a href=\"https:\/\/agora.xtec.cat\/iescanet\/general\/jornades-esportives\/\">Edici\u00f3 2021-22<\/a><\/h3>\n<p>&nbsp;<\/p>\n<p>&nbsp;<\/p>\n<p>&nbsp;<\/p>\n","protected":false},"excerpt":{"rendered":"<p>Aquesta Jornada est\u00e0 organitzada pel departament d\u2019Educaci\u00f3 F\u00edsica i dinamitzada per l&#8217;alumnat de 1r de Batxillerat de l\u2019Institut, amb la participaci\u00f3 de \u00a0de tot l\u2019alumnat d\u2019ESO\u00a0com a esportistes.<br \/>\nEs duen a terme en diferents indrets i instal\u00b7lacions de Canet de Mar, com s\u00f3n el propi Institut,&hellip;  <a href=\"https:\/\/agora.xtec.cat\/iescanet\/jornades-esportives\/\" title=\"Read Jornades Esportives\">Llegeix m\u00e9s\u00bb<\/a><\/p>\n","protected":false},"author":1,"featured_media":0,"parent":0,"menu_order":0,"comment_status":"closed","ping_status":"closed","template":"","meta":{"_bbp_topic_count":0,"_bbp_reply_count":0,"_bbp_total_topic_count":0,"_bbp_total_reply_count":0,"_bbp_voice_count":0,"_bbp_anonymous_reply_count":0,"_bbp_topic_count_hidden":0,"_bbp_reply_count_hidden":0,"_bbp_forum_subforum_count":0,"footnotes":""},"class_list":["post-13807","page","type-page","status-publish","hentry"],"post_mailing_queue_ids":[],"_links":{"self":[{"href":"https:\/\/agora.xtec.cat\/iescanet\/wp-json\/wp\/v2\/pages\/13807","targetHints":{"allow":["GET"]}}],"collection":[{"href":"https:\/\/agora.xtec.cat\/iescanet\/wp-json\/wp\/v2\/pages"}],"about":[{"href":"https:\/\/agora.xtec.cat\/iescanet\/wp-json\/wp\/v2\/types\/page"}],"author":[{"embeddable":true,"href":"https:\/\/agora.xtec.cat\/iescanet\/wp-json\/wp\/v2\/users\/1"}],"replies":[{"embeddable":true,"href":"https:\/\/agora.xtec.cat\/iescanet\/wp-json\/wp\/v2\/comments?post=13807"}],"version-history":[{"count":4,"href":"https:\/\/agora.xtec.cat\/iescanet\/wp-json\/wp\/v2\/pages\/13807\/revisions"}],"predecessor-version":[{"id":14725,"href":"https:\/\/agora.xtec.cat\/iescanet\/wp-json\/wp\/v2\/pages\/13807\/revisions\/14725"}],"wp:attachment":[{"href":"https:\/\/agora.xtec.cat\/iescanet\/wp-json\/wp\/v2\/media?parent=13807"}],"curies":[{"name":"wp","href":"https:\/\/api.w.org\/{rel}","templated":true}]}}