{"id":12563,"date":"2022-03-11T09:35:34","date_gmt":"2022-03-11T08:35:34","guid":{"rendered":"https:\/\/agora.xtec.cat\/iescanet\/?page_id=12563"},"modified":"2024-09-24T09:01:52","modified_gmt":"2024-09-24T07:01:52","slug":"ensenyaments-ofertats-textil-i-moda","status":"publish","type":"page","link":"https:\/\/agora.xtec.cat\/iescanet\/ensenyaments-ofertats-textil-i-moda\/","title":{"rendered":"Ensenyaments ofertats &#8211; T\u00e8xtil i Moda"},"content":{"rendered":"<h3><b>CICLES FORMATIUS<\/b><\/h3>\n<p>&nbsp;<\/p>\n<p><b>La seu dels cicles formatius \u00e9s l\u2019Escola de teixits : <\/b><span style=\"font-weight: 400;\">Pla\u00e7a de la Ind\u00fastria, 1 <\/span><b>\u00a0<\/b><a href=\"https:\/\/www.google.com\/maps\/place\/Diputaci%C3%B3+Provincial+de+Barcelona\/@41.5895694,2.5783391,17z\/data=!3m1!4b1!4m5!3m4!1s0x12bb37cb83da5f7f:0xf3590f6f4a33b0f1!8m2!3d41.5895696!4d2.5802748\"><b>Ubicaci\u00f3<\/b><\/a><\/p>\n<p><b>Horaris: \u00a0 <\/b><\/p>\n<ul style=\"list-style-type: disc;\">\n<li><span style=\"font-weight: 400;\">Primer curs &#8211; matins de 8 a 14:30h<\/span><\/li>\n<li><span style=\"font-weight: 400;\">Segon curs &#8211; tardes de 14:30 a 20:00h<\/span><\/li>\n<\/ul>\n<p><a href=\"https:\/\/agora.xtec.cat\/iescanet\/wp-content\/uploads\/usu966\/2023\/10\/TEXTIL-I-MODA_professorat-23-24.pdf\" target=\"_blank\" rel=\"noopener\"><b>Professorat<\/b><\/a><\/p>\n<p><a href=\"https:\/\/agora.xtec.cat\/iescanet\/wp-content\/uploads\/usu966\/2023\/10\/IMG-8557-1-scaled.jpg\"><img loading=\"lazy\" decoding=\"async\" class=\"wp-image-13934 aligncenter\" src=\"https:\/\/agora.xtec.cat\/iescanet\/wp-content\/uploads\/usu966\/2023\/10\/IMG-8557-1-300x225.jpg\" alt=\"\" width=\"376\" height=\"282\" srcset=\"https:\/\/agora.xtec.cat\/iescanet\/wp-content\/uploads\/usu966\/2023\/10\/IMG-8557-1-300x225.jpg 300w, https:\/\/agora.xtec.cat\/iescanet\/wp-content\/uploads\/usu966\/2023\/10\/IMG-8557-1-1024x768.jpg 1024w, https:\/\/agora.xtec.cat\/iescanet\/wp-content\/uploads\/usu966\/2023\/10\/IMG-8557-1-768x576.jpg 768w, https:\/\/agora.xtec.cat\/iescanet\/wp-content\/uploads\/usu966\/2023\/10\/IMG-8557-1-1536x1152.jpg 1536w, https:\/\/agora.xtec.cat\/iescanet\/wp-content\/uploads\/usu966\/2023\/10\/IMG-8557-1-2048x1536.jpg 2048w, https:\/\/agora.xtec.cat\/iescanet\/wp-content\/uploads\/usu966\/2023\/10\/IMG-8557-1-200x150.jpg 200w\" sizes=\"auto, (max-width: 376px) 100vw, 376px\" \/><\/a><\/p>\n<p><span style=\"font-weight: 400;\">Contacte cicles: <\/span><a href=\"mailto:deptextilmoda@iescanet.cat\"><span style=\"font-weight: 400;\">deptextilmoda@iescanet.cat<\/span><\/a><\/p>\n<p>&nbsp;<\/p>\n<h4><\/h4>\n<h4><\/h4>\n<h4><b>Cicles ofertats<\/b><\/h4>\n<p><b>C<\/b><b>FGM Confecci\u00f3 i Moda<\/b><\/p>\n<p><strong>T\u00e8cnic\/a en Confecci\u00f3 i Moda, amb compet\u00e8ncies professionals del t\u00edtol Fabricaci\u00f3 i Ennobliment<\/strong><\/p>\n<p>CFGM en alternan\u00e7a dual, orientada als llocs de treball i les compet\u00e8ncies professionals. Aquest cicle formatiu capacita a l\u2019alumne per a confeccionar, tant a mida com industrialment, peces, complements i altres articles en t\u00e8xtil i pell, aix\u00ed com la preparaci\u00f3 i conducci\u00f3 dels equips industrials necessaris per l\u2019obtenci\u00f3 de productes t\u00e8xtils, complint amb les especificacions de qualitat, seguretat i protecci\u00f3 ambiental.<\/p>\n<ul style=\"list-style-type: disc;\">\n<li><a href=\"https:\/\/agora.xtec.cat\/iescanet\/wp-content\/uploads\/usu966\/2022\/03\/confeccio-2020-21.pdf\"><span style=\"font-weight: 400;\">Tr\u00edptic<\/span><\/a><\/li>\n<li><a href=\"https:\/\/youtu.be\/Bi_vRLnve9s\"><span style=\"font-weight: 400;\">V\u00eddeo promoci\u00f3<\/span><\/a><\/li>\n<li><a href=\"https:\/\/portaldogc.gencat.cat\/utilsEADOP\/PDF\/7209\/1532658.pdf\"><span style=\"font-weight: 400;\">Curr\u00edculum Confecci\u00f3 i Moda<\/span><\/a><\/li>\n<li><a href=\"https:\/\/agora.xtec.cat\/iescanet\/wp-content\/uploads\/usu966\/2024\/09\/Guia-alumnes-2024-25-CF_Institut-Lluis-Domenech-i-Montaner.pdf\"><span style=\"font-weight: 400;\">Guia de l&#8217;alumnat<\/span><\/a><\/li>\n<\/ul>\n<p>&nbsp;<\/p>\n<p><b>C<\/b><b>FGM Fabricaci\u00f3 i ennobliment de productes t\u00e8xtils amb tecnologia, color i moda<\/b><\/p>\n<ul style=\"list-style-type: disc;\">\n<li><a href=\"https:\/\/agora.xtec.cat\/iescanet\/wp-content\/uploads\/usu966\/2022\/03\/FEP-tecnologia-2018-19.pdf\"><span style=\"font-weight: 400;\">Tr\u00edptic<\/span><\/a><\/li>\n<li><a href=\"https:\/\/youtu.be\/zwSLIGIqZ0Q\"><span style=\"font-weight: 400;\">V\u00eddeo promoci\u00f3<\/span><\/a><\/li>\n<li><a href=\"http:\/\/portaldogc.gencat.cat\/utilsEADOP\/PDF\/7406\/1623586.pdf\"><span style=\"font-weight: 400;\">Curr\u00edculum FEP t\u00e8xtils amb tecnologia, color i moda<\/span><\/a><\/li>\n<li><a href=\"https:\/\/agora.xtec.cat\/iescanet\/wp-content\/uploads\/usu966\/2024\/09\/Guia-alumnes-2024-25-CF_Institut-Lluis-Domenech-i-Montaner.pdf\">Guia de l&#8217;alumnat<\/a><\/li>\n<\/ul>\n<p>&nbsp;<\/p>\n<p><b>CFGS Patronatge i Moda<\/b><\/p>\n<p><strong>T\u00e8cnic\/a Superior en Patronatge i Moda<\/strong><\/p>\n<p>CFGS en alternan\u00e7a dual, orientada als llocs de treball i les compet\u00e8ncies professionals. Aquest cicle formatiu capacita l\u2019alumnat per a elaborar els patrons i escalats ajustats al disseny dels components dels articles i organitzar i gestionar t\u00e8cnicament els processos de producci\u00f3 a l\u2019\u00e0rea de la confecci\u00f3 industrial, actuant sota normes de bona pr\u00e0ctica, aix\u00ed com de seguretat laboral i ambiental.<\/p>\n<ul style=\"list-style-type: disc;\">\n<li><a href=\"https:\/\/agora.xtec.cat\/iescanet\/wp-content\/uploads\/usu966\/2022\/03\/patronatge_2020-21.pdf\"><span style=\"font-weight: 400;\">Tr\u00edptic<\/span><\/a><\/li>\n<li><a href=\"https:\/\/youtu.be\/Xw4xJ7UBDXc\"><span style=\"font-weight: 400;\">V\u00eddeo promoci\u00f3<\/span><\/a><\/li>\n<li><a href=\"https:\/\/portaldogc.gencat.cat\/utilsEADOP\/PDF\/7209\/1532763.pdf\"><span style=\"font-weight: 400;\">Curr\u00edculum Patronatge i Moda<\/span><\/a><\/li>\n<li><a href=\"https:\/\/agora.xtec.cat\/iescanet\/wp-content\/uploads\/usu966\/2024\/09\/Guia-alumnes-2024-25-CF_Institut-Lluis-Domenech-i-Montaner.pdf\" target=\"_blank\" rel=\"noopener\"><span style=\"font-weight: 400;\">Guia de l&#8217;alumnat<\/span><\/a><\/li>\n<\/ul>\n<p>&nbsp;<\/p>\n<p><b>Serveis FP<\/b><\/p>\n<p><b>FP Dual\u00a0\u00a0<\/b><\/p>\n<p><a href=\"https:\/\/agora.xtec.cat\/fpdual\/\"><img loading=\"lazy\" decoding=\"async\" class=\"alignnone wp-image-5015\" src=\"https:\/\/agora.xtec.cat\/iescanet\/wp-content\/uploads\/usu966\/2017\/07\/1r_FP_Dual_junto_texto.jpg\" alt=\"\" width=\"75\" height=\"75\" srcset=\"https:\/\/agora.xtec.cat\/iescanet\/wp-content\/uploads\/usu966\/2017\/07\/1r_FP_Dual_junto_texto.jpg 300w, https:\/\/agora.xtec.cat\/iescanet\/wp-content\/uploads\/usu966\/2017\/07\/1r_FP_Dual_junto_texto-150x150.jpg 150w\" sizes=\"auto, (max-width: 75px) 100vw, 75px\" \/><\/a><\/p>\n<ul style=\"list-style-type: disc;\">\n<li><a href=\"https:\/\/agora.xtec.cat\/fpdual\/\"><b>Informaci\u00f3 sobre FP Dual<\/b><\/a><\/li>\n<li><span style=\"font-weight: 400;\">Document FP Dual<\/span><\/li>\n<li><span style=\"font-weight: 400;\">Coordinadora de FCT \/ DUAL Bego\u00f1a S\u00e1nchez <\/span><a href=\"mailto:bsanch34@iescanet.cat\"><span style=\"font-weight: 400;\">bsanch34@iescanet.cat<\/span><\/a><\/li>\n<\/ul>\n<p>&nbsp;<\/p>\n<p><b>Assessorament i Reconeixement<\/b><\/p>\n<p><a href=\"https:\/\/fp.gencat.cat\/ca\/acreditacio\/em-vull-acreditar\/\" target=\"_blank\" rel=\"noopener\"><img loading=\"lazy\" decoding=\"async\" class=\"alignnone wp-image-8267\" src=\"https:\/\/agora.xtec.cat\/iescanet\/wp-content\/uploads\/usu966\/2019\/11\/Aanagrama_Assessorament-300x300.png\" alt=\"\" width=\"75\" height=\"75\" srcset=\"https:\/\/agora.xtec.cat\/iescanet\/wp-content\/uploads\/usu966\/2019\/11\/Aanagrama_Assessorament-300x300.png 300w, https:\/\/agora.xtec.cat\/iescanet\/wp-content\/uploads\/usu966\/2019\/11\/Aanagrama_Assessorament-150x150.png 150w, https:\/\/agora.xtec.cat\/iescanet\/wp-content\/uploads\/usu966\/2019\/11\/Aanagrama_Assessorament.png 550w\" sizes=\"auto, (max-width: 75px) 100vw, 75px\" \/><\/a><a href=\"https:\/\/fp.gencat.cat\/ca\/acreditacio\/em-vull-acreditar\/\"><img loading=\"lazy\" decoding=\"async\" class=\"alignnone wp-image-8270\" src=\"https:\/\/agora.xtec.cat\/iescanet\/wp-content\/uploads\/usu966\/2019\/11\/Anagrama_Reconeixement-300x300.png\" alt=\"\" width=\"75\" height=\"75\" srcset=\"https:\/\/agora.xtec.cat\/iescanet\/wp-content\/uploads\/usu966\/2019\/11\/Anagrama_Reconeixement-300x300.png 300w, https:\/\/agora.xtec.cat\/iescanet\/wp-content\/uploads\/usu966\/2019\/11\/Anagrama_Reconeixement-150x150.png 150w, https:\/\/agora.xtec.cat\/iescanet\/wp-content\/uploads\/usu966\/2019\/11\/Anagrama_Reconeixement.png 550w\" sizes=\"auto, (max-width: 75px) 100vw, 75px\" \/><\/a><\/p>\n<p>&nbsp;<\/p>\n<p><b>Borsa de treball<\/b><\/p>\n<p>Properament<\/p>\n","protected":false},"excerpt":{"rendered":"<p>CICLES FORMATIUS<br \/>\n&nbsp;<br \/>\nLa seu dels cicles formatius \u00e9s l\u2019Escola de teixits : Pla\u00e7a de la Ind\u00fastria, 1 \u00a0<a href=\"https:\/\/www.google.com\/maps\/place\/Diputaci%C3%B3+Provincial+de+Barcelona\/@41.5895694,2.5783391,17z\/data=!3m1!4b1!4m5!3m4!1s0x12bb37cb83da5f7f:0xf3590f6f4a33b0f1!8m2!3d41.5895696!4d2.5802748\">Ubicaci\u00f3<\/a><br \/>\nHoraris: \u00a0 <\/p>\n<ul style=\"list-style-type: disc;\">\n<li>Primer curs &#8211; matins de 8 a 14:30h<\/li>\n<li>Segon curs &#8211; tardes de 14:30 a 20:00h<\/li>\n<\/ul>\n<p><a href=\"https:\/\/agora.xtec.cat\/iescanet\/wp-content\/uploads\/usu966\/2023\/10\/TEXTIL-I-MODA_professorat-23-24.pdf\" target=\"_blank\" rel=\"noopener\">Professorat<\/a><br \/>\n<a href=\"https:\/\/agora.xtec.cat\/iescanet\/wp-content\/uploads\/usu966\/2023\/10\/IMG-8557-1-scaled.jpg\"><\/a><br \/>\nContacte cicles: <a href=\"mailto:deptextilmoda@iescanet.cat\">deptextilmoda@iescanet.cat<\/a><br \/>\n&nbsp;<\/p>\n<p>Cicles ofertats<br \/>\nCFGM Confecci\u00f3&hellip;  <a href=\"https:\/\/agora.xtec.cat\/iescanet\/ensenyaments-ofertats-textil-i-moda\/\" title=\"Read Ensenyaments ofertats &#8211; T\u00e8xtil i Moda\">Llegeix m\u00e9s\u00bb<\/a><\/p>\n","protected":false},"author":1,"featured_media":0,"parent":0,"menu_order":0,"comment_status":"closed","ping_status":"closed","template":"","meta":{"_bbp_topic_count":0,"_bbp_reply_count":0,"_bbp_total_topic_count":0,"_bbp_total_reply_count":0,"_bbp_voice_count":0,"_bbp_anonymous_reply_count":0,"_bbp_topic_count_hidden":0,"_bbp_reply_count_hidden":0,"_bbp_forum_subforum_count":0,"footnotes":""},"class_list":["post-12563","page","type-page","status-publish","hentry"],"post_mailing_queue_ids":[],"_links":{"self":[{"href":"https:\/\/agora.xtec.cat\/iescanet\/wp-json\/wp\/v2\/pages\/12563","targetHints":{"allow":["GET"]}}],"collection":[{"href":"https:\/\/agora.xtec.cat\/iescanet\/wp-json\/wp\/v2\/pages"}],"about":[{"href":"https:\/\/agora.xtec.cat\/iescanet\/wp-json\/wp\/v2\/types\/page"}],"author":[{"embeddable":true,"href":"https:\/\/agora.xtec.cat\/iescanet\/wp-json\/wp\/v2\/users\/1"}],"replies":[{"embeddable":true,"href":"https:\/\/agora.xtec.cat\/iescanet\/wp-json\/wp\/v2\/comments?post=12563"}],"version-history":[{"count":7,"href":"https:\/\/agora.xtec.cat\/iescanet\/wp-json\/wp\/v2\/pages\/12563\/revisions"}],"predecessor-version":[{"id":14497,"href":"https:\/\/agora.xtec.cat\/iescanet\/wp-json\/wp\/v2\/pages\/12563\/revisions\/14497"}],"wp:attachment":[{"href":"https:\/\/agora.xtec.cat\/iescanet\/wp-json\/wp\/v2\/media?parent=12563"}],"curies":[{"name":"wp","href":"https:\/\/api.w.org\/{rel}","templated":true}]}}